{"id":394,"date":"2017-01-29T07:18:17","date_gmt":"2017-01-29T06:18:17","guid":{"rendered":"http:\/\/eichinger.de.w0094cee.kasserver.com\/?page_id=394\/"},"modified":"2024-06-01T15:05:15","modified_gmt":"2024-06-01T13:05:15","slug":"handkarren","status":"publish","type":"page","link":"https:\/\/eichinger.de\/de\/handkarren\/","title":{"rendered":"Handkarren"},"content":{"rendered":"[vc_row type=&#8220;full_width_content&#8220; full_screen_row_position=&#8220;middle&#8220; column_margin=&#8220;default&#8220; column_direction=&#8220;default&#8220; column_direction_tablet=&#8220;default&#8220; column_direction_phone=&#8220;default&#8220; scene_position=&#8220;center&#8220; text_color=&#8220;dark&#8220; text_align=&#8220;left&#8220; row_border_radius=&#8220;none&#8220; row_border_radius_applies=&#8220;bg&#8220; overflow=&#8220;visible&#8220; overlay_strength=&#8220;0.3&#8243; gradient_direction=&#8220;left_to_right&#8220; shape_divider_position=&#8220;bottom&#8220; bg_image_animation=&#8220;none&#8220;][vc_column column_padding=&#8220;no-extra-padding&#8220; column_padding_tablet=&#8220;inherit&#8220; column_padding_phone=&#8220;inherit&#8220; column_padding_position=&#8220;left-right&#8220; column_element_direction_desktop=&#8220;default&#8220; column_element_spacing=&#8220;default&#8220; desktop_text_alignment=&#8220;default&#8220; tablet_text_alignment=&#8220;default&#8220; phone_text_alignment=&#8220;default&#8220; background_color_opacity=&#8220;1&#8243; background_hover_color_opacity=&#8220;1&#8243; column_backdrop_filter=&#8220;none&#8220; column_shadow=&#8220;none&#8220; column_border_radius=&#8220;none&#8220; column_link_target=&#8220;_self&#8220; column_position=&#8220;default&#8220; gradient_direction=&#8220;left_to_right&#8220; overlay_strength=&#8220;0.3&#8243; width=&#8220;1\/6&#8243; tablet_width_inherit=&#8220;default&#8220; animation_type=&#8220;default&#8220; bg_image_animation=&#8220;none&#8220; border_type=&#8220;simple&#8220; column_border_width=&#8220;none&#8220; column_border_style=&#8220;solid&#8220;][nectar_flip_box image_url_1=&#8220;1002&#8243; text_color=&#8220;dark&#8220; icon_family=&#8220;steadysets&#8220; icon_color=&#8220;Accent-Color&#8220; image_url_2=&#8220;1010&#8243; text_color_2=&#8220;dark&#8220; h_text_align=&#8220;left&#8220; v_text_align=&#8220;top&#8220; image_loading=&#8220;default&#8220; flip_direction=&#8220;horizontal-to-left&#8220; icon_size=&#8220;40&#8243; min_height=&#8220;400&#8243; icon_steadysets=&#8220;steadysets-icon-reload&#8220;][\/nectar_flip_box][vc_column_text]\n<h2 style=\"text-align: center;\">1101<br \/>\nKippjapanerkarre<\/h2>\n[\/vc_column_text][toggles style=&#8220;default&#8220; border_radius=&#8220;none&#8220;][toggle color=&#8220;Default&#8220; heading_tag=&#8220;default&#8220; heading_tag_functionality=&#8220;default&#8220; title=&#8220;Technische Daten&#8220;][vc_column_text]Aus Rohrkonstruktion, robuste Ausf\u00fchrung, Mulde \u00fcber Achse nach vorne kippbar bis 90\u00b0 und 180 \u00b0.<\/p>\n<p>Standardm\u00e4\u00dfig mit 3 Kran\u00f6sen.<\/p>\n<p>Bereifung:<br \/>\nLuftr\u00e4der 400\/100 Rollenlager<br \/>\nLuftr\u00e4der 400\/100 Kugellager<br \/>\nVollgummir\u00e4der 400\/100 Kugellager<br \/>\nVollscheibenr\u00e4der 3,00\/19 Kugellager[\/vc_column_text][\/toggle][toggle color=&#8220;Default&#8220; heading_tag=&#8220;default&#8220; heading_tag_functionality=&#8220;default&#8220; title=&#8220;Ma\u00dfe&#8220;][vc_column_text]\n<table width=\"90\">\n<tbody>\n<tr>\n<td width=\"45\">Typ<\/td>\n<td width=\"45\">Inhalt<\/td>\n<\/tr>\n<tr>\n<td>1101.1<\/td>\n<td>150 l<\/td>\n<\/tr>\n<tr>\n<td>1101.2<\/td>\n<td>200 l<\/td>\n<\/tr>\n<tr>\n<td>1101.3<\/td>\n<td>250 l<\/td>\n<\/tr>\n<tr>\n<td>1101.4<\/td>\n<td>300 l<\/td>\n<\/tr>\n<\/tbody>\n<\/table>\n[\/vc_column_text][\/toggle][\/toggles][divider line_type=&#8220;Full Width Line&#8220; line_thickness=&#8220;5&#8243; divider_color=&#8220;accent-color&#8220; custom_height=&#8220;7&#8243;][\/vc_column][vc_column column_padding=&#8220;no-extra-padding&#8220; column_padding_tablet=&#8220;inherit&#8220; column_padding_phone=&#8220;inherit&#8220; column_padding_position=&#8220;all&#8220; column_element_direction_desktop=&#8220;default&#8220; column_element_spacing=&#8220;default&#8220; desktop_text_alignment=&#8220;default&#8220; tablet_text_alignment=&#8220;default&#8220; phone_text_alignment=&#8220;default&#8220; background_color_opacity=&#8220;1&#8243; background_hover_color_opacity=&#8220;1&#8243; column_backdrop_filter=&#8220;none&#8220; column_shadow=&#8220;none&#8220; column_border_radius=&#8220;none&#8220; column_link_target=&#8220;_self&#8220; column_position=&#8220;default&#8220; gradient_direction=&#8220;left_to_right&#8220; overlay_strength=&#8220;0.3&#8243; width=&#8220;1\/6&#8243; tablet_width_inherit=&#8220;default&#8220; animation_type=&#8220;default&#8220; bg_image_animation=&#8220;none&#8220; border_type=&#8220;simple&#8220; column_border_width=&#8220;none&#8220; column_border_style=&#8220;solid&#8220;][nectar_flip_box image_url_1=&#8220;1003&#8243; text_color=&#8220;dark&#8220; icon_family=&#8220;steadysets&#8220; icon_color=&#8220;Accent-Color&#8220; image_url_2=&#8220;1011&#8243; text_color_2=&#8220;dark&#8220; h_text_align=&#8220;left&#8220; v_text_align=&#8220;top&#8220; image_loading=&#8220;default&#8220; flip_direction=&#8220;horizontal-to-left&#8220; icon_size=&#8220;40&#8243; min_height=&#8220;400&#8243; icon_steadysets=&#8220;steadysets-icon-reload&#8220;][\/nectar_flip_box][vc_column_text]\n<h2 style=\"text-align: center;\">1102<br \/>\nJapanerkarre<\/h2>\n[\/vc_column_text][toggles style=&#8220;default&#8220; border_radius=&#8220;none&#8220;][toggle color=&#8220;Default&#8220; heading_tag=&#8220;default&#8220; heading_tag_functionality=&#8220;default&#8220; title=&#8220;Technische Daten&#8220;][vc_column_text]Aus Rohrkonstruktion mit Abrollkufen, robuste Ausf\u00fchrung.<\/p>\n<p>Mulde bis zu 90\u00b0 kippbar.<\/p>\n<p>Standardm\u00e4\u00dfig mit 3 Kran\u00f6sen.<\/p>\n<p>Bereifung:<br \/>\nLuftr\u00e4der 400\/100 Rollenlager<br \/>\nLuftr\u00e4der 400\/100 Kugellager<br \/>\nVollgummir\u00e4der 400\/100 Kugellager<br \/>\nVollscheibenr\u00e4der 3,00\/19 Kugellager[\/vc_column_text][\/toggle][toggle color=&#8220;Default&#8220; heading_tag=&#8220;default&#8220; heading_tag_functionality=&#8220;default&#8220; title=&#8220;Ma\u00dfe&#8220;][vc_column_text]\n<table width=\"90\">\n<tbody>\n<tr>\n<td width=\"45\">Typ<\/td>\n<td width=\"45\">Inhalt<\/td>\n<\/tr>\n<tr>\n<td>1102.1<\/td>\n<td>150 l<\/td>\n<\/tr>\n<tr>\n<td>1102.2<\/td>\n<td>200 l<\/td>\n<\/tr>\n<tr>\n<td>1102.3<\/td>\n<td>250 l<\/td>\n<\/tr>\n<tr>\n<td>1102.4<\/td>\n<td>300 l<\/td>\n<\/tr>\n<\/tbody>\n<\/table>\n[\/vc_column_text][\/toggle][\/toggles][divider line_type=&#8220;Full Width Line&#8220; line_thickness=&#8220;5&#8243; divider_color=&#8220;accent-color&#8220; custom_height=&#8220;7&#8243;][\/vc_column][vc_column column_padding=&#8220;no-extra-padding&#8220; column_padding_tablet=&#8220;inherit&#8220; column_padding_phone=&#8220;inherit&#8220; column_padding_position=&#8220;all&#8220; column_element_direction_desktop=&#8220;default&#8220; column_element_spacing=&#8220;default&#8220; desktop_text_alignment=&#8220;default&#8220; tablet_text_alignment=&#8220;default&#8220; phone_text_alignment=&#8220;default&#8220; background_color_opacity=&#8220;1&#8243; background_hover_color_opacity=&#8220;1&#8243; column_backdrop_filter=&#8220;none&#8220; column_shadow=&#8220;none&#8220; column_border_radius=&#8220;none&#8220; column_link_target=&#8220;_self&#8220; column_position=&#8220;default&#8220; gradient_direction=&#8220;left_to_right&#8220; overlay_strength=&#8220;0.3&#8243; width=&#8220;1\/6&#8243; tablet_width_inherit=&#8220;default&#8220; animation_type=&#8220;default&#8220; bg_image_animation=&#8220;none&#8220; border_type=&#8220;simple&#8220; column_border_width=&#8220;none&#8220; column_border_style=&#8220;solid&#8220;][nectar_flip_box image_url_1=&#8220;1004&#8243; text_color=&#8220;dark&#8220; icon_family=&#8220;steadysets&#8220; icon_color=&#8220;Accent-Color&#8220; image_url_2=&#8220;1012&#8243; text_color_2=&#8220;dark&#8220; h_text_align=&#8220;left&#8220; v_text_align=&#8220;top&#8220; image_loading=&#8220;default&#8220; flip_direction=&#8220;horizontal-to-left&#8220; icon_size=&#8220;40&#8243; min_height=&#8220;400&#8243; icon_steadysets=&#8220;steadysets-icon-reload&#8220;][\/nectar_flip_box][vc_column_text]\n<h2 style=\"text-align: center;\">1103<br \/>\nFrontkipper<\/h2>\n[\/vc_column_text][toggles style=&#8220;default&#8220; border_radius=&#8220;none&#8220;][toggle color=&#8220;Default&#8220; heading_tag=&#8220;default&#8220; heading_tag_functionality=&#8220;default&#8220; title=&#8220;Technische Daten&#8220;][vc_column_text]Robuste Rohrkonstruktion, Mulde \u00fcber Achse nach vorne kippbar bis 120\u00b0.<\/p>\n<p>Mulde 2 mm Stahlblech, Vorderwand mit Spezialverschluss von unten per Hand oder per Fu\u00df zu \u00f6ffnen. Vier Kran\u00f6sen. Ersatzmulden auch einzeln lieferbar.<\/p>\n<p>Bereifung:<br \/>\nLuftr\u00e4der 400\/100 Rollenlager<br \/>\nLuftr\u00e4der 400\/100 Kugellager<br \/>\nVollgummir\u00e4der 400\/100 Kugellager<br \/>\nVollgummireifen 400\/80 Rollenlager [\/vc_column_text][\/toggle][toggle color=&#8220;Default&#8220; heading_tag=&#8220;default&#8220; heading_tag_functionality=&#8220;default&#8220; title=&#8220;Ma\u00dfe&#8220;][vc_column_text]\n<table width=\"90\">\n<tbody>\n<tr>\n<td width=\"45\">Typ<\/td>\n<td width=\"45\">Inhalt<\/td>\n<\/tr>\n<tr>\n<td>1103.1<\/td>\n<td>150 l<\/td>\n<\/tr>\n<tr>\n<td>1103.2<\/td>\n<td>200 l<\/td>\n<\/tr>\n<tr>\n<td>1103.3<\/td>\n<td>250 l<\/td>\n<\/tr>\n<tr>\n<td>1103.4<\/td>\n<td>300 l<\/td>\n<\/tr>\n<\/tbody>\n<\/table>\n[\/vc_column_text][\/toggle][\/toggles][divider line_type=&#8220;Full Width Line&#8220; line_thickness=&#8220;5&#8243; divider_color=&#8220;accent-color&#8220; custom_height=&#8220;7&#8243;][\/vc_column][vc_column column_padding=&#8220;no-extra-padding&#8220; column_padding_tablet=&#8220;inherit&#8220; column_padding_phone=&#8220;inherit&#8220; column_padding_position=&#8220;all&#8220; column_element_direction_desktop=&#8220;default&#8220; column_element_spacing=&#8220;default&#8220; desktop_text_alignment=&#8220;default&#8220; tablet_text_alignment=&#8220;default&#8220; phone_text_alignment=&#8220;default&#8220; background_color_opacity=&#8220;1&#8243; background_hover_color_opacity=&#8220;1&#8243; column_backdrop_filter=&#8220;none&#8220; column_shadow=&#8220;none&#8220; column_border_radius=&#8220;none&#8220; column_link_target=&#8220;_self&#8220; column_position=&#8220;default&#8220; gradient_direction=&#8220;left_to_right&#8220; overlay_strength=&#8220;0.3&#8243; width=&#8220;1\/6&#8243; tablet_width_inherit=&#8220;default&#8220; animation_type=&#8220;default&#8220; bg_image_animation=&#8220;none&#8220; border_type=&#8220;simple&#8220; column_border_width=&#8220;none&#8220; column_border_style=&#8220;solid&#8220;][nectar_flip_box image_url_1=&#8220;1006&#8243; text_color=&#8220;dark&#8220; icon_family=&#8220;steadysets&#8220; icon_color=&#8220;Accent-Color&#8220; image_url_2=&#8220;1013&#8243; text_color_2=&#8220;dark&#8220; h_text_align=&#8220;left&#8220; v_text_align=&#8220;top&#8220; image_loading=&#8220;default&#8220; flip_direction=&#8220;horizontal-to-left&#8220; icon_size=&#8220;40&#8243; min_height=&#8220;400&#8243; icon_steadysets=&#8220;steadysets-icon-reload&#8220;][\/nectar_flip_box][vc_column_text]\n<h2 style=\"text-align: center;\">1104<br \/>\nSteintransportkarre<\/h2>\n[\/vc_column_text][toggles style=&#8220;default&#8220; border_radius=&#8220;none&#8220;][toggle color=&#8220;Default&#8220; heading_tag=&#8220;default&#8220; heading_tag_functionality=&#8220;default&#8220; title=&#8220;Technische Daten&#8220;][vc_column_text]Zum Transport von Steinen aller Art auf der Baustelle. Rein mechanische Arbeitsweise durch Umlegen eines Handhebels mit \u00dcberlastsicherung zur Erreichung der Spannkraft.<\/p>\n<p>Stufenlos ohne Werkzeug verstellbare Spannweite von 570 &#8211; 1050 mm. Nachr\u00fcstbar mit auswechselbaren Gummipratzen zum Transport von Ziegel- und Kalksandsteinen. Als Option ist ein St\u00fctzrad erh\u00e4ltlich zum leichteren Handling auf ebenem Boden.[\/vc_column_text][image_with_animation image_url=&#8220;1005&#8243; image_size=&#8220;full&#8220; animation_type=&#8220;entrance&#8220; animation=&#8220;Fade In&#8220; animation_easing=&#8220;default&#8220; animation_movement_type=&#8220;transform_y&#8220; hover_animation=&#8220;none&#8220; alignment=&#8220;&#8220; border_radius=&#8220;none&#8220; box_shadow=&#8220;none&#8220; image_loading=&#8220;default&#8220; max_width=&#8220;100%&#8220; max_width_mobile=&#8220;default&#8220;][\/toggle][toggle color=&#8220;Default&#8220; heading_tag=&#8220;default&#8220; heading_tag_functionality=&#8220;default&#8220; title=&#8220;Ma\u00dfe&#8220;][vc_column_text]\n<table width=\"196\">\n<tbody>\n<tr>\n<td width=\"62\">Typ<\/td>\n<td width=\"62\">Tragkraft<\/td>\n<td width=\"72\">\u00d6ffnungsweite<\/td>\n<\/tr>\n<tr>\n<td>1104.1<\/td>\n<td>400<\/td>\n<td>570 &#8211; 1050<\/td>\n<\/tr>\n<tr>\n<td>1104.2<\/td>\n<td>400<\/td>\n<td>570 &#8211; 1350<\/td>\n<\/tr>\n<\/tbody>\n<\/table>\n[\/vc_column_text][\/toggle][\/toggles][divider line_type=&#8220;Full Width Line&#8220; line_thickness=&#8220;5&#8243; divider_color=&#8220;accent-color&#8220; custom_height=&#8220;7&#8243;][\/vc_column][vc_column column_padding=&#8220;no-extra-padding&#8220; column_padding_tablet=&#8220;inherit&#8220; column_padding_phone=&#8220;inherit&#8220; column_padding_position=&#8220;all&#8220; column_element_direction_desktop=&#8220;default&#8220; column_element_spacing=&#8220;default&#8220; desktop_text_alignment=&#8220;default&#8220; tablet_text_alignment=&#8220;default&#8220; phone_text_alignment=&#8220;default&#8220; background_color_opacity=&#8220;1&#8243; background_hover_color_opacity=&#8220;1&#8243; column_backdrop_filter=&#8220;none&#8220; column_shadow=&#8220;none&#8220; column_border_radius=&#8220;none&#8220; column_link_target=&#8220;_self&#8220; column_position=&#8220;default&#8220; gradient_direction=&#8220;left_to_right&#8220; overlay_strength=&#8220;0.3&#8243; width=&#8220;1\/6&#8243; tablet_width_inherit=&#8220;default&#8220; animation_type=&#8220;default&#8220; bg_image_animation=&#8220;none&#8220; border_type=&#8220;simple&#8220; column_border_width=&#8220;none&#8220; column_border_style=&#8220;solid&#8220;][nectar_flip_box image_url_1=&#8220;1008&#8243; text_color=&#8220;dark&#8220; icon_family=&#8220;steadysets&#8220; icon_color=&#8220;Accent-Color&#8220; image_url_2=&#8220;1014&#8243; text_color_2=&#8220;dark&#8220; h_text_align=&#8220;left&#8220; v_text_align=&#8220;top&#8220; image_loading=&#8220;default&#8220; flip_direction=&#8220;horizontal-to-left&#8220; icon_size=&#8220;40&#8243; min_height=&#8220;400&#8243; icon_steadysets=&#8220;steadysets-icon-reload&#8220;][\/nectar_flip_box][vc_column_text]\n<h2 style=\"text-align: center;\">1106<br \/>\nGel\u00e4ndehubwagen<\/h2>\n[\/vc_column_text][toggles style=&#8220;default&#8220; border_radius=&#8220;none&#8220;][toggle color=&#8220;Default&#8220; heading_tag=&#8220;default&#8220; heading_tag_functionality=&#8220;default&#8220; title=&#8220;Technische Daten&#8220;][vc_column_text]Ideal, um auf der Baustelle Paletten mit Material zu transportieren. Robuste Stahlrohrkonstruktion, je nach Ausf\u00fchrung bis zu 2000 kg Tragkraft, unterst\u00fctzt durch ein manuell gesteuertes Hydraulik-System. Gro\u00dfe Gummir\u00e4der bringen Beweglichkeit in unebenem Gel\u00e4nde.[\/vc_column_text][image_with_animation image_url=&#8220;1007&#8243; image_size=&#8220;full&#8220; animation_type=&#8220;entrance&#8220; animation=&#8220;Fade In&#8220; animation_easing=&#8220;default&#8220; animation_movement_type=&#8220;transform_y&#8220; hover_animation=&#8220;none&#8220; alignment=&#8220;&#8220; border_radius=&#8220;none&#8220; box_shadow=&#8220;none&#8220; image_loading=&#8220;default&#8220; max_width=&#8220;100%&#8220; max_width_mobile=&#8220;default&#8220;][\/toggle][toggle color=&#8220;Default&#8220; heading_tag=&#8220;default&#8220; heading_tag_functionality=&#8220;default&#8220; title=&#8220;Ma\u00dfe&#8220;][vc_column_text]\n<table width=\"179\">\n<tbody>\n<tr>\n<td width=\"58\">Type<\/td>\n<td width=\"58\">Tragkraft<\/td>\n<td width=\"63\">Zinkenabstand<\/td>\n<\/tr>\n<tr>\n<td>1106.1<\/td>\n<td>1400<\/td>\n<td>380<\/td>\n<\/tr>\n<tr>\n<td>1106.2<\/td>\n<td>2000<\/td>\n<td>380<\/td>\n<\/tr>\n<tr>\n<td>1106.3<\/td>\n<td>1500<\/td>\n<td>variable<\/td>\n<\/tr>\n<\/tbody>\n<\/table>\n[\/vc_column_text][\/toggle][\/toggles][divider line_type=&#8220;Full Width Line&#8220; line_thickness=&#8220;5&#8243; divider_color=&#8220;accent-color&#8220; custom_height=&#8220;7&#8243;][\/vc_column][vc_column column_padding=&#8220;no-extra-padding&#8220; column_padding_tablet=&#8220;inherit&#8220; column_padding_phone=&#8220;inherit&#8220; column_padding_position=&#8220;all&#8220; column_element_direction_desktop=&#8220;default&#8220; column_element_spacing=&#8220;default&#8220; desktop_text_alignment=&#8220;default&#8220; tablet_text_alignment=&#8220;default&#8220; phone_text_alignment=&#8220;default&#8220; background_color_opacity=&#8220;1&#8243; background_hover_color_opacity=&#8220;1&#8243; column_backdrop_filter=&#8220;none&#8220; column_shadow=&#8220;none&#8220; column_border_radius=&#8220;none&#8220; column_link_target=&#8220;_self&#8220; column_position=&#8220;default&#8220; gradient_direction=&#8220;left_to_right&#8220; overlay_strength=&#8220;0.3&#8243; width=&#8220;1\/6&#8243; tablet_width_inherit=&#8220;default&#8220; animation_type=&#8220;default&#8220; bg_image_animation=&#8220;none&#8220; border_type=&#8220;simple&#8220; column_border_width=&#8220;none&#8220; column_border_style=&#8220;solid&#8220;][nectar_flip_box image_url_1=&#8220;1009&#8243; text_color=&#8220;dark&#8220; icon_family=&#8220;steadysets&#8220; icon_color=&#8220;Accent-Color&#8220; image_url_2=&#8220;1015&#8243; text_color_2=&#8220;dark&#8220; h_text_align=&#8220;left&#8220; v_text_align=&#8220;top&#8220; image_loading=&#8220;default&#8220; flip_direction=&#8220;horizontal-to-left&#8220; icon_size=&#8220;40&#8243; min_height=&#8220;400&#8243; icon_steadysets=&#8220;steadysets-icon-reload&#8220;][\/nectar_flip_box][vc_column_text]\n<h2 style=\"text-align: center;\">1108<br \/>\nSackkarre<\/h2>\n[\/vc_column_text][toggles style=&#8220;default&#8220; border_radius=&#8220;none&#8220;][toggle color=&#8220;Default&#8220; heading_tag=&#8220;default&#8220; heading_tag_functionality=&#8220;default&#8220; title=&#8220;Technische Daten&#8220;][vc_column_text]Robuste Stahlrohrkonstruktion mit ca. 300 kg Tragkraft.<\/p>\n<p>Bereifung:<br \/>\nLuftrad 260\/85<br \/>\nVollgummirad 200\/50[\/vc_column_text][\/toggle][toggle color=&#8220;Default&#8220; heading_tag=&#8220;default&#8220; heading_tag_functionality=&#8220;default&#8220; title=&#8220;Ma\u00dfe&#8220;][vc_column_text]\n<table width=\"124\">\n<tbody>\n<tr>\n<td width=\"62\">Typ<\/td>\n<td width=\"62\">Tragkraft<\/td>\n<\/tr>\n<tr>\n<td>1108<\/td>\n<td>300<\/td>\n<\/tr>\n<\/tbody>\n<\/table>\n[\/vc_column_text][\/toggle][\/toggles][divider line_type=&#8220;Full Width Line&#8220; line_thickness=&#8220;5&#8243; divider_color=&#8220;accent-color&#8220; custom_height=&#8220;7&#8243;][\/vc_column][\/vc_row]\n","protected":false},"excerpt":{"rendered":"<p>[vc_row type=&#8220;full_width_content&#8220; full_screen_row_position=&#8220;middle&#8220; column_margin=&#8220;default&#8220; column_direction=&#8220;default&#8220; column_direction_tablet=&#8220;default&#8220; column_direction_phone=&#8220;default&#8220; scene_position=&#8220;center&#8220; text_color=&#8220;dark&#8220; text_align=&#8220;left&#8220; row_border_radius=&#8220;none&#8220; row_border_radius_applies=&#8220;bg&#8220; overflow=&#8220;visible&#8220; overlay_strength=&#8220;0.3&#8243; gradient_direction=&#8220;left_to_right&#8220; shape_divider_position=&#8220;bottom&#8220; bg_image_animation=&#8220;none&#8220;][vc_column column_padding=&#8220;no-extra-padding&#8220; column_padding_tablet=&#8220;inherit&#8220; column_padding_phone=&#8220;inherit&#8220; column_padding_position=&#8220;left-right&#8220; column_element_direction_desktop=&#8220;default&#8220; column_element_spacing=&#8220;default&#8220; desktop_text_alignment=&#8220;default&#8220; tablet_text_alignment=&#8220;default&#8220; phone_text_alignment=&#8220;default&#8220; background_color_opacity=&#8220;1&#8243; background_hover_color_opacity=&#8220;1&#8243; column_backdrop_filter=&#8220;none&#8220; column_shadow=&#8220;none&#8220;&#8230;<\/p>\n","protected":false},"author":1,"featured_media":0,"parent":0,"menu_order":0,"comment_status":"closed","ping_status":"closed","template":"","meta":{"footnotes":""},"class_list":["post-394","page","type-page","status-publish"],"_links":{"self":[{"href":"https:\/\/eichinger.de\/de\/wp-json\/wp\/v2\/pages\/394","targetHints":{"allow":["GET"]}}],"collection":[{"href":"https:\/\/eichinger.de\/de\/wp-json\/wp\/v2\/pages"}],"about":[{"href":"https:\/\/eichinger.de\/de\/wp-json\/wp\/v2\/types\/page"}],"author":[{"embeddable":true,"href":"https:\/\/eichinger.de\/de\/wp-json\/wp\/v2\/users\/1"}],"replies":[{"embeddable":true,"href":"https:\/\/eichinger.de\/de\/wp-json\/wp\/v2\/comments?post=394"}],"version-history":[{"count":11,"href":"https:\/\/eichinger.de\/de\/wp-json\/wp\/v2\/pages\/394\/revisions"}],"predecessor-version":[{"id":7311,"href":"https:\/\/eichinger.de\/de\/wp-json\/wp\/v2\/pages\/394\/revisions\/7311"}],"wp:attachment":[{"href":"https:\/\/eichinger.de\/de\/wp-json\/wp\/v2\/media?parent=394"}],"curies":[{"name":"wp","href":"https:\/\/api.w.org\/{rel}","templated":true}]}}