{"id":398,"date":"2017-01-29T07:19:26","date_gmt":"2017-01-29T06:19:26","guid":{"rendered":"http:\/\/eichinger.de.w0094cee.kasserver.com\/?page_id=398\/"},"modified":"2023-05-03T14:00:24","modified_gmt":"2023-05-03T12:00:24","slug":"baustellenzubehoer","status":"publish","type":"page","link":"https:\/\/eichinger.de\/de\/baustellenzubehoer\/","title":{"rendered":"Baustellenzubeh\u00f6r"},"content":{"rendered":"[vc_row type=&#8220;full_width_content&#8220; full_screen_row_position=&#8220;middle&#8220; column_margin=&#8220;default&#8220; column_direction=&#8220;default&#8220; column_direction_tablet=&#8220;default&#8220; column_direction_phone=&#8220;default&#8220; scene_position=&#8220;center&#8220; text_color=&#8220;dark&#8220; text_align=&#8220;left&#8220; row_border_radius=&#8220;none&#8220; row_border_radius_applies=&#8220;bg&#8220; overlay_strength=&#8220;0.3&#8243; gradient_direction=&#8220;left_to_right&#8220; shape_divider_position=&#8220;bottom&#8220; bg_image_animation=&#8220;none&#8220;][vc_column column_padding=&#8220;no-extra-padding&#8220; column_padding_tablet=&#8220;inherit&#8220; column_padding_phone=&#8220;inherit&#8220; column_padding_position=&#8220;left-right&#8220; column_element_spacing=&#8220;default&#8220; background_color_opacity=&#8220;1&#8243; background_hover_color_opacity=&#8220;1&#8243; column_shadow=&#8220;none&#8220; column_border_radius=&#8220;none&#8220; column_link_target=&#8220;_self&#8220; gradient_direction=&#8220;left_to_right&#8220; overlay_strength=&#8220;0.3&#8243; width=&#8220;1\/6&#8243; tablet_width_inherit=&#8220;default&#8220; tablet_text_alignment=&#8220;default&#8220; phone_text_alignment=&#8220;default&#8220; bg_image_animation=&#8220;none&#8220; border_type=&#8220;simple&#8220; column_border_width=&#8220;none&#8220; column_border_style=&#8220;solid&#8220;][nectar_flip_box image_url_1=&#8220;824&#8243; text_color=&#8220;dark&#8220; icon_family=&#8220;steadysets&#8220; icon_color=&#8220;Accent-Color&#8220; text_color_2=&#8220;dark&#8220; h_text_align=&#8220;left&#8220; v_text_align=&#8220;top&#8220; image_loading=&#8220;default&#8220; flip_direction=&#8220;horizontal-to-left&#8220; icon_size=&#8220;40&#8243; min_height=&#8220;400&#8243; icon_steadysets=&#8220;steadysets-icon-reload&#8220;][\/nectar_flip_box][vc_column_text]\n<h2 style=\"text-align: center;\">1096 Big Bag<\/h2>\n<p><span style=\"color: #ffffff;\">.<\/span>[\/vc_column_text][toggles style=&#8220;default&#8220;][toggle color=&#8220;Default&#8220; title=&#8220;Technische Daten&#8220;][vc_column_text]Robuste, rei\u00dffeste und flexible Sch\u00fcttgutbeh\u00e4lter aus Polypropylenfasern zum Transport und Lagerung von grobem und feinerem Sch\u00fcttgut mit und ohne Staubanteil.<\/p>\n<p>Die Nahtabdichtungen und das Gewebe gew\u00e4hrleisten problemlos eine hohe Mehrwegverwendung.[\/vc_column_text][\/toggle][toggle color=&#8220;Default&#8220; title=&#8220;Ma\u00dfe&#8220;][vc_column_text]\n<table style=\"border-collapse: collapse; width: 124pt;\" border=\"0\" width=\"166\" cellspacing=\"0\" cellpadding=\"0\">\n<colgroup>\n<col style=\"width: 62pt;\" span=\"2\" width=\"83\" \/> <\/colgroup>\n<tbody>\n<tr style=\"height: 13.2pt;\">\n<td style=\"height: 13.2pt; width: 62pt;\" width=\"83\" height=\"18\">Typ<\/td>\n<td style=\"width: 62pt;\" width=\"83\">Tragkraft<\/td>\n<\/tr>\n<tr style=\"height: 13.2pt;\">\n<td style=\"height: 13.2pt;\" height=\"18\">1096.1<\/td>\n<td align=\"right\">1000<\/td>\n<\/tr>\n<tr style=\"height: 13.2pt;\">\n<td style=\"height: 13.2pt;\" height=\"18\">1096.2<\/td>\n<td align=\"right\">1250<\/td>\n<\/tr>\n<tr style=\"height: 13.2pt;\">\n<td style=\"height: 13.2pt;\" height=\"18\">1096.3<\/td>\n<td align=\"right\">1500<\/td>\n<\/tr>\n<\/tbody>\n<\/table>\n[\/vc_column_text][\/toggle][\/toggles][divider line_type=&#8220;Full Width Line&#8220; line_thickness=&#8220;5&#8243; divider_color=&#8220;accent-color&#8220; custom_height=&#8220;7&#8243;][\/vc_column][vc_column column_padding=&#8220;no-extra-padding&#8220; column_padding_tablet=&#8220;inherit&#8220; column_padding_phone=&#8220;inherit&#8220; column_padding_position=&#8220;all&#8220; column_element_spacing=&#8220;default&#8220; background_color_opacity=&#8220;1&#8243; background_hover_color_opacity=&#8220;1&#8243; column_shadow=&#8220;none&#8220; column_border_radius=&#8220;none&#8220; column_link_target=&#8220;_self&#8220; gradient_direction=&#8220;left_to_right&#8220; overlay_strength=&#8220;0.3&#8243; width=&#8220;1\/6&#8243; tablet_width_inherit=&#8220;default&#8220; tablet_text_alignment=&#8220;default&#8220; phone_text_alignment=&#8220;default&#8220; bg_image_animation=&#8220;none&#8220; border_type=&#8220;simple&#8220; column_border_width=&#8220;none&#8220; column_border_style=&#8220;solid&#8220;][nectar_flip_box image_url_1=&#8220;825&#8243; text_color=&#8220;dark&#8220; icon_family=&#8220;steadysets&#8220; icon_color=&#8220;accent-color&#8220; image_url_2=&#8220;6937&#8243; text_color_2=&#8220;dark&#8220; h_text_align=&#8220;left&#8220; v_text_align=&#8220;top&#8220; image_loading=&#8220;default&#8220; flip_direction=&#8220;horizontal-to-left&#8220; icon_size=&#8220;40&#8243; min_height=&#8220;400&#8243; icon_steadysets=&#8220;steadysets-icon-reload&#8220;][\/nectar_flip_box][vc_column_text]\n<h2 style=\"text-align: center;\">1097 Big Bag Traverse<\/h2>\n<p><span style=\"color: #ffffff;\">.<\/span>[\/vc_column_text][toggles style=&#8220;default&#8220;][toggle color=&#8220;Default&#8220; title=&#8220;Technische Daten&#8220;][vc_column_text]Robuste Stahlkonstruktion zum schonenden Transport von Big Bags durch Stapler oder Hebezeug.<\/p>\n<p>Gro\u00dfe Radien der Tragbolzen schonen die Schlaufen der Big Bags dauerhaft. Auch verzinkt lieferbar.[\/vc_column_text][\/toggle][toggle color=&#8220;Default&#8220; title=&#8220;Ma\u00dfe&#8220;][vc_column_text]\n<table style=\"border-collapse: collapse; width: 124pt;\" border=\"0\" width=\"166\" cellspacing=\"0\" cellpadding=\"0\">\n<colgroup>\n<col style=\"width: 62pt;\" span=\"2\" width=\"83\" \/> <\/colgroup>\n<tbody>\n<tr style=\"height: 13.2pt;\">\n<td style=\"height: 13.2pt; width: 62pt;\" width=\"83\" height=\"18\">Typ<\/td>\n<td style=\"width: 62pt;\" width=\"83\">Tragkraft<\/td>\n<\/tr>\n<tr style=\"height: 13.2pt;\">\n<td style=\"height: 13.2pt;\" height=\"18\">1097.1<\/td>\n<td align=\"right\">1000<\/td>\n<\/tr>\n<tr style=\"height: 13.2pt;\">\n<td style=\"height: 13.2pt;\" height=\"18\">1097.2<\/td>\n<td align=\"right\">1500<\/td>\n<\/tr>\n<tr style=\"height: 13.2pt;\">\n<td style=\"height: 13.2pt;\" height=\"18\">1097.3<\/td>\n<td align=\"right\">2000<\/td>\n<\/tr>\n<tr style=\"height: 13.2pt;\">\n<td style=\"height: 13.2pt;\" height=\"18\">1097.4<\/td>\n<td align=\"right\">3000<\/td>\n<\/tr>\n<\/tbody>\n<\/table>\n[\/vc_column_text][\/toggle][\/toggles][divider line_type=&#8220;Full Width Line&#8220; line_thickness=&#8220;5&#8243; divider_color=&#8220;accent-color&#8220; custom_height=&#8220;7&#8243;][\/vc_column][vc_column column_padding=&#8220;no-extra-padding&#8220; column_padding_tablet=&#8220;inherit&#8220; column_padding_phone=&#8220;inherit&#8220; column_padding_position=&#8220;all&#8220; column_element_spacing=&#8220;default&#8220; background_color_opacity=&#8220;1&#8243; background_hover_color_opacity=&#8220;1&#8243; column_shadow=&#8220;none&#8220; column_border_radius=&#8220;none&#8220; column_link_target=&#8220;_self&#8220; gradient_direction=&#8220;left_to_right&#8220; overlay_strength=&#8220;0.3&#8243; width=&#8220;1\/6&#8243; tablet_width_inherit=&#8220;default&#8220; tablet_text_alignment=&#8220;default&#8220; phone_text_alignment=&#8220;default&#8220; bg_image_animation=&#8220;none&#8220; border_type=&#8220;simple&#8220; column_border_width=&#8220;none&#8220; column_border_style=&#8220;solid&#8220;][nectar_flip_box image_url_1=&#8220;826&#8243; text_color=&#8220;dark&#8220; icon_family=&#8220;steadysets&#8220; icon_color=&#8220;accent-color&#8220; image_url_2=&#8220;6943&#8243; text_color_2=&#8220;dark&#8220; h_text_align=&#8220;left&#8220; v_text_align=&#8220;top&#8220; image_loading=&#8220;default&#8220; flip_direction=&#8220;horizontal-to-left&#8220; icon_size=&#8220;40&#8243; min_height=&#8220;400&#8243; icon_steadysets=&#8220;steadysets-icon-reload&#8220;][\/nectar_flip_box][vc_column_text]\n<h2 style=\"text-align: center;\">1210 Werkzeugkiste<\/h2>\n<p style=\"text-align: center;\">Stahl<\/p>\n[\/vc_column_text][toggles style=&#8220;default&#8220;][toggle color=&#8220;Default&#8220; title=&#8220;Technische Daten&#8220;][vc_column_text]Ein Muss auf jeder Baustelle: eine robuste, ger\u00e4umige Box aus Stahlblech f\u00fcr die sichere Aufbewahrung von Werkzeugen. Die sechs Standf\u00fc\u00dfe bieten eine praktische Unterfahrh\u00f6he f\u00fcr Gabelstapler. Serienm\u00e4\u00dfig mit vier Kranhaken, Riffelblech-Deckel und mit \u00d6sen f\u00fcr Vorh\u00e4ngeschloss. Ausf\u00fchrung: lackiert oder verzinkt.[\/vc_column_text][\/toggle][toggle color=&#8220;Default&#8220; title=&#8220;Ma\u00dfe&#8220;][vc_column_text]\n<table width=\"270\">\n<tbody>\n<tr>\n<td width=\"54\">Typ<\/td>\n<td width=\"54\">Inhalt<\/td>\n<td width=\"54\">L\u00e4nge<\/td>\n<td width=\"54\">Breite<\/td>\n<td width=\"54\">H\u00f6he<\/td>\n<\/tr>\n<tr>\n<td>1210.1<\/td>\n<td>300<\/td>\n<td>1120<\/td>\n<td>610<\/td>\n<td>800<\/td>\n<\/tr>\n<tr>\n<td>1210.2<\/td>\n<td>500<\/td>\n<td>1120<\/td>\n<td>1110<\/td>\n<td>800<\/td>\n<\/tr>\n<tr>\n<td>1210.3<\/td>\n<td>600<\/td>\n<td>1920<\/td>\n<td>710<\/td>\n<td>800<\/td>\n<\/tr>\n<\/tbody>\n<\/table>\n[\/vc_column_text][\/toggle][\/toggles][divider line_type=&#8220;Full Width Line&#8220; line_thickness=&#8220;5&#8243; divider_color=&#8220;accent-color&#8220; custom_height=&#8220;7&#8243;][\/vc_column][vc_column column_padding=&#8220;no-extra-padding&#8220; column_padding_tablet=&#8220;inherit&#8220; column_padding_phone=&#8220;inherit&#8220; column_padding_position=&#8220;all&#8220; column_element_spacing=&#8220;default&#8220; background_color_opacity=&#8220;1&#8243; background_hover_color_opacity=&#8220;1&#8243; column_shadow=&#8220;none&#8220; column_border_radius=&#8220;none&#8220; column_link_target=&#8220;_self&#8220; gradient_direction=&#8220;left_to_right&#8220; overlay_strength=&#8220;0.3&#8243; width=&#8220;1\/6&#8243; tablet_width_inherit=&#8220;default&#8220; tablet_text_alignment=&#8220;default&#8220; phone_text_alignment=&#8220;default&#8220; bg_image_animation=&#8220;none&#8220; border_type=&#8220;simple&#8220; column_border_width=&#8220;none&#8220; column_border_style=&#8220;solid&#8220;][nectar_flip_box image_url_1=&#8220;827&#8243; text_color=&#8220;dark&#8220; icon_family=&#8220;steadysets&#8220; icon_color=&#8220;accent-color&#8220; image_url_2=&#8220;6949&#8243; text_color_2=&#8220;dark&#8220; h_text_align=&#8220;left&#8220; v_text_align=&#8220;top&#8220; image_loading=&#8220;default&#8220; flip_direction=&#8220;horizontal-to-left&#8220; icon_size=&#8220;40&#8243; min_height=&#8220;400&#8243; icon_steadysets=&#8220;steadysets-icon-reload&#8220;][\/nectar_flip_box][vc_column_text]\n<h2 style=\"text-align: center;\">1211 Werkzeugkiste<\/h2>\n<p style=\"text-align: center;\">Aluminium<\/p>\n[\/vc_column_text][toggles style=&#8220;default&#8220;][toggle color=&#8220;Default&#8220; title=&#8220;Technische Daten&#8220;][vc_column_text]Die Werkzeugkiste f\u00fcr h\u00f6here Anforderungen: eine robuste, ger\u00e4umige Box aus Aluminium f\u00fcr die Aufbewahrung von Werkzeugen. Die sechs Standf\u00fc\u00dfe bieten eine praktische Unterfahrh\u00f6he f\u00fcr Gabelstapler. Serienm\u00e4\u00dfig mit vier Kranhaken, Riffelblech-Deckel und mit \u00d6sen f\u00fcr Vorh\u00e4ngeschloss.[\/vc_column_text][\/toggle][toggle color=&#8220;Default&#8220; title=&#8220;Ma\u00dfe&#8220;][vc_column_text]\n<table width=\"260\">\n<tbody>\n<tr>\n<td width=\"52\">Typ<\/td>\n<td width=\"52\">Inhalt<\/td>\n<td width=\"52\">L\u00e4nge<\/td>\n<td width=\"52\">Breite<\/td>\n<td width=\"52\">H\u00f6he<\/td>\n<\/tr>\n<tr>\n<td>1211.1<\/td>\n<td>300<\/td>\n<td>1120<\/td>\n<td>610<\/td>\n<td>800<\/td>\n<\/tr>\n<tr>\n<td>1211.2<\/td>\n<td>500<\/td>\n<td>1120<\/td>\n<td>1110<\/td>\n<td>800<\/td>\n<\/tr>\n<tr>\n<td>1211.3<\/td>\n<td>600<\/td>\n<td>1920<\/td>\n<td>710<\/td>\n<td>800<\/td>\n<\/tr>\n<\/tbody>\n<\/table>\n[\/vc_column_text][\/toggle][\/toggles][divider line_type=&#8220;Full Width Line&#8220; line_thickness=&#8220;5&#8243; divider_color=&#8220;accent-color&#8220; custom_height=&#8220;7&#8243;][\/vc_column][vc_column column_padding=&#8220;no-extra-padding&#8220; column_padding_tablet=&#8220;inherit&#8220; column_padding_phone=&#8220;inherit&#8220; column_padding_position=&#8220;all&#8220; column_element_spacing=&#8220;default&#8220; background_color_opacity=&#8220;1&#8243; background_hover_color_opacity=&#8220;1&#8243; column_shadow=&#8220;none&#8220; column_border_radius=&#8220;none&#8220; column_link_target=&#8220;_self&#8220; gradient_direction=&#8220;left_to_right&#8220; overlay_strength=&#8220;0.3&#8243; width=&#8220;1\/6&#8243; tablet_width_inherit=&#8220;default&#8220; tablet_text_alignment=&#8220;default&#8220; phone_text_alignment=&#8220;default&#8220; bg_image_animation=&#8220;none&#8220; border_type=&#8220;simple&#8220; column_border_width=&#8220;none&#8220; column_border_style=&#8220;solid&#8220;][nectar_flip_box image_url_1=&#8220;828&#8243; text_color=&#8220;dark&#8220; icon_family=&#8220;steadysets&#8220; icon_color=&#8220;accent-color&#8220; image_url_2=&#8220;6954&#8243; text_color_2=&#8220;dark&#8220; h_text_align=&#8220;left&#8220; v_text_align=&#8220;top&#8220; image_loading=&#8220;default&#8220; flip_direction=&#8220;horizontal-to-left&#8220; icon_size=&#8220;40&#8243; min_height=&#8220;400&#8243; icon_steadysets=&#8220;steadysets-icon-reload&#8220;][\/nectar_flip_box][vc_column_text]\n<h2 style=\"text-align: center;\">1230 Planh\u00e4uschen<\/h2>\n<p><span style=\"color: #ffffff;\">,<\/span>[\/vc_column_text][toggles style=&#8220;default&#8220;][toggle color=&#8220;Default&#8220; title=&#8220;Technische Daten&#8220;][vc_column_text]\n<ul>\n<li>1 geeignete Konsole bzw. Arbeitsfl\u00e4che f\u00fcr die Pl\u00e4ne<\/li>\n<li>2 Regale, um die Pl\u00e4ne aufzur\u00e4umen und abzulegen<\/li>\n<li>Ein Fenster f\u00fcr bessere Sicht<\/li>\n<li>4 \u00d6sen zur Bef\u00f6rderung mit dem Kran<\/li>\n<li>4 Einfahrtaschen zur Transport per Stapler<\/li>\n<li>4 stabile F\u00fc\u00dfe<\/li>\n<\/ul>\n<p>Ausf\u00fchrung: lackiert oder verzinkt[\/vc_column_text][\/toggle][toggle color=&#8220;Default&#8220; title=&#8220;Ma\u00dfe&#8220;][vc_column_text]\n<table width=\"212\">\n<tbody>\n<tr>\n<td width=\"53\">Typ<\/td>\n<td width=\"53\">L\u00e4nge<\/td>\n<td width=\"53\">Breite<\/td>\n<td width=\"53\">H\u00f6he<\/td>\n<\/tr>\n<tr>\n<td>1230.1<\/td>\n<td>1530<\/td>\n<td>1430<\/td>\n<td>2210<\/td>\n<\/tr>\n<\/tbody>\n<\/table>\n[\/vc_column_text][\/toggle][\/toggles][divider line_type=&#8220;Full Width Line&#8220; line_thickness=&#8220;5&#8243; divider_color=&#8220;accent-color&#8220; custom_height=&#8220;7&#8243;][\/vc_column][vc_column column_padding=&#8220;no-extra-padding&#8220; column_padding_tablet=&#8220;inherit&#8220; column_padding_phone=&#8220;inherit&#8220; column_padding_position=&#8220;all&#8220; column_element_spacing=&#8220;default&#8220; background_color_opacity=&#8220;1&#8243; background_hover_color_opacity=&#8220;1&#8243; column_shadow=&#8220;none&#8220; column_border_radius=&#8220;none&#8220; column_link_target=&#8220;_self&#8220; gradient_direction=&#8220;left_to_right&#8220; overlay_strength=&#8220;0.3&#8243; width=&#8220;1\/6&#8243; tablet_width_inherit=&#8220;default&#8220; tablet_text_alignment=&#8220;default&#8220; phone_text_alignment=&#8220;default&#8220; bg_image_animation=&#8220;none&#8220; border_type=&#8220;simple&#8220; column_border_width=&#8220;none&#8220; column_border_style=&#8220;solid&#8220;][nectar_flip_box image_url_1=&#8220;835&#8243; text_color=&#8220;dark&#8220; icon_family=&#8220;steadysets&#8220; icon_color=&#8220;accent-color&#8220; image_url_2=&#8220;6959&#8243; text_color_2=&#8220;dark&#8220; h_text_align=&#8220;left&#8220; v_text_align=&#8220;top&#8220; image_loading=&#8220;default&#8220; flip_direction=&#8220;horizontal-to-left&#8220; icon_size=&#8220;40&#8243; min_height=&#8220;400&#8243; icon_steadysets=&#8220;steadysets-icon-reload&#8220;][\/nectar_flip_box][vc_column_text]\n<h2 style=\"text-align: center;\">1328 Gasflaschenkorb<\/h2>\n<p><span style=\"color: #ffffff;\">,<\/span>[\/vc_column_text][toggles style=&#8220;default&#8220;][toggle color=&#8220;Default&#8220; title=&#8220;Technische Daten&#8220;][vc_column_text]Robuste Stahlrohrkonstruktion mit Standsicherung der zu transportierenden genormten Gasflaschen. Die konische Anordnung des Sicherungsb\u00fcgels gew\u00e4hrleistet eine optimale Standardsicherheit.<\/p>\n<p>Standardm\u00e4\u00dfig f\u00fcr Gasflaschen mit \u00d8 250 mm, optional f\u00fcr 220, 300, 320 mm.<\/p>\n<p>Andere Gr\u00f6\u00dfen m\u00f6glich.[\/vc_column_text][\/toggle][toggle color=&#8220;Default&#8220; title=&#8220;Ma\u00dfe&#8220;][vc_column_text]\n<table width=\"200\">\n<tbody>\n<tr>\n<td width=\"57\">Typ<\/td>\n<td width=\"57\"><\/td>\n<td width=\"57\">L\u00e4nge<\/td>\n<td width=\"57\">Breite<\/td>\n<td width=\"57\">H\u00f6he<\/td>\n<\/tr>\n<tr>\n<td>1328.1<\/td>\n<td>4<\/td>\n<td>900<\/td>\n<td>600<\/td>\n<td>2000<\/td>\n<\/tr>\n<tr>\n<td>1328.2<\/td>\n<td>6<\/td>\n<td>1200<\/td>\n<td>600<\/td>\n<td>2000<\/td>\n<\/tr>\n<\/tbody>\n<\/table>\n[\/vc_column_text][\/toggle][\/toggles][divider line_type=&#8220;Full Width Line&#8220; line_thickness=&#8220;5&#8243; divider_color=&#8220;accent-color&#8220; custom_height=&#8220;7&#8243;][\/vc_column][\/vc_row]\n","protected":false},"excerpt":{"rendered":"<p>[vc_row type=&#8220;full_width_content&#8220; full_screen_row_position=&#8220;middle&#8220; column_margin=&#8220;default&#8220; column_direction=&#8220;default&#8220; column_direction_tablet=&#8220;default&#8220; column_direction_phone=&#8220;default&#8220; scene_position=&#8220;center&#8220; text_color=&#8220;dark&#8220; text_align=&#8220;left&#8220; row_border_radius=&#8220;none&#8220; row_border_radius_applies=&#8220;bg&#8220; overlay_strength=&#8220;0.3&#8243; gradient_direction=&#8220;left_to_right&#8220; shape_divider_position=&#8220;bottom&#8220; bg_image_animation=&#8220;none&#8220;][vc_column column_padding=&#8220;no-extra-padding&#8220; column_padding_tablet=&#8220;inherit&#8220; column_padding_phone=&#8220;inherit&#8220; column_padding_position=&#8220;left-right&#8220; column_element_spacing=&#8220;default&#8220; background_color_opacity=&#8220;1&#8243; background_hover_color_opacity=&#8220;1&#8243; column_shadow=&#8220;none&#8220; column_border_radius=&#8220;none&#8220; column_link_target=&#8220;_self&#8220; gradient_direction=&#8220;left_to_right&#8220; overlay_strength=&#8220;0.3&#8243; width=&#8220;1\/6&#8243; tablet_width_inherit=&#8220;default&#8220;&#8230;<\/p>\n","protected":false},"author":1,"featured_media":0,"parent":0,"menu_order":0,"comment_status":"closed","ping_status":"closed","template":"","meta":{"footnotes":""},"class_list":["post-398","page","type-page","status-publish"],"_links":{"self":[{"href":"https:\/\/eichinger.de\/de\/wp-json\/wp\/v2\/pages\/398","targetHints":{"allow":["GET"]}}],"collection":[{"href":"https:\/\/eichinger.de\/de\/wp-json\/wp\/v2\/pages"}],"about":[{"href":"https:\/\/eichinger.de\/de\/wp-json\/wp\/v2\/types\/page"}],"author":[{"embeddable":true,"href":"https:\/\/eichinger.de\/de\/wp-json\/wp\/v2\/users\/1"}],"replies":[{"embeddable":true,"href":"https:\/\/eichinger.de\/de\/wp-json\/wp\/v2\/comments?post=398"}],"version-history":[{"count":12,"href":"https:\/\/eichinger.de\/de\/wp-json\/wp\/v2\/pages\/398\/revisions"}],"predecessor-version":[{"id":834,"href":"https:\/\/eichinger.de\/de\/wp-json\/wp\/v2\/pages\/398\/revisions\/834"}],"wp:attachment":[{"href":"https:\/\/eichinger.de\/de\/wp-json\/wp\/v2\/media?parent=398"}],"curies":[{"name":"wp","href":"https:\/\/api.w.org\/{rel}","templated":true}]}}