{"id":400,"date":"2017-01-29T07:20:19","date_gmt":"2017-01-29T06:20:19","guid":{"rendered":"http:\/\/eichinger.de.w0094cee.kasserver.com\/?page_id=400\/"},"modified":"2018-07-04T19:48:10","modified_gmt":"2018-07-04T17:48:10","slug":"moertelmulden-aufzugskuebel","status":"publish","type":"page","link":"https:\/\/eichinger.de\/de\/moertelmulden-aufzugskuebel\/","title":{"rendered":"M\u00f6rtelmulden &#038; Aufzugsk\u00fcbel"},"content":{"rendered":"[vc_row type=&#8220;full_width_content&#8220; full_screen_row_position=&#8220;middle&#8220; scene_position=&#8220;center&#8220; text_color=&#8220;dark&#8220; text_align=&#8220;left&#8220; overlay_strength=&#8220;0.3&#8243; shape_divider_position=&#8220;bottom&#8220;][vc_column column_padding=&#8220;no-extra-padding&#8220; column_padding_position=&#8220;left-right&#8220; background_color_opacity=&#8220;1&#8243; background_hover_color_opacity=&#8220;1&#8243; column_shadow=&#8220;none&#8220; column_border_radius=&#8220;none&#8220; width=&#8220;1\/6&#8243; tablet_text_alignment=&#8220;default&#8220; phone_text_alignment=&#8220;default&#8220; column_border_width=&#8220;none&#8220; column_border_style=&#8220;solid&#8220;][nectar_flip_box image_url_1=&#8220;1071&#8243; text_color=&#8220;dark&#8220; icon_family=&#8220;steadysets&#8220; icon_color=&#8220;Accent-Color&#8220; image_url_2=&#8220;1066&#8243; text_color_2=&#8220;dark&#8220; h_text_align=&#8220;left&#8220; v_text_align=&#8220;top&#8220; flip_direction=&#8220;horizontal-to-left&#8220; icon_size=&#8220;40&#8243; min_height=&#8220;400&#8243; icon_steadysets=&#8220;steadysets-icon-reload&#8220;][\/nectar_flip_box][vc_column_text]\n<h2 style=\"text-align: center;\">1224 Aufzugk\u00fcbel<\/h2>\n[\/vc_column_text][toggles style=&#8220;default&#8220;][toggle color=&#8220;Default&#8220; title=&#8220;Technische Daten&#8220;][vc_column_text]Mit abklappbarem B\u00fcgel und Sicherheitsriegel.<\/p>\n<p>Durch die manuelle \u00d6ffnung der Sicherheitsriegel wird durch die Schwerpunktlage des B\u00fcgels der K\u00fcbel automatisch entleert.[\/vc_column_text][\/toggle][toggle color=&#8220;Default&#8220; title=&#8220;Ma\u00dfe&#8220;][vc_column_text]\n<table style=\"border-collapse: collapse; width: 124pt;\" border=\"0\" width=\"166\" cellspacing=\"0\" cellpadding=\"0\">\n<colgroup>\n<col style=\"width: 62pt;\" span=\"2\" width=\"83\" \/> <\/colgroup>\n<tbody>\n<tr style=\"height: 13.2pt;\">\n<td class=\"xl24\" style=\"height: 13.2pt; width: 62pt;\" width=\"83\" height=\"18\">Typ<\/td>\n<td class=\"xl24\" style=\"width: 62pt;\" width=\"83\">Inhalt<\/td>\n<\/tr>\n<tr style=\"height: 13.2pt;\">\n<td style=\"height: 13.2pt;\" height=\"18\">1224.1<\/td>\n<td align=\"right\">150<\/td>\n<\/tr>\n<tr style=\"height: 13.2pt;\">\n<td style=\"height: 13.2pt;\" height=\"18\">1224.2<\/td>\n<td align=\"right\">200<\/td>\n<\/tr>\n<tr style=\"height: 13.2pt;\">\n<td style=\"height: 13.2pt;\" height=\"18\">1224.3<\/td>\n<td align=\"right\">250<\/td>\n<\/tr>\n<tr style=\"height: 13.2pt;\">\n<td style=\"height: 13.2pt;\" height=\"18\">1224.4<\/td>\n<td align=\"right\">300<\/td>\n<\/tr>\n<tr style=\"height: 13.2pt;\">\n<td style=\"height: 13.2pt;\" height=\"18\">1224.5<\/td>\n<td align=\"right\">350<\/td>\n<\/tr>\n<tr style=\"height: 13.2pt;\">\n<td style=\"height: 13.2pt;\" height=\"18\">1224.6<\/td>\n<td align=\"right\">375<\/td>\n<\/tr>\n<tr style=\"height: 13.2pt;\">\n<td style=\"height: 13.2pt;\" height=\"18\">1224.7<\/td>\n<td align=\"right\">400<\/td>\n<\/tr>\n<tr style=\"height: 13.2pt;\">\n<td style=\"height: 13.2pt;\" height=\"18\">1224.8<\/td>\n<td align=\"right\">500<\/td>\n<\/tr>\n<tr style=\"height: 13.2pt;\">\n<td style=\"height: 13.2pt;\" height=\"18\">1224.9<\/td>\n<td align=\"right\">600<\/td>\n<\/tr>\n<tr style=\"height: 13.2pt;\">\n<td style=\"height: 13.2pt;\" height=\"18\">1224.10<\/td>\n<td align=\"right\">750<\/td>\n<\/tr>\n<tr style=\"height: 13.2pt;\">\n<td style=\"height: 13.2pt;\" height=\"18\">1224.11<\/td>\n<td align=\"right\">800<\/td>\n<\/tr>\n<tr style=\"height: 13.2pt;\">\n<td style=\"height: 13.2pt;\" height=\"18\">1224.12<\/td>\n<td align=\"right\">1000<\/td>\n<\/tr>\n<tr style=\"height: 13.2pt;\">\n<td style=\"height: 13.2pt;\" height=\"18\">1224.13<\/td>\n<td align=\"right\">1250<\/td>\n<\/tr>\n<tr style=\"height: 13.2pt;\">\n<td style=\"height: 13.2pt;\" height=\"18\">1224.14<\/td>\n<td align=\"right\">1500<\/td>\n<\/tr>\n<tr style=\"height: 13.2pt;\">\n<td style=\"height: 13.2pt;\" height=\"18\">1224.15<\/td>\n<td align=\"right\">1750<\/td>\n<\/tr>\n<tr style=\"height: 13.2pt;\">\n<td style=\"height: 13.2pt;\" height=\"18\">1224.16<\/td>\n<td align=\"right\">2000<\/td>\n<\/tr>\n<\/tbody>\n<\/table>\n[\/vc_column_text][\/toggle][\/toggles][divider line_type=&#8220;Full Width Line&#8220; line_thickness=&#8220;5&#8243; divider_color=&#8220;accent-color&#8220; custom_height=&#8220;7&#8243;][\/vc_column][vc_column column_padding=&#8220;no-extra-padding&#8220; column_padding_position=&#8220;all&#8220; background_color_opacity=&#8220;1&#8243; background_hover_color_opacity=&#8220;1&#8243; column_shadow=&#8220;none&#8220; column_border_radius=&#8220;none&#8220; width=&#8220;1\/6&#8243; tablet_text_alignment=&#8220;default&#8220; phone_text_alignment=&#8220;default&#8220; column_border_width=&#8220;none&#8220; column_border_style=&#8220;solid&#8220;][nectar_flip_box image_url_1=&#8220;1072&#8243; text_color=&#8220;dark&#8220; icon_family=&#8220;steadysets&#8220; icon_color=&#8220;Accent-Color&#8220; image_url_2=&#8220;1067&#8243; text_color_2=&#8220;dark&#8220; h_text_align=&#8220;left&#8220; v_text_align=&#8220;top&#8220; flip_direction=&#8220;horizontal-to-left&#8220; icon_size=&#8220;40&#8243; min_height=&#8220;400&#8243; icon_steadysets=&#8220;steadysets-icon-reload&#8220;][\/nectar_flip_box][vc_column_text]\n<h2 style=\"text-align: center;\">1225 M\u00f6rtelk\u00fcbel<\/h2>\n[\/vc_column_text][toggles style=&#8220;default&#8220;][toggle color=&#8220;Default&#8220; title=&#8220;Technische Daten&#8220;][vc_column_text]Aus bruchsicherem UV- und Witterungsbest\u00e4ndigem Vollkunststoff; am oberen Beh\u00e4lterrand mit Stahlrahmen und robusten \u00d6sen, geeignet zum Krantransport.[\/vc_column_text][\/toggle][toggle color=&#8220;Default&#8220; title=&#8220;Ma\u00dfe&#8220;][vc_column_text]\n<table style=\"border-collapse: collapse; width: 124pt;\" border=\"0\" width=\"166\" cellspacing=\"0\" cellpadding=\"0\">\n<colgroup>\n<col style=\"width: 62pt;\" span=\"2\" width=\"83\" \/> <\/colgroup>\n<tbody>\n<tr style=\"height: 13.2pt;\">\n<td class=\"xl24\" style=\"height: 13.2pt; width: 62pt;\" width=\"83\" height=\"18\">Typ<\/td>\n<td class=\"xl24\" style=\"width: 62pt;\" width=\"83\">Inhalt<\/td>\n<\/tr>\n<tr style=\"height: 13.2pt;\">\n<td style=\"height: 13.2pt;\" height=\"18\">1225.1<\/td>\n<td align=\"right\">200<\/td>\n<\/tr>\n<\/tbody>\n<\/table>\n[\/vc_column_text][\/toggle][\/toggles][divider line_type=&#8220;Full Width Line&#8220; line_thickness=&#8220;5&#8243; divider_color=&#8220;accent-color&#8220; custom_height=&#8220;7&#8243;][\/vc_column][vc_column column_padding=&#8220;no-extra-padding&#8220; column_padding_position=&#8220;all&#8220; background_color_opacity=&#8220;1&#8243; background_hover_color_opacity=&#8220;1&#8243; column_shadow=&#8220;none&#8220; column_border_radius=&#8220;none&#8220; width=&#8220;1\/6&#8243; tablet_text_alignment=&#8220;default&#8220; phone_text_alignment=&#8220;default&#8220; column_border_width=&#8220;none&#8220; column_border_style=&#8220;solid&#8220;][nectar_flip_box image_url_1=&#8220;1073&#8243; text_color=&#8220;dark&#8220; icon_family=&#8220;steadysets&#8220; icon_color=&#8220;Accent-Color&#8220; image_url_2=&#8220;1068&#8243; text_color_2=&#8220;dark&#8220; h_text_align=&#8220;left&#8220; v_text_align=&#8220;top&#8220; flip_direction=&#8220;horizontal-to-left&#8220; icon_size=&#8220;40&#8243; min_height=&#8220;400&#8243; icon_steadysets=&#8220;steadysets-icon-reload&#8220;][\/nectar_flip_box][vc_column_text]\n<h2 style=\"text-align: center;\">1226 M\u00f6rtelmulde<\/h2>\n[\/vc_column_text][toggles style=&#8220;default&#8220;][toggle color=&#8220;Default&#8220; title=&#8220;Technische Daten&#8220;][vc_column_text]Mit 2 Kran\u00f6sen, zur Lagerung von Fertigm\u00f6rtel, der mittels Kran\u00f6sen an den Arbeitsplatz transportiert werden kann.[\/vc_column_text][\/toggle][toggle color=&#8220;Default&#8220; title=&#8220;Ma\u00dfe&#8220;][vc_column_text]\n<table style=\"border-collapse: collapse; width: 124pt;\" border=\"0\" width=\"166\" cellspacing=\"0\" cellpadding=\"0\">\n<colgroup>\n<col style=\"width: 62pt;\" span=\"2\" width=\"83\" \/> <\/colgroup>\n<tbody>\n<tr style=\"height: 13.2pt;\">\n<td class=\"xl24\" style=\"height: 13.2pt; width: 62pt;\" width=\"83\" height=\"18\">Typ<\/td>\n<td class=\"xl24\" style=\"width: 62pt;\" width=\"83\">Inhalt<\/td>\n<\/tr>\n<tr style=\"height: 13.2pt;\">\n<td style=\"height: 13.2pt;\" height=\"18\">1226.2<\/td>\n<td align=\"right\">250<\/td>\n<\/tr>\n<tr style=\"height: 13.2pt;\">\n<td style=\"height: 13.2pt;\" height=\"18\">1226.3<\/td>\n<td align=\"right\">333<\/td>\n<\/tr>\n<tr style=\"height: 13.2pt;\">\n<td style=\"height: 13.2pt;\" height=\"18\">1226.4<\/td>\n<td align=\"right\">500<\/td>\n<\/tr>\n<\/tbody>\n<\/table>\n[\/vc_column_text][\/toggle][\/toggles][divider line_type=&#8220;Full Width Line&#8220; line_thickness=&#8220;5&#8243; divider_color=&#8220;accent-color&#8220; custom_height=&#8220;7&#8243;][\/vc_column][vc_column column_padding=&#8220;no-extra-padding&#8220; column_padding_position=&#8220;all&#8220; background_color_opacity=&#8220;1&#8243; background_hover_color_opacity=&#8220;1&#8243; column_shadow=&#8220;none&#8220; column_border_radius=&#8220;none&#8220; width=&#8220;1\/6&#8243; tablet_text_alignment=&#8220;default&#8220; phone_text_alignment=&#8220;default&#8220; column_border_width=&#8220;none&#8220; column_border_style=&#8220;solid&#8220;][nectar_flip_box image_url_1=&#8220;1074&#8243; text_color=&#8220;dark&#8220; icon_family=&#8220;steadysets&#8220; icon_color=&#8220;Accent-Color&#8220; image_url_2=&#8220;1078&#8243; text_color_2=&#8220;dark&#8220; h_text_align=&#8220;left&#8220; v_text_align=&#8220;top&#8220; flip_direction=&#8220;horizontal-to-left&#8220; icon_size=&#8220;40&#8243; min_height=&#8220;400&#8243; icon_steadysets=&#8220;steadysets-icon-reload&#8220;][\/nectar_flip_box][vc_column_text]\n<h2 style=\"text-align: center;\">1227 Aufzugk\u00fcbel<\/h2>\n[\/vc_column_text][toggles style=&#8220;default&#8220;][toggle color=&#8220;Default&#8220; title=&#8220;Technische Daten&#8220;][vc_column_text]PVC-Aufzugsk\u00fcbel mit abklappbarem B\u00fcgel und Sicherheitsriegel.<\/p>\n<p>Durch die manuelle \u00d6ffnung der Sicherheitsriegel wird durch die Schwerpunktlage des B\u00fcgels der K\u00fcbel automatisch entleert.<\/p>\n<p>Inhalt: 80 Liter[\/vc_column_text][\/toggle][toggle color=&#8220;Default&#8220; title=&#8220;Ma\u00dfe&#8220;][vc_column_text]\n<table width=\"241\">\n<tbody>\n<tr>\n<td width=\"83\">Typ<\/td>\n<td width=\"158\">Inhalt<\/td>\n<\/tr>\n<tr>\n<td width=\"83\">1227.1<\/td>\n<td width=\"158\">80 ltr.<\/td>\n<\/tr>\n<tr>\n<td width=\"83\">1227.10<\/td>\n<td width=\"158\">PVC-K\u00fcbel<\/td>\n<\/tr>\n<tr>\n<td width=\"83\">1227.11<\/td>\n<td width=\"158\">B\u00fcgelkippvorrichtung<\/td>\n<\/tr>\n<\/tbody>\n<\/table>\n[\/vc_column_text][\/toggle][\/toggles][divider line_type=&#8220;Full Width Line&#8220; line_thickness=&#8220;5&#8243; divider_color=&#8220;accent-color&#8220; custom_height=&#8220;7&#8243;][\/vc_column][vc_column column_padding=&#8220;no-extra-padding&#8220; column_padding_position=&#8220;all&#8220; background_color_opacity=&#8220;1&#8243; background_hover_color_opacity=&#8220;1&#8243; column_shadow=&#8220;none&#8220; column_border_radius=&#8220;none&#8220; width=&#8220;1\/6&#8243; tablet_text_alignment=&#8220;default&#8220; phone_text_alignment=&#8220;default&#8220; column_border_width=&#8220;none&#8220; column_border_style=&#8220;solid&#8220;][nectar_flip_box image_url_1=&#8220;1075&#8243; text_color=&#8220;dark&#8220; icon_family=&#8220;steadysets&#8220; icon_color=&#8220;Accent-Color&#8220; image_url_2=&#8220;1069&#8243; text_color_2=&#8220;dark&#8220; h_text_align=&#8220;left&#8220; v_text_align=&#8220;top&#8220; flip_direction=&#8220;horizontal-to-left&#8220; icon_size=&#8220;40&#8243; min_height=&#8220;400&#8243; icon_steadysets=&#8220;steadysets-icon-reload&#8220;][\/nectar_flip_box][vc_column_text]\n<h2 style=\"text-align: center;\">1228 Schutttrichter<\/h2>\n[\/vc_column_text][toggles style=&#8220;default&#8220;][toggle color=&#8220;Default&#8220; title=&#8220;Technische Daten&#8220;][vc_column_text]Halbrunder hochverdichteter polyethyler Einf\u00fclltrichter, mit einer 400 mm gro\u00dfen Auslauf\u00f6ffnung, mit verzinkter Kette und Sicherheitskarabinerhaken als Anfangsteil einer kompletten Schuttrutsche.[\/vc_column_text][\/toggle][toggle color=&#8220;Default&#8220; title=&#8220;Einzelkomponenten&#8220;][vc_column_text]\n<table width=\"231\">\n<tbody>\n<tr>\n<td width=\"83\">Typ<\/td>\n<td width=\"148\">Bezeichnung<\/td>\n<\/tr>\n<tr>\n<td width=\"83\">1228.1<\/td>\n<td width=\"148\">Schutttrichter<\/td>\n<\/tr>\n<tr>\n<td width=\"83\">1228.2<\/td>\n<td width=\"148\">Schutttrichter-kurz<\/td>\n<\/tr>\n<tr>\n<td width=\"83\">1228.3<\/td>\n<td width=\"148\">Handwinde mit Gestell<\/td>\n<\/tr>\n<tr>\n<td width=\"83\">1228.6<\/td>\n<td width=\"148\">Tr\u00e4gergestell<\/td>\n<\/tr>\n<tr>\n<td width=\"83\">1228.7<\/td>\n<td width=\"148\">Br\u00fcstungshalter<\/td>\n<\/tr>\n<tr>\n<td width=\"83\">1228.8<\/td>\n<td width=\"148\">Ger\u00fcstbefestigung<\/td>\n<\/tr>\n<tr>\n<td width=\"83\">1228.9<\/td>\n<td width=\"148\">Schutzger\u00fcst<\/td>\n<\/tr>\n<\/tbody>\n<\/table>\n[\/vc_column_text][\/toggle][\/toggles][divider line_type=&#8220;Full Width Line&#8220; line_thickness=&#8220;5&#8243; divider_color=&#8220;accent-color&#8220; custom_height=&#8220;7&#8243;][\/vc_column][vc_column column_padding=&#8220;no-extra-padding&#8220; column_padding_position=&#8220;all&#8220; background_color_opacity=&#8220;1&#8243; background_hover_color_opacity=&#8220;1&#8243; column_shadow=&#8220;none&#8220; column_border_radius=&#8220;none&#8220; width=&#8220;1\/6&#8243; tablet_text_alignment=&#8220;default&#8220; phone_text_alignment=&#8220;default&#8220; column_border_width=&#8220;none&#8220; column_border_style=&#8220;solid&#8220;][nectar_flip_box image_url_1=&#8220;1076&#8243; text_color=&#8220;dark&#8220; icon_family=&#8220;steadysets&#8220; icon_color=&#8220;Accent-Color&#8220; image_url_2=&#8220;1070&#8243; text_color_2=&#8220;dark&#8220; h_text_align=&#8220;left&#8220; v_text_align=&#8220;top&#8220; flip_direction=&#8220;horizontal-to-left&#8220; icon_size=&#8220;40&#8243; min_height=&#8220;400&#8243; icon_steadysets=&#8220;steadysets-icon-reload&#8220;][\/nectar_flip_box][vc_column_text]\n<h2 style=\"text-align: center;\">1229 Schuttrohr<\/h2>\n[\/vc_column_text][toggles style=&#8220;default&#8220;][toggle color=&#8220;Default&#8220; title=&#8220;Technische Daten&#8220;][vc_column_text]Konisches Rohr aus rei\u00dffestem, bruchsicherem, unterhaltsfreiem Polyethylen mit verzinkten Ketten und Sicherheitskarabinerhaken und einem Durchmesser von 530 mm bzw. 400 mm.<\/p>\n<p>Durch die konische Form k\u00f6nnen die Rohre ineinander geschoben und zu einer kompletten Schuttrutsche montiert werden.[\/vc_column_text][\/toggle][toggle color=&#8220;Default&#8220; title=&#8220;Einzelkomponenten&#8220;][vc_column_text]\n<table width=\"274\">\n<tbody>\n<tr>\n<td width=\"83\">Typ<\/td>\n<td width=\"191\">Bezeichnung<\/td>\n<\/tr>\n<tr>\n<td width=\"83\">1229.1<\/td>\n<td width=\"191\">Schuttrohr<\/td>\n<\/tr>\n<tr>\n<td width=\"83\">1229.2<\/td>\n<td width=\"191\">Abzweig<\/td>\n<\/tr>\n<tr>\n<td width=\"83\">1229.4<\/td>\n<td width=\"191\">Ersatzkette<\/td>\n<\/tr>\n<tr>\n<td width=\"83\">1229.5<\/td>\n<td width=\"191\">Karabinerhaken<\/td>\n<\/tr>\n<tr>\n<td width=\"83\">1229.6<\/td>\n<td width=\"191\">Verbindungsglied<\/td>\n<\/tr>\n<tr>\n<td width=\"83\">1229.7<\/td>\n<td width=\"191\">Staubmanschette<\/td>\n<\/tr>\n<tr>\n<td width=\"83\">1229.8<\/td>\n<td width=\"191\">Abdeckplane<\/td>\n<\/tr>\n<tr>\n<td width=\"83\">1229.9<\/td>\n<td width=\"191\">F\u00fchrungsseil<\/td>\n<\/tr>\n<\/tbody>\n<\/table>\n[\/vc_column_text][\/toggle][\/toggles][divider line_type=&#8220;Full Width Line&#8220; line_thickness=&#8220;5&#8243; divider_color=&#8220;accent-color&#8220; custom_height=&#8220;7&#8243;][\/vc_column][\/vc_row]\n","protected":false},"excerpt":{"rendered":"<p>[vc_row type=&#8220;full_width_content&#8220; full_screen_row_position=&#8220;middle&#8220; scene_position=&#8220;center&#8220; text_color=&#8220;dark&#8220; text_align=&#8220;left&#8220; overlay_strength=&#8220;0.3&#8243; shape_divider_position=&#8220;bottom&#8220;][vc_column column_padding=&#8220;no-extra-padding&#8220; column_padding_position=&#8220;left-right&#8220; background_color_opacity=&#8220;1&#8243; background_hover_color_opacity=&#8220;1&#8243; column_shadow=&#8220;none&#8220; column_border_radius=&#8220;none&#8220; width=&#8220;1\/6&#8243; tablet_text_alignment=&#8220;default&#8220; phone_text_alignment=&#8220;default&#8220; column_border_width=&#8220;none&#8220; column_border_style=&#8220;solid&#8220;][nectar_flip_box image_url_1=&#8220;1071&#8243; text_color=&#8220;dark&#8220; icon_family=&#8220;steadysets&#8220; icon_color=&#8220;Accent-Color&#8220; image_url_2=&#8220;1066&#8243; text_color_2=&#8220;dark&#8220; h_text_align=&#8220;left&#8220; v_text_align=&#8220;top&#8220; flip_direction=&#8220;horizontal-to-left&#8220; icon_size=&#8220;40&#8243; min_height=&#8220;400&#8243;&#8230;<\/p>\n","protected":false},"author":1,"featured_media":0,"parent":0,"menu_order":0,"comment_status":"closed","ping_status":"closed","template":"","meta":{"footnotes":""},"class_list":["post-400","page","type-page","status-publish"],"_links":{"self":[{"href":"https:\/\/eichinger.de\/de\/wp-json\/wp\/v2\/pages\/400","targetHints":{"allow":["GET"]}}],"collection":[{"href":"https:\/\/eichinger.de\/de\/wp-json\/wp\/v2\/pages"}],"about":[{"href":"https:\/\/eichinger.de\/de\/wp-json\/wp\/v2\/types\/page"}],"author":[{"embeddable":true,"href":"https:\/\/eichinger.de\/de\/wp-json\/wp\/v2\/users\/1"}],"replies":[{"embeddable":true,"href":"https:\/\/eichinger.de\/de\/wp-json\/wp\/v2\/comments?post=400"}],"version-history":[{"count":10,"href":"https:\/\/eichinger.de\/de\/wp-json\/wp\/v2\/pages\/400\/revisions"}],"predecessor-version":[{"id":3560,"href":"https:\/\/eichinger.de\/de\/wp-json\/wp\/v2\/pages\/400\/revisions\/3560"}],"wp:attachment":[{"href":"https:\/\/eichinger.de\/de\/wp-json\/wp\/v2\/media?parent=400"}],"curies":[{"name":"wp","href":"https:\/\/api.w.org\/{rel}","templated":true}]}}