{"id":404,"date":"2017-01-29T07:21:30","date_gmt":"2017-01-29T06:21:30","guid":{"rendered":"http:\/\/eichinger.de.w0094cee.kasserver.com\/?page_id=404\/"},"modified":"2021-07-26T16:47:02","modified_gmt":"2021-07-26T14:47:02","slug":"stapelgestelle-paletten","status":"publish","type":"page","link":"https:\/\/eichinger.de\/de\/stapelgestelle-paletten\/","title":{"rendered":"Stapelgestelle &#038; -paletten"},"content":{"rendered":"[vc_row type=&#8220;full_width_content&#8220; full_screen_row_position=&#8220;middle&#8220; scene_position=&#8220;center&#8220; text_color=&#8220;dark&#8220; text_align=&#8220;left&#8220; overlay_strength=&#8220;0.3&#8243; shape_divider_position=&#8220;bottom&#8220; bg_image_animation=&#8220;none&#8220;][vc_column column_padding=&#8220;no-extra-padding&#8220; column_padding_position=&#8220;left-right&#8220; background_color_opacity=&#8220;1&#8243; background_hover_color_opacity=&#8220;1&#8243; column_link_target=&#8220;_self&#8220; column_shadow=&#8220;none&#8220; column_border_radius=&#8220;none&#8220; width=&#8220;1\/6&#8243; tablet_width_inherit=&#8220;default&#8220; tablet_text_alignment=&#8220;default&#8220; phone_text_alignment=&#8220;default&#8220; column_border_width=&#8220;none&#8220; column_border_style=&#8220;solid&#8220; bg_image_animation=&#8220;none&#8220;][nectar_flip_box image_url_1=&#8220;1134&#8243; text_color=&#8220;dark&#8220; icon_family=&#8220;steadysets&#8220; icon_color=&#8220;Accent-Color&#8220; image_url_2=&#8220;1140&#8243; text_color_2=&#8220;dark&#8220; h_text_align=&#8220;left&#8220; v_text_align=&#8220;top&#8220; flip_direction=&#8220;horizontal-to-left&#8220; icon_size=&#8220;40&#8243; min_height=&#8220;400&#8243; icon_steadysets=&#8220;steadysets-icon-reload&#8220;][\/nectar_flip_box][vc_column_text]\n<h2 style=\"text-align: center;\">1311<br \/>\nStapelgestell<\/h2>\n[\/vc_column_text][toggles style=&#8220;default&#8220;][toggle color=&#8220;Default&#8220; title=&#8220;Technische Daten&#8220;][vc_column_text]Kr\u00e4ftige Rohrkonstruktion mit vier Kranhaken und Sicherungsklammern, Stapelteller an den F\u00fc\u00dfen. 1311.1 und 1311.6 standardm\u00e4\u00dfig mit 2 Querrohren. Alle anderen Modell mit 1 Querrohr.<\/p>\n<p>Kombinierbar mit unseren Vollwand-Stapelgestellen FE 1312 und Gitterbox-Stapelgestellen FE 1313.<\/p>\n<p>Tragf\u00e4higkeit: 1500 kg<br \/>\nUnterfahrh\u00f6he:<br \/>\n1311.1-7: 130 mm<br \/>\n1311.8: 100 mm.<br \/>\nLieferbar lackiert (RAL 8017) oder verzinkt.<\/p>\n<p><strong>1311.10 Bretthalter<\/strong><br \/>\nRohr \u00d8 48 mm<br \/>\nRohr \u00d8 60 mm[\/vc_column_text][\/toggle][toggle color=&#8220;Default&#8220; title=&#8220;Ma\u00dfe&#8220;][vc_column_text]\n<table width=\"240\">\n<tbody>\n<tr>\n<td width=\"48\">Typ<\/td>\n<td width=\"48\">L\u00e4nge<\/td>\n<td width=\"48\">Breite<\/td>\n<td width=\"48\">H\u00f6he<\/td>\n<td width=\"48\">Rohr \u00d8<\/td>\n<\/tr>\n<tr>\n<td>1311.1<\/td>\n<td>1500<\/td>\n<td>870<\/td>\n<td>780<\/td>\n<td>48<\/td>\n<\/tr>\n<tr>\n<td>1311.2<\/td>\n<td>1200<\/td>\n<td>820<\/td>\n<td>910<\/td>\n<td>48<\/td>\n<\/tr>\n<tr>\n<td>1311.3<\/td>\n<td>900<\/td>\n<td>700<\/td>\n<td>910<\/td>\n<td>48<\/td>\n<\/tr>\n<tr>\n<td>1311.4<\/td>\n<td>1200<\/td>\n<td>1030<\/td>\n<td>910<\/td>\n<td>48<\/td>\n<\/tr>\n<tr>\n<td>1311.5<\/td>\n<td>1300<\/td>\n<td>700<\/td>\n<td>910<\/td>\n<td>60<\/td>\n<\/tr>\n<tr>\n<td>1311.6<\/td>\n<td>1480<\/td>\n<td>920<\/td>\n<td>980<\/td>\n<td>48<\/td>\n<\/tr>\n<tr>\n<td>1311.7<\/td>\n<td>1430<\/td>\n<td>870<\/td>\n<td>810<\/td>\n<td>60<\/td>\n<\/tr>\n<tr>\n<td>1311.8<\/td>\n<td>1200<\/td>\n<td>800<\/td>\n<td>875<\/td>\n<td>48<\/td>\n<\/tr>\n<\/tbody>\n<\/table>\n<p>Lieferbar in allen Sonderma\u00dfen.<br \/>\nL\u00e4nge und Breite sind Innenma\u00dfe.<\/p>\n[\/vc_column_text][\/toggle][\/toggles][divider line_type=&#8220;Full Width Line&#8220; line_thickness=&#8220;5&#8243; divider_color=&#8220;accent-color&#8220; custom_height=&#8220;7&#8243;][\/vc_column][vc_column column_padding=&#8220;no-extra-padding&#8220; column_padding_position=&#8220;all&#8220; background_color_opacity=&#8220;1&#8243; background_hover_color_opacity=&#8220;1&#8243; column_link_target=&#8220;_self&#8220; column_shadow=&#8220;none&#8220; column_border_radius=&#8220;none&#8220; width=&#8220;1\/6&#8243; tablet_width_inherit=&#8220;default&#8220; tablet_text_alignment=&#8220;default&#8220; phone_text_alignment=&#8220;default&#8220; column_border_width=&#8220;none&#8220; column_border_style=&#8220;solid&#8220; bg_image_animation=&#8220;none&#8220;][nectar_flip_box image_url_1=&#8220;1135&#8243; text_color=&#8220;dark&#8220; icon_family=&#8220;steadysets&#8220; icon_color=&#8220;Accent-Color&#8220; image_url_2=&#8220;1141&#8243; text_color_2=&#8220;dark&#8220; h_text_align=&#8220;left&#8220; v_text_align=&#8220;top&#8220; flip_direction=&#8220;horizontal-to-left&#8220; icon_size=&#8220;40&#8243; min_height=&#8220;400&#8243; icon_steadysets=&#8220;steadysets-icon-reload&#8220;][\/nectar_flip_box][vc_column_text]\n<h2 style=\"text-align: center;\">1312<br \/>\nVollwandstapelgestell<\/h2>\n[\/vc_column_text][toggles style=&#8220;default&#8220;][toggle color=&#8220;Default&#8220; title=&#8220;Technische Daten&#8220;][vc_column_text]Aus kr\u00e4ftiger Rohrkonstruktion mit vier Kranhaken, eingeschwei\u00dften 1,5 mm starken profilierten, rippenverst\u00e4rkten Seitenw\u00e4nden und 1,5 mm starkem Wellenblechboden.<\/p>\n<p>Kombinierbar mit unseren Stapelgestellen FE 1311 und Gitterbox-Stapelgestellen FE 1313.<\/p>\n<p>Tragf\u00e4higkeit: 1500 kg<br \/>\nUnterfahrh\u00f6he: 130 mm<br \/>\nLieferbar lackiert (RAL 8017) oder verzinkt.[\/vc_column_text][\/toggle][toggle color=&#8220;Default&#8220; title=&#8220;Ma\u00dfe&#8220;][vc_column_text]\n<table width=\"180\">\n<tbody>\n<tr>\n<td width=\"45\">Typ<\/td>\n<td width=\"45\">L\u00e4nge<\/td>\n<td width=\"45\">Breite<\/td>\n<td width=\"45\">H\u00f6he<\/td>\n<\/tr>\n<tr>\n<td>1312.1<\/td>\n<td>1500<\/td>\n<td>870<\/td>\n<td>780<\/td>\n<\/tr>\n<tr>\n<td>1312.2<\/td>\n<td>1200<\/td>\n<td>820<\/td>\n<td>910<\/td>\n<\/tr>\n<tr>\n<td>1312.3<\/td>\n<td>900<\/td>\n<td>700<\/td>\n<td>910<\/td>\n<\/tr>\n<tr>\n<td>1312.4<\/td>\n<td>1200<\/td>\n<td>1030<\/td>\n<td>910<\/td>\n<\/tr>\n<tr>\n<td>1312.5<\/td>\n<td>1300<\/td>\n<td>700<\/td>\n<td>910<\/td>\n<\/tr>\n<tr>\n<td>1312.6<\/td>\n<td>1480<\/td>\n<td>920<\/td>\n<td>980<\/td>\n<\/tr>\n<tr>\n<td>1312.7<\/td>\n<td>1430<\/td>\n<td>870<\/td>\n<td>810<\/td>\n<\/tr>\n<\/tbody>\n<\/table>\n<p>Lieferbar in allen Sonderma\u00dfen.<br \/>\nL\u00e4nge und Breite sind Innenma\u00dfe.<\/p>\n[\/vc_column_text][\/toggle][\/toggles][divider line_type=&#8220;Full Width Line&#8220; line_thickness=&#8220;5&#8243; divider_color=&#8220;accent-color&#8220; custom_height=&#8220;7&#8243;][\/vc_column][vc_column column_padding=&#8220;no-extra-padding&#8220; column_padding_position=&#8220;all&#8220; background_color_opacity=&#8220;1&#8243; background_hover_color_opacity=&#8220;1&#8243; column_link_target=&#8220;_self&#8220; column_shadow=&#8220;none&#8220; column_border_radius=&#8220;none&#8220; width=&#8220;1\/6&#8243; tablet_width_inherit=&#8220;default&#8220; tablet_text_alignment=&#8220;default&#8220; phone_text_alignment=&#8220;default&#8220; column_border_width=&#8220;none&#8220; column_border_style=&#8220;solid&#8220; bg_image_animation=&#8220;none&#8220;][nectar_flip_box image_url_1=&#8220;1136&#8243; text_color=&#8220;dark&#8220; icon_family=&#8220;steadysets&#8220; icon_color=&#8220;Accent-Color&#8220; image_url_2=&#8220;1143&#8243; text_color_2=&#8220;dark&#8220; h_text_align=&#8220;left&#8220; v_text_align=&#8220;top&#8220; flip_direction=&#8220;horizontal-to-left&#8220; icon_size=&#8220;40&#8243; min_height=&#8220;400&#8243; icon_steadysets=&#8220;steadysets-icon-reload&#8220;][\/nectar_flip_box][vc_column_text]\n<h2 style=\"text-align: center;\">1313<br \/>\nGitterboxstapelgestell<\/h2>\n[\/vc_column_text][toggles style=&#8220;default&#8220;][toggle color=&#8220;Default&#8220; title=&#8220;Technische Daten&#8220;][vc_column_text]Aus einer kr\u00e4ftigen Rohrkonstruktion, mit vier Kranhaken, eingeschwei\u00dftem Gitterrahmen 50\/50\/5 mm und 1,5 mm starkem Wellenblechboden.<\/p>\n<p>Kombinierbar mit unseren Stapelgestellen FE 1311 und Vollwand-Stapelpaletten FE 1312.<\/p>\n<p>Tragf\u00e4higkeit: 1500 kg<br \/>\nUnterfahrh\u00f6he: 130 mm<br \/>\nLieferbar lackiert (RAL 8017) oder verzinkt.<\/p>\n<p><strong>1313.10 Gitterbox-Unterteilung<\/strong><br \/>\nUnterteilungsblech f\u00fcr unsere Gitterboxstapelgestelle und Gitterboxstapelpaletten mit Profilleisten zum Eingriff in den Trapezblechboden und zum Einschrauben.<br \/>\nGewicht: 6 kg[\/vc_column_text][\/toggle][toggle color=&#8220;Default&#8220; title=&#8220;Ma\u00dfe&#8220;][vc_column_text]\n<table width=\"168\">\n<tbody>\n<tr>\n<td width=\"42\">Typ<\/td>\n<td width=\"42\">L\u00e4nge<\/td>\n<td width=\"42\">Breite<\/td>\n<td width=\"42\">H\u00f6he<\/td>\n<\/tr>\n<tr>\n<td>1313.1<\/td>\n<td>1500<\/td>\n<td>870<\/td>\n<td>780<\/td>\n<\/tr>\n<tr>\n<td>1313.2<\/td>\n<td>1200<\/td>\n<td>820<\/td>\n<td>910<\/td>\n<\/tr>\n<tr>\n<td>1313.3<\/td>\n<td>900<\/td>\n<td>700<\/td>\n<td>910<\/td>\n<\/tr>\n<tr>\n<td>1313.4<\/td>\n<td>1200<\/td>\n<td>1030<\/td>\n<td>910<\/td>\n<\/tr>\n<tr>\n<td>1313.5<\/td>\n<td>1300<\/td>\n<td>700<\/td>\n<td>910<\/td>\n<\/tr>\n<tr>\n<td>1313.6<\/td>\n<td>1480<\/td>\n<td>920<\/td>\n<td>980<\/td>\n<\/tr>\n<tr>\n<td>1313.7<\/td>\n<td>1430<\/td>\n<td>870<\/td>\n<td>810<\/td>\n<\/tr>\n<\/tbody>\n<\/table>\n<p>Lieferbar in allen Sonderma\u00dfen.<br \/>\nL\u00e4nge und Breite sind Innenma\u00dfe.<\/p>\n[\/vc_column_text][\/toggle][\/toggles][divider line_type=&#8220;Full Width Line&#8220; line_thickness=&#8220;5&#8243; divider_color=&#8220;accent-color&#8220; custom_height=&#8220;7&#8243;][\/vc_column][vc_column column_padding=&#8220;no-extra-padding&#8220; column_padding_position=&#8220;all&#8220; background_color_opacity=&#8220;1&#8243; background_hover_color_opacity=&#8220;1&#8243; column_link_target=&#8220;_self&#8220; column_shadow=&#8220;none&#8220; column_border_radius=&#8220;none&#8220; width=&#8220;1\/6&#8243; tablet_width_inherit=&#8220;default&#8220; tablet_text_alignment=&#8220;default&#8220; phone_text_alignment=&#8220;default&#8220; column_border_width=&#8220;none&#8220; column_border_style=&#8220;solid&#8220; bg_image_animation=&#8220;none&#8220;][nectar_flip_box image_url_1=&#8220;1137&#8243; text_color=&#8220;dark&#8220; icon_family=&#8220;steadysets&#8220; icon_color=&#8220;Accent-Color&#8220; image_url_2=&#8220;1144&#8243; text_color_2=&#8220;dark&#8220; h_text_align=&#8220;left&#8220; v_text_align=&#8220;top&#8220; flip_direction=&#8220;horizontal-to-left&#8220; icon_size=&#8220;40&#8243; min_height=&#8220;400&#8243; icon_steadysets=&#8220;steadysets-icon-reload&#8220;][\/nectar_flip_box][vc_column_text]\n<h2 style=\"text-align: center;\">1314<br \/>\nStapelpalette<\/h2>\n[\/vc_column_text][toggles style=&#8220;default&#8220;][toggle color=&#8220;Default&#8220; title=&#8220;Technische Daten&#8220;][vc_column_text]Aus profilierten Eckpfosten, breiten F\u00fc\u00dfen, mit Kran\u00f6sen und stapelbar.<\/p>\n<p>Kombinierbar mit den Stapelpaletten FE 1315 und Vollwandstapelpalette FE 1316.<\/p>\n<p>Tragf\u00e4higkeit: 2000 kg; Unterfahrh\u00f6he: 140 mm<br \/>\nStandardm\u00e4\u00dfig lackiert in RAL 8017<br \/>\nOptional verzinkt lieferbar.<\/p>\n[\/vc_column_text][\/toggle][toggle color=&#8220;Default&#8220; title=&#8220;Ma\u00dfe&#8220;][vc_column_text]\n<table width=\"172\">\n<tbody>\n<tr>\n<td width=\"43\">Typ<\/td>\n<td width=\"43\">L\u00e4nge<\/td>\n<td width=\"43\">Breite<\/td>\n<td width=\"43\">H\u00f6he<\/td>\n<\/tr>\n<tr>\n<td>1314.1<\/td>\n<td>1000<\/td>\n<td>800<\/td>\n<td>750<\/td>\n<\/tr>\n<tr>\n<td>1314.2<\/td>\n<td>1200<\/td>\n<td>800<\/td>\n<td>750<\/td>\n<\/tr>\n<tr>\n<td>1314.3<\/td>\n<td>1500<\/td>\n<td>800<\/td>\n<td>750<\/td>\n<\/tr>\n<tr>\n<td>1314.4<\/td>\n<td>1500<\/td>\n<td>1000<\/td>\n<td>750<\/td>\n<\/tr>\n<\/tbody>\n<\/table>\n<p>Lieferbar in allen Sonderma\u00dfen.<br \/>\nL\u00e4nge und Breite sind Au\u00dfenma\u00dfe.<\/p>\n[\/vc_column_text][\/toggle][\/toggles][divider line_type=&#8220;Full Width Line&#8220; line_thickness=&#8220;5&#8243; divider_color=&#8220;accent-color&#8220; custom_height=&#8220;7&#8243;][\/vc_column][vc_column column_padding=&#8220;no-extra-padding&#8220; column_padding_position=&#8220;all&#8220; background_color_opacity=&#8220;1&#8243; background_hover_color_opacity=&#8220;1&#8243; column_link_target=&#8220;_self&#8220; column_shadow=&#8220;none&#8220; column_border_radius=&#8220;none&#8220; width=&#8220;1\/6&#8243; tablet_width_inherit=&#8220;default&#8220; tablet_text_alignment=&#8220;default&#8220; phone_text_alignment=&#8220;default&#8220; column_border_width=&#8220;none&#8220; column_border_style=&#8220;solid&#8220; bg_image_animation=&#8220;none&#8220;][nectar_flip_box image_url_1=&#8220;1138&#8243; text_color=&#8220;dark&#8220; icon_family=&#8220;steadysets&#8220; icon_color=&#8220;Accent-Color&#8220; image_url_2=&#8220;1145&#8243; text_color_2=&#8220;dark&#8220; h_text_align=&#8220;left&#8220; v_text_align=&#8220;top&#8220; flip_direction=&#8220;horizontal-to-left&#8220; icon_size=&#8220;40&#8243; min_height=&#8220;400&#8243; icon_steadysets=&#8220;steadysets-icon-reload&#8220;][\/nectar_flip_box][vc_column_text]\n<h2 style=\"text-align: center;\">1315<br \/>\nGitterboxstapelpalette<\/h2>\n[\/vc_column_text][toggles style=&#8220;default&#8220;][toggle color=&#8220;Default&#8220; title=&#8220;Technische Daten&#8220;][vc_column_text]Aus profilierten Eckpfosten, breiten F\u00fc\u00dfen, mit Kran\u00f6sen und stapelbar,\u00a0 mit Seitenw\u00e4nden aus Drahtgitter (Maschenweite 50 x 50 x 5 mm) und 1,5 mm starkem Wellenblechboden.<\/p>\n<p>Kombinierbar mit den Stapelpaletten FE 1314 und Vollwandstapelpalette FE 1316.<\/p>\n<p>Tragf\u00e4higkeit: 1500 kg, Unterfahrh\u00f6he: 100 mm<br \/>\nStandardm\u00e4\u00dfig lackiert in RAL 8017.<br \/>\nOptional verzinkt lieferbar.<\/p>\n<p>Modelle 1315.5-8 eine L\u00e4ngsseite 1\/3 klappbar.[\/vc_column_text][\/toggle][toggle color=&#8220;Default&#8220; title=&#8220;Ma\u00dfe&#8220;][vc_column_text]\n<table width=\"179\">\n<tbody>\n<tr>\n<td width=\"53\">Typ<\/td>\n<td width=\"43\">L\u00e4nge<\/td>\n<td width=\"44\">Breite<\/td>\n<td width=\"39\">H\u00f6he<\/td>\n<\/tr>\n<tr>\n<td>1315.1<\/td>\n<td>1000<\/td>\n<td>800<\/td>\n<td>750<\/td>\n<\/tr>\n<tr>\n<td>1315.2<\/td>\n<td>1200<\/td>\n<td>800<\/td>\n<td>750<\/td>\n<\/tr>\n<tr>\n<td>1315.3<\/td>\n<td>1500<\/td>\n<td>800<\/td>\n<td>750<\/td>\n<\/tr>\n<tr>\n<td>1315.4<\/td>\n<td>1500<\/td>\n<td>1000<\/td>\n<td>750<\/td>\n<\/tr>\n<tr>\n<td colspan=\"4\">Eine L\u00e4ngsseite 1\/3 klappbar<\/td>\n<\/tr>\n<tr>\n<td>1315.5<\/td>\n<td>1000<\/td>\n<td>800<\/td>\n<td>750<\/td>\n<\/tr>\n<tr>\n<td>1315.6<\/td>\n<td>1200<\/td>\n<td>800<\/td>\n<td>750<\/td>\n<\/tr>\n<tr>\n<td>1315.7<\/td>\n<td>1500<\/td>\n<td>800<\/td>\n<td>750<\/td>\n<\/tr>\n<tr>\n<td>1315.8<\/td>\n<td>1500<\/td>\n<td>1000<\/td>\n<td>750<\/td>\n<\/tr>\n<\/tbody>\n<\/table>\n<p>Lieferbar in allen Sonderma\u00dfen.<br \/>\nL\u00e4nge und Breite sind Au\u00dfenma\u00dfe.<\/p>\n[\/vc_column_text][\/toggle][\/toggles][divider line_type=&#8220;Full Width Line&#8220; line_thickness=&#8220;5&#8243; divider_color=&#8220;accent-color&#8220; custom_height=&#8220;7&#8243;][\/vc_column][vc_column column_padding=&#8220;no-extra-padding&#8220; column_padding_position=&#8220;all&#8220; background_color_opacity=&#8220;1&#8243; background_hover_color_opacity=&#8220;1&#8243; column_link_target=&#8220;_self&#8220; column_shadow=&#8220;none&#8220; column_border_radius=&#8220;none&#8220; width=&#8220;1\/6&#8243; tablet_width_inherit=&#8220;default&#8220; tablet_text_alignment=&#8220;default&#8220; phone_text_alignment=&#8220;default&#8220; column_border_width=&#8220;none&#8220; column_border_style=&#8220;solid&#8220; bg_image_animation=&#8220;none&#8220;][nectar_flip_box image_url_1=&#8220;1139&#8243; text_color=&#8220;dark&#8220; icon_family=&#8220;steadysets&#8220; icon_color=&#8220;Accent-Color&#8220; image_url_2=&#8220;1146&#8243; text_color_2=&#8220;dark&#8220; h_text_align=&#8220;left&#8220; v_text_align=&#8220;top&#8220; flip_direction=&#8220;horizontal-to-left&#8220; icon_size=&#8220;40&#8243; min_height=&#8220;400&#8243; icon_steadysets=&#8220;steadysets-icon-reload&#8220;][\/nectar_flip_box][vc_column_text]\n<h2 style=\"text-align: center;\">1316<br \/>\nVollwandstapelpalette<\/h2>\n[\/vc_column_text][toggles style=&#8220;default&#8220;][toggle color=&#8220;Default&#8220; title=&#8220;Technische Daten&#8220;][vc_column_text]Aus profilierten Eckpfosten, mit 1,5 mm starkem Wellenblechboden und rippenverst\u00e4rkten Seitenw\u00e4nden, mit Kran\u00f6sen und stapelbar.<\/p>\n<p>Kombinierbar mit den Stapelpaletten FE 1314 und Gitterboxstapelpaletten FE 1315.<\/p>\n<p>Tragf\u00e4higkeit: 1500 kg, Unterfahrh\u00f6he: 100 mm<br \/>\nStandardm\u00e4\u00dfig lackiert in RAL 8017.<br \/>\nOptional verzinkt lieferbar.<\/p>\n<p>Modelle 1316.5-8 eine L\u00e4ngsseite 1\/3 klappbar.[\/vc_column_text][\/toggle][toggle color=&#8220;Default&#8220; title=&#8220;Ma\u00dfe&#8220;][vc_column_text]\n<table width=\"179\">\n<tbody>\n<tr>\n<td width=\"53\">Typ<\/td>\n<td width=\"43\">L\u00e4nge<\/td>\n<td width=\"44\">Breite<\/td>\n<td width=\"39\">H\u00f6he<\/td>\n<\/tr>\n<tr>\n<td>1316.1<\/td>\n<td>1000<\/td>\n<td>800<\/td>\n<td>750<\/td>\n<\/tr>\n<tr>\n<td>1316.2<\/td>\n<td>1200<\/td>\n<td>800<\/td>\n<td>750<\/td>\n<\/tr>\n<tr>\n<td>1316.3<\/td>\n<td>1500<\/td>\n<td>800<\/td>\n<td>750<\/td>\n<\/tr>\n<tr>\n<td>1316.4<\/td>\n<td>1500<\/td>\n<td>1000<\/td>\n<td>750<\/td>\n<\/tr>\n<tr>\n<td colspan=\"4\">Eine L\u00e4ngsseite 1\/3 klappbar<\/td>\n<\/tr>\n<tr>\n<td>1316.5<\/td>\n<td>1000<\/td>\n<td>800<\/td>\n<td>750<\/td>\n<\/tr>\n<tr>\n<td>1316.6<\/td>\n<td>1200<\/td>\n<td>800<\/td>\n<td>750<\/td>\n<\/tr>\n<tr>\n<td>1316.7<\/td>\n<td>1500<\/td>\n<td>800<\/td>\n<td>750<\/td>\n<\/tr>\n<tr>\n<td>1316.8<\/td>\n<td>1500<\/td>\n<td>1000<\/td>\n<td>750<\/td>\n<\/tr>\n<\/tbody>\n<\/table>\n<p>Lieferbar in allen Sonderma\u00dfen.<br \/>\nL\u00e4nge und Breite sind Au\u00dfenma\u00dfe.<\/p>\n[\/vc_column_text][\/toggle][\/toggles][divider line_type=&#8220;Full Width Line&#8220; line_thickness=&#8220;5&#8243; divider_color=&#8220;accent-color&#8220; custom_height=&#8220;7&#8243;][\/vc_column][\/vc_row]\n","protected":false},"excerpt":{"rendered":"<p>[vc_row type=&#8220;full_width_content&#8220; full_screen_row_position=&#8220;middle&#8220; scene_position=&#8220;center&#8220; text_color=&#8220;dark&#8220; text_align=&#8220;left&#8220; overlay_strength=&#8220;0.3&#8243; shape_divider_position=&#8220;bottom&#8220; bg_image_animation=&#8220;none&#8220;][vc_column column_padding=&#8220;no-extra-padding&#8220; column_padding_position=&#8220;left-right&#8220; background_color_opacity=&#8220;1&#8243; background_hover_color_opacity=&#8220;1&#8243; column_link_target=&#8220;_self&#8220; column_shadow=&#8220;none&#8220; column_border_radius=&#8220;none&#8220; width=&#8220;1\/6&#8243; tablet_width_inherit=&#8220;default&#8220; tablet_text_alignment=&#8220;default&#8220; phone_text_alignment=&#8220;default&#8220; column_border_width=&#8220;none&#8220; column_border_style=&#8220;solid&#8220; bg_image_animation=&#8220;none&#8220;][nectar_flip_box image_url_1=&#8220;1134&#8243; text_color=&#8220;dark&#8220; icon_family=&#8220;steadysets&#8220; icon_color=&#8220;Accent-Color&#8220; image_url_2=&#8220;1140&#8243; text_color_2=&#8220;dark&#8220; h_text_align=&#8220;left&#8220;&#8230;<\/p>\n","protected":false},"author":1,"featured_media":0,"parent":0,"menu_order":0,"comment_status":"closed","ping_status":"closed","template":"","meta":{"footnotes":""},"class_list":["post-404","page","type-page","status-publish"],"_links":{"self":[{"href":"https:\/\/eichinger.de\/de\/wp-json\/wp\/v2\/pages\/404","targetHints":{"allow":["GET"]}}],"collection":[{"href":"https:\/\/eichinger.de\/de\/wp-json\/wp\/v2\/pages"}],"about":[{"href":"https:\/\/eichinger.de\/de\/wp-json\/wp\/v2\/types\/page"}],"author":[{"embeddable":true,"href":"https:\/\/eichinger.de\/de\/wp-json\/wp\/v2\/users\/1"}],"replies":[{"embeddable":true,"href":"https:\/\/eichinger.de\/de\/wp-json\/wp\/v2\/comments?post=404"}],"version-history":[{"count":12,"href":"https:\/\/eichinger.de\/de\/wp-json\/wp\/v2\/pages\/404\/revisions"}],"predecessor-version":[{"id":6738,"href":"https:\/\/eichinger.de\/de\/wp-json\/wp\/v2\/pages\/404\/revisions\/6738"}],"wp:attachment":[{"href":"https:\/\/eichinger.de\/de\/wp-json\/wp\/v2\/media?parent=404"}],"curies":[{"name":"wp","href":"https:\/\/api.w.org\/{rel}","templated":true}]}}