{"id":408,"date":"2017-01-29T07:23:08","date_gmt":"2017-01-29T06:23:08","guid":{"rendered":"http:\/\/eichinger.de.w0094cee.kasserver.com\/?page_id=408\/"},"modified":"2021-11-26T13:44:08","modified_gmt":"2021-11-26T12:44:08","slug":"zwingen-betonschalungszubehoer","status":"publish","type":"page","link":"https:\/\/eichinger.de\/de\/zwingen-betonschalungszubehoer\/","title":{"rendered":"Zwingen &#038; Betonschalungszubeh\u00f6r"},"content":{"rendered":"[vc_row type=&#8220;full_width_content&#8220; full_screen_row_position=&#8220;middle&#8220; column_margin=&#8220;default&#8220; column_direction=&#8220;default&#8220; column_direction_tablet=&#8220;default&#8220; column_direction_phone=&#8220;default&#8220; scene_position=&#8220;center&#8220; text_color=&#8220;dark&#8220; text_align=&#8220;left&#8220; row_border_radius=&#8220;none&#8220; row_border_radius_applies=&#8220;bg&#8220; overlay_strength=&#8220;0.3&#8243; gradient_direction=&#8220;left_to_right&#8220; shape_divider_position=&#8220;bottom&#8220; bg_image_animation=&#8220;none&#8220;][vc_column column_padding=&#8220;no-extra-padding&#8220; column_padding_tablet=&#8220;inherit&#8220; column_padding_phone=&#8220;inherit&#8220; column_padding_position=&#8220;left-right&#8220; column_element_spacing=&#8220;default&#8220; background_color_opacity=&#8220;1&#8243; background_hover_color_opacity=&#8220;1&#8243; column_shadow=&#8220;none&#8220; column_border_radius=&#8220;none&#8220; column_link_target=&#8220;_self&#8220; gradient_direction=&#8220;left_to_right&#8220; overlay_strength=&#8220;0.3&#8243; width=&#8220;1\/6&#8243; tablet_width_inherit=&#8220;default&#8220; tablet_text_alignment=&#8220;default&#8220; phone_text_alignment=&#8220;default&#8220; bg_image_animation=&#8220;none&#8220; border_type=&#8220;simple&#8220; column_border_width=&#8220;none&#8220; column_border_style=&#8220;solid&#8220;][nectar_flip_box image_url_1=&#8220;885&#8243; text_color=&#8220;dark&#8220; icon_family=&#8220;steadysets&#8220; icon_color=&#8220;Accent-Color&#8220; image_url_2=&#8220;865&#8243; text_color_2=&#8220;dark&#8220; h_text_align=&#8220;left&#8220; v_text_align=&#8220;top&#8220; image_loading=&#8220;default&#8220; flip_direction=&#8220;horizontal-to-left&#8220; icon_size=&#8220;40&#8243; min_height=&#8220;400&#8243; icon_steadysets=&#8220;steadysets-icon-reload&#8220;][\/nectar_flip_box][vc_column_text]\n<h2 style=\"text-align: center;\">1401 Betonzwinge<\/h2>\n[\/vc_column_text][toggles style=&#8220;default&#8220;][toggle color=&#8220;Default&#8220; title=&#8220;Technische Daten&#8220;][vc_column_text]Aus Flachstahl 40\/8, Schieber aus gelochtem Vierkantstahl 24 mm.<\/p>\n<p>Standardausf\u00fchrung: roh<\/p>\n<p>Einschieblinge auch einzeln lieferbar.[\/vc_column_text][\/toggle][toggle color=&#8220;Default&#8220; title=&#8220;Ma\u00dfe&#8220;][vc_column_text]\n<table width=\"139\">\n<tbody>\n<tr>\n<td width=\"56\">Typ<\/td>\n<td width=\"83\">Spannweite<\/td>\n<\/tr>\n<tr>\n<td>1401.1<\/td>\n<td>600<\/td>\n<\/tr>\n<tr>\n<td>1401.2<\/td>\n<td>700<\/td>\n<\/tr>\n<tr>\n<td>1401.3<\/td>\n<td>800<\/td>\n<\/tr>\n<tr>\n<td>1401.4<\/td>\n<td>1000<\/td>\n<\/tr>\n<tr>\n<td>1401.5<\/td>\n<td>1200<\/td>\n<\/tr>\n<tr>\n<td>1401.6<\/td>\n<td>1300<\/td>\n<\/tr>\n<tr>\n<td>1401.7<\/td>\n<td>1500<\/td>\n<\/tr>\n<tr>\n<td>1401.8<\/td>\n<td>1600<\/td>\n<\/tr>\n<tr>\n<td>1401.10<\/td>\n<td>Einschiebling<\/td>\n<\/tr>\n<\/tbody>\n<\/table>\n[\/vc_column_text][\/toggle][\/toggles][divider line_type=&#8220;Full Width Line&#8220; line_thickness=&#8220;5&#8243; divider_color=&#8220;accent-color&#8220; custom_height=&#8220;7&#8243;][\/vc_column][vc_column column_padding=&#8220;no-extra-padding&#8220; column_padding_tablet=&#8220;inherit&#8220; column_padding_phone=&#8220;inherit&#8220; column_padding_position=&#8220;all&#8220; column_element_spacing=&#8220;default&#8220; background_color_opacity=&#8220;1&#8243; background_hover_color_opacity=&#8220;1&#8243; column_shadow=&#8220;none&#8220; column_border_radius=&#8220;none&#8220; column_link_target=&#8220;_self&#8220; gradient_direction=&#8220;left_to_right&#8220; overlay_strength=&#8220;0.3&#8243; width=&#8220;1\/6&#8243; tablet_width_inherit=&#8220;default&#8220; tablet_text_alignment=&#8220;default&#8220; phone_text_alignment=&#8220;default&#8220; bg_image_animation=&#8220;none&#8220; border_type=&#8220;simple&#8220; column_border_width=&#8220;none&#8220; column_border_style=&#8220;solid&#8220;][nectar_flip_box image_url_1=&#8220;887&#8243; text_color=&#8220;dark&#8220; icon_family=&#8220;steadysets&#8220; icon_color=&#8220;Accent-Color&#8220; image_url_2=&#8220;866&#8243; text_color_2=&#8220;dark&#8220; h_text_align=&#8220;left&#8220; v_text_align=&#8220;top&#8220; image_loading=&#8220;default&#8220; flip_direction=&#8220;horizontal-to-left&#8220; icon_size=&#8220;40&#8243; min_height=&#8220;400&#8243; icon_steadysets=&#8220;steadysets-icon-reload&#8220;][\/nectar_flip_box][vc_column_text]\n<h2 style=\"text-align: center;\">1402 Schalungszwinge<\/h2>\n[\/vc_column_text][toggles style=&#8220;default&#8220;][toggle color=&#8220;Default&#8220; title=&#8220;Technische Daten&#8220;][vc_column_text]Sehr robuste Profistahlkonstruktion, stufenlose Verstellung durch Stahlkeil; auch Sondergr\u00f6\u00dfen lieferbar.<\/p>\n<p>Jede Gr\u00f6\u00dfe lieferbar.[\/vc_column_text][\/toggle][toggle color=&#8220;Default&#8220; title=&#8220;Ma\u00dfe&#8220;][vc_column_text]\n<table width=\"217\">\n<tbody>\n<tr>\n<td width=\"51\">Typ<\/td>\n<td width=\"83\">Auslage<\/td>\n<td width=\"83\">\u00d6ffnungsweite<\/td>\n<\/tr>\n<tr>\n<td>1402.1<\/td>\n<td>400<\/td>\n<td>130 &#8211; 700<\/td>\n<\/tr>\n<tr>\n<td>1402.2<\/td>\n<td>500<\/td>\n<td>130 &#8211; 900<\/td>\n<\/tr>\n<tr>\n<td>1402.3<\/td>\n<td>500<\/td>\n<td>200 &#8211; 1000<\/td>\n<\/tr>\n<tr>\n<td>1402.4<\/td>\n<td>500<\/td>\n<td>200 &#8211; 1200<\/td>\n<\/tr>\n<\/tbody>\n<\/table>\n[\/vc_column_text][\/toggle][\/toggles][divider line_type=&#8220;Full Width Line&#8220; line_thickness=&#8220;5&#8243; divider_color=&#8220;accent-color&#8220; custom_height=&#8220;7&#8243;][\/vc_column][vc_column column_padding=&#8220;no-extra-padding&#8220; column_padding_tablet=&#8220;inherit&#8220; column_padding_phone=&#8220;inherit&#8220; column_padding_position=&#8220;all&#8220; column_element_spacing=&#8220;default&#8220; background_color_opacity=&#8220;1&#8243; background_hover_color_opacity=&#8220;1&#8243; column_shadow=&#8220;none&#8220; column_border_radius=&#8220;none&#8220; column_link_target=&#8220;_self&#8220; gradient_direction=&#8220;left_to_right&#8220; overlay_strength=&#8220;0.3&#8243; width=&#8220;1\/6&#8243; tablet_width_inherit=&#8220;default&#8220; tablet_text_alignment=&#8220;default&#8220; phone_text_alignment=&#8220;default&#8220; bg_image_animation=&#8220;none&#8220; border_type=&#8220;simple&#8220; column_border_width=&#8220;none&#8220; column_border_style=&#8220;solid&#8220;][nectar_flip_box image_url_1=&#8220;888&#8243; text_color=&#8220;dark&#8220; icon_family=&#8220;steadysets&#8220; icon_color=&#8220;Accent-Color&#8220; image_url_2=&#8220;867&#8243; text_color_2=&#8220;dark&#8220; h_text_align=&#8220;left&#8220; v_text_align=&#8220;top&#8220; image_loading=&#8220;default&#8220; flip_direction=&#8220;horizontal-to-left&#8220; icon_size=&#8220;40&#8243; min_height=&#8220;400&#8243; icon_steadysets=&#8220;steadysets-icon-reload&#8220;][\/nectar_flip_box][vc_column_text]\n<h2 style=\"text-align: center;\">1403 S\u00e4ulenzwinge<\/h2>\n[\/vc_column_text][toggles style=&#8220;default&#8220;][toggle color=&#8220;Default&#8220; title=&#8220;Technische Daten&#8220;][vc_column_text]Eine Garnitur bestehend aus vier S\u00e4ulenschaleisen und vier Keilen, stufenlose Verstellung durch vier Stahlkeile. Auch Sondergr\u00f6\u00dfen lieferbar.[\/vc_column_text][\/toggle][toggle color=&#8220;Default&#8220; title=&#8220;Ma\u00dfe&#8220;][vc_column_text]\n<table width=\"216\">\n<tbody>\n<tr>\n<td width=\"50\">Typ<\/td>\n<td width=\"83\">Flachstahl<\/td>\n<td width=\"83\">Schalma\u00dfe von &#8211; bis<\/td>\n<\/tr>\n<tr>\n<td>1403.1<\/td>\n<td>60 \/ 6<\/td>\n<td>250 &#8211; 600<\/td>\n<\/tr>\n<tr>\n<td>1403.2<\/td>\n<td>60 \/ 8<\/td>\n<td>300 &#8211; 900<\/td>\n<\/tr>\n<tr>\n<td>1403.3<\/td>\n<td>60 \/ 8<\/td>\n<td>400 &#8211; 1200<\/td>\n<\/tr>\n<\/tbody>\n<\/table>\n[\/vc_column_text][\/toggle][\/toggles][divider line_type=&#8220;Full Width Line&#8220; line_thickness=&#8220;5&#8243; divider_color=&#8220;accent-color&#8220; custom_height=&#8220;7&#8243;][\/vc_column][vc_column column_padding=&#8220;no-extra-padding&#8220; column_padding_tablet=&#8220;inherit&#8220; column_padding_phone=&#8220;inherit&#8220; column_padding_position=&#8220;all&#8220; column_element_spacing=&#8220;default&#8220; background_color_opacity=&#8220;1&#8243; background_hover_color_opacity=&#8220;1&#8243; column_shadow=&#8220;none&#8220; column_border_radius=&#8220;none&#8220; column_link_target=&#8220;_self&#8220; gradient_direction=&#8220;left_to_right&#8220; overlay_strength=&#8220;0.3&#8243; width=&#8220;1\/6&#8243; tablet_width_inherit=&#8220;default&#8220; tablet_text_alignment=&#8220;default&#8220; phone_text_alignment=&#8220;default&#8220; bg_image_animation=&#8220;none&#8220; border_type=&#8220;simple&#8220; column_border_width=&#8220;none&#8220; column_border_style=&#8220;solid&#8220;][nectar_flip_box image_url_1=&#8220;889&#8243; text_color=&#8220;dark&#8220; icon_family=&#8220;steadysets&#8220; icon_color=&#8220;Accent-Color&#8220; image_url_2=&#8220;868&#8243; text_color_2=&#8220;dark&#8220; h_text_align=&#8220;left&#8220; v_text_align=&#8220;top&#8220; image_loading=&#8220;default&#8220; flip_direction=&#8220;horizontal-to-left&#8220; icon_size=&#8220;40&#8243; min_height=&#8220;400&#8243; icon_steadysets=&#8220;steadysets-icon-reload&#8220;][\/nectar_flip_box][vc_column_text]\n<h2 style=\"text-align: center;\">1404 Keilzwinge<\/h2>\n[\/vc_column_text][toggles style=&#8220;default&#8220;][toggle color=&#8220;Default&#8220; title=&#8220;Technische Daten&#8220;][vc_column_text]Sehr robuste Profilstahlkonstruktion, stufenlose Verstellung durch Klemmkeil, auch Sondergr\u00f6\u00dfen lieferbar.<\/p>\n<p>Jede Gr\u00f6\u00dfe lieferbar.<\/p>\n<p>Standardm\u00e4\u00dfig lackiert (RAL 8017). Optional verzinkt.[\/vc_column_text][\/toggle][toggle color=&#8220;Default&#8220; title=&#8220;Ma\u00dfe&#8220;][vc_column_text]\n<table width=\"221\">\n<tbody>\n<tr>\n<td width=\"55\">Typ<\/td>\n<td width=\"83\">Auslage<\/td>\n<td width=\"83\">\u00d6ffnungsweite<\/td>\n<\/tr>\n<tr>\n<td>1404.1<\/td>\n<td>400<\/td>\n<td>700<\/td>\n<\/tr>\n<tr>\n<td>1404.2<\/td>\n<td>500<\/td>\n<td>900<\/td>\n<\/tr>\n<tr>\n<td>1404.3<\/td>\n<td>500<\/td>\n<td>1000<\/td>\n<\/tr>\n<\/tbody>\n<\/table>\n[\/vc_column_text][\/toggle][\/toggles][divider line_type=&#8220;Full Width Line&#8220; line_thickness=&#8220;5&#8243; divider_color=&#8220;accent-color&#8220; custom_height=&#8220;7&#8243;][\/vc_column][vc_column column_padding=&#8220;no-extra-padding&#8220; column_padding_tablet=&#8220;inherit&#8220; column_padding_phone=&#8220;inherit&#8220; column_padding_position=&#8220;all&#8220; column_element_spacing=&#8220;default&#8220; background_color_opacity=&#8220;1&#8243; background_hover_color_opacity=&#8220;1&#8243; column_shadow=&#8220;none&#8220; column_border_radius=&#8220;none&#8220; column_link_target=&#8220;_self&#8220; gradient_direction=&#8220;left_to_right&#8220; overlay_strength=&#8220;0.3&#8243; width=&#8220;1\/6&#8243; tablet_width_inherit=&#8220;default&#8220; tablet_text_alignment=&#8220;default&#8220; phone_text_alignment=&#8220;default&#8220; bg_image_animation=&#8220;none&#8220; border_type=&#8220;simple&#8220; column_border_width=&#8220;none&#8220; column_border_style=&#8220;solid&#8220;][nectar_flip_box image_url_1=&#8220;890&#8243; text_color=&#8220;dark&#8220; icon_family=&#8220;steadysets&#8220; icon_color=&#8220;Accent-Color&#8220; image_url_2=&#8220;869&#8243; text_color_2=&#8220;dark&#8220; h_text_align=&#8220;left&#8220; v_text_align=&#8220;top&#8220; image_loading=&#8220;default&#8220; flip_direction=&#8220;horizontal-to-left&#8220; icon_size=&#8220;40&#8243; min_height=&#8220;400&#8243; icon_steadysets=&#8220;steadysets-icon-reload&#8220;][\/nectar_flip_box][vc_column_text]\n<h2 style=\"text-align: center;\">1409 Umsteckbolzen<\/h2>\n[\/vc_column_text][toggles style=&#8220;default&#8220;][toggle color=&#8220;Default&#8220; title=&#8220;Technische Daten&#8220;][vc_column_text]Aus Rundstahl \u00d8 10, \u00d8 12 oder \u00d8 14 mm, passend f\u00fcr alle Stahlrohrst\u00fctzen.[\/vc_column_text][\/toggle][toggle color=&#8220;Default&#8220; title=&#8220;Ma\u00dfe&#8220;][vc_column_text]\n<table width=\"138\">\n<tbody>\n<tr>\n<td width=\"55\">Typ<\/td>\n<td width=\"83\">Rundstahl<\/td>\n<\/tr>\n<tr>\n<td>1409.1<\/td>\n<td>\u00d8 10 mm<\/td>\n<\/tr>\n<tr>\n<td>1409.2<\/td>\n<td>\u00d8 12 mm<\/td>\n<\/tr>\n<tr>\n<td>1409.3<\/td>\n<td>\u00d8 14 mm<\/td>\n<\/tr>\n<\/tbody>\n<\/table>\n[\/vc_column_text][\/toggle][\/toggles][divider line_type=&#8220;Full Width Line&#8220; line_thickness=&#8220;5&#8243; divider_color=&#8220;accent-color&#8220; custom_height=&#8220;7&#8243;][\/vc_column][vc_column column_padding=&#8220;padding-1-percent&#8220; column_padding_tablet=&#8220;inherit&#8220; column_padding_phone=&#8220;inherit&#8220; column_padding_position=&#8220;all&#8220; column_element_spacing=&#8220;default&#8220; background_color=&#8220;#646c84&#8243; background_color_opacity=&#8220;0.2&#8243; background_hover_color_opacity=&#8220;1&#8243; column_shadow=&#8220;none&#8220; column_border_radius=&#8220;none&#8220; column_link_target=&#8220;_self&#8220; gradient_direction=&#8220;left_to_right&#8220; overlay_strength=&#8220;0.3&#8243; width=&#8220;1\/6&#8243; tablet_width_inherit=&#8220;default&#8220; tablet_text_alignment=&#8220;default&#8220; phone_text_alignment=&#8220;default&#8220; bg_image_animation=&#8220;none&#8220; border_type=&#8220;simple&#8220; column_border_width=&#8220;none&#8220; column_border_style=&#8220;solid&#8220;][nectar_animated_title heading_tag=&#8220;h2&#8243; style=&#8220;color-strip-reveal&#8220; color=&#8220;Accent-Color&#8220; text=&#8220;Betonschalungen in h\u00f6chster Qualit\u00e4t&#8220;][vc_column_text]Betonschalungen und Zubeh\u00f6r in hochwertiger Stahl oder Aluminium-Ausf\u00fchrung k\u00f6nnen Sie direkt aus einer Hand beziehen \u00fcber unser <a href=\"http:\/\/febe.eu\" target=\"_blank\" rel=\"noopener\">Tochterunternehmen FEBE GmbH <\/a>in Berching.[\/vc_column_text][divider line_type=&#8220;No Line&#8220; custom_height=&#8220;10&#8243;][image_with_animation image_url=&#8220;1476&#8243; animation=&#8220;None&#8220; hover_animation=&#8220;none&#8220; alignment=&#8220;&#8220; img_link_target=&#8220;_blank&#8220; border_radius=&#8220;none&#8220; box_shadow=&#8220;none&#8220; image_loading=&#8220;default&#8220; max_width=&#8220;100%&#8220; max_width_mobile=&#8220;default&#8220; img_link=&#8220;http:\/\/febe.eu&#8220;][\/vc_column][\/vc_row]\n","protected":false},"excerpt":{"rendered":"<p>[vc_row type=&#8220;full_width_content&#8220; full_screen_row_position=&#8220;middle&#8220; column_margin=&#8220;default&#8220; column_direction=&#8220;default&#8220; column_direction_tablet=&#8220;default&#8220; column_direction_phone=&#8220;default&#8220; scene_position=&#8220;center&#8220; text_color=&#8220;dark&#8220; text_align=&#8220;left&#8220; row_border_radius=&#8220;none&#8220; row_border_radius_applies=&#8220;bg&#8220; overlay_strength=&#8220;0.3&#8243; gradient_direction=&#8220;left_to_right&#8220; shape_divider_position=&#8220;bottom&#8220; bg_image_animation=&#8220;none&#8220;][vc_column column_padding=&#8220;no-extra-padding&#8220; column_padding_tablet=&#8220;inherit&#8220; column_padding_phone=&#8220;inherit&#8220; column_padding_position=&#8220;left-right&#8220; column_element_spacing=&#8220;default&#8220; background_color_opacity=&#8220;1&#8243; background_hover_color_opacity=&#8220;1&#8243; column_shadow=&#8220;none&#8220; column_border_radius=&#8220;none&#8220; column_link_target=&#8220;_self&#8220; gradient_direction=&#8220;left_to_right&#8220; overlay_strength=&#8220;0.3&#8243; width=&#8220;1\/6&#8243; tablet_width_inherit=&#8220;default&#8220;&#8230;<\/p>\n","protected":false},"author":1,"featured_media":0,"parent":0,"menu_order":0,"comment_status":"closed","ping_status":"closed","template":"","meta":{"footnotes":""},"class_list":["post-408","page","type-page","status-publish"],"_links":{"self":[{"href":"https:\/\/eichinger.de\/de\/wp-json\/wp\/v2\/pages\/408","targetHints":{"allow":["GET"]}}],"collection":[{"href":"https:\/\/eichinger.de\/de\/wp-json\/wp\/v2\/pages"}],"about":[{"href":"https:\/\/eichinger.de\/de\/wp-json\/wp\/v2\/types\/page"}],"author":[{"embeddable":true,"href":"https:\/\/eichinger.de\/de\/wp-json\/wp\/v2\/users\/1"}],"replies":[{"embeddable":true,"href":"https:\/\/eichinger.de\/de\/wp-json\/wp\/v2\/comments?post=408"}],"version-history":[{"count":11,"href":"https:\/\/eichinger.de\/de\/wp-json\/wp\/v2\/pages\/408\/revisions"}],"predecessor-version":[{"id":6766,"href":"https:\/\/eichinger.de\/de\/wp-json\/wp\/v2\/pages\/408\/revisions\/6766"}],"wp:attachment":[{"href":"https:\/\/eichinger.de\/de\/wp-json\/wp\/v2\/media?parent=408"}],"curies":[{"name":"wp","href":"https:\/\/api.w.org\/{rel}","templated":true}]}}