{"id":422,"date":"2017-01-29T07:37:30","date_gmt":"2017-01-29T06:37:30","guid":{"rendered":"http:\/\/eichinger.de.w0094cee.kasserver.com\/?page_id=422\/"},"modified":"2024-10-24T16:09:20","modified_gmt":"2024-10-24T14:09:20","slug":"baustellen-umweltschutz","status":"publish","type":"page","link":"https:\/\/eichinger.de\/de\/baustellen-umweltschutz\/","title":{"rendered":"Baustellen-Umweltschutz"},"content":{"rendered":"[vc_row type=&#8220;full_width_content&#8220; full_screen_row_position=&#8220;middle&#8220; column_margin=&#8220;default&#8220; column_direction=&#8220;default&#8220; column_direction_tablet=&#8220;default&#8220; column_direction_phone=&#8220;default&#8220; scene_position=&#8220;center&#8220; text_color=&#8220;dark&#8220; text_align=&#8220;left&#8220; row_border_radius=&#8220;none&#8220; row_border_radius_applies=&#8220;bg&#8220; overflow=&#8220;visible&#8220; overlay_strength=&#8220;0.3&#8243; gradient_direction=&#8220;left_to_right&#8220; shape_divider_position=&#8220;bottom&#8220; bg_image_animation=&#8220;none&#8220;][vc_column column_padding=&#8220;no-extra-padding&#8220; column_padding_tablet=&#8220;inherit&#8220; column_padding_phone=&#8220;inherit&#8220; column_padding_position=&#8220;left-right&#8220; column_element_direction_desktop=&#8220;default&#8220; column_element_spacing=&#8220;default&#8220; desktop_text_alignment=&#8220;default&#8220; tablet_text_alignment=&#8220;default&#8220; phone_text_alignment=&#8220;default&#8220; background_color_opacity=&#8220;1&#8243; background_hover_color_opacity=&#8220;1&#8243; column_backdrop_filter=&#8220;none&#8220; column_shadow=&#8220;none&#8220; column_border_radius=&#8220;none&#8220; column_link_target=&#8220;_self&#8220; column_position=&#8220;default&#8220; gradient_direction=&#8220;left_to_right&#8220; overlay_strength=&#8220;0.3&#8243; width=&#8220;1\/6&#8243; tablet_width_inherit=&#8220;default&#8220; animation_type=&#8220;default&#8220; bg_image_animation=&#8220;none&#8220; border_type=&#8220;simple&#8220; column_border_width=&#8220;none&#8220; column_border_style=&#8220;solid&#8220;][nectar_flip_box image_url_1=&#8220;1244&#8243; text_color=&#8220;dark&#8220; icon_family=&#8220;steadysets&#8220; icon_color=&#8220;accent-color&#8220; image_url_2=&#8220;6926&#8243; text_color_2=&#8220;dark&#8220; h_text_align=&#8220;left&#8220; v_text_align=&#8220;top&#8220; image_loading=&#8220;default&#8220; flip_direction=&#8220;horizontal-to-left&#8220; icon_size=&#8220;40&#8243; min_height=&#8220;400&#8243; icon_steadysets=&#8220;steadysets-icon-reload&#8220;][\/nectar_flip_box][vc_column_text]\n<h2 style=\"text-align: center;\">2275<br \/>\nFassregal<\/h2>\n[\/vc_column_text][toggles style=&#8220;default&#8220; border_radius=&#8220;none&#8220;][toggle color=&#8220;Default&#8220; heading_tag=&#8220;default&#8220; heading_tag_functionality=&#8220;default&#8220; title=&#8220;Technische Daten&#8220;][vc_column_text]Stabiles Regal aus hochwertigen Stahlprofilen mit Rollenauflagen zum Positionieren der F\u00e4sser. Eine separate Auffangwanne sch\u00fctzt den Untergrund vor unkontrolliert auslaufenden Fl\u00fcssigkeiten.<\/p>\n<p>Optional lieferbar:<\/p>\n<ul>\n<li>2 Lenk- und 2 Bockrollen<\/li>\n<li>komplett feuerverzinkt<\/li>\n<li>in RAL-Sonderfarbe pulverbeschichtet<\/li>\n<li>in RAL-Sonderfarbe lackiert<\/li>\n<li>verzinkte Gitterroste<\/li>\n<li>Transportsicherung<\/li>\n<\/ul>\n[\/vc_column_text][\/toggle][toggle color=&#8220;Default&#8220; heading_tag=&#8220;default&#8220; heading_tag_functionality=&#8220;default&#8220; title=&#8220;Ma\u00dfe&#8220;][vc_column_text]\n<table width=\"337\">\n<tbody>\n<tr>\n<td width=\"55\">Typ<\/td>\n<td width=\"83\"><\/td>\n<td width=\"61\">NO<\/td>\n<td width=\"46\">L<\/td>\n<td width=\"46\">B<\/td>\n<td width=\"46\">H<\/td>\n<\/tr>\n<tr>\n<td>2275.1<\/td>\n<td>Fassregal<\/td>\n<td>1x 200l<\/td>\n<td>1120<\/td>\n<td>540<\/td>\n<td>880<\/td>\n<\/tr>\n<tr>\n<td>2275.2<\/td>\n<td colspan=\"2\">Auffangwanne<\/td>\n<td>1220<\/td>\n<td>825<\/td>\n<td>340<\/td>\n<\/tr>\n<tr>\n<td>2275.3<\/td>\n<td>Fassregal<\/td>\n<td>2x 200l<\/td>\n<td>1420<\/td>\n<td>540<\/td>\n<td>880<\/td>\n<\/tr>\n<tr>\n<td>2275.4<\/td>\n<td colspan=\"2\">Auffangwanne<\/td>\n<td>1220<\/td>\n<td>1220<\/td>\n<td>340<\/td>\n<\/tr>\n<tr>\n<td>2275.5<\/td>\n<td colspan=\"2\">Gebindest\u00e4nder<\/td>\n<td><\/td>\n<td><\/td>\n<td><\/td>\n<\/tr>\n<tr>\n<td>2275.6<\/td>\n<td>Rollenauflage<\/td>\n<td><\/td>\n<td>530<\/td>\n<td>360<\/td>\n<td>110<\/td>\n<\/tr>\n<\/tbody>\n<\/table>\n[\/vc_column_text][\/toggle][toggle color=&#8220;Default&#8220; heading_tag=&#8220;default&#8220; heading_tag_functionality=&#8220;default&#8220; title=&#8220;Weitere Bilder&#8220;][vc_gallery type=&#8220;flexslider_style&#8220; images=&#8220;1243,1242,1291,1292&#8243; onclick=&#8220;link_no&#8220;][\/toggle][\/toggles][divider line_type=&#8220;Full Width Line&#8220; line_thickness=&#8220;5&#8243; divider_color=&#8220;accent-color&#8220; custom_height=&#8220;7&#8243;][\/vc_column][vc_column column_padding=&#8220;no-extra-padding&#8220; column_padding_tablet=&#8220;inherit&#8220; column_padding_phone=&#8220;inherit&#8220; column_padding_position=&#8220;all&#8220; column_element_direction_desktop=&#8220;default&#8220; column_element_spacing=&#8220;default&#8220; desktop_text_alignment=&#8220;default&#8220; tablet_text_alignment=&#8220;default&#8220; phone_text_alignment=&#8220;default&#8220; background_color_opacity=&#8220;1&#8243; background_hover_color_opacity=&#8220;1&#8243; column_backdrop_filter=&#8220;none&#8220; column_shadow=&#8220;none&#8220; column_border_radius=&#8220;none&#8220; column_link_target=&#8220;_self&#8220; column_position=&#8220;default&#8220; gradient_direction=&#8220;left_to_right&#8220; overlay_strength=&#8220;0.3&#8243; width=&#8220;1\/6&#8243; tablet_width_inherit=&#8220;default&#8220; animation_type=&#8220;default&#8220; bg_image_animation=&#8220;none&#8220; border_type=&#8220;simple&#8220; column_border_width=&#8220;none&#8220; column_border_style=&#8220;solid&#8220;][nectar_flip_box image_url_1=&#8220;1252&#8243; text_color=&#8220;dark&#8220; icon_family=&#8220;steadysets&#8220; icon_color=&#8220;accent-color&#8220; image_url_2=&#8220;6921&#8243; text_color_2=&#8220;dark&#8220; h_text_align=&#8220;left&#8220; v_text_align=&#8220;top&#8220; image_loading=&#8220;default&#8220; flip_direction=&#8220;horizontal-to-left&#8220; icon_size=&#8220;40&#8243; min_height=&#8220;400&#8243; icon_steadysets=&#8220;steadysets-icon-reload&#8220;][\/nectar_flip_box][vc_column_text]\n<h2 style=\"text-align: center;\">3010<br \/>\nAuffangwanne<\/h2>\n[\/vc_column_text][toggles style=&#8220;default&#8220; border_radius=&#8220;none&#8220;][toggle color=&#8220;Default&#8220; heading_tag=&#8220;default&#8220; heading_tag_functionality=&#8220;default&#8220; title=&#8220;Technische Daten&#8220;][vc_column_text]Extra tiefe, \u00f6l- und wasserdichte Auffangwanne mit konischen Seitenw\u00e4nden und stabilen, verzinkten Gitterrosten, die der Industrienorm entsprechen. Die Standf\u00fc\u00dfe der robusten Paletten sind als Einfahrtaschen f\u00fcr den Staplertransport vorgesehen. In verschiedenen Gr\u00f6\u00dfen und Auffangtiefen erh\u00e4ltlich.[\/vc_column_text][\/toggle][toggle color=&#8220;Default&#8220; heading_tag=&#8220;default&#8220; heading_tag_functionality=&#8220;default&#8220; title=&#8220;Ma\u00dfe&#8220;][vc_column_text]\n<table width=\"237\">\n<tbody>\n<tr>\n<td width=\"51\">Typ<\/td>\n<td width=\"51\">Inhalt<\/td>\n<td width=\"45\">L\u00e4nge<\/td>\n<td width=\"45\">Breite<\/td>\n<td width=\"45\">H\u00f6he<\/td>\n<\/tr>\n<tr>\n<td colspan=\"3\">mit Gitterroste<\/td>\n<td><\/td>\n<td><\/td>\n<\/tr>\n<tr>\n<td>3010.1<\/td>\n<td>210<\/td>\n<td>820<\/td>\n<td>820<\/td>\n<td>535<\/td>\n<\/tr>\n<tr>\n<td>3010.2<\/td>\n<td>220<\/td>\n<td>1220<\/td>\n<td>820<\/td>\n<td>400<\/td>\n<\/tr>\n<tr>\n<td>3010.3<\/td>\n<td>240<\/td>\n<td>1230<\/td>\n<td>1230<\/td>\n<td>320<\/td>\n<\/tr>\n<tr>\n<td>3010.4<\/td>\n<td>240<\/td>\n<td>2430<\/td>\n<td>820<\/td>\n<td>275<\/td>\n<\/tr>\n<tr>\n<td colspan=\"3\">ohne Gitterroste<\/td>\n<td><\/td>\n<td><\/td>\n<\/tr>\n<tr>\n<td>3010.5<\/td>\n<td>210<\/td>\n<td>820<\/td>\n<td>820<\/td>\n<td>535<\/td>\n<\/tr>\n<tr>\n<td>3010.6<\/td>\n<td>220<\/td>\n<td>1220<\/td>\n<td>820<\/td>\n<td>400<\/td>\n<\/tr>\n<tr>\n<td>3010.7<\/td>\n<td>240<\/td>\n<td>1230<\/td>\n<td>1230<\/td>\n<td>320<\/td>\n<\/tr>\n<tr>\n<td>3010.8<\/td>\n<td>240<\/td>\n<td>2430<\/td>\n<td>820<\/td>\n<td>275<\/td>\n<\/tr>\n<\/tbody>\n<\/table>\n[\/vc_column_text][\/toggle][toggle color=&#8220;Default&#8220; heading_tag=&#8220;default&#8220; heading_tag_functionality=&#8220;default&#8220; title=&#8220;Weitere Bilder&#8220;][vc_gallery type=&#8220;flexslider_style&#8220; images=&#8220;1254,1253,1251,1248,1250,1289,1290&#8243; onclick=&#8220;link_no&#8220;][\/toggle][\/toggles][divider line_type=&#8220;Full Width Line&#8220; line_thickness=&#8220;5&#8243; divider_color=&#8220;accent-color&#8220; custom_height=&#8220;7&#8243;][\/vc_column][vc_column column_padding=&#8220;no-extra-padding&#8220; column_padding_tablet=&#8220;inherit&#8220; column_padding_phone=&#8220;inherit&#8220; column_padding_position=&#8220;all&#8220; column_element_direction_desktop=&#8220;default&#8220; column_element_spacing=&#8220;default&#8220; desktop_text_alignment=&#8220;default&#8220; tablet_text_alignment=&#8220;default&#8220; phone_text_alignment=&#8220;default&#8220; background_color_opacity=&#8220;1&#8243; background_hover_color_opacity=&#8220;1&#8243; column_backdrop_filter=&#8220;none&#8220; column_shadow=&#8220;none&#8220; column_border_radius=&#8220;none&#8220; column_link_target=&#8220;_self&#8220; column_position=&#8220;default&#8220; gradient_direction=&#8220;left_to_right&#8220; overlay_strength=&#8220;0.3&#8243; width=&#8220;1\/6&#8243; tablet_width_inherit=&#8220;default&#8220; animation_type=&#8220;default&#8220; bg_image_animation=&#8220;none&#8220; border_type=&#8220;simple&#8220; column_border_width=&#8220;none&#8220; column_border_style=&#8220;solid&#8220;][nectar_flip_box image_url_1=&#8220;5589&#8243; text_color=&#8220;dark&#8220; icon_family=&#8220;steadysets&#8220; icon_color=&#8220;accent-color&#8220; image_url_2=&#8220;6916&#8243; text_color_2=&#8220;dark&#8220; h_text_align=&#8220;left&#8220; v_text_align=&#8220;top&#8220; image_loading=&#8220;default&#8220; flip_direction=&#8220;horizontal-to-left&#8220; icon_size=&#8220;40&#8243; min_height=&#8220;400&#8243; icon_steadysets=&#8220;steadysets-icon-reload&#8220;][\/nectar_flip_box][vc_column_text]\n<h2 style=\"text-align: center;\">3039 Big Bag<br \/>\nProfi-Halter<\/h2>\n[\/vc_column_text][toggles style=&#8220;default&#8220; border_radius=&#8220;none&#8220;][toggle color=&#8220;Default&#8220; heading_tag=&#8220;default&#8220; heading_tag_functionality=&#8220;default&#8220; title=&#8220;Technische Daten&#8220;][vc_column_text]Robust verschwei\u00dfte Auffangwanne aus verzinktem Stahlblech mit h\u00f6henverstellbaren, steckbaren Eckprofilen zum Aufspannen von Big Bags.<\/p>\n<p>Zum leichten Einf\u00fcllen von nassem Sch\u00fcttgut. Die Fl\u00fcssigkeit kann nach dem Absickern aus dem Big Bag durch die Ablauf-Verschl\u00fcsse der Auffangwanne abgeleitet oder entsorgt werden.<\/p>\n<p>Geeignet zum Transport mit Gabelstapler oder Kran.[\/vc_column_text][\/toggle][toggle color=&#8220;Default&#8220; heading_tag=&#8220;default&#8220; heading_tag_functionality=&#8220;default&#8220; title=&#8220;Ma\u00dfe&#8220;][vc_column_text]\n<table width=\"237\">\n<tbody>\n<tr>\n<td width=\"51\">Typ<\/td>\n<td width=\"51\">Inhalt<\/td>\n<td width=\"45\">L\u00e4nge<\/td>\n<td width=\"45\">Breite<\/td>\n<td width=\"45\">H\u00f6he<\/td>\n<\/tr>\n<tr>\n<td>3039<\/td>\n<td>375<\/td>\n<td>1200<\/td>\n<td>1200<\/td>\n<td>1585<\/td>\n<\/tr>\n<tr>\n<td colspan=\"3\">Transportma\u00dfe<\/td>\n<td><\/td>\n<td><\/td>\n<\/tr>\n<tr>\n<td>3039<\/td>\n<td>375<\/td>\n<td>1200<\/td>\n<td>1200<\/td>\n<td>690<\/td>\n<\/tr>\n<\/tbody>\n<\/table>\n[\/vc_column_text][\/toggle][\/toggles][divider line_type=&#8220;Full Width Line&#8220; line_thickness=&#8220;5&#8243; divider_color=&#8220;accent-color&#8220; custom_height=&#8220;7&#8243;][\/vc_column][vc_column column_padding=&#8220;no-extra-padding&#8220; column_padding_tablet=&#8220;inherit&#8220; column_padding_phone=&#8220;inherit&#8220; column_padding_position=&#8220;all&#8220; column_element_direction_desktop=&#8220;default&#8220; column_element_spacing=&#8220;default&#8220; desktop_text_alignment=&#8220;default&#8220; tablet_text_alignment=&#8220;default&#8220; phone_text_alignment=&#8220;default&#8220; background_color_opacity=&#8220;1&#8243; background_hover_color_opacity=&#8220;1&#8243; column_backdrop_filter=&#8220;none&#8220; column_shadow=&#8220;none&#8220; column_border_radius=&#8220;none&#8220; column_link_target=&#8220;_self&#8220; column_position=&#8220;default&#8220; gradient_direction=&#8220;left_to_right&#8220; overlay_strength=&#8220;0.3&#8243; width=&#8220;1\/6&#8243; tablet_width_inherit=&#8220;default&#8220; animation_type=&#8220;default&#8220; bg_image_animation=&#8220;none&#8220; border_type=&#8220;simple&#8220; column_border_width=&#8220;none&#8220; column_border_style=&#8220;solid&#8220;][nectar_flip_box image_url_1=&#8220;1273&#8243; text_color=&#8220;dark&#8220; icon_family=&#8220;steadysets&#8220; icon_color=&#8220;accent-color&#8220; image_url_2=&#8220;6911&#8243; text_color_2=&#8220;dark&#8220; h_text_align=&#8220;left&#8220; v_text_align=&#8220;top&#8220; image_loading=&#8220;default&#8220; flip_direction=&#8220;horizontal-to-left&#8220; icon_size=&#8220;40&#8243; min_height=&#8220;400&#8243; icon_steadysets=&#8220;steadysets-icon-reload&#8220;][\/nectar_flip_box][vc_column_text]\n<h2 style=\"text-align: center;\">3030<br \/>\nUmweltschutzdepot<\/h2>\n[\/vc_column_text][toggles style=&#8220;default&#8220; border_radius=&#8220;none&#8220;][toggle color=&#8220;Default&#8220; heading_tag=&#8220;default&#8220; heading_tag_functionality=&#8220;default&#8220; title=&#8220;Technische Daten&#8220;][vc_column_text]Stabile Stahlblechkonstruktion zur vorschriftsm\u00e4\u00dfigen Lagerung von wassergef\u00e4hrdenden Stoffen; mit Auffangwanneneinsatz; sicherer und einfacher Transport sowohl mit Kran als auch mit Stapler.<\/p>\n<p>Optional: mit Bindemittelstarterset.[\/vc_column_text][\/toggle][toggle color=&#8220;Default&#8220; heading_tag=&#8220;default&#8220; heading_tag_functionality=&#8220;default&#8220; title=&#8220;Ma\u00dfe&#8220;][vc_column_text]\n<table width=\"237\">\n<tbody>\n<tr>\n<td width=\"51\">Typ<\/td>\n<td width=\"51\">Inhalt<\/td>\n<td width=\"45\">L\u00e4nge<\/td>\n<td width=\"45\">Breite<\/td>\n<td width=\"45\">H\u00f6he<\/td>\n<\/tr>\n<tr>\n<td>3030.2<\/td>\n<td>200<\/td>\n<td>1630<\/td>\n<td>800<\/td>\n<td>1575<\/td>\n<\/tr>\n<tr>\n<td>3030.7<\/td>\n<td>400<\/td>\n<td>1570<\/td>\n<td>1660<\/td>\n<td>1705<\/td>\n<\/tr>\n<tr>\n<td>3030.12<\/td>\n<td>1000<\/td>\n<td>1780<\/td>\n<td>1580<\/td>\n<td>2340<\/td>\n<\/tr>\n<\/tbody>\n<\/table>\n[\/vc_column_text][\/toggle][toggle color=&#8220;Default&#8220; heading_tag=&#8220;default&#8220; heading_tag_functionality=&#8220;default&#8220; title=&#8220;Weitere Bilder&#8220;][vc_gallery type=&#8220;flexslider_style&#8220; images=&#8220;1276,1277,1274,1275,1268,1282,1283,1284&#8243; onclick=&#8220;link_no&#8220;][\/toggle][\/toggles][divider line_type=&#8220;Full Width Line&#8220; line_thickness=&#8220;5&#8243; divider_color=&#8220;accent-color&#8220; custom_height=&#8220;7&#8243;][\/vc_column][vc_column column_padding=&#8220;padding-2-percent&#8220; column_padding_tablet=&#8220;inherit&#8220; column_padding_phone=&#8220;inherit&#8220; column_padding_position=&#8220;all&#8220; column_element_direction_desktop=&#8220;default&#8220; column_element_spacing=&#8220;default&#8220; desktop_text_alignment=&#8220;default&#8220; tablet_text_alignment=&#8220;default&#8220; phone_text_alignment=&#8220;default&#8220; background_color=&#8220;#646c84&#8243; background_color_opacity=&#8220;0.2&#8243; background_hover_color_opacity=&#8220;1&#8243; column_backdrop_filter=&#8220;none&#8220; column_shadow=&#8220;none&#8220; column_border_radius=&#8220;none&#8220; column_link_target=&#8220;_self&#8220; column_position=&#8220;default&#8220; gradient_direction=&#8220;left_to_right&#8220; overlay_strength=&#8220;0.3&#8243; width=&#8220;1\/3&#8243; tablet_width_inherit=&#8220;default&#8220; animation_type=&#8220;default&#8220; bg_image_animation=&#8220;none&#8220; border_type=&#8220;simple&#8220; column_border_width=&#8220;none&#8220; column_border_style=&#8220;solid&#8220;][nectar_animated_title heading_tag=&#8220;h2&#8243; style=&#8220;color-strip-reveal&#8220; color=&#8220;Accent-Color&#8220; text=&#8220;FE bietet Ihnen wichtige Beh\u00e4lter und Container f\u00fcr Ihre Baustelle&#8220;][divider line_type=&#8220;No Line&#8220; custom_height=&#8220;30&#8243;][vc_column_text]<a href=\"\/?page_id=398\"><strong><i class=\"icon-tiny fa fa-play accent-color\"><\/i> Baustellenzubeh\u00f6r<\/strong><\/a><\/p>\n<p><a href=\"\/?page_id=420\"><strong><i class=\"icon-tiny fa fa-play accent-color\"><\/i> Reinigung von Betonsilos<\/strong><\/a><\/p>\n<p><a href=\"\/?page_id=404\"><strong><i class=\"icon-tiny fa fa-play accent-color\"><\/i> Stapelboxen &amp; -container<\/strong><\/a><\/p>\n<p><a href=\"\/?page_id=390\"><strong><i class=\"icon-tiny fa fa-play accent-color\"><\/i> Arbeitsk\u00f6rbe &amp; -plattformen<\/strong><\/a><\/p>\n<p><a href=\"\/?page_id=386\"><strong><i class=\"icon-tiny fa fa-play accent-color\"><\/i> Ladeplattform &#8222;Superdeck&#8220;<\/strong><\/a><\/p>\n<p><a href=\"\/?page_id=394\"><strong><i class=\"icon-tiny fa fa-play accent-color\"><\/i> Handkarren<\/strong><\/a>[\/vc_column_text][divider line_type=&#8220;No Line&#8220; custom_height=&#8220;30&#8243;][nectar_animated_title heading_tag=&#8220;h2&#8243; style=&#8220;color-strip-reveal&#8220; color=&#8220;Accent-Color&#8220; text=&#8220;Robust. Orange. Eichinger.&#8220;][\/vc_column][\/vc_row]\n","protected":false},"excerpt":{"rendered":"<p>[vc_row type=&#8220;full_width_content&#8220; full_screen_row_position=&#8220;middle&#8220; column_margin=&#8220;default&#8220; column_direction=&#8220;default&#8220; column_direction_tablet=&#8220;default&#8220; column_direction_phone=&#8220;default&#8220; scene_position=&#8220;center&#8220; text_color=&#8220;dark&#8220; text_align=&#8220;left&#8220; row_border_radius=&#8220;none&#8220; row_border_radius_applies=&#8220;bg&#8220; overflow=&#8220;visible&#8220; overlay_strength=&#8220;0.3&#8243; gradient_direction=&#8220;left_to_right&#8220; shape_divider_position=&#8220;bottom&#8220; bg_image_animation=&#8220;none&#8220;][vc_column column_padding=&#8220;no-extra-padding&#8220; column_padding_tablet=&#8220;inherit&#8220; column_padding_phone=&#8220;inherit&#8220; column_padding_position=&#8220;left-right&#8220; column_element_direction_desktop=&#8220;default&#8220; column_element_spacing=&#8220;default&#8220; desktop_text_alignment=&#8220;default&#8220; tablet_text_alignment=&#8220;default&#8220; phone_text_alignment=&#8220;default&#8220; background_color_opacity=&#8220;1&#8243; background_hover_color_opacity=&#8220;1&#8243; column_backdrop_filter=&#8220;none&#8220; column_shadow=&#8220;none&#8220;&#8230;<\/p>\n","protected":false},"author":1,"featured_media":0,"parent":0,"menu_order":0,"comment_status":"closed","ping_status":"closed","template":"","meta":{"footnotes":""},"class_list":["post-422","page","type-page","status-publish"],"_links":{"self":[{"href":"https:\/\/eichinger.de\/de\/wp-json\/wp\/v2\/pages\/422","targetHints":{"allow":["GET"]}}],"collection":[{"href":"https:\/\/eichinger.de\/de\/wp-json\/wp\/v2\/pages"}],"about":[{"href":"https:\/\/eichinger.de\/de\/wp-json\/wp\/v2\/types\/page"}],"author":[{"embeddable":true,"href":"https:\/\/eichinger.de\/de\/wp-json\/wp\/v2\/users\/1"}],"replies":[{"embeddable":true,"href":"https:\/\/eichinger.de\/de\/wp-json\/wp\/v2\/comments?post=422"}],"version-history":[{"count":12,"href":"https:\/\/eichinger.de\/de\/wp-json\/wp\/v2\/pages\/422\/revisions"}],"predecessor-version":[{"id":7399,"href":"https:\/\/eichinger.de\/de\/wp-json\/wp\/v2\/pages\/422\/revisions\/7399"}],"wp:attachment":[{"href":"https:\/\/eichinger.de\/de\/wp-json\/wp\/v2\/media?parent=422"}],"curies":[{"name":"wp","href":"https:\/\/api.w.org\/{rel}","templated":true}]}}