{"id":7625,"date":"2026-04-07T15:28:11","date_gmt":"2026-04-07T13:28:11","guid":{"rendered":"https:\/\/eichinger.de\/?page_id=7625"},"modified":"2026-04-07T15:40:56","modified_gmt":"2026-04-07T13:40:56","slug":"lagermitarbeiter-m-w-d-mit-staplerschein","status":"publish","type":"page","link":"https:\/\/eichinger.de\/de\/jobs\/lagermitarbeiter-m-w-d-mit-staplerschein\/","title":{"rendered":"Lagermitarbeiter (m\/w\/d) mit Staplerschein"},"content":{"rendered":"[vc_row type=&#8220;in_container&#8220; full_screen_row_position=&#8220;middle&#8220; column_margin=&#8220;default&#8220; column_direction=&#8220;default&#8220; column_direction_tablet=&#8220;default&#8220; column_direction_phone=&#8220;default&#8220; scene_position=&#8220;center&#8220; top_padding=&#8220;40&#8243; bottom_padding=&#8220;40&#8243; text_color=&#8220;dark&#8220; text_align=&#8220;left&#8220; row_border_radius=&#8220;none&#8220; row_border_radius_applies=&#8220;bg&#8220; overflow=&#8220;visible&#8220; overlay_strength=&#8220;0.3&#8243; gradient_direction=&#8220;left_to_right&#8220; shape_divider_position=&#8220;bottom&#8220; bg_image_animation=&#8220;none&#8220; shape_type=&#8220;&#8220;][vc_column column_padding=&#8220;no-extra-padding&#8220; column_padding_tablet=&#8220;inherit&#8220; column_padding_phone=&#8220;inherit&#8220; column_padding_position=&#8220;all&#8220; column_element_direction_desktop=&#8220;default&#8220; column_element_spacing=&#8220;default&#8220; desktop_text_alignment=&#8220;default&#8220; tablet_text_alignment=&#8220;default&#8220; phone_text_alignment=&#8220;default&#8220; background_color_opacity=&#8220;1&#8243; background_hover_color_opacity=&#8220;1&#8243; column_backdrop_filter=&#8220;none&#8220; column_shadow=&#8220;none&#8220; column_border_radius=&#8220;none&#8220; column_link_target=&#8220;_self&#8220; column_position=&#8220;default&#8220; gradient_direction=&#8220;left_to_right&#8220; overlay_strength=&#8220;0.3&#8243; width=&#8220;1\/6&#8243; tablet_width_inherit=&#8220;default&#8220; animation_type=&#8220;default&#8220; bg_image_animation=&#8220;none&#8220; border_type=&#8220;simple&#8220; column_border_width=&#8220;none&#8220; column_border_style=&#8220;solid&#8220;][\/vc_column][vc_column column_padding=&#8220;no-extra-padding&#8220; column_padding_tablet=&#8220;inherit&#8220; column_padding_phone=&#8220;inherit&#8220; column_padding_position=&#8220;all&#8220; column_element_direction_desktop=&#8220;default&#8220; column_element_spacing=&#8220;default&#8220; desktop_text_alignment=&#8220;default&#8220; tablet_text_alignment=&#8220;default&#8220; phone_text_alignment=&#8220;default&#8220; background_color_opacity=&#8220;1&#8243; background_hover_color_opacity=&#8220;1&#8243; column_backdrop_filter=&#8220;none&#8220; column_shadow=&#8220;none&#8220; column_border_radius=&#8220;none&#8220; column_link_target=&#8220;_self&#8220; column_position=&#8220;default&#8220; gradient_direction=&#8220;left_to_right&#8220; overlay_strength=&#8220;0.3&#8243; width=&#8220;2\/3&#8243; tablet_width_inherit=&#8220;default&#8220; animation_type=&#8220;default&#8220; bg_image_animation=&#8220;none&#8220; border_type=&#8220;simple&#8220; column_border_width=&#8220;none&#8220; column_border_style=&#8220;solid&#8220;][vc_column_text css=&#8220;&#8220; text_direction=&#8220;default&#8220;]<strong>Standort:<\/strong> M\u00fchlhausen<br \/>\n<strong>Eintritt:<\/strong> ab sofort \/ nach Vereinbarung<br \/>\n<strong>Besch\u00e4ftigungsart:<\/strong> Vollzeit (ggf. Schichtarbeit je nach Bedarf)<\/p>\n<p>Die Florian Eichinger GmbH ist ein f\u00fchrender Hersteller von Bauger\u00e4ten und Baustellenzubeh\u00f6r aus Stahl mit internationaler Ausrichtung. Zur Verst\u00e4rkung unseres Teams suchen wir einen engagierten und verantwortungsbewussten Lagermitarbeiter (m\/w\/d) mit g\u00fcltigem Staplerschein.<\/p>\n<h2>Ihre Aufgaben<\/h2>\n<ul>\n<li>Warenannahme sowie Kontrolle auf Vollst\u00e4ndigkeit und Qualit\u00e4t<\/li>\n<li>Ein- und Auslagerung von Waren mittels Gabelstapler<\/li>\n<li>Kommissionierung und Verpackung von Auftr\u00e4gen<\/li>\n<li>Be- und Entladen von LKWs<\/li>\n<li>Durchf\u00fchrung von Bestandskontrollen und Inventuren<\/li>\n<li>Pflege und Ordnung im Lagerbereich<\/li>\n<li>Einhaltung von Sicherheits- und Qualit\u00e4tsstandards<\/li>\n<\/ul>\n<h2>Ihr Profil<\/h2>\n<ul>\n<li>G\u00fcltiger Staplerschein und sichere Fahrpraxis<\/li>\n<li>Erste Erfahrung im Lager- oder Logistikbereich von Vorteil<\/li>\n<li>K\u00f6rperliche Belastbarkeit und sorgf\u00e4ltige Arbeitsweise<\/li>\n<li>Teamf\u00e4higkeit und Zuverl\u00e4ssigkeit<\/li>\n<li>Grundkenntnisse im Umgang mit Lagerverwaltungssystemen sind w\u00fcnschenswert<\/li>\n<li>Gute Deutschkenntnisse<\/li>\n<li>Optional: LKW-F\u00fchrerschein, aber nicht zwingend notwendig.<\/li>\n<\/ul>\n<h2>Wir bieten<\/h2>\n<ul>\n<li>Einen sicheren Arbeitsplatz in einem wachsenden Unternehmen<\/li>\n<li>Angenehmes Arbeitsklima in einem motivierten Team<\/li>\n<li>Leistungsgerechte Verg\u00fctung<\/li>\n<li>Strukturierte Einarbeitung<\/li>\n<li>M\u00f6glichkeiten zur Weiterentwicklung<\/li>\n<\/ul>\n<p>&nbsp;<\/p>\n<h2>Wir freuen uns auf Ihre Bewerbung<\/h2>\n<p>Wenn Sie Interesse an dieser Position haben, freuen wir uns auf Ihre Bewerbung.<\/p>\n<p>\ud83d\udc49 Senden Sie Ihre Unterlagen (Lebenslauf, Zeugnisse, Gehaltsvorstellung, Starttermin) <a href=\"mailto:personal-hp@eichinger.de\">per E-Mail<\/a> oder direkt \u00fcber unser Bewerbungsportal.<\/p>\n<h2>Vielen Dank!<\/h2>\n[\/vc_column_text][\/vc_column][vc_column column_padding=&#8220;no-extra-padding&#8220; column_padding_tablet=&#8220;inherit&#8220; column_padding_phone=&#8220;inherit&#8220; column_padding_position=&#8220;all&#8220; column_element_direction_desktop=&#8220;default&#8220; column_element_spacing=&#8220;default&#8220; desktop_text_alignment=&#8220;default&#8220; tablet_text_alignment=&#8220;default&#8220; phone_text_alignment=&#8220;default&#8220; background_color_opacity=&#8220;1&#8243; background_hover_color_opacity=&#8220;1&#8243; column_backdrop_filter=&#8220;none&#8220; column_shadow=&#8220;none&#8220; column_border_radius=&#8220;none&#8220; column_link_target=&#8220;_self&#8220; column_position=&#8220;default&#8220; gradient_direction=&#8220;left_to_right&#8220; overlay_strength=&#8220;0.3&#8243; width=&#8220;1\/6&#8243; tablet_width_inherit=&#8220;default&#8220; animation_type=&#8220;default&#8220; bg_image_animation=&#8220;none&#8220; border_type=&#8220;simple&#8220; column_border_width=&#8220;none&#8220; column_border_style=&#8220;solid&#8220;][\/vc_column][\/vc_row]\n","protected":false},"excerpt":{"rendered":"<p>[vc_row type=&#8220;in_container&#8220; full_screen_row_position=&#8220;middle&#8220; column_margin=&#8220;default&#8220; column_direction=&#8220;default&#8220; column_direction_tablet=&#8220;default&#8220; column_direction_phone=&#8220;default&#8220; scene_position=&#8220;center&#8220; top_padding=&#8220;40&#8243; bottom_padding=&#8220;40&#8243; text_color=&#8220;dark&#8220; text_align=&#8220;left&#8220; row_border_radius=&#8220;none&#8220; row_border_radius_applies=&#8220;bg&#8220; overflow=&#8220;visible&#8220; overlay_strength=&#8220;0.3&#8243; gradient_direction=&#8220;left_to_right&#8220; shape_divider_position=&#8220;bottom&#8220; bg_image_animation=&#8220;none&#8220; shape_type=&#8220;&#8220;][vc_column column_padding=&#8220;no-extra-padding&#8220; column_padding_tablet=&#8220;inherit&#8220; column_padding_phone=&#8220;inherit&#8220; column_padding_position=&#8220;all&#8220; column_element_direction_desktop=&#8220;default&#8220; column_element_spacing=&#8220;default&#8220; desktop_text_alignment=&#8220;default&#8220; tablet_text_alignment=&#8220;default&#8220; phone_text_alignment=&#8220;default&#8220; background_color_opacity=&#8220;1&#8243;&#8230;<\/p>\n","protected":false},"author":1,"featured_media":0,"parent":1585,"menu_order":0,"comment_status":"closed","ping_status":"closed","template":"","meta":{"footnotes":""},"class_list":["post-7625","page","type-page","status-publish"],"_links":{"self":[{"href":"https:\/\/eichinger.de\/de\/wp-json\/wp\/v2\/pages\/7625","targetHints":{"allow":["GET"]}}],"collection":[{"href":"https:\/\/eichinger.de\/de\/wp-json\/wp\/v2\/pages"}],"about":[{"href":"https:\/\/eichinger.de\/de\/wp-json\/wp\/v2\/types\/page"}],"author":[{"embeddable":true,"href":"https:\/\/eichinger.de\/de\/wp-json\/wp\/v2\/users\/1"}],"replies":[{"embeddable":true,"href":"https:\/\/eichinger.de\/de\/wp-json\/wp\/v2\/comments?post=7625"}],"version-history":[{"count":5,"href":"https:\/\/eichinger.de\/de\/wp-json\/wp\/v2\/pages\/7625\/revisions"}],"predecessor-version":[{"id":7632,"href":"https:\/\/eichinger.de\/de\/wp-json\/wp\/v2\/pages\/7625\/revisions\/7632"}],"up":[{"embeddable":true,"href":"https:\/\/eichinger.de\/de\/wp-json\/wp\/v2\/pages\/1585"}],"wp:attachment":[{"href":"https:\/\/eichinger.de\/de\/wp-json\/wp\/v2\/media?parent=7625"}],"curies":[{"name":"wp","href":"https:\/\/api.w.org\/{rel}","templated":true}]}}