{"id":2007,"date":"2017-01-29T07:23:08","date_gmt":"2017-01-29T06:23:08","guid":{"rendered":"http:\/\/eichinger.de.w0094cee.kasserver.com\/zwingen-betonschalungszubehoer\/"},"modified":"2021-11-26T13:44:40","modified_gmt":"2021-11-26T12:44:40","slug":"formwork_clamps","status":"publish","type":"page","link":"https:\/\/eichinger.de\/en\/formwork_clamps\/","title":{"rendered":"Formwork Clamps &#038; Accessories"},"content":{"rendered":"[vc_row type=&#8221;full_width_content&#8221; full_screen_row_position=&#8221;middle&#8221; column_margin=&#8221;default&#8221; column_direction=&#8221;default&#8221; column_direction_tablet=&#8221;default&#8221; column_direction_phone=&#8221;default&#8221; scene_position=&#8221;center&#8221; text_color=&#8221;dark&#8221; text_align=&#8221;left&#8221; row_border_radius=&#8221;none&#8221; row_border_radius_applies=&#8221;bg&#8221; overlay_strength=&#8221;0.3&#8243; gradient_direction=&#8221;left_to_right&#8221; shape_divider_position=&#8221;bottom&#8221; bg_image_animation=&#8221;none&#8221;][vc_column column_padding=&#8221;no-extra-padding&#8221; column_padding_tablet=&#8221;inherit&#8221; column_padding_phone=&#8221;inherit&#8221; column_padding_position=&#8221;left-right&#8221; column_element_spacing=&#8221;default&#8221; background_color_opacity=&#8221;1&#8243; background_hover_color_opacity=&#8221;1&#8243; column_shadow=&#8221;none&#8221; column_border_radius=&#8221;none&#8221; column_link_target=&#8221;_self&#8221; gradient_direction=&#8221;left_to_right&#8221; overlay_strength=&#8221;0.3&#8243; width=&#8221;1\/6&#8243; tablet_width_inherit=&#8221;default&#8221; tablet_text_alignment=&#8221;default&#8221; phone_text_alignment=&#8221;default&#8221; bg_image_animation=&#8221;none&#8221; border_type=&#8221;simple&#8221; column_border_width=&#8221;none&#8221; column_border_style=&#8221;solid&#8221;][nectar_flip_box image_url_1=&#8221;885&#8243; text_color=&#8221;dark&#8221; icon_family=&#8221;steadysets&#8221; icon_color=&#8221;Accent-Color&#8221; image_url_2=&#8221;865&#8243; text_color_2=&#8221;dark&#8221; h_text_align=&#8221;left&#8221; v_text_align=&#8221;top&#8221; image_loading=&#8221;default&#8221; flip_direction=&#8221;horizontal-to-left&#8221; icon_size=&#8221;40&#8243; min_height=&#8221;400&#8243; icon_steadysets=&#8221;steadysets-icon-reload&#8221;][\/nectar_flip_box][vc_column_text]\n<h2 style=\"text-align: center;\">1401 Concrete Clamp<\/h2>\n[\/vc_column_text][toggles style=&#8221;default&#8221;][toggle color=&#8221;Default&#8221; title=&#8221;Technical Specifications&#8221;][vc_column_text]Made of 40\/8 flat steel, slider made of 24 mm square steel bar with punched hole.<\/p>\n<p>Sliders also available separately.<\/p>\n<p>Standard version: unpainted[\/vc_column_text][\/toggle][toggle color=&#8221;Default&#8221; title=&#8221;Dimensions&#8221;][vc_column_text]\n<table width=\"139\">\n<tbody>\n<tr>\n<td width=\"56\">Type<\/td>\n<td width=\"83\">Clamp width<\/td>\n<\/tr>\n<tr>\n<td>1401.1<\/td>\n<td>600<\/td>\n<\/tr>\n<tr>\n<td>1401.2<\/td>\n<td>700<\/td>\n<\/tr>\n<tr>\n<td>1401.3<\/td>\n<td>800<\/td>\n<\/tr>\n<tr>\n<td>1401.4<\/td>\n<td>1000<\/td>\n<\/tr>\n<tr>\n<td>1401.5<\/td>\n<td>1200<\/td>\n<\/tr>\n<tr>\n<td>1401.6<\/td>\n<td>1300<\/td>\n<\/tr>\n<tr>\n<td>1401.7<\/td>\n<td>1500<\/td>\n<\/tr>\n<tr>\n<td>1401.8<\/td>\n<td>1600<\/td>\n<\/tr>\n<tr>\n<td>1401.10<\/td>\n<td>Slider<\/td>\n<\/tr>\n<\/tbody>\n<\/table>\n[\/vc_column_text][\/toggle][\/toggles][divider line_type=&#8221;Full Width Line&#8221; line_thickness=&#8221;5&#8243; divider_color=&#8221;accent-color&#8221; custom_height=&#8221;7&#8243;][\/vc_column][vc_column column_padding=&#8221;no-extra-padding&#8221; column_padding_tablet=&#8221;inherit&#8221; column_padding_phone=&#8221;inherit&#8221; column_padding_position=&#8221;all&#8221; column_element_spacing=&#8221;default&#8221; background_color_opacity=&#8221;1&#8243; background_hover_color_opacity=&#8221;1&#8243; column_shadow=&#8221;none&#8221; column_border_radius=&#8221;none&#8221; column_link_target=&#8221;_self&#8221; gradient_direction=&#8221;left_to_right&#8221; overlay_strength=&#8221;0.3&#8243; width=&#8221;1\/6&#8243; tablet_width_inherit=&#8221;default&#8221; tablet_text_alignment=&#8221;default&#8221; phone_text_alignment=&#8221;default&#8221; bg_image_animation=&#8221;none&#8221; border_type=&#8221;simple&#8221; column_border_width=&#8221;none&#8221; column_border_style=&#8221;solid&#8221;][nectar_flip_box image_url_1=&#8221;887&#8243; text_color=&#8221;dark&#8221; icon_family=&#8221;steadysets&#8221; icon_color=&#8221;Accent-Color&#8221; image_url_2=&#8221;866&#8243; text_color_2=&#8221;dark&#8221; h_text_align=&#8221;left&#8221; v_text_align=&#8221;top&#8221; image_loading=&#8221;default&#8221; flip_direction=&#8221;horizontal-to-left&#8221; icon_size=&#8221;40&#8243; min_height=&#8221;400&#8243; icon_steadysets=&#8221;steadysets-icon-reload&#8221;][\/nectar_flip_box][vc_column_text]\n<h2 style=\"text-align: center;\">1402 Beam Clamp<\/h2>\n[\/vc_column_text][toggles style=&#8221;default&#8221;][toggle color=&#8221;Default&#8221; title=&#8221;Technical Specifications&#8221;][vc_column_text]Very rugged steel profile construction, infinitely adjustable by means of a steel wedge.<\/p>\n<p>Available in all special sizes.[\/vc_column_text][\/toggle][toggle color=&#8221;Default&#8221; title=&#8221;Dimensions&#8221;][vc_column_text]\n<table width=\"217\">\n<tbody>\n<tr>\n<td width=\"51\">Type<\/td>\n<td width=\"83\">Leg length<\/td>\n<td width=\"83\">Clamp width<\/td>\n<\/tr>\n<tr>\n<td>1402.1<\/td>\n<td>400<\/td>\n<td>130 &#8211; 700<\/td>\n<\/tr>\n<tr>\n<td>1402.2<\/td>\n<td>500<\/td>\n<td>130 &#8211; 900<\/td>\n<\/tr>\n<tr>\n<td>1402.3<\/td>\n<td>500<\/td>\n<td>200 &#8211; 1000<\/td>\n<\/tr>\n<tr>\n<td>1402.4<\/td>\n<td>500<\/td>\n<td>200 &#8211; 1200<\/td>\n<\/tr>\n<\/tbody>\n<\/table>\n[\/vc_column_text][\/toggle][\/toggles][divider line_type=&#8221;Full Width Line&#8221; line_thickness=&#8221;5&#8243; divider_color=&#8221;accent-color&#8221; custom_height=&#8221;7&#8243;][\/vc_column][vc_column column_padding=&#8221;no-extra-padding&#8221; column_padding_tablet=&#8221;inherit&#8221; column_padding_phone=&#8221;inherit&#8221; column_padding_position=&#8221;all&#8221; column_element_spacing=&#8221;default&#8221; background_color_opacity=&#8221;1&#8243; background_hover_color_opacity=&#8221;1&#8243; column_shadow=&#8221;none&#8221; column_border_radius=&#8221;none&#8221; column_link_target=&#8221;_self&#8221; gradient_direction=&#8221;left_to_right&#8221; overlay_strength=&#8221;0.3&#8243; width=&#8221;1\/6&#8243; tablet_width_inherit=&#8221;default&#8221; tablet_text_alignment=&#8221;default&#8221; phone_text_alignment=&#8221;default&#8221; bg_image_animation=&#8221;none&#8221; border_type=&#8221;simple&#8221; column_border_width=&#8221;none&#8221; column_border_style=&#8221;solid&#8221;][nectar_flip_box image_url_1=&#8221;888&#8243; text_color=&#8221;dark&#8221; icon_family=&#8221;steadysets&#8221; icon_color=&#8221;Accent-Color&#8221; image_url_2=&#8221;867&#8243; text_color_2=&#8221;dark&#8221; h_text_align=&#8221;left&#8221; v_text_align=&#8221;top&#8221; image_loading=&#8221;default&#8221; flip_direction=&#8221;horizontal-to-left&#8221; icon_size=&#8221;40&#8243; min_height=&#8221;400&#8243; icon_steadysets=&#8221;steadysets-icon-reload&#8221;][\/nectar_flip_box][vc_column_text]\n<h2 style=\"text-align: center;\">1403 Column Clamp<\/h2>\n[\/vc_column_text][toggles style=&#8221;default&#8221;][toggle color=&#8221;Default&#8221; title=&#8221;Technical Specifications&#8221;][vc_column_text]1 set consists of four slotted steel formwork rails and four wedges. Infinitely adjustable by means of four steel wedges.<br \/>\nSpecial sizes also available.[\/vc_column_text][\/toggle][toggle color=&#8221;Default&#8221; title=&#8221;Dimensions&#8221;][vc_column_text]\n<table width=\"216\">\n<tbody>\n<tr>\n<td width=\"50\">Type<\/td>\n<td width=\"83\">Flat steel<\/td>\n<td width=\"83\">Formwork dim. from &#8211; up to<\/td>\n<\/tr>\n<tr>\n<td>1403.1<\/td>\n<td>60 \/ 6<\/td>\n<td>250 &#8211; 600<\/td>\n<\/tr>\n<tr>\n<td>1403.2<\/td>\n<td>60 \/ 8<\/td>\n<td>300 &#8211; 900<\/td>\n<\/tr>\n<tr>\n<td>1403.3<\/td>\n<td>60 \/ 8<\/td>\n<td>400 &#8211; 1200<\/td>\n<\/tr>\n<\/tbody>\n<\/table>\n[\/vc_column_text][\/toggle][\/toggles][divider line_type=&#8221;Full Width Line&#8221; line_thickness=&#8221;5&#8243; divider_color=&#8221;accent-color&#8221; custom_height=&#8221;7&#8243;][\/vc_column][vc_column column_padding=&#8221;no-extra-padding&#8221; column_padding_tablet=&#8221;inherit&#8221; column_padding_phone=&#8221;inherit&#8221; column_padding_position=&#8221;all&#8221; column_element_spacing=&#8221;default&#8221; background_color_opacity=&#8221;1&#8243; background_hover_color_opacity=&#8221;1&#8243; column_shadow=&#8221;none&#8221; column_border_radius=&#8221;none&#8221; column_link_target=&#8221;_self&#8221; gradient_direction=&#8221;left_to_right&#8221; overlay_strength=&#8221;0.3&#8243; width=&#8221;1\/6&#8243; tablet_width_inherit=&#8221;default&#8221; tablet_text_alignment=&#8221;default&#8221; phone_text_alignment=&#8221;default&#8221; bg_image_animation=&#8221;none&#8221; border_type=&#8221;simple&#8221; column_border_width=&#8221;none&#8221; column_border_style=&#8221;solid&#8221;][nectar_flip_box image_url_1=&#8221;889&#8243; text_color=&#8221;dark&#8221; icon_family=&#8221;steadysets&#8221; icon_color=&#8221;Accent-Color&#8221; image_url_2=&#8221;868&#8243; text_color_2=&#8221;dark&#8221; h_text_align=&#8221;left&#8221; v_text_align=&#8221;top&#8221; image_loading=&#8221;default&#8221; flip_direction=&#8221;horizontal-to-left&#8221; icon_size=&#8221;40&#8243; min_height=&#8221;400&#8243; icon_steadysets=&#8221;steadysets-icon-reload&#8221;][\/nectar_flip_box][vc_column_text]\n<h2 style=\"text-align: center;\">1404 Formwork Clamp<\/h2>\n[\/vc_column_text][toggles style=&#8221;default&#8221;][toggle color=&#8221;Default&#8221; title=&#8221;Technical Specifications&#8221;][vc_column_text]Very rugged steel profile construction, infinitely adjustable by means of clamping wedge.<\/p>\n<p>Available in all special sizes.<\/p>\n<p>Available painted (RAL 8017) or as option galvanized.[\/vc_column_text][\/toggle][toggle color=&#8221;Default&#8221; title=&#8221;Dimensions&#8221;][vc_column_text]\n<table width=\"221\">\n<tbody>\n<tr>\n<td width=\"55\">Type<\/td>\n<td width=\"83\">Leg length<\/td>\n<td width=\"83\">Clamp width<\/td>\n<\/tr>\n<tr>\n<td>1404.1<\/td>\n<td>400<\/td>\n<td>700<\/td>\n<\/tr>\n<tr>\n<td>1404.2<\/td>\n<td>500<\/td>\n<td>900<\/td>\n<\/tr>\n<tr>\n<td>1404.3<\/td>\n<td>500<\/td>\n<td>1000<\/td>\n<\/tr>\n<\/tbody>\n<\/table>\n[\/vc_column_text][\/toggle][\/toggles][divider line_type=&#8221;Full Width Line&#8221; line_thickness=&#8221;5&#8243; divider_color=&#8221;accent-color&#8221; custom_height=&#8221;7&#8243;][\/vc_column][vc_column column_padding=&#8221;no-extra-padding&#8221; column_padding_tablet=&#8221;inherit&#8221; column_padding_phone=&#8221;inherit&#8221; column_padding_position=&#8221;all&#8221; column_element_spacing=&#8221;default&#8221; background_color_opacity=&#8221;1&#8243; background_hover_color_opacity=&#8221;1&#8243; column_shadow=&#8221;none&#8221; column_border_radius=&#8221;none&#8221; column_link_target=&#8221;_self&#8221; gradient_direction=&#8221;left_to_right&#8221; overlay_strength=&#8221;0.3&#8243; width=&#8221;1\/6&#8243; tablet_width_inherit=&#8221;default&#8221; tablet_text_alignment=&#8221;default&#8221; phone_text_alignment=&#8221;default&#8221; bg_image_animation=&#8221;none&#8221; border_type=&#8221;simple&#8221; column_border_width=&#8221;none&#8221; column_border_style=&#8221;solid&#8221;][nectar_flip_box image_url_1=&#8221;890&#8243; text_color=&#8221;dark&#8221; icon_family=&#8221;steadysets&#8221; icon_color=&#8221;Accent-Color&#8221; image_url_2=&#8221;869&#8243; text_color_2=&#8221;dark&#8221; h_text_align=&#8221;left&#8221; v_text_align=&#8221;top&#8221; image_loading=&#8221;default&#8221; flip_direction=&#8221;horizontal-to-left&#8221; icon_size=&#8221;40&#8243; min_height=&#8221;400&#8243; icon_steadysets=&#8221;steadysets-icon-reload&#8221;][\/nectar_flip_box][vc_column_text]\n<h2 style=\"text-align: center;\">1409 Loop Pin<\/h2>\n[\/vc_column_text][toggles style=&#8221;default&#8221;][toggle color=&#8221;Default&#8221; title=&#8221;Technical Specifications&#8221;][vc_column_text]Made of \u00d8 10, \u00d8 12 or \u00d8 4 mm round steel, suitable for all tubular steel columns and props.[\/vc_column_text][\/toggle][toggle color=&#8221;Default&#8221; title=&#8221;Dimensions&#8221;][vc_column_text]\n<table width=\"138\">\n<tbody>\n<tr>\n<td width=\"55\">Type<\/td>\n<td width=\"83\">Round steel<\/td>\n<\/tr>\n<tr>\n<td>1409.1<\/td>\n<td>\u00d8 10 mm<\/td>\n<\/tr>\n<tr>\n<td>1409.2<\/td>\n<td>\u00d8 12 mm<\/td>\n<\/tr>\n<tr>\n<td>1409.3<\/td>\n<td>\u00d8 14 mm<\/td>\n<\/tr>\n<\/tbody>\n<\/table>\n[\/vc_column_text][\/toggle][\/toggles][divider line_type=&#8221;Full Width Line&#8221; line_thickness=&#8221;5&#8243; divider_color=&#8221;accent-color&#8221; custom_height=&#8221;7&#8243;][\/vc_column][vc_column column_padding=&#8221;padding-1-percent&#8221; column_padding_tablet=&#8221;inherit&#8221; column_padding_phone=&#8221;inherit&#8221; column_padding_position=&#8221;all&#8221; column_element_spacing=&#8221;default&#8221; background_color=&#8221;#646c84&#8243; background_color_opacity=&#8221;0.2&#8243; background_hover_color_opacity=&#8221;1&#8243; column_shadow=&#8221;none&#8221; column_border_radius=&#8221;none&#8221; column_link_target=&#8221;_self&#8221; gradient_direction=&#8221;left_to_right&#8221; overlay_strength=&#8221;0.3&#8243; width=&#8221;1\/6&#8243; tablet_width_inherit=&#8221;default&#8221; tablet_text_alignment=&#8221;default&#8221; phone_text_alignment=&#8221;default&#8221; bg_image_animation=&#8221;none&#8221; border_type=&#8221;simple&#8221; column_border_width=&#8221;none&#8221; column_border_style=&#8221;solid&#8221;][nectar_animated_title heading_tag=&#8221;h2&#8243; style=&#8221;color-strip-reveal&#8221; color=&#8221;Accent-Color&#8221; text=&#8221;Formwork and formwork accesssories in high quality.&#8221;][vc_column_text]Formworks and accessories in high-quality steel or in aluminium can be purchased from one source via our subsidiary FEBE GmbH in Berching.[\/vc_column_text][divider line_type=&#8221;Full Width Line&#8221; line_thickness=&#8221;5&#8243; divider_color=&#8221;accent-color&#8221; custom_height=&#8221;7&#8243;][image_with_animation image_url=&#8221;1476&#8243; animation=&#8221;None&#8221; hover_animation=&#8221;none&#8221; alignment=&#8221;&#8221; img_link_target=&#8221;_blank&#8221; border_radius=&#8221;none&#8221; box_shadow=&#8221;none&#8221; image_loading=&#8221;default&#8221; max_width=&#8221;100%&#8221; max_width_mobile=&#8221;default&#8221; img_link=&#8221;http:\/\/febe.eu&#8221;][\/vc_column][\/vc_row]\n","protected":false},"excerpt":{"rendered":"<p>[vc_row type=&#8221;full_width_content&#8221; full_screen_row_position=&#8221;middle&#8221; column_margin=&#8221;default&#8221; column_direction=&#8221;default&#8221; column_direction_tablet=&#8221;default&#8221; column_direction_phone=&#8221;default&#8221; scene_position=&#8221;center&#8221; text_color=&#8221;dark&#8221; text_align=&#8221;left&#8221; row_border_radius=&#8221;none&#8221; row_border_radius_applies=&#8221;bg&#8221; overlay_strength=&#8221;0.3&#8243; gradient_direction=&#8221;left_to_right&#8221; shape_divider_position=&#8221;bottom&#8221; bg_image_animation=&#8221;none&#8221;][vc_column column_padding=&#8221;no-extra-padding&#8221; column_padding_tablet=&#8221;inherit&#8221; column_padding_phone=&#8221;inherit&#8221; column_padding_position=&#8221;left-right&#8221; column_element_spacing=&#8221;default&#8221; background_color_opacity=&#8221;1&#8243; background_hover_color_opacity=&#8221;1&#8243; column_shadow=&#8221;none&#8221; column_border_radius=&#8221;none&#8221; column_link_target=&#8221;_self&#8221; gradient_direction=&#8221;left_to_right&#8221; overlay_strength=&#8221;0.3&#8243; width=&#8221;1\/6&#8243; tablet_width_inherit=&#8221;default&#8221;&#8230;<\/p>\n","protected":false},"author":1,"featured_media":0,"parent":0,"menu_order":0,"comment_status":"closed","ping_status":"closed","template":"","meta":{"footnotes":""},"class_list":["post-2007","page","type-page","status-publish"],"_links":{"self":[{"href":"https:\/\/eichinger.de\/en\/wp-json\/wp\/v2\/pages\/2007","targetHints":{"allow":["GET"]}}],"collection":[{"href":"https:\/\/eichinger.de\/en\/wp-json\/wp\/v2\/pages"}],"about":[{"href":"https:\/\/eichinger.de\/en\/wp-json\/wp\/v2\/types\/page"}],"author":[{"embeddable":true,"href":"https:\/\/eichinger.de\/en\/wp-json\/wp\/v2\/users\/1"}],"replies":[{"embeddable":true,"href":"https:\/\/eichinger.de\/en\/wp-json\/wp\/v2\/comments?post=2007"}],"version-history":[{"count":11,"href":"https:\/\/eichinger.de\/en\/wp-json\/wp\/v2\/pages\/2007\/revisions"}],"predecessor-version":[{"id":6767,"href":"https:\/\/eichinger.de\/en\/wp-json\/wp\/v2\/pages\/2007\/revisions\/6767"}],"wp:attachment":[{"href":"https:\/\/eichinger.de\/en\/wp-json\/wp\/v2\/media?parent=2007"}],"curies":[{"name":"wp","href":"https:\/\/api.w.org\/{rel}","templated":true}]}}