{"id":3147,"date":"2017-01-29T07:37:30","date_gmt":"2017-01-29T06:37:30","guid":{"rendered":"http:\/\/eichinger.de.w0094cee.kasserver.com\/baustellen-umweltschutz\/"},"modified":"2024-10-24T16:10:54","modified_gmt":"2024-10-24T14:10:54","slug":"proteccion","status":"publish","type":"page","link":"https:\/\/eichinger.de\/es\/proteccion\/","title":{"rendered":"Protecci\u00f3n del medio ambiente en obras"},"content":{"rendered":"[vc_row type=\u00bbfull_width_content\u00bb full_screen_row_position=\u00bbmiddle\u00bb column_margin=\u00bbdefault\u00bb column_direction=\u00bbdefault\u00bb column_direction_tablet=\u00bbdefault\u00bb column_direction_phone=\u00bbdefault\u00bb scene_position=\u00bbcenter\u00bb text_color=\u00bbdark\u00bb text_align=\u00bbleft\u00bb row_border_radius=\u00bbnone\u00bb row_border_radius_applies=\u00bbbg\u00bb overflow=\u00bbvisible\u00bb overlay_strength=\u00bb0.3&#8243; gradient_direction=\u00bbleft_to_right\u00bb shape_divider_position=\u00bbbottom\u00bb bg_image_animation=\u00bbnone\u00bb][vc_column column_padding=\u00bbno-extra-padding\u00bb column_padding_tablet=\u00bbinherit\u00bb column_padding_phone=\u00bbinherit\u00bb column_padding_position=\u00bbleft-right\u00bb column_element_direction_desktop=\u00bbdefault\u00bb column_element_spacing=\u00bbdefault\u00bb desktop_text_alignment=\u00bbdefault\u00bb tablet_text_alignment=\u00bbdefault\u00bb phone_text_alignment=\u00bbdefault\u00bb background_color_opacity=\u00bb1&#8243; background_hover_color_opacity=\u00bb1&#8243; column_backdrop_filter=\u00bbnone\u00bb column_shadow=\u00bbnone\u00bb column_border_radius=\u00bbnone\u00bb column_link_target=\u00bb_self\u00bb column_position=\u00bbdefault\u00bb gradient_direction=\u00bbleft_to_right\u00bb overlay_strength=\u00bb0.3&#8243; width=\u00bb1\/6&#8243; tablet_width_inherit=\u00bbdefault\u00bb animation_type=\u00bbdefault\u00bb bg_image_animation=\u00bbnone\u00bb border_type=\u00bbsimple\u00bb column_border_width=\u00bbnone\u00bb column_border_style=\u00bbsolid\u00bb][nectar_flip_box image_url_1=\u00bb1244&#8243; text_color=\u00bbdark\u00bb icon_family=\u00bbsteadysets\u00bb icon_color=\u00bbAccent-Color\u00bb image_url_2=\u00bb1246&#8243; text_color_2=\u00bbdark\u00bb h_text_align=\u00bbleft\u00bb v_text_align=\u00bbtop\u00bb image_loading=\u00bbdefault\u00bb flip_direction=\u00bbhorizontal-to-left\u00bb icon_size=\u00bb40&#8243; min_height=\u00bb400&#8243; icon_steadysets=\u00bbsteadysets-icon-reload\u00bb][\/nectar_flip_box][vc_column_text]\n<h2 style=\"text-align: center;\">2275<br \/>\nSoporte de barril<\/h2>\n[\/vc_column_text][toggles style=\u00bbdefault\u00bb border_radius=\u00bbnone\u00bb][toggle color=\u00bbDefault\u00bb heading_tag=\u00bbdefault\u00bb heading_tag_functionality=\u00bbdefault\u00bb title=\u00bbDatos t\u00e9cnicos\u00bb][vc_column_text]Estanter\u00eda estable de perfiles de acero de alta calidad con soportes con rodillos para colocar los bidones. Una cuba colectora independiente protege la superficie contra posibles goteos de l\u00edquidos.<\/p>\n<p>Disponible en opcional:<\/p>\n<ul>\n<li>2 rodillos gu\u00eda y 2 rodillos fijos<\/li>\n<li>Totalmente galvanizado<\/li>\n<li>Con pintura especial RAL al horno<\/li>\n<li>Con pintura especial RAL<\/li>\n<li>Parrillas galvanizadas<\/li>\n<li>Aseguramiento para el transporte<\/li>\n<\/ul>\n[\/vc_column_text][\/toggle][toggle color=\u00bbDefault\u00bb heading_tag=\u00bbdefault\u00bb heading_tag_functionality=\u00bbdefault\u00bb title=\u00bbDimensiones\u00bb][vc_column_text]\n<table width=\"337\">\n<tbody>\n<tr>\n<td width=\"55\">Tipo<\/td>\n<td width=\"83\"><\/td>\n<td width=\"61\">NO<\/td>\n<td width=\"46\">L<\/td>\n<td width=\"46\">B<\/td>\n<td width=\"46\">H<\/td>\n<\/tr>\n<tr>\n<td>2275.1<\/td>\n<td>Estanter\u00eda para bidones<\/td>\n<td>1x 200l<\/td>\n<td>1120<\/td>\n<td>540<\/td>\n<td>880<\/td>\n<\/tr>\n<tr>\n<td>2275.2<\/td>\n<td colspan=\"2\">Cuba colector<\/td>\n<td>1220<\/td>\n<td>825<\/td>\n<td>340<\/td>\n<\/tr>\n<tr>\n<td>2275.3<\/td>\n<td>Estanter\u00eda para bidones<\/td>\n<td>2x 200l<\/td>\n<td>1420<\/td>\n<td>540<\/td>\n<td>880<\/td>\n<\/tr>\n<tr>\n<td>2275.4<\/td>\n<td colspan=\"2\">Cuba colector<\/td>\n<td>1220<\/td>\n<td>1220<\/td>\n<td>340<\/td>\n<\/tr>\n<tr>\n<td>2275.5<\/td>\n<td colspan=\"2\">Soporte para bidones<\/td>\n<td><\/td>\n<td><\/td>\n<td><\/td>\n<\/tr>\n<tr>\n<td>2275.6<\/td>\n<td>Soporte de rodillos<\/td>\n<td><\/td>\n<td>530<\/td>\n<td>360<\/td>\n<td>110<\/td>\n<\/tr>\n<\/tbody>\n<\/table>\n[\/vc_column_text][\/toggle][toggle color=\u00bbDefault\u00bb heading_tag=\u00bbdefault\u00bb heading_tag_functionality=\u00bbdefault\u00bb title=\u00bbOtras fotos\u00bb][vc_gallery type=\u00bbflexslider_style\u00bb images=\u00bb1243,1242,1291,1292&#8243; onclick=\u00bblink_no\u00bb][\/toggle][\/toggles][divider line_type=\u00bbFull Width Line\u00bb line_thickness=\u00bb5&#8243; divider_color=\u00bbaccent-color\u00bb custom_height=\u00bb7&#8243;][\/vc_column][vc_column column_padding=\u00bbno-extra-padding\u00bb column_padding_tablet=\u00bbinherit\u00bb column_padding_phone=\u00bbinherit\u00bb column_padding_position=\u00bball\u00bb column_element_direction_desktop=\u00bbdefault\u00bb column_element_spacing=\u00bbdefault\u00bb desktop_text_alignment=\u00bbdefault\u00bb tablet_text_alignment=\u00bbdefault\u00bb phone_text_alignment=\u00bbdefault\u00bb background_color_opacity=\u00bb1&#8243; background_hover_color_opacity=\u00bb1&#8243; column_backdrop_filter=\u00bbnone\u00bb column_shadow=\u00bbnone\u00bb column_border_radius=\u00bbnone\u00bb column_link_target=\u00bb_self\u00bb column_position=\u00bbdefault\u00bb gradient_direction=\u00bbleft_to_right\u00bb overlay_strength=\u00bb0.3&#8243; width=\u00bb1\/6&#8243; tablet_width_inherit=\u00bbdefault\u00bb animation_type=\u00bbdefault\u00bb bg_image_animation=\u00bbnone\u00bb border_type=\u00bbsimple\u00bb column_border_width=\u00bbnone\u00bb column_border_style=\u00bbsolid\u00bb][nectar_flip_box image_url_1=\u00bb5347&#8243; text_color=\u00bbdark\u00bb icon_family=\u00bbsteadysets\u00bb icon_color=\u00bbaccent-color\u00bb image_url_2=\u00bb6925&#8243; text_color_2=\u00bbdark\u00bb h_text_align=\u00bbleft\u00bb v_text_align=\u00bbtop\u00bb image_loading=\u00bbdefault\u00bb flip_direction=\u00bbhorizontal-to-left\u00bb icon_size=\u00bb40&#8243; min_height=\u00bb400&#8243; icon_steadysets=\u00bbsteadysets-icon-reload\u00bb][\/nectar_flip_box][vc_column_text]\n<h2 style=\"text-align: center;\">3010<br \/>\nCuba colectora<\/h2>\n[\/vc_column_text][toggles style=\u00bbdefault\u00bb border_radius=\u00bbnone\u00bb][toggle color=\u00bbDefault\u00bb heading_tag=\u00bbdefault\u00bb heading_tag_functionality=\u00bbdefault\u00bb title=\u00bbDatos t\u00e9cnicos\u00bb][vc_column_text]Cuba colectora muy profunda estanca al agua y al aceite con paredes laterales c\u00f3nicas y rejillas estables y galvanizadas que cumplen las normas industriales. Las patas de los pal\u00e9s robustos est\u00e1n previstas para el transporte con horquillas. Disponible en distintos tama\u00f1os y profundidades.[\/vc_column_text][\/toggle][toggle color=\u00bbDefault\u00bb heading_tag=\u00bbdefault\u00bb heading_tag_functionality=\u00bbdefault\u00bb title=\u00bbDimensiones\u00bb][vc_column_text]\n<table width=\"237\">\n<tbody>\n<tr>\n<td width=\"51\">Tipo<\/td>\n<td width=\"51\">Cont.<\/td>\n<td width=\"45\">Long.<\/td>\n<td width=\"45\">Ancho<\/td>\n<td width=\"45\">Altura<\/td>\n<\/tr>\n<tr>\n<td colspan=\"3\">Versi\u00f3n con rejilla<\/td>\n<td><\/td>\n<td><\/td>\n<\/tr>\n<tr>\n<td>3010.1<\/td>\n<td>210<\/td>\n<td>820<\/td>\n<td>820<\/td>\n<td>535<\/td>\n<\/tr>\n<tr>\n<td>3010.2<\/td>\n<td>220<\/td>\n<td>1220<\/td>\n<td>820<\/td>\n<td>400<\/td>\n<\/tr>\n<tr>\n<td>3010.3<\/td>\n<td>240<\/td>\n<td>1230<\/td>\n<td>1230<\/td>\n<td>320<\/td>\n<\/tr>\n<tr>\n<td>3010.4<\/td>\n<td>240<\/td>\n<td>2430<\/td>\n<td>820<\/td>\n<td>275<\/td>\n<\/tr>\n<tr>\n<td colspan=\"3\">Versi\u00f3n sin rejilla<\/td>\n<td><\/td>\n<td><\/td>\n<\/tr>\n<tr>\n<td>3010.5<\/td>\n<td>210<\/td>\n<td>820<\/td>\n<td>820<\/td>\n<td>535<\/td>\n<\/tr>\n<tr>\n<td>3010.6<\/td>\n<td>220<\/td>\n<td>1220<\/td>\n<td>820<\/td>\n<td>400<\/td>\n<\/tr>\n<tr>\n<td>3010.7<\/td>\n<td>240<\/td>\n<td>1230<\/td>\n<td>1230<\/td>\n<td>320<\/td>\n<\/tr>\n<tr>\n<td>3010.8<\/td>\n<td>240<\/td>\n<td>2430<\/td>\n<td>820<\/td>\n<td>275<\/td>\n<\/tr>\n<\/tbody>\n<\/table>\n[\/vc_column_text][\/toggle][toggle color=\u00bbDefault\u00bb heading_tag=\u00bbdefault\u00bb heading_tag_functionality=\u00bbdefault\u00bb title=\u00bbOtras fotos\u00bb][vc_gallery type=\u00bbflexslider_style\u00bb images=\u00bb1254,1253,1251,1248,1250,1289,1290&#8243; onclick=\u00bblink_no\u00bb][\/toggle][\/toggles][divider line_type=\u00bbFull Width Line\u00bb line_thickness=\u00bb5&#8243; divider_color=\u00bbaccent-color\u00bb custom_height=\u00bb7&#8243;][\/vc_column][vc_column column_padding=\u00bbno-extra-padding\u00bb column_padding_tablet=\u00bbinherit\u00bb column_padding_phone=\u00bbinherit\u00bb column_padding_position=\u00bball\u00bb column_element_direction_desktop=\u00bbdefault\u00bb column_element_spacing=\u00bbdefault\u00bb desktop_text_alignment=\u00bbdefault\u00bb tablet_text_alignment=\u00bbdefault\u00bb phone_text_alignment=\u00bbdefault\u00bb background_color_opacity=\u00bb1&#8243; background_hover_color_opacity=\u00bb1&#8243; column_backdrop_filter=\u00bbnone\u00bb column_shadow=\u00bbnone\u00bb column_border_radius=\u00bbnone\u00bb column_link_target=\u00bb_self\u00bb column_position=\u00bbdefault\u00bb gradient_direction=\u00bbleft_to_right\u00bb overlay_strength=\u00bb0.3&#8243; width=\u00bb1\/6&#8243; tablet_width_inherit=\u00bbdefault\u00bb animation_type=\u00bbdefault\u00bb bg_image_animation=\u00bbnone\u00bb border_type=\u00bbsimple\u00bb column_border_width=\u00bbnone\u00bb column_border_style=\u00bbsolid\u00bb][nectar_flip_box image_url_1=\u00bb5593&#8243; text_color=\u00bbdark\u00bb icon_family=\u00bbsteadysets\u00bb icon_color=\u00bbaccent-color\u00bb image_url_2=\u00bb6920&#8243; text_color_2=\u00bbdark\u00bb h_text_align=\u00bbleft\u00bb v_text_align=\u00bbtop\u00bb image_loading=\u00bbdefault\u00bb flip_direction=\u00bbhorizontal-to-left\u00bb icon_size=\u00bb40&#8243; min_height=\u00bb400&#8243; icon_steadysets=\u00bbsteadysets-icon-reload\u00bb][\/nectar_flip_box][vc_column_text]\n<h2 style=\"text-align: center;\">3039 Soporte profesional<br \/>\npara big bags<\/h2>\n[\/vc_column_text][toggles style=\u00bbdefault\u00bb border_radius=\u00bbnone\u00bb][toggle color=\u00bbDefault\u00bb heading_tag=\u00bbdefault\u00bb heading_tag_functionality=\u00bbdefault\u00bb title=\u00bbDatos t\u00e9cnicos\u00bb][vc_column_text]Bandeja colectora soldada robusta de chapa galvanizada con perfiles de esquina enchufables regulables en altura para tensar los big bags. Para un f\u00e1cil llenado de materiales mojados. El l\u00edquido que cae del big bag se puede retirar mediante los tapones en la bandeja colectora. Apropiado para el transporte con carretilla elevadora o gr\u00faa.[\/vc_column_text][\/toggle][toggle color=\u00bbDefault\u00bb heading_tag=\u00bbdefault\u00bb heading_tag_functionality=\u00bbdefault\u00bb title=\u00bbDimensiones\u00bb][vc_column_text]\n<table width=\"237\">\n<tbody>\n<tr>\n<td width=\"51\">Tipo<\/td>\n<td width=\"51\">Cont.<\/td>\n<td width=\"45\">Long.<\/td>\n<td width=\"45\">Ancho<\/td>\n<td width=\"45\">Altura<\/td>\n<\/tr>\n<tr>\n<td>3039<\/td>\n<td>375<\/td>\n<td>1200<\/td>\n<td>1200<\/td>\n<td>1585<\/td>\n<\/tr>\n<tr>\n<td colspan=\"5\">Medida de transporte<\/td>\n<\/tr>\n<tr>\n<td>3039<\/td>\n<td>375<\/td>\n<td>1200<\/td>\n<td>1200<\/td>\n<td>690<\/td>\n<\/tr>\n<\/tbody>\n<\/table>\n[\/vc_column_text][\/toggle][\/toggles][divider line_type=\u00bbFull Width Line\u00bb line_thickness=\u00bb5&#8243; divider_color=\u00bbaccent-color\u00bb custom_height=\u00bb7&#8243;][\/vc_column][vc_column column_padding=\u00bbno-extra-padding\u00bb column_padding_tablet=\u00bbinherit\u00bb column_padding_phone=\u00bbinherit\u00bb column_padding_position=\u00bball\u00bb column_element_direction_desktop=\u00bbdefault\u00bb column_element_spacing=\u00bbdefault\u00bb desktop_text_alignment=\u00bbdefault\u00bb tablet_text_alignment=\u00bbdefault\u00bb phone_text_alignment=\u00bbdefault\u00bb background_color_opacity=\u00bb1&#8243; background_hover_color_opacity=\u00bb1&#8243; column_backdrop_filter=\u00bbnone\u00bb column_shadow=\u00bbnone\u00bb column_border_radius=\u00bbnone\u00bb column_link_target=\u00bb_self\u00bb column_position=\u00bbdefault\u00bb gradient_direction=\u00bbleft_to_right\u00bb overlay_strength=\u00bb0.3&#8243; width=\u00bb1\/6&#8243; tablet_width_inherit=\u00bbdefault\u00bb animation_type=\u00bbdefault\u00bb bg_image_animation=\u00bbnone\u00bb border_type=\u00bbsimple\u00bb column_border_width=\u00bbnone\u00bb column_border_style=\u00bbsolid\u00bb][nectar_flip_box image_url_1=\u00bb1273&#8243; text_color=\u00bbdark\u00bb icon_family=\u00bbsteadysets\u00bb icon_color=\u00bbaccent-color\u00bb image_url_2=\u00bb6915&#8243; text_color_2=\u00bbdark\u00bb h_text_align=\u00bbleft\u00bb v_text_align=\u00bbtop\u00bb image_loading=\u00bbdefault\u00bb flip_direction=\u00bbhorizontal-to-left\u00bb icon_size=\u00bb40&#8243; min_height=\u00bb400&#8243; icon_steadysets=\u00bbsteadysets-icon-reload\u00bb][\/nectar_flip_box][vc_column_text]\n<h2 style=\"text-align: center;\">3030 Bandeja-paleta<br \/>\nde retenci\u00f3n<\/h2>\n[\/vc_column_text][toggles style=\u00bbdefault\u00bb border_radius=\u00bbnone\u00bb][toggle color=\u00bbDefault\u00bb heading_tag=\u00bbdefault\u00bb heading_tag_functionality=\u00bbdefault\u00bb title=\u00bbDatos t\u00e9cnicos\u00bb][vc_column_text]Construcci\u00f3n estable de chapa de acero para almacenar sustancias nocivas para el agua conforme a las disposiciones. Con cuba colectora adicional. Transporte seguro y sencillo tanto con gr\u00faa como con horquilla. Con juego de sustancias aglutinantes.<\/p>\n<p>Opcional: con set inicial para aglomerante[\/vc_column_text][\/toggle][toggle color=\u00bbDefault\u00bb heading_tag=\u00bbdefault\u00bb heading_tag_functionality=\u00bbdefault\u00bb title=\u00bbDimensiones\u00bb][vc_column_text]\n<table width=\"237\">\n<tbody>\n<tr>\n<td width=\"51\">Tipo<\/td>\n<td width=\"51\">Cont.<\/td>\n<td width=\"45\">Long.<\/td>\n<td width=\"45\">Ancho<\/td>\n<td width=\"45\">Altura<\/td>\n<\/tr>\n<tr>\n<td>3030.2<\/td>\n<td>200<\/td>\n<td>1630<\/td>\n<td>800<\/td>\n<td>1575<\/td>\n<\/tr>\n<tr>\n<td>3030.7<\/td>\n<td>400<\/td>\n<td>1570<\/td>\n<td>1660<\/td>\n<td>1705<\/td>\n<\/tr>\n<tr>\n<td>3030.12<\/td>\n<td>1000<\/td>\n<td>1780<\/td>\n<td>1580<\/td>\n<td>2340<\/td>\n<\/tr>\n<\/tbody>\n<\/table>\n[\/vc_column_text][\/toggle][toggle color=\u00bbDefault\u00bb heading_tag=\u00bbdefault\u00bb heading_tag_functionality=\u00bbdefault\u00bb title=\u00bbOtras fotos\u00bb][vc_gallery type=\u00bbflexslider_style\u00bb images=\u00bb1276,1277,1274,1275,1268,1282,1283,1284&#8243; onclick=\u00bblink_no\u00bb][\/toggle][\/toggles][divider line_type=\u00bbFull Width Line\u00bb line_thickness=\u00bb5&#8243; divider_color=\u00bbaccent-color\u00bb custom_height=\u00bb7&#8243;][\/vc_column][vc_column column_padding=\u00bbpadding-2-percent\u00bb column_padding_tablet=\u00bbinherit\u00bb column_padding_phone=\u00bbinherit\u00bb column_padding_position=\u00bball\u00bb column_element_direction_desktop=\u00bbdefault\u00bb column_element_spacing=\u00bbdefault\u00bb desktop_text_alignment=\u00bbdefault\u00bb tablet_text_alignment=\u00bbdefault\u00bb phone_text_alignment=\u00bbdefault\u00bb background_color=\u00bb#646c84&#8243; background_color_opacity=\u00bb0.2&#8243; background_hover_color_opacity=\u00bb1&#8243; column_backdrop_filter=\u00bbnone\u00bb column_shadow=\u00bbnone\u00bb column_border_radius=\u00bbnone\u00bb column_link_target=\u00bb_self\u00bb column_position=\u00bbdefault\u00bb gradient_direction=\u00bbleft_to_right\u00bb overlay_strength=\u00bb0.3&#8243; width=\u00bb1\/3&#8243; tablet_width_inherit=\u00bbdefault\u00bb animation_type=\u00bbdefault\u00bb bg_image_animation=\u00bbnone\u00bb border_type=\u00bbsimple\u00bb column_border_width=\u00bbnone\u00bb column_border_style=\u00bbsolid\u00bb][nectar_animated_title heading_tag=\u00bbh2&#8243; style=\u00bbcolor-strip-reveal\u00bb color=\u00bbAccent-Color\u00bb text=\u00bbFE ofrece contenedores importantes para su obra.\u00bb][divider line_type=\u00bbNo Line\u00bb custom_height=\u00bb30&#8243;][vc_column_text]<a href=\"\/?page_id=398\"><strong><i class=\"icon-tiny fa fa-play accent-color\"><\/i> Accesorios para obras<\/strong><\/a><\/p>\n<p><a href=\"\/?page_id=420\"><strong><i class=\"icon-tiny fa fa-play accent-color\"><\/i> Limpiezas de cubilotes de hormig\u00f3n<\/strong><\/a><\/p>\n<p><a href=\"\/?page_id=404\"><strong><i class=\"icon-tiny fa fa-play accent-color\"><\/i> Jaulas y palets apilables<\/strong><\/a><\/p>\n<p><a href=\"\/?page_id=3144\"><strong><i class=\"icon-tiny fa fa-play accent-color\"><\/i> Plataformas de trabajo | Cestas de trabajo<\/strong><\/a><\/p>\n<p><a href=\"\/?page_id=386\"><strong><i class=\"icon-tiny fa fa-play accent-color\"><\/i> Superdeck | Plataforma de trabajo<\/strong><\/a><\/p>\n<p><a href=\"\/?page_id=394\"><strong><i class=\"icon-tiny fa fa-play accent-color\"><\/i> Carretillas manuales<\/strong><\/a>[\/vc_column_text][divider line_type=\u00bbNo Line\u00bb custom_height=\u00bb30&#8243;][nectar_animated_title heading_tag=\u00bbh2&#8243; style=\u00bbcolor-strip-reveal\u00bb color=\u00bbAccent-Color\u00bb text=\u00bbRobusto. Naranja. Eichinger.\u00bb][\/vc_column][\/vc_row]\n","protected":false},"excerpt":{"rendered":"<p>[vc_row type=\u00bbfull_width_content\u00bb full_screen_row_position=\u00bbmiddle\u00bb column_margin=\u00bbdefault\u00bb column_direction=\u00bbdefault\u00bb column_direction_tablet=\u00bbdefault\u00bb column_direction_phone=\u00bbdefault\u00bb scene_position=\u00bbcenter\u00bb text_color=\u00bbdark\u00bb text_align=\u00bbleft\u00bb row_border_radius=\u00bbnone\u00bb row_border_radius_applies=\u00bbbg\u00bb overflow=\u00bbvisible\u00bb overlay_strength=\u00bb0.3&#8243; gradient_direction=\u00bbleft_to_right\u00bb shape_divider_position=\u00bbbottom\u00bb bg_image_animation=\u00bbnone\u00bb][vc_column column_padding=\u00bbno-extra-padding\u00bb column_padding_tablet=\u00bbinherit\u00bb column_padding_phone=\u00bbinherit\u00bb column_padding_position=\u00bbleft-right\u00bb column_element_direction_desktop=\u00bbdefault\u00bb column_element_spacing=\u00bbdefault\u00bb desktop_text_alignment=\u00bbdefault\u00bb tablet_text_alignment=\u00bbdefault\u00bb phone_text_alignment=\u00bbdefault\u00bb background_color_opacity=\u00bb1&#8243; background_hover_color_opacity=\u00bb1&#8243; column_backdrop_filter=\u00bbnone\u00bb column_shadow=\u00bbnone\u00bb&#8230;<\/p>\n","protected":false},"author":1,"featured_media":0,"parent":0,"menu_order":0,"comment_status":"closed","ping_status":"closed","template":"","meta":{"footnotes":""},"class_list":["post-3147","page","type-page","status-publish"],"_links":{"self":[{"href":"https:\/\/eichinger.de\/es\/wp-json\/wp\/v2\/pages\/3147","targetHints":{"allow":["GET"]}}],"collection":[{"href":"https:\/\/eichinger.de\/es\/wp-json\/wp\/v2\/pages"}],"about":[{"href":"https:\/\/eichinger.de\/es\/wp-json\/wp\/v2\/types\/page"}],"author":[{"embeddable":true,"href":"https:\/\/eichinger.de\/es\/wp-json\/wp\/v2\/users\/1"}],"replies":[{"embeddable":true,"href":"https:\/\/eichinger.de\/es\/wp-json\/wp\/v2\/comments?post=3147"}],"version-history":[{"count":11,"href":"https:\/\/eichinger.de\/es\/wp-json\/wp\/v2\/pages\/3147\/revisions"}],"predecessor-version":[{"id":7401,"href":"https:\/\/eichinger.de\/es\/wp-json\/wp\/v2\/pages\/3147\/revisions\/7401"}],"wp:attachment":[{"href":"https:\/\/eichinger.de\/es\/wp-json\/wp\/v2\/media?parent=3147"}],"curies":[{"name":"wp","href":"https:\/\/api.w.org\/{rel}","templated":true}]}}