{"id":3151,"date":"2017-01-29T07:19:26","date_gmt":"2017-01-29T06:19:26","guid":{"rendered":"http:\/\/eichinger.de.w0094cee.kasserver.com\/baustellenzubehoer\/"},"modified":"2023-04-27T15:35:45","modified_gmt":"2023-04-27T13:35:45","slug":"accesorios-para-obras","status":"publish","type":"page","link":"https:\/\/eichinger.de\/es\/accesorios-para-obras\/","title":{"rendered":"Accesorios para obras"},"content":{"rendered":"[vc_row type=\u00bbfull_width_content\u00bb full_screen_row_position=\u00bbmiddle\u00bb column_margin=\u00bbdefault\u00bb column_direction=\u00bbdefault\u00bb column_direction_tablet=\u00bbdefault\u00bb column_direction_phone=\u00bbdefault\u00bb scene_position=\u00bbcenter\u00bb text_color=\u00bbdark\u00bb text_align=\u00bbleft\u00bb row_border_radius=\u00bbnone\u00bb row_border_radius_applies=\u00bbbg\u00bb overlay_strength=\u00bb0.3&#8243; gradient_direction=\u00bbleft_to_right\u00bb shape_divider_position=\u00bbbottom\u00bb bg_image_animation=\u00bbnone\u00bb][vc_column column_padding=\u00bbno-extra-padding\u00bb column_padding_tablet=\u00bbinherit\u00bb column_padding_phone=\u00bbinherit\u00bb column_padding_position=\u00bbleft-right\u00bb column_element_spacing=\u00bbdefault\u00bb background_color_opacity=\u00bb1&#8243; background_hover_color_opacity=\u00bb1&#8243; column_shadow=\u00bbnone\u00bb column_border_radius=\u00bbnone\u00bb column_link_target=\u00bb_self\u00bb gradient_direction=\u00bbleft_to_right\u00bb overlay_strength=\u00bb0.3&#8243; width=\u00bb1\/6&#8243; tablet_width_inherit=\u00bbdefault\u00bb tablet_text_alignment=\u00bbdefault\u00bb phone_text_alignment=\u00bbdefault\u00bb bg_image_animation=\u00bbnone\u00bb border_type=\u00bbsimple\u00bb column_border_width=\u00bbnone\u00bb column_border_style=\u00bbsolid\u00bb][nectar_flip_box image_url_1=\u00bb824&#8243; text_color=\u00bbdark\u00bb icon_family=\u00bbsteadysets\u00bb icon_color=\u00bbAccent-Color\u00bb text_color_2=\u00bbdark\u00bb h_text_align=\u00bbleft\u00bb v_text_align=\u00bbtop\u00bb image_loading=\u00bbdefault\u00bb flip_direction=\u00bbhorizontal-to-left\u00bb icon_size=\u00bb40&#8243; min_height=\u00bb400&#8243; icon_steadysets=\u00bbsteadysets-icon-reload\u00bb][\/nectar_flip_box][vc_column_text]\n<h2 style=\"text-align: center;\">1096 Big Bag<\/h2>\n<p><span style=\"color: #ffffff;\">.<\/span>[\/vc_column_text][toggles style=\u00bbdefault\u00bb][toggle color=\u00bbDefault\u00bb title=\u00bbDatos t\u00e9cnicos\u00bb][vc_column_text]Dep\u00f3sito para material a granel robusto, fl exible y resistente a las roturas hecho de fi bras de polipropileno para transportar y almacenar material a granel grueso y fi no con y sin contenido de polvo.<\/p>\n<p>Las juntas cosidas y el tejido garantizan sin problemas un uso repetido.[\/vc_column_text][\/toggle][toggle color=\u00bbDefault\u00bb title=\u00bbDimensiones\u00bb][vc_column_text]\n<table style=\"border-collapse: collapse; width: 124pt;\" border=\"0\" width=\"166\" cellspacing=\"0\" cellpadding=\"0\">\n<colgroup>\n<col style=\"width: 62pt;\" span=\"2\" width=\"83\" \/> <\/colgroup>\n<tbody>\n<tr style=\"height: 13.2pt;\">\n<td style=\"height: 13.2pt; width: 62pt;\" width=\"83\" height=\"18\">Tipo<\/td>\n<td style=\"width: 62pt;\" width=\"83\">Cap. portante<\/td>\n<\/tr>\n<tr style=\"height: 13.2pt;\">\n<td style=\"height: 13.2pt;\" height=\"18\">1096.1<\/td>\n<td align=\"right\">1000<\/td>\n<\/tr>\n<tr style=\"height: 13.2pt;\">\n<td style=\"height: 13.2pt;\" height=\"18\">1096.2<\/td>\n<td align=\"right\">1250<\/td>\n<\/tr>\n<tr style=\"height: 13.2pt;\">\n<td style=\"height: 13.2pt;\" height=\"18\">1096.3<\/td>\n<td align=\"right\">1500<\/td>\n<\/tr>\n<\/tbody>\n<\/table>\n[\/vc_column_text][\/toggle][\/toggles][divider line_type=\u00bbFull Width Line\u00bb line_thickness=\u00bb5&#8243; divider_color=\u00bbaccent-color\u00bb custom_height=\u00bb7&#8243;][\/vc_column][vc_column column_padding=\u00bbno-extra-padding\u00bb column_padding_tablet=\u00bbinherit\u00bb column_padding_phone=\u00bbinherit\u00bb column_padding_position=\u00bball\u00bb column_element_spacing=\u00bbdefault\u00bb background_color_opacity=\u00bb1&#8243; background_hover_color_opacity=\u00bb1&#8243; column_shadow=\u00bbnone\u00bb column_border_radius=\u00bbnone\u00bb column_link_target=\u00bb_self\u00bb gradient_direction=\u00bbleft_to_right\u00bb overlay_strength=\u00bb0.3&#8243; width=\u00bb1\/6&#8243; tablet_width_inherit=\u00bbdefault\u00bb tablet_text_alignment=\u00bbdefault\u00bb phone_text_alignment=\u00bbdefault\u00bb bg_image_animation=\u00bbnone\u00bb border_type=\u00bbsimple\u00bb column_border_width=\u00bbnone\u00bb column_border_style=\u00bbsolid\u00bb][nectar_flip_box image_url_1=\u00bb825&#8243; text_color=\u00bbdark\u00bb icon_family=\u00bbsteadysets\u00bb icon_color=\u00bbaccent-color\u00bb image_url_2=\u00bb6941&#8243; text_color_2=\u00bbdark\u00bb h_text_align=\u00bbleft\u00bb v_text_align=\u00bbtop\u00bb image_loading=\u00bbdefault\u00bb flip_direction=\u00bbhorizontal-to-left\u00bb icon_size=\u00bb40&#8243; min_height=\u00bb400&#8243; icon_steadysets=\u00bbsteadysets-icon-reload\u00bb][\/nectar_flip_box][vc_column_text]\n<h2 style=\"text-align: center;\">1097 Travesa\u00f1o Big Bag<\/h2>\n<p><span style=\"color: #ffffff;\">.<\/span>[\/vc_column_text][toggles style=\u00bbdefault\u00bb][toggle color=\u00bbDefault\u00bb title=\u00bbDatos t\u00e9cnicos\u00bb][vc_column_text]Construcci\u00f3n robusta de acero para transportar con cuidado los dep\u00f3sitos Big Bag con carretillas apiladoras o equipos elevadores.<\/p>\n<p>Los grandes radios de los bulones portadores permiten que las cintas del Big Bag tengan una larga vida \u00fatil.[\/vc_column_text][\/toggle][toggle color=\u00bbDefault\u00bb title=\u00bbDimensiones\u00bb][vc_column_text]\n<table style=\"border-collapse: collapse; width: 124pt;\" border=\"0\" width=\"166\" cellspacing=\"0\" cellpadding=\"0\">\n<colgroup>\n<col style=\"width: 62pt;\" span=\"2\" width=\"83\" \/> <\/colgroup>\n<tbody>\n<tr style=\"height: 13.2pt;\">\n<td style=\"height: 13.2pt; width: 62pt;\" width=\"83\" height=\"18\">Tipo<\/td>\n<td style=\"width: 62pt;\" width=\"83\">Cap. portante<\/td>\n<\/tr>\n<tr style=\"height: 13.2pt;\">\n<td style=\"height: 13.2pt;\" height=\"18\">1097.1<\/td>\n<td align=\"right\">1000<\/td>\n<\/tr>\n<tr style=\"height: 13.2pt;\">\n<td style=\"height: 13.2pt;\" height=\"18\">1097.2<\/td>\n<td align=\"right\">1500<\/td>\n<\/tr>\n<tr style=\"height: 13.2pt;\">\n<td style=\"height: 13.2pt;\" height=\"18\">1097.3<\/td>\n<td align=\"right\">2000<\/td>\n<\/tr>\n<tr style=\"height: 13.2pt;\">\n<td style=\"height: 13.2pt;\" height=\"18\">1097.4<\/td>\n<td align=\"right\">3000<\/td>\n<\/tr>\n<\/tbody>\n<\/table>\n[\/vc_column_text][\/toggle][\/toggles][divider line_type=\u00bbFull Width Line\u00bb line_thickness=\u00bb5&#8243; divider_color=\u00bbaccent-color\u00bb custom_height=\u00bb7&#8243;][\/vc_column][vc_column column_padding=\u00bbno-extra-padding\u00bb column_padding_tablet=\u00bbinherit\u00bb column_padding_phone=\u00bbinherit\u00bb column_padding_position=\u00bball\u00bb column_element_spacing=\u00bbdefault\u00bb background_color_opacity=\u00bb1&#8243; background_hover_color_opacity=\u00bb1&#8243; column_shadow=\u00bbnone\u00bb column_border_radius=\u00bbnone\u00bb column_link_target=\u00bb_self\u00bb gradient_direction=\u00bbleft_to_right\u00bb overlay_strength=\u00bb0.3&#8243; width=\u00bb1\/6&#8243; tablet_width_inherit=\u00bbdefault\u00bb tablet_text_alignment=\u00bbdefault\u00bb phone_text_alignment=\u00bbdefault\u00bb bg_image_animation=\u00bbnone\u00bb border_type=\u00bbsimple\u00bb column_border_width=\u00bbnone\u00bb column_border_style=\u00bbsolid\u00bb][nectar_flip_box image_url_1=\u00bb826&#8243; text_color=\u00bbdark\u00bb icon_family=\u00bbsteadysets\u00bb icon_color=\u00bbaccent-color\u00bb image_url_2=\u00bb6947&#8243; text_color_2=\u00bbdark\u00bb h_text_align=\u00bbleft\u00bb v_text_align=\u00bbtop\u00bb image_loading=\u00bbdefault\u00bb flip_direction=\u00bbhorizontal-to-left\u00bb icon_size=\u00bb40&#8243; min_height=\u00bb400&#8243; icon_steadysets=\u00bbsteadysets-icon-reload\u00bb][\/nectar_flip_box][vc_column_text]\n<h2 style=\"text-align: center;\">1210 Caja de herramientas<\/h2>\n<p style=\"text-align: center;\">Acero<\/p>\n[\/vc_column_text][toggles style=\u00bbdefault\u00bb][toggle color=\u00bbDefault\u00bb title=\u00bbDatos t\u00e9cnicos\u00bb][vc_column_text]Necesaria en cualquier obra: una caja robusta y espaciosa de chapa de acero para guardar de forma segura las herramientas. Las seis patas ofrecen una altura libre apropiada debajo de la caja para la carretilla. En serie con cuatro argollas para gr\u00faa, tapadera de chapa estriada y argolla para c\u00e1ndado. Ejecuci\u00f3n: pintada o galvaniza.[\/vc_column_text][\/toggle][toggle color=\u00bbDefault\u00bb title=\u00bbDimensiones\u00bb][vc_column_text]\n<table width=\"270\">\n<tbody>\n<tr>\n<td width=\"54\">Tipo<\/td>\n<td width=\"54\">Cont.<\/td>\n<td width=\"54\">Long.<\/td>\n<td width=\"54\">Ancho<\/td>\n<td width=\"54\">Altura<\/td>\n<\/tr>\n<tr>\n<td>1210.1<\/td>\n<td>300<\/td>\n<td>1120<\/td>\n<td>610<\/td>\n<td>800<\/td>\n<\/tr>\n<tr>\n<td>1210.2<\/td>\n<td>500<\/td>\n<td>1120<\/td>\n<td>1110<\/td>\n<td>800<\/td>\n<\/tr>\n<tr>\n<td>1210.3<\/td>\n<td>600<\/td>\n<td>1920<\/td>\n<td>710<\/td>\n<td>800<\/td>\n<\/tr>\n<\/tbody>\n<\/table>\n[\/vc_column_text][\/toggle][\/toggles][divider line_type=\u00bbFull Width Line\u00bb line_thickness=\u00bb5&#8243; divider_color=\u00bbaccent-color\u00bb custom_height=\u00bb7&#8243;][\/vc_column][vc_column column_padding=\u00bbno-extra-padding\u00bb column_padding_tablet=\u00bbinherit\u00bb column_padding_phone=\u00bbinherit\u00bb column_padding_position=\u00bball\u00bb column_element_spacing=\u00bbdefault\u00bb background_color_opacity=\u00bb1&#8243; background_hover_color_opacity=\u00bb1&#8243; column_shadow=\u00bbnone\u00bb column_border_radius=\u00bbnone\u00bb column_link_target=\u00bb_self\u00bb gradient_direction=\u00bbleft_to_right\u00bb overlay_strength=\u00bb0.3&#8243; width=\u00bb1\/6&#8243; tablet_width_inherit=\u00bbdefault\u00bb tablet_text_alignment=\u00bbdefault\u00bb phone_text_alignment=\u00bbdefault\u00bb bg_image_animation=\u00bbnone\u00bb border_type=\u00bbsimple\u00bb column_border_width=\u00bbnone\u00bb column_border_style=\u00bbsolid\u00bb][nectar_flip_box image_url_1=\u00bb827&#8243; text_color=\u00bbdark\u00bb icon_family=\u00bbsteadysets\u00bb icon_color=\u00bbaccent-color\u00bb image_url_2=\u00bb6953&#8243; text_color_2=\u00bbdark\u00bb h_text_align=\u00bbleft\u00bb v_text_align=\u00bbtop\u00bb image_loading=\u00bbdefault\u00bb flip_direction=\u00bbhorizontal-to-left\u00bb icon_size=\u00bb40&#8243; min_height=\u00bb400&#8243; icon_steadysets=\u00bbsteadysets-icon-reload\u00bb][\/nectar_flip_box][vc_column_text]\n<h2 style=\"text-align: center;\">1211 Caja de herramientas<\/h2>\n<p style=\"text-align: center;\">Aluminio<\/p>\n[\/vc_column_text][toggles style=\u00bbdefault\u00bb][toggle color=\u00bbDefault\u00bb title=\u00bbDatos t\u00e9cnicos\u00bb][vc_column_text]La caja de herramientas para requisitos m\u00e1s altos: una caja robusta y espaciosa de aluminio para guardar herramienta. Las seis patas ofrecen una altura libre apropiada debajo de la caja para la carretilla. En serie con cuatro argollas para gr\u00faa, tapadera de chapa estriada y argolla para c\u00e1ndado.[\/vc_column_text][\/toggle][toggle color=\u00bbDefault\u00bb title=\u00bbDimensiones\u00bb][vc_column_text]\n<table width=\"260\">\n<tbody>\n<tr>\n<td width=\"54\">Tipo<\/td>\n<td width=\"54\">Cont.<\/td>\n<td width=\"54\">Long.<\/td>\n<td width=\"54\">Ancho<\/td>\n<td width=\"54\">Altura<\/td>\n<\/tr>\n<tr>\n<td>1211.1<\/td>\n<td>300<\/td>\n<td>1120<\/td>\n<td>610<\/td>\n<td>800<\/td>\n<\/tr>\n<tr>\n<td>1211.2<\/td>\n<td>500<\/td>\n<td>1120<\/td>\n<td>1110<\/td>\n<td>800<\/td>\n<\/tr>\n<tr>\n<td>1211.3<\/td>\n<td>600<\/td>\n<td>1920<\/td>\n<td>710<\/td>\n<td>800<\/td>\n<\/tr>\n<\/tbody>\n<\/table>\n[\/vc_column_text][\/toggle][\/toggles][divider line_type=\u00bbFull Width Line\u00bb line_thickness=\u00bb5&#8243; divider_color=\u00bbaccent-color\u00bb custom_height=\u00bb7&#8243;][\/vc_column][vc_column column_padding=\u00bbno-extra-padding\u00bb column_padding_tablet=\u00bbinherit\u00bb column_padding_phone=\u00bbinherit\u00bb column_padding_position=\u00bball\u00bb column_element_spacing=\u00bbdefault\u00bb background_color_opacity=\u00bb1&#8243; background_hover_color_opacity=\u00bb1&#8243; column_shadow=\u00bbnone\u00bb column_border_radius=\u00bbnone\u00bb column_link_target=\u00bb_self\u00bb gradient_direction=\u00bbleft_to_right\u00bb overlay_strength=\u00bb0.3&#8243; width=\u00bb1\/6&#8243; tablet_width_inherit=\u00bbdefault\u00bb tablet_text_alignment=\u00bbdefault\u00bb phone_text_alignment=\u00bbdefault\u00bb bg_image_animation=\u00bbnone\u00bb border_type=\u00bbsimple\u00bb column_border_width=\u00bbnone\u00bb column_border_style=\u00bbsolid\u00bb][nectar_flip_box image_url_1=\u00bb828&#8243; text_color=\u00bbdark\u00bb icon_family=\u00bbsteadysets\u00bb icon_color=\u00bbaccent-color\u00bb image_url_2=\u00bb6958&#8243; text_color_2=\u00bbdark\u00bb h_text_align=\u00bbleft\u00bb v_text_align=\u00bbtop\u00bb image_loading=\u00bbdefault\u00bb flip_direction=\u00bbhorizontal-to-left\u00bb icon_size=\u00bb40&#8243; min_height=\u00bb400&#8243; icon_steadysets=\u00bbsteadysets-icon-reload\u00bb][\/nectar_flip_box][vc_column_text]\n<h2 style=\"text-align: center;\">1230 Caseta para planos<\/h2>\n<p><span style=\"color: #ffffff;\">,<\/span>[\/vc_column_text][toggles style=\u00bbdefault\u00bb][toggle color=\u00bbDefault\u00bb title=\u00bbDatos t\u00e9cnicos\u00bb][vc_column_text]\n<ul>\n<li>1 M\u00e9nsula apropiada como superficie de trabajo para planos<\/li>\n<li>2 Estanter\u00edas para recoger y guardar los planos<\/li>\n<li>Una ventana para mejor visibilidad<\/li>\n<li>4 Argollas para su movimiento con la gr\u00faa<\/li>\n<li>4 Dispositivos para introducir las horquillas de la carretilla para su transporte<\/li>\n<li>4 Patas estables<\/li>\n<\/ul>\n<p>Ejecuci\u00f3n: pintada o galvaniza[\/vc_column_text][\/toggle][toggle color=\u00bbDefault\u00bb title=\u00bbDimensiones\u00bb][vc_column_text]\n<table width=\"212\">\n<tbody>\n<tr>\n<td width=\"53\">Tipo<\/td>\n<td width=\"53\">Long.<\/td>\n<td width=\"53\">Ancho<\/td>\n<td width=\"53\">Altura<\/td>\n<\/tr>\n<tr>\n<td>1230.1<\/td>\n<td>1530<\/td>\n<td>1430<\/td>\n<td>2210<\/td>\n<\/tr>\n<\/tbody>\n<\/table>\n[\/vc_column_text][\/toggle][\/toggles][divider line_type=\u00bbFull Width Line\u00bb line_thickness=\u00bb5&#8243; divider_color=\u00bbaccent-color\u00bb custom_height=\u00bb7&#8243;][\/vc_column][vc_column column_padding=\u00bbno-extra-padding\u00bb column_padding_tablet=\u00bbinherit\u00bb column_padding_phone=\u00bbinherit\u00bb column_padding_position=\u00bball\u00bb column_element_spacing=\u00bbdefault\u00bb background_color_opacity=\u00bb1&#8243; background_hover_color_opacity=\u00bb1&#8243; column_shadow=\u00bbnone\u00bb column_border_radius=\u00bbnone\u00bb column_link_target=\u00bb_self\u00bb gradient_direction=\u00bbleft_to_right\u00bb overlay_strength=\u00bb0.3&#8243; width=\u00bb1\/6&#8243; tablet_width_inherit=\u00bbdefault\u00bb tablet_text_alignment=\u00bbdefault\u00bb phone_text_alignment=\u00bbdefault\u00bb bg_image_animation=\u00bbnone\u00bb border_type=\u00bbsimple\u00bb column_border_width=\u00bbnone\u00bb column_border_style=\u00bbsolid\u00bb][nectar_flip_box image_url_1=\u00bb835&#8243; text_color=\u00bbdark\u00bb icon_family=\u00bbsteadysets\u00bb icon_color=\u00bbaccent-color\u00bb image_url_2=\u00bb6963&#8243; text_color_2=\u00bbdark\u00bb h_text_align=\u00bbleft\u00bb v_text_align=\u00bbtop\u00bb image_loading=\u00bbdefault\u00bb flip_direction=\u00bbhorizontal-to-left\u00bb icon_size=\u00bb40&#8243; min_height=\u00bb400&#8243; icon_steadysets=\u00bbsteadysets-icon-reload\u00bb][\/nectar_flip_box][vc_column_text]\n<h2 style=\"text-align: center;\">1328 Jaula<\/h2>\n<p style=\"text-align: center;\">para botellas de gas<\/p>\n[\/vc_column_text][toggles style=\u00bbdefault\u00bb][toggle color=\u00bbDefault\u00bb title=\u00bbDatos t\u00e9cnicos\u00bb][vc_column_text]Construcci\u00f3n robusta de tubo de acero con dispositivo de estabilidad para transportar botellas de gas normalizadas. La disposici\u00f3n c\u00f3nica del estribo de seguridad garantiza la m\u00e1xima estabilidad.<\/p>\n<p>De forma est\u00e1ndar para botellas de gas con \u00d8 250 mm., opcional 220, 300 y 320 mm.<\/p>\n<p>Tambi\u00e9n disponible para otras medidas.[\/vc_column_text][\/toggle][toggle color=\u00bbDefault\u00bb title=\u00bbDimensiones\u00bb][vc_column_text]\n<table width=\"200\">\n<tbody>\n<tr>\n<td width=\"54\">Tipo<\/td>\n<td width=\"54\"><\/td>\n<td width=\"54\">Long.<\/td>\n<td width=\"54\">Ancho<\/td>\n<td width=\"54\">Altura<\/td>\n<\/tr>\n<tr>\n<td>1328.1<\/td>\n<td>4<\/td>\n<td>900<\/td>\n<td>600<\/td>\n<td>2000<\/td>\n<\/tr>\n<tr>\n<td>1328.2<\/td>\n<td>6<\/td>\n<td>1200<\/td>\n<td>600<\/td>\n<td>2000<\/td>\n<\/tr>\n<\/tbody>\n<\/table>\n[\/vc_column_text][\/toggle][\/toggles][divider line_type=\u00bbFull Width Line\u00bb line_thickness=\u00bb5&#8243; divider_color=\u00bbaccent-color\u00bb custom_height=\u00bb7&#8243;][\/vc_column][\/vc_row]\n","protected":false},"excerpt":{"rendered":"<p>[vc_row type=\u00bbfull_width_content\u00bb full_screen_row_position=\u00bbmiddle\u00bb column_margin=\u00bbdefault\u00bb column_direction=\u00bbdefault\u00bb column_direction_tablet=\u00bbdefault\u00bb column_direction_phone=\u00bbdefault\u00bb scene_position=\u00bbcenter\u00bb text_color=\u00bbdark\u00bb text_align=\u00bbleft\u00bb row_border_radius=\u00bbnone\u00bb row_border_radius_applies=\u00bbbg\u00bb overlay_strength=\u00bb0.3&#8243; gradient_direction=\u00bbleft_to_right\u00bb shape_divider_position=\u00bbbottom\u00bb bg_image_animation=\u00bbnone\u00bb][vc_column column_padding=\u00bbno-extra-padding\u00bb column_padding_tablet=\u00bbinherit\u00bb column_padding_phone=\u00bbinherit\u00bb column_padding_position=\u00bbleft-right\u00bb column_element_spacing=\u00bbdefault\u00bb background_color_opacity=\u00bb1&#8243; background_hover_color_opacity=\u00bb1&#8243; column_shadow=\u00bbnone\u00bb column_border_radius=\u00bbnone\u00bb column_link_target=\u00bb_self\u00bb gradient_direction=\u00bbleft_to_right\u00bb overlay_strength=\u00bb0.3&#8243; width=\u00bb1\/6&#8243; tablet_width_inherit=\u00bbdefault\u00bb&#8230;<\/p>\n","protected":false},"author":1,"featured_media":0,"parent":0,"menu_order":0,"comment_status":"closed","ping_status":"closed","template":"","meta":{"footnotes":""},"class_list":["post-3151","page","type-page","status-publish"],"_links":{"self":[{"href":"https:\/\/eichinger.de\/es\/wp-json\/wp\/v2\/pages\/3151","targetHints":{"allow":["GET"]}}],"collection":[{"href":"https:\/\/eichinger.de\/es\/wp-json\/wp\/v2\/pages"}],"about":[{"href":"https:\/\/eichinger.de\/es\/wp-json\/wp\/v2\/types\/page"}],"author":[{"embeddable":true,"href":"https:\/\/eichinger.de\/es\/wp-json\/wp\/v2\/users\/1"}],"replies":[{"embeddable":true,"href":"https:\/\/eichinger.de\/es\/wp-json\/wp\/v2\/comments?post=3151"}],"version-history":[{"count":11,"href":"https:\/\/eichinger.de\/es\/wp-json\/wp\/v2\/pages\/3151\/revisions"}],"predecessor-version":[{"id":7191,"href":"https:\/\/eichinger.de\/es\/wp-json\/wp\/v2\/pages\/3151\/revisions\/7191"}],"wp:attachment":[{"href":"https:\/\/eichinger.de\/es\/wp-json\/wp\/v2\/media?parent=3151"}],"curies":[{"name":"wp","href":"https:\/\/api.w.org\/{rel}","templated":true}]}}