{"id":3172,"date":"2017-01-29T07:27:09","date_gmt":"2017-01-29T06:27:09","guid":{"rendered":"http:\/\/eichinger.de.w0094cee.kasserver.com\/kranarme\/"},"modified":"2019-05-01T21:41:24","modified_gmt":"2019-05-01T19:41:24","slug":"brazos-carretilla","status":"publish","type":"page","link":"https:\/\/eichinger.de\/es\/brazos-carretilla\/","title":{"rendered":"Brazos gr\u00faa para carretilla"},"content":{"rendered":"[vc_row type=\u00bbfull_width_content\u00bb full_screen_row_position=\u00bbmiddle\u00bb scene_position=\u00bbcenter\u00bb text_color=\u00bbdark\u00bb text_align=\u00bbleft\u00bb overlay_strength=\u00bb0.3&#8243; shape_divider_position=\u00bbbottom\u00bb bg_image_animation=\u00bbnone\u00bb][vc_column column_padding=\u00bbno-extra-padding\u00bb column_padding_position=\u00bbleft-right\u00bb background_color_opacity=\u00bb1&#8243; background_hover_color_opacity=\u00bb1&#8243; column_link_target=\u00bb_self\u00bb column_shadow=\u00bbnone\u00bb column_border_radius=\u00bbnone\u00bb width=\u00bb1\/6&#8243; tablet_width_inherit=\u00bbdefault\u00bb tablet_text_alignment=\u00bbdefault\u00bb phone_text_alignment=\u00bbdefault\u00bb column_border_width=\u00bbnone\u00bb column_border_style=\u00bbsolid\u00bb bg_image_animation=\u00bbnone\u00bb][nectar_flip_box image_url_1=\u00bb1353&#8243; text_color=\u00bbdark\u00bb icon_family=\u00bbsteadysets\u00bb icon_color=\u00bbAccent-Color\u00bb image_url_2=\u00bb1365&#8243; text_color_2=\u00bbdark\u00bb h_text_align=\u00bbleft\u00bb v_text_align=\u00bbtop\u00bb flip_direction=\u00bbhorizontal-to-left\u00bb icon_size=\u00bb40&#8243; min_height=\u00bb400&#8243; icon_steadysets=\u00bbsteadysets-icon-reload\u00bb][\/nectar_flip_box][vc_column_text]\n<h2 style=\"text-align: center;\">2081<br \/>\nBrazo de gr\u00faa<\/h2>\n[\/vc_column_text][toggles style=\u00bbdefault\u00bb][toggle color=\u00bbDefault\u00bb title=\u00bbDatos t\u00e9cnicos\u00bb][vc_column_text]Con el suplemento de brazo gr\u00faa para carretillas elevadoras se consiguen nuevos alcances: construcci\u00f3n maciza de tubo perfilado, soldada y atornillada, regulable en 7 pasos.<\/p>\n<ul>\n<li>Con gancho gr\u00faa de remolino.<\/li>\n<li>Disponible en dos ejecuciones para diferentes capacidades portantes.<\/li>\n<li>Aseguramiento por bul\u00f3n contra deslizamiento no intencionado.<\/li>\n<\/ul>\n<p><i>Tenga en cuenta las especificaciones de su veh\u00edculo al seleccionar un brazo extensible.<\/i><br \/>\n<i>Se recomienda encarecidamente incluir a su\u00a0<\/i><i>departamento<\/i><i>\u00a0de control de calidad \u00a0al elegir un brazo extensible.<\/i>[\/vc_column_text][\/toggle][toggle color=\u00bbDefault\u00bb title=\u00bbDimensiones\u00bb][vc_column_text]\n<table width=\"217\">\n<tbody>\n<tr>\n<td width=\"53\">Tipo<\/td>\n<td width=\"53\">Cap. port.<\/td>\n<td width=\"53\">Ancho<\/td>\n<td width=\"58\">Altura<\/td>\n<\/tr>\n<tr>\n<td>2081.1<\/td>\n<td>2500<\/td>\n<td>520<\/td>\n<td>430<\/td>\n<\/tr>\n<tr>\n<td>2081.2<\/td>\n<td>5000<\/td>\n<td>520<\/td>\n<td>510<\/td>\n<\/tr>\n<\/tbody>\n<\/table>\n[\/vc_column_text][\/toggle][\/toggles][divider line_type=\u00bbFull Width Line\u00bb line_thickness=\u00bb5&#8243; divider_color=\u00bbaccent-color\u00bb custom_height=\u00bb7&#8243;][\/vc_column][vc_column column_padding=\u00bbno-extra-padding\u00bb column_padding_position=\u00bball\u00bb background_color_opacity=\u00bb1&#8243; background_hover_color_opacity=\u00bb1&#8243; column_link_target=\u00bb_self\u00bb column_shadow=\u00bbnone\u00bb column_border_radius=\u00bbnone\u00bb width=\u00bb1\/6&#8243; tablet_width_inherit=\u00bbdefault\u00bb tablet_text_alignment=\u00bbdefault\u00bb phone_text_alignment=\u00bbdefault\u00bb column_border_width=\u00bbnone\u00bb column_border_style=\u00bbsolid\u00bb bg_image_animation=\u00bbnone\u00bb][nectar_flip_box image_url_1=\u00bb1358&#8243; text_color=\u00bbdark\u00bb icon_family=\u00bbsteadysets\u00bb icon_color=\u00bbAccent-Color\u00bb image_url_2=\u00bb1366&#8243; text_color_2=\u00bbdark\u00bb h_text_align=\u00bbleft\u00bb v_text_align=\u00bbtop\u00bb flip_direction=\u00bbhorizontal-to-left\u00bb icon_size=\u00bb40&#8243; min_height=\u00bb400&#8243; icon_steadysets=\u00bbsteadysets-icon-reload\u00bb][\/nectar_flip_box][vc_column_text]\n<h2 style=\"text-align: center;\">2082<br \/>\nBrazo de gr\u00faa<\/h2>\n[\/vc_column_text][toggles style=\u00bbdefault\u00bb][toggle color=\u00bbDefault\u00bb title=\u00bbDatos t\u00e9cnicos\u00bb][vc_column_text]Contruccion robusta de tubo perfilado para transportar cagas con el gancho gr\u00faa en la carretilla elevadora. Este aparato para acoplar en la carretilla elevadora se utiliza en aquellos lugares donde no se puede pasar por debajo de la carga.<\/p>\n<ul>\n<li>Brazo gr\u00faa telesc\u00f3pico con gancho gr\u00faa de remolino.<\/li>\n<li>Regulable en altura en 3 pasos hasta 45\u00ba.<\/li>\n<li>Aseguramiento por bul\u00f3n contra deslizamiento no intencionado.<\/li>\n<\/ul>\n<p><i>Tenga en cuenta las especificaciones de su veh\u00edculo al seleccionar un brazo extensible.<\/i><br \/>\n<i>Se recomienda encarecidamente incluir a su\u00a0<\/i><i>departamento<\/i><i>\u00a0de control de calidad \u00a0al elegir un brazo extensible.<\/i>[\/vc_column_text][\/toggle][toggle color=\u00bbDefault\u00bb title=\u00bbDimensiones\u00bb][vc_column_text]\n<table width=\"200\">\n<tbody>\n<tr>\n<td width=\"53\">Tipo<\/td>\n<td width=\"53\">Cap. port.<\/td>\n<td width=\"53\">Ancho<\/td>\n<td width=\"58\">Altura<\/td>\n<\/tr>\n<tr>\n<td>2082.1<\/td>\n<td>2500<\/td>\n<td>540<\/td>\n<td>645<\/td>\n<\/tr>\n<tr>\n<td>2082.2<\/td>\n<td>5000<\/td>\n<td>540<\/td>\n<td>645<\/td>\n<\/tr>\n<\/tbody>\n<\/table>\n[\/vc_column_text][\/toggle][\/toggles][divider line_type=\u00bbFull Width Line\u00bb line_thickness=\u00bb5&#8243; divider_color=\u00bbaccent-color\u00bb custom_height=\u00bb7&#8243;][\/vc_column][vc_column column_padding=\u00bbno-extra-padding\u00bb column_padding_position=\u00bball\u00bb background_color_opacity=\u00bb1&#8243; background_hover_color_opacity=\u00bb1&#8243; column_link_target=\u00bb_self\u00bb column_shadow=\u00bbnone\u00bb column_border_radius=\u00bbnone\u00bb width=\u00bb1\/6&#8243; tablet_width_inherit=\u00bbdefault\u00bb tablet_text_alignment=\u00bbdefault\u00bb phone_text_alignment=\u00bbdefault\u00bb column_border_width=\u00bbnone\u00bb column_border_style=\u00bbsolid\u00bb bg_image_animation=\u00bbnone\u00bb][nectar_flip_box image_url_1=\u00bb1359&#8243; text_color=\u00bbdark\u00bb icon_family=\u00bbsteadysets\u00bb icon_color=\u00bbAccent-Color\u00bb image_url_2=\u00bb1367&#8243; text_color_2=\u00bbdark\u00bb h_text_align=\u00bbleft\u00bb v_text_align=\u00bbtop\u00bb flip_direction=\u00bbhorizontal-to-left\u00bb icon_size=\u00bb40&#8243; min_height=\u00bb400&#8243; icon_steadysets=\u00bbsteadysets-icon-reload\u00bb][\/nectar_flip_box][vc_column_text]\n<h2 style=\"text-align: center;\">2084<br \/>\nGancho de carga<\/h2>\n[\/vc_column_text][toggles style=\u00bbdefault\u00bb][toggle color=\u00bbDefault\u00bb title=\u00bbDatos t\u00e9cnicos\u00bb][vc_column_text]Huecos para encajar un ou dos brazos de carretilla de horquilla, con protecci\u00f3n mediante tornillos de sujeci\u00f3n dispuestos en el centro. Con gancho para ojales giratorios y orientables.<\/p>\n<p>Con aseguramiento con bul\u00f3n[\/vc_column_text][\/toggle][toggle color=\u00bbDefault\u00bb title=\u00bbDimensiones\u00bb][vc_column_text]\n<table width=\"220\">\n<tbody>\n<tr>\n<td width=\"44\">Tipo<\/td>\n<td width=\"44\">Cap. port.<\/td>\n<td width=\"44\">Long.<\/td>\n<td width=\"44\">Ancho<\/td>\n<td width=\"44\">Altura<\/td>\n<\/tr>\n<tr>\n<td colspan=\"5\">Dispositivo para introducir una horquilla de la carretilla<\/td>\n<\/tr>\n<tr>\n<td>2084.1<\/td>\n<td>1000<\/td>\n<td>400<\/td>\n<td>210<\/td>\n<td>510<\/td>\n<\/tr>\n<tr>\n<td colspan=\"5\">Dispositivo para introducir dos horquillas de la carretilla<\/td>\n<\/tr>\n<tr>\n<td>2084.2<\/td>\n<td>2000<\/td>\n<td>940<\/td>\n<td>645<\/td>\n<td>270<\/td>\n<\/tr>\n<tr>\n<td>2084.3<\/td>\n<td>3000<\/td>\n<td>940<\/td>\n<td>735<\/td>\n<td>270<\/td>\n<\/tr>\n<tr>\n<td>2084.4<\/td>\n<td>5000<\/td>\n<td>940<\/td>\n<td>735<\/td>\n<td>320<\/td>\n<\/tr>\n<\/tbody>\n<\/table>\n[\/vc_column_text][\/toggle][\/toggles][divider line_type=\u00bbFull Width Line\u00bb line_thickness=\u00bb5&#8243; divider_color=\u00bbaccent-color\u00bb custom_height=\u00bb7&#8243;][\/vc_column][vc_column column_padding=\u00bbno-extra-padding\u00bb column_padding_position=\u00bball\u00bb background_color=\u00bb#646c84&#8243; background_color_opacity=\u00bb1&#8243; background_hover_color_opacity=\u00bb1&#8243; column_link_target=\u00bb_self\u00bb column_shadow=\u00bbnone\u00bb column_border_radius=\u00bbnone\u00bb width=\u00bb1\/6&#8243; tablet_width_inherit=\u00bbdefault\u00bb tablet_text_alignment=\u00bbdefault\u00bb phone_text_alignment=\u00bbdefault\u00bb column_border_width=\u00bbnone\u00bb column_border_style=\u00bbsolid\u00bb bg_image_animation=\u00bbnone\u00bb][\/vc_column][vc_column column_padding=\u00bbno-extra-padding\u00bb column_padding_position=\u00bball\u00bb background_color=\u00bb#646c84&#8243; background_color_opacity=\u00bb1&#8243; background_hover_color_opacity=\u00bb1&#8243; column_link_target=\u00bb_self\u00bb column_shadow=\u00bbnone\u00bb column_border_radius=\u00bbnone\u00bb width=\u00bb1\/6&#8243; tablet_width_inherit=\u00bbdefault\u00bb tablet_text_alignment=\u00bbdefault\u00bb phone_text_alignment=\u00bbdefault\u00bb column_border_width=\u00bbnone\u00bb column_border_style=\u00bbsolid\u00bb bg_image_animation=\u00bbnone\u00bb][\/vc_column][vc_column column_padding=\u00bbno-extra-padding\u00bb column_padding_position=\u00bball\u00bb background_color=\u00bb#646c84&#8243; background_color_opacity=\u00bb1&#8243; background_hover_color_opacity=\u00bb1&#8243; column_link_target=\u00bb_self\u00bb column_shadow=\u00bbnone\u00bb column_border_radius=\u00bbnone\u00bb width=\u00bb1\/6&#8243; tablet_width_inherit=\u00bbdefault\u00bb tablet_text_alignment=\u00bbdefault\u00bb phone_text_alignment=\u00bbdefault\u00bb column_border_width=\u00bbnone\u00bb column_border_style=\u00bbsolid\u00bb bg_image_animation=\u00bbnone\u00bb][\/vc_column][\/vc_row]\n","protected":false},"excerpt":{"rendered":"<p>[vc_row type=\u00bbfull_width_content\u00bb full_screen_row_position=\u00bbmiddle\u00bb scene_position=\u00bbcenter\u00bb text_color=\u00bbdark\u00bb text_align=\u00bbleft\u00bb overlay_strength=\u00bb0.3&#8243; shape_divider_position=\u00bbbottom\u00bb bg_image_animation=\u00bbnone\u00bb][vc_column column_padding=\u00bbno-extra-padding\u00bb column_padding_position=\u00bbleft-right\u00bb background_color_opacity=\u00bb1&#8243; background_hover_color_opacity=\u00bb1&#8243; column_link_target=\u00bb_self\u00bb column_shadow=\u00bbnone\u00bb column_border_radius=\u00bbnone\u00bb width=\u00bb1\/6&#8243; tablet_width_inherit=\u00bbdefault\u00bb tablet_text_alignment=\u00bbdefault\u00bb phone_text_alignment=\u00bbdefault\u00bb column_border_width=\u00bbnone\u00bb column_border_style=\u00bbsolid\u00bb bg_image_animation=\u00bbnone\u00bb][nectar_flip_box image_url_1=\u00bb1353&#8243; text_color=\u00bbdark\u00bb icon_family=\u00bbsteadysets\u00bb icon_color=\u00bbAccent-Color\u00bb image_url_2=\u00bb1365&#8243; text_color_2=\u00bbdark\u00bb h_text_align=\u00bbleft\u00bb&#8230;<\/p>\n","protected":false},"author":1,"featured_media":0,"parent":0,"menu_order":0,"comment_status":"closed","ping_status":"closed","template":"","meta":{"footnotes":""},"class_list":["post-3172","page","type-page","status-publish"],"_links":{"self":[{"href":"https:\/\/eichinger.de\/es\/wp-json\/wp\/v2\/pages\/3172","targetHints":{"allow":["GET"]}}],"collection":[{"href":"https:\/\/eichinger.de\/es\/wp-json\/wp\/v2\/pages"}],"about":[{"href":"https:\/\/eichinger.de\/es\/wp-json\/wp\/v2\/types\/page"}],"author":[{"embeddable":true,"href":"https:\/\/eichinger.de\/es\/wp-json\/wp\/v2\/users\/1"}],"replies":[{"embeddable":true,"href":"https:\/\/eichinger.de\/es\/wp-json\/wp\/v2\/comments?post=3172"}],"version-history":[{"count":8,"href":"https:\/\/eichinger.de\/es\/wp-json\/wp\/v2\/pages\/3172\/revisions"}],"predecessor-version":[{"id":5405,"href":"https:\/\/eichinger.de\/es\/wp-json\/wp\/v2\/pages\/3172\/revisions\/5405"}],"wp:attachment":[{"href":"https:\/\/eichinger.de\/es\/wp-json\/wp\/v2\/media?parent=3172"}],"curies":[{"name":"wp","href":"https:\/\/api.w.org\/{rel}","templated":true}]}}