{"id":3183,"date":"2017-01-29T07:18:55","date_gmt":"2017-01-29T06:18:55","guid":{"rendered":"http:\/\/eichinger.de.w0094cee.kasserver.com\/moertelzubehoer\/"},"modified":"2021-03-22T20:27:43","modified_gmt":"2021-03-22T19:27:43","slug":"accesorios-mortero","status":"publish","type":"page","link":"https:\/\/eichinger.de\/es\/accesorios-mortero\/","title":{"rendered":"Accesorios mortero"},"content":{"rendered":"[vc_row type=\u00bbfull_width_content\u00bb full_screen_row_position=\u00bbmiddle\u00bb scene_position=\u00bbcenter\u00bb text_color=\u00bbdark\u00bb text_align=\u00bbleft\u00bb overlay_strength=\u00bb0.3&#8243; shape_divider_position=\u00bbbottom\u00bb bg_image_animation=\u00bbnone\u00bb][vc_column column_padding=\u00bbno-extra-padding\u00bb column_padding_position=\u00bbleft-right\u00bb background_color_opacity=\u00bb1&#8243; background_hover_color_opacity=\u00bb1&#8243; column_link_target=\u00bb_self\u00bb column_shadow=\u00bbnone\u00bb column_border_radius=\u00bbnone\u00bb width=\u00bb1\/6&#8243; tablet_width_inherit=\u00bbdefault\u00bb tablet_text_alignment=\u00bbdefault\u00bb phone_text_alignment=\u00bbdefault\u00bb column_border_width=\u00bbnone\u00bb column_border_style=\u00bbsolid\u00bb bg_image_animation=\u00bbnone\u00bb][nectar_flip_box image_url_1=\u00bb6337&#8243; text_color=\u00bbdark\u00bb icon_family=\u00bbsteadysets\u00bb icon_color=\u00bbAccent-Color\u00bb image_url_2=\u00bb1061&#8243; text_color_2=\u00bbdark\u00bb h_text_align=\u00bbleft\u00bb v_text_align=\u00bbtop\u00bb flip_direction=\u00bbhorizontal-to-left\u00bb icon_size=\u00bb40&#8243; min_height=\u00bb400&#8243; icon_steadysets=\u00bbsteadysets-icon-reload\u00bb][\/nectar_flip_box][vc_column_text]\n<h2 style=\"text-align: center;\">1201<br \/>\nBatea para mortero<\/h2>\n[\/vc_column_text][toggles style=\u00bbdefault\u00bb][toggle color=\u00bbDefault\u00bb title=\u00bbDatos t\u00e9cnicos\u00bb][vc_column_text]De chapa de acero de 1,5 mm o 2 mm de grosor con bordes reforzados con chapa y refuerzo en las<br \/>\nesquinas. Opcional: con corredera. Las bateas para mortero pueden suministrarse en todos los tama\u00f1os y grosores previa solicitud.[\/vc_column_text][\/toggle][toggle color=\u00bbDefault\u00bb title=\u00bbDimensiones\u00bb][vc_column_text]\n<table width=\"204\">\n<tbody>\n<tr>\n<td width=\"51\">Tipo<\/td>\n<td width=\"51\">Cont.<\/td>\n<td width=\"51\">Long.<\/td>\n<td width=\"51\">Ancho<\/td>\n<\/tr>\n<tr>\n<td>1201.1<\/td>\n<td>300<\/td>\n<td>1600<\/td>\n<td>900<\/td>\n<\/tr>\n<tr>\n<td>1201.2<\/td>\n<td>370<\/td>\n<td>1600<\/td>\n<td>1080<\/td>\n<\/tr>\n<tr>\n<td>1201.3<\/td>\n<td>460<\/td>\n<td>2100<\/td>\n<td>1000<\/td>\n<\/tr>\n<tr>\n<td>1201.4<\/td>\n<td>300<\/td>\n<td>1600<\/td>\n<td>900<\/td>\n<\/tr>\n<tr>\n<td>1201.5<\/td>\n<td>370<\/td>\n<td>1600<\/td>\n<td>1080<\/td>\n<\/tr>\n<tr>\n<td>1201.6<\/td>\n<td>460<\/td>\n<td>2100<\/td>\n<td>1000<\/td>\n<\/tr>\n<\/tbody>\n<\/table>\n[\/vc_column_text][\/toggle][\/toggles][divider line_type=\u00bbFull Width Line\u00bb line_thickness=\u00bb5&#8243; divider_color=\u00bbaccent-color\u00bb custom_height=\u00bb7&#8243;][\/vc_column][vc_column column_padding=\u00bbno-extra-padding\u00bb column_padding_position=\u00bball\u00bb background_color_opacity=\u00bb1&#8243; background_hover_color_opacity=\u00bb1&#8243; column_link_target=\u00bb_self\u00bb column_shadow=\u00bbnone\u00bb column_border_radius=\u00bbnone\u00bb width=\u00bb1\/6&#8243; tablet_width_inherit=\u00bbdefault\u00bb tablet_text_alignment=\u00bbdefault\u00bb phone_text_alignment=\u00bbdefault\u00bb column_border_width=\u00bbnone\u00bb column_border_style=\u00bbsolid\u00bb bg_image_animation=\u00bbnone\u00bb][nectar_flip_box image_url_1=\u00bb1058&#8243; text_color=\u00bbdark\u00bb icon_family=\u00bbsteadysets\u00bb icon_color=\u00bbAccent-Color\u00bb image_url_2=\u00bb1063&#8243; text_color_2=\u00bbdark\u00bb h_text_align=\u00bbleft\u00bb v_text_align=\u00bbtop\u00bb flip_direction=\u00bbhorizontal-to-left\u00bb icon_size=\u00bb40&#8243; min_height=\u00bb400&#8243; icon_steadysets=\u00bbsteadysets-icon-reload\u00bb][\/nectar_flip_box][vc_column_text]\n<h2 style=\"text-align: center;\">1203<br \/>\nCuba para mortero<\/h2>\n[\/vc_column_text][toggles style=\u00bbdefault\u00bb][toggle color=\u00bbDefault\u00bb title=\u00bbDatos t\u00e9cnicos\u00bb][vc_column_text]Modelo manejable de chapa de acero para fabricar una llaga horizontal uniforme. El grosor de las llagas puede regularse progresivamente.[\/vc_column_text][\/toggle][toggle color=\u00bbDefault\u00bb title=\u00bbDimensiones\u00bb][vc_column_text]\n<table width=\"204\">\n<tbody>\n<tr>\n<td width=\"51\">Tipo<\/td>\n<td width=\"51\">Grosor del muro<\/td>\n<td width=\"51\">Long.<\/td>\n<td width=\"51\">Ancho<\/td>\n<\/tr>\n<tr>\n<td>1203.1<\/td>\n<td>11.5 cm<\/td>\n<td>450<\/td>\n<td>270<\/td>\n<\/tr>\n<tr>\n<td>1203.2<\/td>\n<td>17.5 cm<\/td>\n<td>450<\/td>\n<td>270<\/td>\n<\/tr>\n<tr>\n<td>1203.3<\/td>\n<td>20.0 cm<\/td>\n<td>450<\/td>\n<td>270<\/td>\n<\/tr>\n<tr>\n<td>1203.4<\/td>\n<td>24.0 cm<\/td>\n<td>450<\/td>\n<td>270<\/td>\n<\/tr>\n<tr>\n<td>1203.5<\/td>\n<td>30.0 cm<\/td>\n<td>450<\/td>\n<td>270<\/td>\n<\/tr>\n<tr>\n<td>1203.6<\/td>\n<td>36.5 cm<\/td>\n<td>450<\/td>\n<td>270<\/td>\n<\/tr>\n<\/tbody>\n<\/table>\n[\/vc_column_text][\/toggle][\/toggles][divider line_type=\u00bbFull Width Line\u00bb line_thickness=\u00bb5&#8243; divider_color=\u00bbaccent-color\u00bb custom_height=\u00bb7&#8243;][\/vc_column][vc_column column_padding=\u00bbno-extra-padding\u00bb column_padding_position=\u00bball\u00bb background_color_opacity=\u00bb1&#8243; background_hover_color_opacity=\u00bb1&#8243; column_link_target=\u00bb_self\u00bb column_shadow=\u00bbnone\u00bb column_border_radius=\u00bbnone\u00bb width=\u00bb1\/6&#8243; tablet_width_inherit=\u00bbdefault\u00bb tablet_text_alignment=\u00bbdefault\u00bb phone_text_alignment=\u00bbdefault\u00bb column_border_width=\u00bbnone\u00bb column_border_style=\u00bbsolid\u00bb bg_image_animation=\u00bbnone\u00bb][nectar_flip_box image_url_1=\u00bb1057&#8243; text_color=\u00bbdark\u00bb icon_family=\u00bbsteadysets\u00bb icon_color=\u00bbAccent-Color\u00bb image_url_2=\u00bb1062&#8243; text_color_2=\u00bbdark\u00bb h_text_align=\u00bbleft\u00bb v_text_align=\u00bbtop\u00bb flip_direction=\u00bbhorizontal-to-left\u00bb icon_size=\u00bb40&#8243; min_height=\u00bb400&#8243; icon_steadysets=\u00bbsteadysets-icon-reload\u00bb][\/nectar_flip_box][vc_column_text]\n<h2 style=\"text-align: center;\">1204 Cuba para mortero<br \/>\nde capa delgada<\/h2>\n[\/vc_column_text][toggles style=\u00bbdefault\u00bb][toggle color=\u00bbDefault\u00bb title=\u00bbDatos t\u00e9cnicos\u00bb][vc_column_text]Modelo manejable de chapa de acero para fabricar una llaga horizontal uniforme. El grosor de las llagas puede regularse progresivamente.[\/vc_column_text][\/toggle][toggle color=\u00bbDefault\u00bb title=\u00bbDimensiones\u00bb][vc_column_text]\n<table width=\"200\">\n<tbody>\n<tr>\n<td width=\"51\">Tipo<\/td>\n<td width=\"51\">Grosor del muro<\/td>\n<td width=\"51\">Long.<\/td>\n<td width=\"51\">Ancho<\/td>\n<\/tr>\n<tr>\n<td>1204.7<\/td>\n<td>10 cm<\/td>\n<td>410<\/td>\n<td>250<\/td>\n<\/tr>\n<tr>\n<td>1204.1<\/td>\n<td>11.5 cm<\/td>\n<td>410<\/td>\n<td>250<\/td>\n<\/tr>\n<tr>\n<td>1204.8<\/td>\n<td>15.0 cm<\/td>\n<td>410<\/td>\n<td>250<\/td>\n<\/tr>\n<tr>\n<td>1204.2<\/td>\n<td>17.5 cm<\/td>\n<td>410<\/td>\n<td>250<\/td>\n<\/tr>\n<tr>\n<td>1204.3<\/td>\n<td>20.0 cm<\/td>\n<td>410<\/td>\n<td>250<\/td>\n<\/tr>\n<tr>\n<td>1204.9<\/td>\n<td>21.4 cm<\/td>\n<td>410<\/td>\n<td>250<\/td>\n<\/tr>\n<tr>\n<td>1204.4<\/td>\n<td>24.0 cm<\/td>\n<td>410<\/td>\n<td>250<\/td>\n<\/tr>\n<tr>\n<td>1204.5<\/td>\n<td>30.0 cm<\/td>\n<td>410<\/td>\n<td>250<\/td>\n<\/tr>\n<tr>\n<td>1204.6<\/td>\n<td>36.5 cm<\/td>\n<td>410<\/td>\n<td>250<\/td>\n<\/tr>\n<\/tbody>\n<\/table>\n[\/vc_column_text][\/toggle][\/toggles][divider line_type=\u00bbFull Width Line\u00bb line_thickness=\u00bb5&#8243; divider_color=\u00bbaccent-color\u00bb custom_height=\u00bb7&#8243;][\/vc_column][vc_column column_padding=\u00bbno-extra-padding\u00bb column_padding_position=\u00bball\u00bb background_color_opacity=\u00bb1&#8243; background_hover_color_opacity=\u00bb1&#8243; column_link_target=\u00bb_self\u00bb column_shadow=\u00bbnone\u00bb column_border_radius=\u00bbnone\u00bb width=\u00bb1\/6&#8243; tablet_width_inherit=\u00bbdefault\u00bb tablet_text_alignment=\u00bbdefault\u00bb phone_text_alignment=\u00bbdefault\u00bb column_border_width=\u00bbnone\u00bb column_border_style=\u00bbsolid\u00bb bg_image_animation=\u00bbnone\u00bb][nectar_flip_box image_url_1=\u00bb1059&#8243; text_color=\u00bbdark\u00bb icon_family=\u00bbsteadysets\u00bb icon_color=\u00bbAccent-Color\u00bb image_url_2=\u00bb1064&#8243; text_color_2=\u00bbdark\u00bb h_text_align=\u00bbleft\u00bb v_text_align=\u00bbtop\u00bb flip_direction=\u00bbhorizontal-to-left\u00bb icon_size=\u00bb40&#8243; min_height=\u00bb400&#8243; icon_steadysets=\u00bbsteadysets-icon-reload\u00bb][\/nectar_flip_box][vc_column_text]\n<h2 style=\"text-align: center;\">1208<br \/>\nTolva de hormig\u00f3n<\/h2>\n[\/vc_column_text][toggles style=\u00bbdefault\u00bb][toggle color=\u00bbDefault\u00bb title=\u00bbDatos t\u00e9cnicos\u00bb][vc_column_text]Tolva de acero con perfil angular, armaz\u00f3n y distintas tubuladuras de descarga \u00d8 14, \u00d8 18, \u00d8 30, \u00d8 40, \u00d8 50 y \u00d8 60 cm. Combinable con el 1209.[\/vc_column_text][\/toggle][toggle color=\u00bbDefault\u00bb title=\u00bbDimensiones\u00bb][vc_column_text]\n<table width=\"159\">\n<tbody>\n<tr>\n<td width=\"53\">Tipo<\/td>\n<td width=\"53\">Long. ext.<\/td>\n<td width=\"53\">Ancho ext.<\/td>\n<\/tr>\n<tr>\n<td>1208.1<\/td>\n<td>1250<\/td>\n<td>665<\/td>\n<\/tr>\n<tr>\n<td>1208.2<\/td>\n<td>1360<\/td>\n<td>885<\/td>\n<\/tr>\n<tr>\n<td>1208.3<\/td>\n<td>1360<\/td>\n<td>885<\/td>\n<\/tr>\n<tr>\n<td>1208.4<\/td>\n<td>1360<\/td>\n<td>885<\/td>\n<\/tr>\n<tr>\n<td>1208.5<\/td>\n<td>1360<\/td>\n<td>885<\/td>\n<\/tr>\n<tr>\n<td>1208.6<\/td>\n<td>1360<\/td>\n<td>885<\/td>\n<\/tr>\n<\/tbody>\n<\/table>\n[\/vc_column_text][\/toggle][\/toggles][divider line_type=\u00bbFull Width Line\u00bb line_thickness=\u00bb5&#8243; divider_color=\u00bbaccent-color\u00bb custom_height=\u00bb7&#8243;][\/vc_column][vc_column column_padding=\u00bbno-extra-padding\u00bb column_padding_position=\u00bball\u00bb background_color_opacity=\u00bb1&#8243; background_hover_color_opacity=\u00bb1&#8243; column_link_target=\u00bb_self\u00bb column_shadow=\u00bbnone\u00bb column_border_radius=\u00bbnone\u00bb width=\u00bb1\/6&#8243; tablet_width_inherit=\u00bbdefault\u00bb tablet_text_alignment=\u00bbdefault\u00bb phone_text_alignment=\u00bbdefault\u00bb column_border_width=\u00bbnone\u00bb column_border_style=\u00bbsolid\u00bb bg_image_animation=\u00bbnone\u00bb][nectar_flip_box image_url_1=\u00bb1060&#8243; text_color=\u00bbdark\u00bb icon_family=\u00bbsteadysets\u00bb icon_color=\u00bbAccent-Color\u00bb image_url_2=\u00bb1065&#8243; text_color_2=\u00bbdark\u00bb h_text_align=\u00bbleft\u00bb v_text_align=\u00bbtop\u00bb flip_direction=\u00bbhorizontal-to-left\u00bb icon_size=\u00bb40&#8243; min_height=\u00bb400&#8243; icon_steadysets=\u00bbsteadysets-icon-reload\u00bb][\/nectar_flip_box][vc_column_text]\n<h2 style=\"text-align: center;\">1209<br \/>\nManga de hormig\u00f3n<\/h2>\n[\/vc_column_text][toggles style=\u00bbdefault\u00bb][toggle color=\u00bbDefault\u00bb title=\u00bbDatos t\u00e9cnicos\u00bb][vc_column_text]Tubo c\u00f3nico de chapa de acero con cadenas y ganchos para cadenas. 1 m de longitud con los di\u00e1metros \u00d8 14, \u00d8 18, \u00d8 30, \u00d8 40, \u00d8 50 y \u00d8 60 cm.[\/vc_column_text][\/toggle][toggle color=\u00bbDefault\u00bb title=\u00bbDimensiones\u00bb][vc_column_text]\n<table width=\"204\">\n<tbody>\n<tr>\n<td width=\"51\">Tipo<\/td>\n<td width=\"51\">Long.<\/td>\n<td width=\"51\">\u00d8 interior arriba<\/td>\n<td width=\"51\">\u00d8 interior abajo<\/td>\n<\/tr>\n<tr>\n<td>1209.1<\/td>\n<td>1000<\/td>\n<td>165<\/td>\n<td>140<\/td>\n<\/tr>\n<tr>\n<td>1209.2<\/td>\n<td>1000<\/td>\n<td>205<\/td>\n<td>180<\/td>\n<\/tr>\n<tr>\n<td>1209.3<\/td>\n<td>1000<\/td>\n<td>300<\/td>\n<td>275<\/td>\n<\/tr>\n<tr>\n<td>1209.4<\/td>\n<td>1000<\/td>\n<td>400<\/td>\n<td>375<\/td>\n<\/tr>\n<tr>\n<td>1209.5<\/td>\n<td>1000<\/td>\n<td>500<\/td>\n<td>475<\/td>\n<\/tr>\n<tr>\n<td>1209.6<\/td>\n<td>1000<\/td>\n<td>600<\/td>\n<td>575<\/td>\n<\/tr>\n<\/tbody>\n<\/table>\n[\/vc_column_text][\/toggle][\/toggles][divider line_type=\u00bbFull Width Line\u00bb line_thickness=\u00bb5&#8243; divider_color=\u00bbaccent-color\u00bb custom_height=\u00bb7&#8243;][\/vc_column][vc_column column_padding=\u00bbno-extra-padding\u00bb column_padding_position=\u00bball\u00bb background_color=\u00bb#646c84&#8243; background_color_opacity=\u00bb1&#8243; background_hover_color_opacity=\u00bb1&#8243; column_link_target=\u00bb_self\u00bb column_shadow=\u00bbnone\u00bb column_border_radius=\u00bbnone\u00bb width=\u00bb1\/6&#8243; tablet_width_inherit=\u00bbdefault\u00bb tablet_text_alignment=\u00bbdefault\u00bb phone_text_alignment=\u00bbdefault\u00bb column_border_width=\u00bbnone\u00bb column_border_style=\u00bbsolid\u00bb bg_image_animation=\u00bbnone\u00bb][\/vc_column][\/vc_row]\n","protected":false},"excerpt":{"rendered":"<p>[vc_row type=\u00bbfull_width_content\u00bb full_screen_row_position=\u00bbmiddle\u00bb scene_position=\u00bbcenter\u00bb text_color=\u00bbdark\u00bb text_align=\u00bbleft\u00bb overlay_strength=\u00bb0.3&#8243; shape_divider_position=\u00bbbottom\u00bb bg_image_animation=\u00bbnone\u00bb][vc_column column_padding=\u00bbno-extra-padding\u00bb column_padding_position=\u00bbleft-right\u00bb background_color_opacity=\u00bb1&#8243; background_hover_color_opacity=\u00bb1&#8243; column_link_target=\u00bb_self\u00bb column_shadow=\u00bbnone\u00bb column_border_radius=\u00bbnone\u00bb width=\u00bb1\/6&#8243; tablet_width_inherit=\u00bbdefault\u00bb tablet_text_alignment=\u00bbdefault\u00bb phone_text_alignment=\u00bbdefault\u00bb column_border_width=\u00bbnone\u00bb column_border_style=\u00bbsolid\u00bb bg_image_animation=\u00bbnone\u00bb][nectar_flip_box image_url_1=\u00bb6337&#8243; text_color=\u00bbdark\u00bb icon_family=\u00bbsteadysets\u00bb icon_color=\u00bbAccent-Color\u00bb image_url_2=\u00bb1061&#8243; text_color_2=\u00bbdark\u00bb h_text_align=\u00bbleft\u00bb&#8230;<\/p>\n","protected":false},"author":1,"featured_media":0,"parent":0,"menu_order":0,"comment_status":"closed","ping_status":"closed","template":"","meta":{"footnotes":""},"class_list":["post-3183","page","type-page","status-publish"],"_links":{"self":[{"href":"https:\/\/eichinger.de\/es\/wp-json\/wp\/v2\/pages\/3183","targetHints":{"allow":["GET"]}}],"collection":[{"href":"https:\/\/eichinger.de\/es\/wp-json\/wp\/v2\/pages"}],"about":[{"href":"https:\/\/eichinger.de\/es\/wp-json\/wp\/v2\/types\/page"}],"author":[{"embeddable":true,"href":"https:\/\/eichinger.de\/es\/wp-json\/wp\/v2\/users\/1"}],"replies":[{"embeddable":true,"href":"https:\/\/eichinger.de\/es\/wp-json\/wp\/v2\/comments?post=3183"}],"version-history":[{"count":8,"href":"https:\/\/eichinger.de\/es\/wp-json\/wp\/v2\/pages\/3183\/revisions"}],"predecessor-version":[{"id":6695,"href":"https:\/\/eichinger.de\/es\/wp-json\/wp\/v2\/pages\/3183\/revisions\/6695"}],"wp:attachment":[{"href":"https:\/\/eichinger.de\/es\/wp-json\/wp\/v2\/media?parent=3183"}],"curies":[{"name":"wp","href":"https:\/\/api.w.org\/{rel}","templated":true}]}}