{"id":3188,"date":"2017-01-29T07:36:48","date_gmt":"2017-01-29T06:36:48","guid":{"rendered":"http:\/\/eichinger.de.w0094cee.kasserver.com\/reinigung-von-betonsilos\/"},"modified":"2019-06-18T09:16:09","modified_gmt":"2019-06-18T07:16:09","slug":"limpiezas-cubilotes","status":"publish","type":"page","link":"https:\/\/eichinger.de\/es\/limpiezas-cubilotes\/","title":{"rendered":"Limpiezas de cubilotes de hormig\u00f3n"},"content":{"rendered":"[vc_row type=\u00bbfull_width_content\u00bb full_screen_row_position=\u00bbmiddle\u00bb scene_position=\u00bbcenter\u00bb text_color=\u00bbdark\u00bb text_align=\u00bbleft\u00bb overlay_strength=\u00bb0.3&#8243; shape_divider_position=\u00bbbottom\u00bb bg_image_animation=\u00bbnone\u00bb][vc_column column_padding=\u00bbno-extra-padding\u00bb column_padding_position=\u00bbleft-right\u00bb background_color_opacity=\u00bb1&#8243; background_hover_color_opacity=\u00bb1&#8243; column_link_target=\u00bb_self\u00bb column_shadow=\u00bbnone\u00bb column_border_radius=\u00bbnone\u00bb width=\u00bb1\/2&#8243; tablet_width_inherit=\u00bbdefault\u00bb tablet_text_alignment=\u00bbdefault\u00bb phone_text_alignment=\u00bbdefault\u00bb column_border_width=\u00bbnone\u00bb column_border_style=\u00bbsolid\u00bb bg_image_animation=\u00bbnone\u00bb][nectar_flip_box image_url_1=\u00bb5619&#8243; text_color=\u00bbdark\u00bb icon_family=\u00bbsteadysets\u00bb icon_color=\u00bbAccent-Color\u00bb image_url_2=\u00bb5624&#8243; text_color_2=\u00bbdark\u00bb h_text_align=\u00bbleft\u00bb v_text_align=\u00bbtop\u00bb flip_direction=\u00bbhorizontal-to-left\u00bb icon_size=\u00bb40&#8243; min_height=\u00bb700&#8243; icon_steadysets=\u00bbsteadysets-icon-reload\u00bb][\/nectar_flip_box][vc_column_text]\n<h2 style=\"text-align: center;\">3021 Plataforma de lavado<\/h2>\n<p style=\"text-align: center;\">para cubilotes<br \/>\n<span style=\"color: #ffffff;\">.<\/span><\/p>\n[\/vc_column_text][toggles style=\u00bbdefault\u00bb][toggle color=\u00bbDefault\u00bb title=\u00bbDatos t\u00e9cnicos\u00bb][vc_column_text]Construcci\u00f3n robusta de acero para limpiar distintos cubos de hormig\u00f3n. La plataforma elevada permite una posici\u00f3n de trabajo \u00f3ptima para limpiar los cubos, que se sit\u00faan en diagonal.<\/p>\n<p>Con escalera, barandilla de seguridad y entramado a prueba de deslizamientos involuntarios.[\/vc_column_text][\/toggle][toggle color=\u00bbDefault\u00bb title=\u00bbDimensiones\u00bb][vc_column_text]\n<table width=\"168\">\n<tbody>\n<tr>\n<td width=\"42\">Tipo<\/td>\n<td width=\"42\">Long.<\/td>\n<td width=\"42\">Ancho<\/td>\n<td width=\"42\">Altura<\/td>\n<\/tr>\n<tr>\n<td>3021<\/td>\n<td>2900<\/td>\n<td>2330<\/td>\n<td>1000<\/td>\n<\/tr>\n<tr>\n<td><\/td>\n<td><\/td>\n<td><\/td>\n<td><\/td>\n<\/tr>\n<tr>\n<td colspan=\"3\">Tama\u00f1o transportador<\/td>\n<td><\/td>\n<\/tr>\n<tr>\n<td width=\"42\">Tipo<\/td>\n<td width=\"42\">Long.<\/td>\n<td width=\"42\">Ancho<\/td>\n<td width=\"42\">Altura<\/td>\n<\/tr>\n<tr>\n<td>3021<\/td>\n<td>1200<\/td>\n<td>2330<\/td>\n<td>1550<\/td>\n<\/tr>\n<\/tbody>\n<\/table>\n[\/vc_column_text][\/toggle][\/toggles][\/vc_column][vc_column column_padding=\u00bbno-extra-padding\u00bb column_padding_position=\u00bball\u00bb background_color_opacity=\u00bb1&#8243; background_hover_color_opacity=\u00bb1&#8243; column_link_target=\u00bb_self\u00bb column_shadow=\u00bbnone\u00bb column_border_radius=\u00bbnone\u00bb width=\u00bb1\/2&#8243; tablet_width_inherit=\u00bbdefault\u00bb tablet_text_alignment=\u00bbdefault\u00bb phone_text_alignment=\u00bbdefault\u00bb column_border_width=\u00bbnone\u00bb column_border_style=\u00bbsolid\u00bb bg_image_animation=\u00bbnone\u00bb][nectar_flip_box image_url_1=\u00bb1441&#8243; text_color=\u00bbdark\u00bb icon_family=\u00bbsteadysets\u00bb icon_color=\u00bbAccent-Color\u00bb image_url_2=\u00bb1422&#8243; text_color_2=\u00bbdark\u00bb h_text_align=\u00bbleft\u00bb v_text_align=\u00bbtop\u00bb flip_direction=\u00bbhorizontal-to-left\u00bb icon_size=\u00bb40&#8243; min_height=\u00bb700&#8243; icon_steadysets=\u00bbsteadysets-icon-reload\u00bb][\/nectar_flip_box][vc_column_text]\n<h2 style=\"text-align: center;\">3022 Plataforma de reciclaje<\/h2>\n<p style=\"text-align: center;\">de las aguas de lavada del<br \/>\ncubilote<\/p>\n[\/vc_column_text][toggles style=\u00bbdefault\u00bb][toggle color=\u00bbDefault\u00bb title=\u00bbDatos t\u00e9cnicos\u00bb][vc_column_text]Dep\u00f3sito de sedimentaci\u00f3n de tres c\u00e1maras con una construcci\u00f3n robusta de acero para separar los cuerpos s\u00f3lidos del agua sucia.<\/p>\n<p>Puede utilizarse en combinaci\u00f3n con la plataforma de lavado para cubos de hormig\u00f3n FE 3021. Las aguas residuales resultantes del proceso de limpieza del cubo de hormig\u00f3n se recogen y preclarifican. El agua preclarificada puede reutilizarse para un nuevo lavado o prepararse qu\u00edmicamente como agua pura mediante el sistema de tratamiento de aguas FE 3024.[\/vc_column_text][\/toggle][toggle color=\u00bbDefault\u00bb title=\u00bbDimensiones\u00bb][vc_column_text]\n<table width=\"184\">\n<tbody>\n<tr>\n<td width=\"42\">Tipo<\/td>\n<td width=\"42\">Long.<\/td>\n<td width=\"42\">Ancho<\/td>\n<td width=\"42\">Altura<\/td>\n<\/tr>\n<tr>\n<td>3022.1<\/td>\n<td>3315<\/td>\n<td>2650<\/td>\n<td>690<\/td>\n<\/tr>\n<tr>\n<td><\/td>\n<td><\/td>\n<td><\/td>\n<td><\/td>\n<\/tr>\n<tr>\n<td colspan=\"3\">Tama\u00f1o transportador<\/td>\n<td><\/td>\n<\/tr>\n<tr>\n<td width=\"42\">Tipo<\/td>\n<td width=\"42\">Long.<\/td>\n<td width=\"42\">Ancho<\/td>\n<td width=\"42\">Altura<\/td>\n<\/tr>\n<tr>\n<td>3022.1<\/td>\n<td>3315<\/td>\n<td>2200<\/td>\n<td>950<\/td>\n<\/tr>\n<\/tbody>\n<\/table>\n[\/vc_column_text][\/toggle][\/toggles][\/vc_column][\/vc_row][vc_row type=\u00bbfull_width_content\u00bb full_screen_row_position=\u00bbmiddle\u00bb scene_position=\u00bbcenter\u00bb text_color=\u00bbdark\u00bb text_align=\u00bbleft\u00bb top_padding=\u00bb20&#8243; bottom_padding=\u00bb20&#8243; overlay_strength=\u00bb0.3&#8243; shape_divider_position=\u00bbbottom\u00bb bg_image_animation=\u00bbnone\u00bb][vc_column centered_text=\u00bbtrue\u00bb column_padding=\u00bbno-extra-padding\u00bb column_padding_position=\u00bball\u00bb background_color_opacity=\u00bb1&#8243; background_hover_color_opacity=\u00bb1&#8243; column_link_target=\u00bb_self\u00bb column_shadow=\u00bbnone\u00bb column_border_radius=\u00bbnone\u00bb width=\u00bb1\/1&#8243; tablet_width_inherit=\u00bbdefault\u00bb tablet_text_alignment=\u00bbdefault\u00bb phone_text_alignment=\u00bbdefault\u00bb column_border_width=\u00bbnone\u00bb column_border_style=\u00bbsolid\u00bb bg_image_animation=\u00bbnone\u00bb][nectar_animated_title heading_tag=\u00bbh2&#8243; style=\u00bbhinge-drop\u00bb color=\u00bbAccent-Color\u00bb text=\u00bbAqu\u00ed se puede ver la plataforma de lavado y la fosa de sedimentaci\u00f3n en uso\u00bb][\/vc_column][\/vc_row][vc_row type=\u00bbfull_width_content\u00bb full_screen_row_position=\u00bbmiddle\u00bb scene_position=\u00bbcenter\u00bb text_color=\u00bbdark\u00bb text_align=\u00bbleft\u00bb overlay_strength=\u00bb0.3&#8243; shape_divider_position=\u00bbbottom\u00bb bg_image_animation=\u00bbnone\u00bb][vc_column column_padding=\u00bbno-extra-padding\u00bb column_padding_position=\u00bball\u00bb background_color_opacity=\u00bb1&#8243; background_hover_color_opacity=\u00bb1&#8243; column_link_target=\u00bb_self\u00bb column_shadow=\u00bbnone\u00bb column_border_radius=\u00bbnone\u00bb width=\u00bb2\/3&#8243; tablet_width_inherit=\u00bbdefault\u00bb tablet_text_alignment=\u00bbdefault\u00bb phone_text_alignment=\u00bbdefault\u00bb column_border_width=\u00bbnone\u00bb column_border_style=\u00bbsolid\u00bb bg_image_animation=\u00bbnone\u00bb][vc_gallery type=\u00bbnectarslider_style\u00bb images=\u00bb5655,5630,5635,5640,5645,5650,5660&#8243; hide_arrow_navigation=\u00bbtrue\u00bb bullet_navigation=\u00bbtrue\u00bb bullet_navigation_style=\u00bbsee_through\u00bb onclick=\u00bblink_image\u00bb img_size=\u00bb800&#215;400&#8243;][\/vc_column][vc_column column_padding=\u00bbpadding-2-percent\u00bb column_padding_position=\u00bbleft\u00bb background_color_opacity=\u00bb1&#8243; background_hover_color_opacity=\u00bb1&#8243; column_link_target=\u00bb_self\u00bb column_shadow=\u00bbnone\u00bb column_border_radius=\u00bbnone\u00bb width=\u00bb1\/3&#8243; tablet_width_inherit=\u00bbdefault\u00bb tablet_text_alignment=\u00bbdefault\u00bb phone_text_alignment=\u00bbdefault\u00bb column_border_width=\u00bbnone\u00bb column_border_style=\u00bbsolid\u00bb bg_image_animation=\u00bbnone\u00bb][vc_gallery type=\u00bbnectarslider_style\u00bb images=\u00bb5665,5670,5675,5680&#8243; hide_arrow_navigation=\u00bbtrue\u00bb bullet_navigation=\u00bbtrue\u00bb bullet_navigation_style=\u00bbsee_through\u00bb onclick=\u00bblink_image\u00bb img_size=\u00bb400&#215;400&#8243;][\/vc_column][\/vc_row][vc_row type=\u00bbfull_width_content\u00bb full_screen_row_position=\u00bbmiddle\u00bb scene_position=\u00bbcenter\u00bb text_color=\u00bbdark\u00bb text_align=\u00bbleft\u00bb overlay_strength=\u00bb0.3&#8243; shape_divider_position=\u00bbbottom\u00bb bg_image_animation=\u00bbnone\u00bb][vc_column column_padding=\u00bbpadding-1-percent\u00bb column_padding_position=\u00bbleft-right\u00bb background_color=\u00bb#646c84&#8243; background_color_opacity=\u00bb1&#8243; background_hover_color_opacity=\u00bb1&#8243; font_color=\u00bb#ffffff\u00bb column_link_target=\u00bb_self\u00bb column_shadow=\u00bbnone\u00bb column_border_radius=\u00bbnone\u00bb width=\u00bb1\/6&#8243; tablet_width_inherit=\u00bbdefault\u00bb tablet_text_alignment=\u00bbdefault\u00bb phone_text_alignment=\u00bbdefault\u00bb column_border_width=\u00bbnone\u00bb column_border_style=\u00bbsolid\u00bb bg_image_animation=\u00bbnone\u00bb][divider line_type=\u00bbNo Line\u00bb custom_height=\u00bb20&#8243;][nectar_animated_title heading_tag=\u00bbh2&#8243; style=\u00bbcolor-strip-reveal\u00bb color=\u00bbAccent-Color\u00bb text=\u00bbTodo por aguas residuales limpias en la obra\u00bb][divider line_type=\u00bbNo Line\u00bb custom_height=\u00bb20&#8243;][vc_column_text]La limpieza de los cubilotes de hormig\u00f3n es muy importante en las obras. No solamente le ofrecemos dispositivos y plataformas \u00fatiles, que facilitan la limpieza, sino que tambi\u00e9n le ofrecemos posibilidades adicionales para clarificar el agua sucia. Despu\u00e9s de la clarificaci\u00f3n, puede deshacerse f\u00e1cilmente del agua.[\/vc_column_text][\/vc_column][vc_column column_padding=\u00bbno-extra-padding\u00bb column_padding_position=\u00bball\u00bb background_color_opacity=\u00bb1&#8243; background_hover_color_opacity=\u00bb1&#8243; column_link_target=\u00bb_self\u00bb column_shadow=\u00bbnone\u00bb column_border_radius=\u00bbnone\u00bb width=\u00bb1\/6&#8243; tablet_width_inherit=\u00bbdefault\u00bb tablet_text_alignment=\u00bbdefault\u00bb phone_text_alignment=\u00bbdefault\u00bb column_border_width=\u00bbnone\u00bb column_border_style=\u00bbsolid\u00bb bg_image_animation=\u00bbnone\u00bb][nectar_flip_box image_url_1=\u00bb1411&#8243; text_color=\u00bbdark\u00bb icon_family=\u00bbsteadysets\u00bb icon_color=\u00bbAccent-Color\u00bb image_url_2=\u00bb1424&#8243; text_color_2=\u00bbdark\u00bb h_text_align=\u00bbleft\u00bb v_text_align=\u00bbtop\u00bb flip_direction=\u00bbhorizontal-to-left\u00bb icon_size=\u00bb40&#8243; min_height=\u00bb400&#8243; icon_steadysets=\u00bbsteadysets-icon-reload\u00bb][\/nectar_flip_box][vc_column_text]\n<h2 style=\"text-align: center;\">3024.1 Sistema de tratamiento<br \/>\nde aguas residuales<\/h2>\n[\/vc_column_text][toggles style=\u00bbdefault\u00bb][toggle color=\u00bbDefault\u00bb title=\u00bbDatos t\u00e9cnicos\u00bb][vc_column_text]Dep\u00f3sito robusto de chapa de acero; dise\u00f1o cil\u00edndrico con agitador, fi ltro qu\u00edmico y grifo de vaciado con dispositivo de descarga para la conexi\u00f3n de CO2 y v\u00e1lvula de alivio de presi\u00f3n con tubo de 6 m. Para tratar las aguas residuales del proceso de limpieza del cubo de hormig\u00f3n y devolver el agua clarifi cada al circuito de agua normal.<\/p>\n<p>La botella de gas no est\u00e1 incluido en el volumen de suministro.[\/vc_column_text][\/toggle][toggle color=\u00bbDefault\u00bb title=\u00bbDimensiones\u00bb][vc_column_text]\n<table width=\"168\">\n<tbody>\n<tr>\n<td width=\"42\">Tipo<\/td>\n<td width=\"42\">Long.<\/td>\n<td width=\"42\">Ancho<\/td>\n<td width=\"42\">Altura<\/td>\n<\/tr>\n<tr>\n<td>3024.1<\/td>\n<td>1200<\/td>\n<td>900<\/td>\n<td>1200<\/td>\n<\/tr>\n<\/tbody>\n<\/table>\n[\/vc_column_text][\/toggle][\/toggles][divider line_type=\u00bbFull Width Line\u00bb line_thickness=\u00bb5&#8243; divider_color=\u00bbaccent-color\u00bb custom_height=\u00bb7&#8243;][\/vc_column][vc_column column_padding=\u00bbno-extra-padding\u00bb column_padding_position=\u00bball\u00bb background_color_opacity=\u00bb1&#8243; background_hover_color_opacity=\u00bb1&#8243; column_link_target=\u00bb_self\u00bb column_shadow=\u00bbnone\u00bb column_border_radius=\u00bbnone\u00bb width=\u00bb1\/6&#8243; tablet_width_inherit=\u00bbdefault\u00bb tablet_text_alignment=\u00bbdefault\u00bb phone_text_alignment=\u00bbdefault\u00bb column_border_width=\u00bbnone\u00bb column_border_style=\u00bbsolid\u00bb bg_image_animation=\u00bbnone\u00bb][nectar_flip_box image_url_1=\u00bb1410&#8243; text_color=\u00bbdark\u00bb icon_family=\u00bbsteadysets\u00bb icon_color=\u00bbAccent-Color\u00bb image_url_2=\u00bb1425&#8243; text_color_2=\u00bbdark\u00bb h_text_align=\u00bbleft\u00bb v_text_align=\u00bbtop\u00bb flip_direction=\u00bbhorizontal-to-left\u00bb icon_size=\u00bb40&#8243; min_height=\u00bb400&#8243; icon_steadysets=\u00bbsteadysets-icon-reload\u00bb][\/nectar_flip_box][vc_column_text]\n<h2 style=\"text-align: center;\">3024.2 Sistema de tratamiento<br \/>\nde aguas residualese<\/h2>\n[\/vc_column_text][toggles style=\u00bbdefault\u00bb][toggle color=\u00bbDefault\u00bb title=\u00bbDatos t\u00e9cnicos\u00bb][vc_column_text]Dep\u00f3sito robusto de chapa de acero; dise\u00f1o cil\u00edndrico con agitador, fi ltro qu\u00edmico y grifo de vaciado con dispositivo de descarga para la conexi\u00f3n de CO2 y v\u00e1lvula de alivio de presi\u00f3n con tubo de 6 m. Para tratar las aguas residuales del proceso de limpieza del cubo de hormig\u00f3n y devolver el agua clarifi cada al circuito de agua normal.<\/p>\n<p>La botella de gas no est\u00e1 incluido en el volumen de suministro.[\/vc_column_text][\/toggle][toggle color=\u00bbDefault\u00bb title=\u00bbDimensiones\u00bb][vc_column_text]\n<table width=\"168\">\n<tbody>\n<tr>\n<td width=\"42\">Tipo<\/td>\n<td width=\"42\">Long.<\/td>\n<td width=\"42\">Ancho<\/td>\n<td width=\"42\">Altura<\/td>\n<\/tr>\n<tr>\n<td>3024.2<\/td>\n<td>1500<\/td>\n<td>1200<\/td>\n<td>1750<\/td>\n<\/tr>\n<\/tbody>\n<\/table>\n[\/vc_column_text][\/toggle][\/toggles][divider line_type=\u00bbFull Width Line\u00bb line_thickness=\u00bb5&#8243; divider_color=\u00bbaccent-color\u00bb custom_height=\u00bb7&#8243;][\/vc_column][vc_column column_padding=\u00bbno-extra-padding\u00bb column_padding_position=\u00bball\u00bb background_color_opacity=\u00bb1&#8243; background_hover_color_opacity=\u00bb1&#8243; column_link_target=\u00bb_self\u00bb column_shadow=\u00bbnone\u00bb column_border_radius=\u00bbnone\u00bb width=\u00bb1\/6&#8243; tablet_width_inherit=\u00bbdefault\u00bb tablet_text_alignment=\u00bbdefault\u00bb phone_text_alignment=\u00bbdefault\u00bb column_border_width=\u00bbnone\u00bb column_border_style=\u00bbsolid\u00bb bg_image_animation=\u00bbnone\u00bb][nectar_flip_box image_url_1=\u00bb1414&#8243; text_color=\u00bbdark\u00bb icon_family=\u00bbsteadysets\u00bb icon_color=\u00bbAccent-Color\u00bb image_url_2=\u00bb1426&#8243; text_color_2=\u00bbdark\u00bb h_text_align=\u00bbleft\u00bb v_text_align=\u00bbtop\u00bb flip_direction=\u00bbhorizontal-to-left\u00bb icon_size=\u00bb40&#8243; min_height=\u00bb400&#8243; icon_steadysets=\u00bbsteadysets-icon-reload\u00bb][\/nectar_flip_box][vc_column_text]\n<h2 style=\"text-align: center;\">3026<br \/>\nCubo filtrante<br \/>\nbasculante<\/h2>\n[\/vc_column_text][toggles style=\u00bbdefault\u00bb][toggle color=\u00bbDefault\u00bb title=\u00bbDatos t\u00e9cnicos\u00bb][vc_column_text]Con soporte de chapa perforada desmontable para separar los componentes s\u00f3lidos del agua sucia. Con llave esf\u00e9rica para evacuar el agua residual alcalina. El mecanismo basculante, que se maneja con una mano, permite que la eliminaci\u00f3n\/el vaciado se realice f\u00e1cilmente desde el asiento del conductor de la carretilla con horquilla.<\/p>\n<p>Forma rectangular de chapa de acero con perfil del borde continuo y \u00e1ngulo basculante \u00f3ptimo. Armaz\u00f3n base estable con orificios de entrada para horquillas. Disponible de manera opcional con ruedas de direcci\u00f3n y fijas.[\/vc_column_text][\/toggle][toggle color=\u00bbDefault\u00bb title=\u00bbDimensiones\u00bb][vc_column_text]\n<table width=\"225\">\n<tbody>\n<tr>\n<td width=\"45\">Tipo<\/td>\n<td width=\"45\">Cont.<\/td>\n<td width=\"45\">Long.<\/td>\n<td width=\"45\">Ancho<\/td>\n<td width=\"45\">Altura<\/td>\n<\/tr>\n<tr>\n<td>3026.4<\/td>\n<td>300<\/td>\n<td>1200<\/td>\n<td>850<\/td>\n<td>670<\/td>\n<\/tr>\n<tr>\n<td>3026.8<\/td>\n<td>500<\/td>\n<td>1450<\/td>\n<td>850<\/td>\n<td>770<\/td>\n<\/tr>\n<tr>\n<td>3026.10<\/td>\n<td>750<\/td>\n<td>1700<\/td>\n<td>1100<\/td>\n<td>880<\/td>\n<\/tr>\n<tr>\n<td>3026.12<\/td>\n<td>1000<\/td>\n<td>1700<\/td>\n<td>1100<\/td>\n<td>1000<\/td>\n<\/tr>\n<\/tbody>\n<\/table>\n[\/vc_column_text][\/toggle][\/toggles][divider line_type=\u00bbFull Width Line\u00bb line_thickness=\u00bb5&#8243; divider_color=\u00bbaccent-color\u00bb custom_height=\u00bb7&#8243;][\/vc_column][vc_column column_padding=\u00bbno-extra-padding\u00bb column_padding_position=\u00bball\u00bb background_color_opacity=\u00bb1&#8243; background_hover_color_opacity=\u00bb1&#8243; column_link_target=\u00bb_self\u00bb column_shadow=\u00bbnone\u00bb column_border_radius=\u00bbnone\u00bb width=\u00bb1\/6&#8243; tablet_width_inherit=\u00bbdefault\u00bb tablet_text_alignment=\u00bbdefault\u00bb phone_text_alignment=\u00bbdefault\u00bb column_border_width=\u00bbnone\u00bb column_border_style=\u00bbsolid\u00bb bg_image_animation=\u00bbnone\u00bb][nectar_flip_box image_url_1=\u00bb1417&#8243; text_color=\u00bbdark\u00bb icon_family=\u00bbsteadysets\u00bb icon_color=\u00bbAccent-Color\u00bb image_url_2=\u00bb1427&#8243; text_color_2=\u00bbdark\u00bb h_text_align=\u00bbleft\u00bb v_text_align=\u00bbtop\u00bb flip_direction=\u00bbhorizontal-to-left\u00bb icon_size=\u00bb40&#8243; min_height=\u00bb400&#8243; icon_steadysets=\u00bbsteadysets-icon-reload\u00bb][\/nectar_flip_box][vc_column_text]\n<h2 style=\"text-align: center;\">3027<br \/>\nDep\u00f3sito filtrante<br \/>\ncon base abatible<\/h2>\n[\/vc_column_text][toggles style=\u00bbdefault\u00bb][toggle color=\u00bbDefault\u00bb title=\u00bbDatos t\u00e9cnicos\u00bb][vc_column_text]Con pared divisoria de chapa perforada desmontable para separar componentes s\u00f3lidos del agua sucia. Con llave esf\u00e9rica para evacuar el agua residual alcalina. El agua alcalina puede eliminarse sin esfuerzo abriendo la trampilla de la base mediante un cable de accionamiento y un resorte directamente desde el asiento del conductor.<\/p>\n<p>Dep\u00f3sito robusto y apilable de acero fi no con paredes de acero liso y c\u00f3nico y trampilla protegida en la base. Apto para utilizar con gr\u00faas y horquillas.[\/vc_column_text][\/toggle][toggle color=\u00bbDefault\u00bb title=\u00bbDimensiones\u00bb][vc_column_text]\n<table width=\"183\">\n<tbody>\n<tr>\n<td width=\"61\">Tipo<\/td>\n<td width=\"61\">Cont.<\/td>\n<td width=\"61\">Cap. port.<\/td>\n<\/tr>\n<tr>\n<td>3027.8<\/td>\n<td>500<\/td>\n<td>1000<\/td>\n<\/tr>\n<tr>\n<td>3027.10<\/td>\n<td>750<\/td>\n<td>1500<\/td>\n<\/tr>\n<tr>\n<td>3027.12<\/td>\n<td>1000<\/td>\n<td>2000<\/td>\n<\/tr>\n<\/tbody>\n<\/table>\n[\/vc_column_text][\/toggle][\/toggles][divider line_type=\u00bbFull Width Line\u00bb line_thickness=\u00bb5&#8243; divider_color=\u00bbaccent-color\u00bb custom_height=\u00bb7&#8243;][\/vc_column][vc_column column_padding=\u00bbno-extra-padding\u00bb column_padding_position=\u00bball\u00bb background_color_opacity=\u00bb1&#8243; background_hover_color_opacity=\u00bb1&#8243; column_link_target=\u00bb_self\u00bb column_shadow=\u00bbnone\u00bb column_border_radius=\u00bbnone\u00bb width=\u00bb1\/6&#8243; tablet_width_inherit=\u00bbdefault\u00bb tablet_text_alignment=\u00bbdefault\u00bb phone_text_alignment=\u00bbdefault\u00bb column_border_width=\u00bbnone\u00bb column_border_style=\u00bbsolid\u00bb bg_image_animation=\u00bbnone\u00bb][nectar_flip_box image_url_1=\u00bb1418&#8243; text_color=\u00bbdark\u00bb icon_family=\u00bbsteadysets\u00bb icon_color=\u00bbAccent-Color\u00bb image_url_2=\u00bb1428&#8243; text_color_2=\u00bbdark\u00bb h_text_align=\u00bbleft\u00bb v_text_align=\u00bbtop\u00bb flip_direction=\u00bbhorizontal-to-left\u00bb icon_size=\u00bb40&#8243; min_height=\u00bb400&#8243; icon_steadysets=\u00bbsteadysets-icon-reload\u00bb][\/nectar_flip_box][vc_column_text]\n<h2 style=\"text-align: center;\">3028 Dep\u00f3sito de<br \/>\ntratamiento de<br \/>\naguas residuales<\/h2>\n[\/vc_column_text][toggles style=\u00bbdefault\u00bb][toggle color=\u00bbDefault\u00bb title=\u00bbDatos t\u00e9cnicos\u00bb][vc_column_text]Con soporte desmontable de chapa perforada, tubo perforado integrado y tubo de alimentaci\u00f3n desde el exterior con CO2. El agua sucia alcalina reacciona con un \u00e1cido ambivalente y reduce el valor de pH del agua.<\/p>\n<p>Construcci\u00f3n robusta y soldada con precisi\u00f3n de aluminio con huecos de entrada para horquillas.[\/vc_column_text][\/toggle][toggle color=\u00bbDefault\u00bb title=\u00bbDimensiones\u00bb][vc_column_text]\n<table width=\"174\">\n<tbody>\n<tr>\n<td width=\"61\">Tipo<\/td>\n<td width=\"61\">Cont.<\/td>\n<td width=\"61\">Cap. port.<\/td>\n<\/tr>\n<tr>\n<td>3028.0<\/td>\n<td>120<\/td>\n<td>400<\/td>\n<\/tr>\n<tr>\n<td>3028.4<\/td>\n<td>300<\/td>\n<td>800<\/td>\n<\/tr>\n<tr>\n<td>3028.8<\/td>\n<td>500<\/td>\n<td>1500<\/td>\n<\/tr>\n<\/tbody>\n<\/table>\n[\/vc_column_text][\/toggle][\/toggles][divider line_type=\u00bbFull Width Line\u00bb line_thickness=\u00bb5&#8243; divider_color=\u00bbaccent-color\u00bb custom_height=\u00bb7&#8243;][\/vc_column][\/vc_row]\n","protected":false},"excerpt":{"rendered":"<p>[vc_row type=\u00bbfull_width_content\u00bb full_screen_row_position=\u00bbmiddle\u00bb scene_position=\u00bbcenter\u00bb text_color=\u00bbdark\u00bb text_align=\u00bbleft\u00bb overlay_strength=\u00bb0.3&#8243; shape_divider_position=\u00bbbottom\u00bb bg_image_animation=\u00bbnone\u00bb][vc_column column_padding=\u00bbno-extra-padding\u00bb column_padding_position=\u00bbleft-right\u00bb background_color_opacity=\u00bb1&#8243; background_hover_color_opacity=\u00bb1&#8243; column_link_target=\u00bb_self\u00bb column_shadow=\u00bbnone\u00bb column_border_radius=\u00bbnone\u00bb width=\u00bb1\/2&#8243; tablet_width_inherit=\u00bbdefault\u00bb tablet_text_alignment=\u00bbdefault\u00bb phone_text_alignment=\u00bbdefault\u00bb column_border_width=\u00bbnone\u00bb column_border_style=\u00bbsolid\u00bb bg_image_animation=\u00bbnone\u00bb][nectar_flip_box image_url_1=\u00bb5619&#8243; text_color=\u00bbdark\u00bb icon_family=\u00bbsteadysets\u00bb icon_color=\u00bbAccent-Color\u00bb image_url_2=\u00bb5624&#8243; text_color_2=\u00bbdark\u00bb h_text_align=\u00bbleft\u00bb&#8230;<\/p>\n","protected":false},"author":1,"featured_media":0,"parent":0,"menu_order":0,"comment_status":"closed","ping_status":"closed","template":"","meta":{"footnotes":""},"class_list":["post-3188","page","type-page","status-publish"],"_links":{"self":[{"href":"https:\/\/eichinger.de\/es\/wp-json\/wp\/v2\/pages\/3188","targetHints":{"allow":["GET"]}}],"collection":[{"href":"https:\/\/eichinger.de\/es\/wp-json\/wp\/v2\/pages"}],"about":[{"href":"https:\/\/eichinger.de\/es\/wp-json\/wp\/v2\/types\/page"}],"author":[{"embeddable":true,"href":"https:\/\/eichinger.de\/es\/wp-json\/wp\/v2\/users\/1"}],"replies":[{"embeddable":true,"href":"https:\/\/eichinger.de\/es\/wp-json\/wp\/v2\/comments?post=3188"}],"version-history":[{"count":8,"href":"https:\/\/eichinger.de\/es\/wp-json\/wp\/v2\/pages\/3188\/revisions"}],"predecessor-version":[{"id":5842,"href":"https:\/\/eichinger.de\/es\/wp-json\/wp\/v2\/pages\/3188\/revisions\/5842"}],"wp:attachment":[{"href":"https:\/\/eichinger.de\/es\/wp-json\/wp\/v2\/media?parent=3188"}],"curies":[{"name":"wp","href":"https:\/\/api.w.org\/{rel}","templated":true}]}}