{"id":3195,"date":"2017-01-29T07:21:30","date_gmt":"2017-01-29T06:21:30","guid":{"rendered":"http:\/\/eichinger.de.w0094cee.kasserver.com\/stapelgestelle-paletten\/"},"modified":"2024-06-01T15:45:24","modified_gmt":"2024-06-01T13:45:24","slug":"jaulas","status":"publish","type":"page","link":"https:\/\/eichinger.de\/es\/jaulas\/","title":{"rendered":"Jaulas y palets apilables"},"content":{"rendered":"[vc_row type=\u00bbfull_width_content\u00bb full_screen_row_position=\u00bbmiddle\u00bb column_margin=\u00bbdefault\u00bb column_direction=\u00bbdefault\u00bb column_direction_tablet=\u00bbdefault\u00bb column_direction_phone=\u00bbdefault\u00bb scene_position=\u00bbcenter\u00bb text_color=\u00bbdark\u00bb text_align=\u00bbleft\u00bb row_border_radius=\u00bbnone\u00bb row_border_radius_applies=\u00bbbg\u00bb overflow=\u00bbvisible\u00bb overlay_strength=\u00bb0.3&#8243; gradient_direction=\u00bbleft_to_right\u00bb shape_divider_position=\u00bbbottom\u00bb bg_image_animation=\u00bbnone\u00bb][vc_column column_padding=\u00bbno-extra-padding\u00bb column_padding_tablet=\u00bbinherit\u00bb column_padding_phone=\u00bbinherit\u00bb column_padding_position=\u00bbleft-right\u00bb column_element_direction_desktop=\u00bbdefault\u00bb column_element_spacing=\u00bbdefault\u00bb desktop_text_alignment=\u00bbdefault\u00bb tablet_text_alignment=\u00bbdefault\u00bb phone_text_alignment=\u00bbdefault\u00bb background_color_opacity=\u00bb1&#8243; background_hover_color_opacity=\u00bb1&#8243; column_backdrop_filter=\u00bbnone\u00bb column_shadow=\u00bbnone\u00bb column_border_radius=\u00bbnone\u00bb column_link_target=\u00bb_self\u00bb column_position=\u00bbdefault\u00bb gradient_direction=\u00bbleft_to_right\u00bb overlay_strength=\u00bb0.3&#8243; width=\u00bb1\/6&#8243; tablet_width_inherit=\u00bbdefault\u00bb animation_type=\u00bbdefault\u00bb bg_image_animation=\u00bbnone\u00bb border_type=\u00bbsimple\u00bb column_border_width=\u00bbnone\u00bb column_border_style=\u00bbsolid\u00bb][nectar_flip_box image_url_1=\u00bb1134&#8243; text_color=\u00bbdark\u00bb icon_family=\u00bbsteadysets\u00bb icon_color=\u00bbAccent-Color\u00bb image_url_2=\u00bb1140&#8243; text_color_2=\u00bbdark\u00bb h_text_align=\u00bbleft\u00bb v_text_align=\u00bbtop\u00bb image_loading=\u00bbdefault\u00bb flip_direction=\u00bbhorizontal-to-left\u00bb icon_size=\u00bb40&#8243; min_height=\u00bb400&#8243; icon_steadysets=\u00bbsteadysets-icon-reload\u00bb][\/nectar_flip_box][vc_column_text]\n<h2 style=\"text-align: center;\">1311<br \/>\nJaula de apilar<\/h2>\n<p style=\"text-align: center;\">puntales<\/p>\n[\/vc_column_text][toggles style=\u00bbdefault\u00bb border_radius=\u00bbnone\u00bb][toggle color=\u00bbDefault\u00bb heading_tag=\u00bbdefault\u00bb heading_tag_functionality=\u00bbdefault\u00bb title=\u00bbDatos t\u00e9cnicos\u00bb][vc_column_text]Robusta construcci\u00f3n tubular con cuatro argollas para gr\u00faa y clips de seguridad, base de apilado en las patas.1311.1 y 1311.6 de forma est\u00e1ndar con 2 tubos transversales.Todos los dem\u00e1s modelos con 1 tubo transversal<\/p>\n<p>Capacidad de carga: 1500 kgs<\/p>\n<p>Altura libre:<br \/>\n1311.1-7: 130 mm<br \/>\n1311.8: 100 mm.<\/p>\n<p>Disponible lacado (RAL 8017) o galvanizado.<\/p>\n<h2>1311.10 Soporte para tablas<\/h2>\n<p>Tubo \u00d8 48 mm<br \/>\nTubo \u00d8 60 mm<\/p>\n[\/vc_column_text][\/toggle][toggle color=\u00bbDefault\u00bb heading_tag=\u00bbdefault\u00bb heading_tag_functionality=\u00bbdefault\u00bb title=\u00bbDimensiones\u00bb][vc_column_text]\n<table width=\"240\">\n<tbody>\n<tr>\n<td width=\"48\">Tipo<\/td>\n<td width=\"48\">Long.<\/td>\n<td width=\"48\">Ancho<\/td>\n<td width=\"48\">Altura<\/td>\n<td width=\"48\">Tubo \u00d8<\/td>\n<\/tr>\n<tr>\n<td>1311.1<\/td>\n<td>1500<\/td>\n<td>870<\/td>\n<td>780<\/td>\n<td>48<\/td>\n<\/tr>\n<tr>\n<td>1311.2<\/td>\n<td>1200<\/td>\n<td>820<\/td>\n<td>910<\/td>\n<td>48<\/td>\n<\/tr>\n<tr>\n<td>1311.3<\/td>\n<td>900<\/td>\n<td>700<\/td>\n<td>910<\/td>\n<td>48<\/td>\n<\/tr>\n<tr>\n<td>1311.4<\/td>\n<td>1200<\/td>\n<td>1030<\/td>\n<td>910<\/td>\n<td>48<\/td>\n<\/tr>\n<tr>\n<td>1311.5<\/td>\n<td>1300<\/td>\n<td>700<\/td>\n<td>910<\/td>\n<td>60<\/td>\n<\/tr>\n<tr>\n<td>1311.6<\/td>\n<td>1480<\/td>\n<td>920<\/td>\n<td>980<\/td>\n<td>48<\/td>\n<\/tr>\n<tr>\n<td>1311.7<\/td>\n<td>1430<\/td>\n<td>870<\/td>\n<td>810<\/td>\n<td>60<\/td>\n<\/tr>\n<tr>\n<td>1311.8<\/td>\n<td>1200<\/td>\n<td>800<\/td>\n<td>875<\/td>\n<td>48<\/td>\n<\/tr>\n<\/tbody>\n<\/table>\n<p><strong>Puede fabricarse en cualquier tama\u00f1o especial<\/strong><br \/>\nLa longitud y el ancho son medidas interiores<\/p>\n[\/vc_column_text][\/toggle][\/toggles][divider line_type=\u00bbFull Width Line\u00bb line_thickness=\u00bb5&#8243; divider_color=\u00bbaccent-color\u00bb custom_height=\u00bb7&#8243;][\/vc_column][vc_column column_padding=\u00bbno-extra-padding\u00bb column_padding_tablet=\u00bbinherit\u00bb column_padding_phone=\u00bbinherit\u00bb column_padding_position=\u00bball\u00bb column_element_direction_desktop=\u00bbdefault\u00bb column_element_spacing=\u00bbdefault\u00bb desktop_text_alignment=\u00bbdefault\u00bb tablet_text_alignment=\u00bbdefault\u00bb phone_text_alignment=\u00bbdefault\u00bb background_color_opacity=\u00bb1&#8243; background_hover_color_opacity=\u00bb1&#8243; column_backdrop_filter=\u00bbnone\u00bb column_shadow=\u00bbnone\u00bb column_border_radius=\u00bbnone\u00bb column_link_target=\u00bb_self\u00bb column_position=\u00bbdefault\u00bb gradient_direction=\u00bbleft_to_right\u00bb overlay_strength=\u00bb0.3&#8243; width=\u00bb1\/6&#8243; tablet_width_inherit=\u00bbdefault\u00bb animation_type=\u00bbdefault\u00bb bg_image_animation=\u00bbnone\u00bb border_type=\u00bbsimple\u00bb column_border_width=\u00bbnone\u00bb column_border_style=\u00bbsolid\u00bb][nectar_flip_box image_url_1=\u00bb1135&#8243; text_color=\u00bbdark\u00bb icon_family=\u00bbsteadysets\u00bb icon_color=\u00bbAccent-Color\u00bb image_url_2=\u00bb1141&#8243; text_color_2=\u00bbdark\u00bb h_text_align=\u00bbleft\u00bb v_text_align=\u00bbtop\u00bb image_loading=\u00bbdefault\u00bb flip_direction=\u00bbhorizontal-to-left\u00bb icon_size=\u00bb40&#8243; min_height=\u00bb400&#8243; icon_steadysets=\u00bbsteadysets-icon-reload\u00bb][\/nectar_flip_box][vc_column_text]\n<h2 style=\"text-align: center;\">1312<br \/>\nJaula de apilar<\/h2>\n<p style=\"text-align: center;\">puntales con paredes<\/p>\n[\/vc_column_text][toggles style=\u00bbdefault\u00bb border_radius=\u00bbnone\u00bb][toggle color=\u00bbDefault\u00bb heading_tag=\u00bbdefault\u00bb heading_tag_functionality=\u00bbdefault\u00bb title=\u00bbDatos t\u00e9cnicos\u00bb][vc_column_text]Construcci\u00f3n robusta de tubo con cuatro ganchos para gr\u00faa. Paredes laterales soldadas con perfi l de 1.5 mm y reforzadas con nervios; Base de chapa ondulada de 1.5 mm de espesor.<\/p>\n<p>Puede combinarse con nuestros armazones para apilar FE 1311 y armazones para apilar con rejilla FE 1313.<\/p>\n<p>Capacidad de carga: 1500 kgs<\/p>\n<p>Altura libre: 130 mm<\/p>\n<p>Disponible lacado (RAL 8017) o galvanizado.[\/vc_column_text][\/toggle][toggle color=\u00bbDefault\u00bb heading_tag=\u00bbdefault\u00bb heading_tag_functionality=\u00bbdefault\u00bb title=\u00bbDimensiones\u00bb][vc_column_text]\n<table width=\"180\">\n<tbody>\n<tr>\n<td width=\"45\">Tipo<\/td>\n<td width=\"45\">Long.<\/td>\n<td width=\"45\">Ancho<\/td>\n<td width=\"45\">Altura<\/td>\n<\/tr>\n<tr>\n<td>1312.1<\/td>\n<td>1500<\/td>\n<td>870<\/td>\n<td>780<\/td>\n<\/tr>\n<tr>\n<td>1312.2<\/td>\n<td>1200<\/td>\n<td>820<\/td>\n<td>910<\/td>\n<\/tr>\n<tr>\n<td>1312.3<\/td>\n<td>900<\/td>\n<td>700<\/td>\n<td>910<\/td>\n<\/tr>\n<tr>\n<td>1312.4<\/td>\n<td>1200<\/td>\n<td>1030<\/td>\n<td>910<\/td>\n<\/tr>\n<tr>\n<td>1312.5<\/td>\n<td>1300<\/td>\n<td>700<\/td>\n<td>910<\/td>\n<\/tr>\n<tr>\n<td>1312.6<\/td>\n<td>1480<\/td>\n<td>920<\/td>\n<td>980<\/td>\n<\/tr>\n<tr>\n<td>1312.7<\/td>\n<td>1430<\/td>\n<td>870<\/td>\n<td>810<\/td>\n<\/tr>\n<\/tbody>\n<\/table>\n<p><strong>Puede fabricarse en cualquier tama\u00f1o especial<\/strong><br \/>\nLa longitud y el ancho son medidas interiores<\/p>\n[\/vc_column_text][\/toggle][\/toggles][divider line_type=\u00bbFull Width Line\u00bb line_thickness=\u00bb5&#8243; divider_color=\u00bbaccent-color\u00bb custom_height=\u00bb7&#8243;][\/vc_column][vc_column column_padding=\u00bbno-extra-padding\u00bb column_padding_tablet=\u00bbinherit\u00bb column_padding_phone=\u00bbinherit\u00bb column_padding_position=\u00bball\u00bb column_element_direction_desktop=\u00bbdefault\u00bb column_element_spacing=\u00bbdefault\u00bb desktop_text_alignment=\u00bbdefault\u00bb tablet_text_alignment=\u00bbdefault\u00bb phone_text_alignment=\u00bbdefault\u00bb background_color_opacity=\u00bb1&#8243; background_hover_color_opacity=\u00bb1&#8243; column_backdrop_filter=\u00bbnone\u00bb column_shadow=\u00bbnone\u00bb column_border_radius=\u00bbnone\u00bb column_link_target=\u00bb_self\u00bb column_position=\u00bbdefault\u00bb gradient_direction=\u00bbleft_to_right\u00bb overlay_strength=\u00bb0.3&#8243; width=\u00bb1\/6&#8243; tablet_width_inherit=\u00bbdefault\u00bb animation_type=\u00bbdefault\u00bb bg_image_animation=\u00bbnone\u00bb border_type=\u00bbsimple\u00bb column_border_width=\u00bbnone\u00bb column_border_style=\u00bbsolid\u00bb][nectar_flip_box image_url_1=\u00bb1136&#8243; text_color=\u00bbdark\u00bb icon_family=\u00bbsteadysets\u00bb icon_color=\u00bbAccent-Color\u00bb image_url_2=\u00bb1143&#8243; text_color_2=\u00bbdark\u00bb h_text_align=\u00bbleft\u00bb v_text_align=\u00bbtop\u00bb image_loading=\u00bbdefault\u00bb flip_direction=\u00bbhorizontal-to-left\u00bb icon_size=\u00bb40&#8243; min_height=\u00bb400&#8243; icon_steadysets=\u00bbsteadysets-icon-reload\u00bb][\/nectar_flip_box][vc_column_text]\n<h2 style=\"text-align: center;\">1313<br \/>\nJaula de apilar<\/h2>\n<p style=\"text-align: center;\">puntales con rejilla<\/p>\n[\/vc_column_text][toggles style=\u00bbdefault\u00bb border_radius=\u00bbnone\u00bb][toggle color=\u00bbDefault\u00bb heading_tag=\u00bbdefault\u00bb heading_tag_functionality=\u00bbdefault\u00bb title=\u00bbDatos t\u00e9cnicos\u00bb][vc_column_text]Construcci\u00f3n robusta de tubo con cuatro ganchos para gr\u00faa. Marco de rejilla soldado de 50\/50\/5 mm y base de chapa ondulada de 1.5 mm de espesor.<\/p>\n<p>Puede combinarse con nuestros armazones para apilar FE 1311 y FE 1312.<\/p>\n<p>Capacidad de carga: 1500 kgs<\/p>\n<p>Altura libre: 130 mm<\/p>\n<p>Disponible lacado (RAL 8017) o galvanizado.<\/p>\n<h2>1313.10 Divisor<\/h2>\n<p>Chapa divisora para nuestros armazones para apilar con rejilla y pal\u00e9s de armazones para apilar con rejilla, con nervios perfi lados para encajar y atornillar en la base de chapa con ondas.[\/vc_column_text][\/toggle][toggle color=\u00bbDefault\u00bb heading_tag=\u00bbdefault\u00bb heading_tag_functionality=\u00bbdefault\u00bb title=\u00bbDimensiones\u00bb][vc_column_text]\n<table width=\"168\">\n<tbody>\n<tr>\n<td width=\"45\">Tipo<\/td>\n<td width=\"45\">Long.<\/td>\n<td width=\"45\">Ancho<\/td>\n<td width=\"45\">Altura<\/td>\n<\/tr>\n<tr>\n<td>1313.1<\/td>\n<td>1500<\/td>\n<td>870<\/td>\n<td>780<\/td>\n<\/tr>\n<tr>\n<td>1313.2<\/td>\n<td>1200<\/td>\n<td>820<\/td>\n<td>910<\/td>\n<\/tr>\n<tr>\n<td>1313.3<\/td>\n<td>900<\/td>\n<td>700<\/td>\n<td>910<\/td>\n<\/tr>\n<tr>\n<td>1313.4<\/td>\n<td>1200<\/td>\n<td>1030<\/td>\n<td>910<\/td>\n<\/tr>\n<tr>\n<td>1313.5<\/td>\n<td>1300<\/td>\n<td>700<\/td>\n<td>910<\/td>\n<\/tr>\n<tr>\n<td>1313.6<\/td>\n<td>1480<\/td>\n<td>920<\/td>\n<td>980<\/td>\n<\/tr>\n<tr>\n<td>1313.7<\/td>\n<td>1430<\/td>\n<td>870<\/td>\n<td>810<\/td>\n<\/tr>\n<\/tbody>\n<\/table>\n<p><strong>Puede fabricarse en cualquier tama\u00f1o especial<\/strong><br \/>\nLa longitud y el ancho son medidas interiores<\/p>\n[\/vc_column_text][\/toggle][\/toggles][divider line_type=\u00bbFull Width Line\u00bb line_thickness=\u00bb5&#8243; divider_color=\u00bbaccent-color\u00bb custom_height=\u00bb7&#8243;][\/vc_column][vc_column column_padding=\u00bbno-extra-padding\u00bb column_padding_tablet=\u00bbinherit\u00bb column_padding_phone=\u00bbinherit\u00bb column_padding_position=\u00bball\u00bb column_element_direction_desktop=\u00bbdefault\u00bb column_element_spacing=\u00bbdefault\u00bb desktop_text_alignment=\u00bbdefault\u00bb tablet_text_alignment=\u00bbdefault\u00bb phone_text_alignment=\u00bbdefault\u00bb background_color_opacity=\u00bb1&#8243; background_hover_color_opacity=\u00bb1&#8243; column_backdrop_filter=\u00bbnone\u00bb column_shadow=\u00bbnone\u00bb column_border_radius=\u00bbnone\u00bb column_link_target=\u00bb_self\u00bb column_position=\u00bbdefault\u00bb gradient_direction=\u00bbleft_to_right\u00bb overlay_strength=\u00bb0.3&#8243; width=\u00bb1\/6&#8243; tablet_width_inherit=\u00bbdefault\u00bb animation_type=\u00bbdefault\u00bb bg_image_animation=\u00bbnone\u00bb border_type=\u00bbsimple\u00bb column_border_width=\u00bbnone\u00bb column_border_style=\u00bbsolid\u00bb][nectar_flip_box image_url_1=\u00bb1137&#8243; text_color=\u00bbdark\u00bb icon_family=\u00bbsteadysets\u00bb icon_color=\u00bbAccent-Color\u00bb image_url_2=\u00bb1144&#8243; text_color_2=\u00bbdark\u00bb h_text_align=\u00bbleft\u00bb v_text_align=\u00bbtop\u00bb image_loading=\u00bbdefault\u00bb flip_direction=\u00bbhorizontal-to-left\u00bb icon_size=\u00bb40&#8243; min_height=\u00bb400&#8243; icon_steadysets=\u00bbsteadysets-icon-reload\u00bb][\/nectar_flip_box][vc_column_text]\n<h2 style=\"text-align: center;\">1314<br \/>\nPal\u00e9 de apilar<\/h2>\n<p><span style=\"color: #ffffff;\">.<\/span>[\/vc_column_text][toggles style=\u00bbdefault\u00bb border_radius=\u00bbnone\u00bb][toggle color=\u00bbDefault\u00bb heading_tag=\u00bbdefault\u00bb heading_tag_functionality=\u00bbdefault\u00bb title=\u00bbDatos t\u00e9cnicos\u00bb][vc_column_text]De esquineros perfilados, con pies anchos y orejetas de gr\u00faa, apilables.<\/p>\n<p>Combinable con nuestras FE 1315 y FE 1316.<\/p>\n<p>Capacidad de carga: 2000 kg, distancia al suelo: 140 mm.<\/p>\n<p>Disponible pintado (RAL 8017) o galvanizado.[\/vc_column_text][\/toggle][toggle color=\u00bbDefault\u00bb heading_tag=\u00bbdefault\u00bb heading_tag_functionality=\u00bbdefault\u00bb title=\u00bbDimensiones\u00bb][vc_column_text]\n<table width=\"172\">\n<tbody>\n<tr>\n<td width=\"45\">Tipo<\/td>\n<td width=\"45\">Long.<\/td>\n<td width=\"45\">Ancho<\/td>\n<td width=\"45\">Altura<\/td>\n<\/tr>\n<tr>\n<td>1314.1<\/td>\n<td>1000<\/td>\n<td>800<\/td>\n<td>750<\/td>\n<\/tr>\n<tr>\n<td>1314.2<\/td>\n<td>1200<\/td>\n<td>800<\/td>\n<td>750<\/td>\n<\/tr>\n<tr>\n<td>1314.3<\/td>\n<td>1500<\/td>\n<td>800<\/td>\n<td>750<\/td>\n<\/tr>\n<tr>\n<td>1314.4<\/td>\n<td>1500<\/td>\n<td>1000<\/td>\n<td>750<\/td>\n<\/tr>\n<\/tbody>\n<\/table>\n<p><strong>Puede fabricarse en cualquier tama\u00f1o especial<\/strong><br \/>\nLa longitud y el ancho son medidas exteriores<\/p>\n[\/vc_column_text][\/toggle][\/toggles][divider line_type=\u00bbFull Width Line\u00bb line_thickness=\u00bb5&#8243; divider_color=\u00bbaccent-color\u00bb custom_height=\u00bb7&#8243;][\/vc_column][vc_column column_padding=\u00bbno-extra-padding\u00bb column_padding_tablet=\u00bbinherit\u00bb column_padding_phone=\u00bbinherit\u00bb column_padding_position=\u00bball\u00bb column_element_direction_desktop=\u00bbdefault\u00bb column_element_spacing=\u00bbdefault\u00bb desktop_text_alignment=\u00bbdefault\u00bb tablet_text_alignment=\u00bbdefault\u00bb phone_text_alignment=\u00bbdefault\u00bb background_color_opacity=\u00bb1&#8243; background_hover_color_opacity=\u00bb1&#8243; column_backdrop_filter=\u00bbnone\u00bb column_shadow=\u00bbnone\u00bb column_border_radius=\u00bbnone\u00bb column_link_target=\u00bb_self\u00bb column_position=\u00bbdefault\u00bb gradient_direction=\u00bbleft_to_right\u00bb overlay_strength=\u00bb0.3&#8243; width=\u00bb1\/6&#8243; tablet_width_inherit=\u00bbdefault\u00bb animation_type=\u00bbdefault\u00bb bg_image_animation=\u00bbnone\u00bb border_type=\u00bbsimple\u00bb column_border_width=\u00bbnone\u00bb column_border_style=\u00bbsolid\u00bb][nectar_flip_box image_url_1=\u00bb1138&#8243; text_color=\u00bbdark\u00bb icon_family=\u00bbsteadysets\u00bb icon_color=\u00bbAccent-Color\u00bb image_url_2=\u00bb1145&#8243; text_color_2=\u00bbdark\u00bb h_text_align=\u00bbleft\u00bb v_text_align=\u00bbtop\u00bb image_loading=\u00bbdefault\u00bb flip_direction=\u00bbhorizontal-to-left\u00bb icon_size=\u00bb40&#8243; min_height=\u00bb400&#8243; icon_steadysets=\u00bbsteadysets-icon-reload\u00bb][\/nectar_flip_box][vc_column_text]\n<h2 style=\"text-align: center;\">1315<br \/>\nPal\u00e9 para apilar<\/h2>\n<p style=\"text-align: center;\">con rejilla<\/p>\n[\/vc_column_text][toggles style=\u00bbdefault\u00bb border_radius=\u00bbnone\u00bb][toggle color=\u00bbDefault\u00bb heading_tag=\u00bbdefault\u00bb heading_tag_functionality=\u00bbdefault\u00bb title=\u00bbDatos t\u00e9cnicos\u00bb][vc_column_text]De postes esquineros perfilados, con pies anchos y orejetas para gr\u00faa, apilables, con paredes laterales de malla met\u00e1lica (tama\u00f1o de malla 50 x 50 x 5 mm) y base de chapa ondulada de 1.5 mm de espesor.<\/p>\n<p>Combinable con nuestros FE 1314 y FE 1316.<\/p>\n<p>Capacidad de carga: 1500 kg, distancia al suelo: 100 mm<\/p>\n<p>Disponible pintado (RAL 8017) o galvanizado.<\/p>\n<p>Modelos 1315.5 &#8211; 1315.8 con trampilla, un lado largo 1\/3 abatible[\/vc_column_text][\/toggle][toggle color=\u00bbDefault\u00bb heading_tag=\u00bbdefault\u00bb heading_tag_functionality=\u00bbdefault\u00bb title=\u00bbDimensiones\u00bb][vc_column_text]\n<table width=\"192\">\n<tbody>\n<tr>\n<td width=\"53\">Tipo<\/td>\n<td width=\"50\">Long.<\/td>\n<td width=\"44\">Ancho<\/td>\n<td width=\"45\">Altura<\/td>\n<\/tr>\n<tr>\n<td>1315.1<\/td>\n<td>1000<\/td>\n<td>800<\/td>\n<td>750<\/td>\n<\/tr>\n<tr>\n<td>1315.2<\/td>\n<td>1200<\/td>\n<td>800<\/td>\n<td>750<\/td>\n<\/tr>\n<tr>\n<td>1315.3<\/td>\n<td>1500<\/td>\n<td>800<\/td>\n<td>750<\/td>\n<\/tr>\n<tr>\n<td>1315.4<\/td>\n<td>1500<\/td>\n<td>1000<\/td>\n<td>750<\/td>\n<\/tr>\n<tr>\n<td colspan=\"4\">Un lado longitudinal abatible 1\/3<\/td>\n<\/tr>\n<tr>\n<td>1315.5<\/td>\n<td>1000<\/td>\n<td>800<\/td>\n<td>750<\/td>\n<\/tr>\n<tr>\n<td>1315.6<\/td>\n<td>1200<\/td>\n<td>800<\/td>\n<td>750<\/td>\n<\/tr>\n<tr>\n<td>1315.7<\/td>\n<td>1500<\/td>\n<td>800<\/td>\n<td>750<\/td>\n<\/tr>\n<tr>\n<td>1315.8<\/td>\n<td>1500<\/td>\n<td>1000<\/td>\n<td>750<\/td>\n<\/tr>\n<\/tbody>\n<\/table>\n<p><strong>Puede fabricarse en cualquier tama\u00f1o especial<\/strong><br \/>\nLa longitud y el ancho son medidas exteriores<\/p>\n[\/vc_column_text][\/toggle][\/toggles][divider line_type=\u00bbFull Width Line\u00bb line_thickness=\u00bb5&#8243; divider_color=\u00bbaccent-color\u00bb custom_height=\u00bb7&#8243;][\/vc_column][vc_column column_padding=\u00bbno-extra-padding\u00bb column_padding_tablet=\u00bbinherit\u00bb column_padding_phone=\u00bbinherit\u00bb column_padding_position=\u00bball\u00bb column_element_direction_desktop=\u00bbdefault\u00bb column_element_spacing=\u00bbdefault\u00bb desktop_text_alignment=\u00bbdefault\u00bb tablet_text_alignment=\u00bbdefault\u00bb phone_text_alignment=\u00bbdefault\u00bb background_color_opacity=\u00bb1&#8243; background_hover_color_opacity=\u00bb1&#8243; column_backdrop_filter=\u00bbnone\u00bb column_shadow=\u00bbnone\u00bb column_border_radius=\u00bbnone\u00bb column_link_target=\u00bb_self\u00bb column_position=\u00bbdefault\u00bb gradient_direction=\u00bbleft_to_right\u00bb overlay_strength=\u00bb0.3&#8243; width=\u00bb1\/6&#8243; tablet_width_inherit=\u00bbdefault\u00bb animation_type=\u00bbdefault\u00bb bg_image_animation=\u00bbnone\u00bb border_type=\u00bbsimple\u00bb column_border_width=\u00bbnone\u00bb column_border_style=\u00bbsolid\u00bb][nectar_flip_box image_url_1=\u00bb1139&#8243; text_color=\u00bbdark\u00bb icon_family=\u00bbsteadysets\u00bb icon_color=\u00bbAccent-Color\u00bb image_url_2=\u00bb1146&#8243; text_color_2=\u00bbdark\u00bb h_text_align=\u00bbleft\u00bb v_text_align=\u00bbtop\u00bb image_loading=\u00bbdefault\u00bb flip_direction=\u00bbhorizontal-to-left\u00bb icon_size=\u00bb40&#8243; min_height=\u00bb400&#8243; icon_steadysets=\u00bbsteadysets-icon-reload\u00bb][\/nectar_flip_box][vc_column_text]\n<h2 style=\"text-align: center;\">1316<br \/>\nCesta<\/h2>\n<p style=\"text-align: center;\">para herramienta<\/p>\n[\/vc_column_text][toggles style=\u00bbdefault\u00bb border_radius=\u00bbnone\u00bb][toggle color=\u00bbDefault\u00bb heading_tag=\u00bbdefault\u00bb heading_tag_functionality=\u00bbdefault\u00bb title=\u00bbDatos t\u00e9cnicos\u00bb][vc_column_text]Fabricado con esquineros perfilados, base de chapa ondulada de 1.5 mm de espesor, paredes laterales con refuerzo de nervios, con orejetas para gr\u00faa y apilable.<\/p>\n<p>Combinable con nuestros FE 1314 y FE 1315<\/p>\n<p>Capacidad de carga: 1500 kg<\/p>\n<p>Distancia al suelo: 100 mm<\/p>\n<p>Disponible pintado (RAL 8017) o galvanizado<\/p>\n<p>Modelos 1316.5 &#8211; 1316.8 con trampilla, un lado largo 1\/3 abatible[\/vc_column_text][\/toggle][toggle color=\u00bbDefault\u00bb heading_tag=\u00bbdefault\u00bb heading_tag_functionality=\u00bbdefault\u00bb title=\u00bbDimensiones\u00bb][vc_column_text]\n<table width=\"192\">\n<tbody>\n<tr>\n<td width=\"53\">Tipo<\/td>\n<td width=\"50\">Long.<\/td>\n<td width=\"44\">Ancho<\/td>\n<td width=\"45\">Altura<\/td>\n<\/tr>\n<tr>\n<td>1316.1<\/td>\n<td>1000<\/td>\n<td>800<\/td>\n<td>750<\/td>\n<\/tr>\n<tr>\n<td>1316.2<\/td>\n<td>1200<\/td>\n<td>800<\/td>\n<td>750<\/td>\n<\/tr>\n<tr>\n<td>1316.3<\/td>\n<td>1500<\/td>\n<td>800<\/td>\n<td>750<\/td>\n<\/tr>\n<tr>\n<td>1316.4<\/td>\n<td>1500<\/td>\n<td>1000<\/td>\n<td>750<\/td>\n<\/tr>\n<tr>\n<td colspan=\"4\">Un lado longitudinal abatible 1\/3<\/td>\n<\/tr>\n<tr>\n<td>1316.5<\/td>\n<td>1000<\/td>\n<td>800<\/td>\n<td>750<\/td>\n<\/tr>\n<tr>\n<td>1316.6<\/td>\n<td>1200<\/td>\n<td>800<\/td>\n<td>750<\/td>\n<\/tr>\n<tr>\n<td>1316.7<\/td>\n<td>1500<\/td>\n<td>800<\/td>\n<td>750<\/td>\n<\/tr>\n<tr>\n<td>1316.8<\/td>\n<td>1500<\/td>\n<td>1000<\/td>\n<td>750<\/td>\n<\/tr>\n<\/tbody>\n<\/table>\n<p><strong>Puede fabricarse en cualquier tama\u00f1o especial<\/strong><br \/>\nLa longitud y el ancho son medidas exteriores<\/p>\n[\/vc_column_text][\/toggle][\/toggles][divider line_type=\u00bbFull Width Line\u00bb line_thickness=\u00bb5&#8243; divider_color=\u00bbaccent-color\u00bb custom_height=\u00bb7&#8243;][\/vc_column][\/vc_row]\n","protected":false},"excerpt":{"rendered":"<p>[vc_row type=\u00bbfull_width_content\u00bb full_screen_row_position=\u00bbmiddle\u00bb column_margin=\u00bbdefault\u00bb column_direction=\u00bbdefault\u00bb column_direction_tablet=\u00bbdefault\u00bb column_direction_phone=\u00bbdefault\u00bb scene_position=\u00bbcenter\u00bb text_color=\u00bbdark\u00bb text_align=\u00bbleft\u00bb row_border_radius=\u00bbnone\u00bb row_border_radius_applies=\u00bbbg\u00bb overflow=\u00bbvisible\u00bb overlay_strength=\u00bb0.3&#8243; gradient_direction=\u00bbleft_to_right\u00bb shape_divider_position=\u00bbbottom\u00bb bg_image_animation=\u00bbnone\u00bb][vc_column column_padding=\u00bbno-extra-padding\u00bb column_padding_tablet=\u00bbinherit\u00bb column_padding_phone=\u00bbinherit\u00bb column_padding_position=\u00bbleft-right\u00bb column_element_direction_desktop=\u00bbdefault\u00bb column_element_spacing=\u00bbdefault\u00bb desktop_text_alignment=\u00bbdefault\u00bb tablet_text_alignment=\u00bbdefault\u00bb phone_text_alignment=\u00bbdefault\u00bb background_color_opacity=\u00bb1&#8243; background_hover_color_opacity=\u00bb1&#8243; column_backdrop_filter=\u00bbnone\u00bb column_shadow=\u00bbnone\u00bb&#8230;<\/p>\n","protected":false},"author":1,"featured_media":0,"parent":0,"menu_order":0,"comment_status":"closed","ping_status":"closed","template":"","meta":{"footnotes":""},"class_list":["post-3195","page","type-page","status-publish"],"_links":{"self":[{"href":"https:\/\/eichinger.de\/es\/wp-json\/wp\/v2\/pages\/3195","targetHints":{"allow":["GET"]}}],"collection":[{"href":"https:\/\/eichinger.de\/es\/wp-json\/wp\/v2\/pages"}],"about":[{"href":"https:\/\/eichinger.de\/es\/wp-json\/wp\/v2\/types\/page"}],"author":[{"embeddable":true,"href":"https:\/\/eichinger.de\/es\/wp-json\/wp\/v2\/users\/1"}],"replies":[{"embeddable":true,"href":"https:\/\/eichinger.de\/es\/wp-json\/wp\/v2\/comments?post=3195"}],"version-history":[{"count":11,"href":"https:\/\/eichinger.de\/es\/wp-json\/wp\/v2\/pages\/3195\/revisions"}],"predecessor-version":[{"id":7320,"href":"https:\/\/eichinger.de\/es\/wp-json\/wp\/v2\/pages\/3195\/revisions\/7320"}],"wp:attachment":[{"href":"https:\/\/eichinger.de\/es\/wp-json\/wp\/v2\/media?parent=3195"}],"curies":[{"name":"wp","href":"https:\/\/api.w.org\/{rel}","templated":true}]}}