{"id":3198,"date":"2017-01-29T07:23:08","date_gmt":"2017-01-29T06:23:08","guid":{"rendered":"http:\/\/eichinger.de.w0094cee.kasserver.com\/zwingen-betonschalungszubehoer\/"},"modified":"2021-11-26T13:45:41","modified_gmt":"2021-11-26T12:45:41","slug":"sargentos","status":"publish","type":"page","link":"https:\/\/eichinger.de\/es\/sargentos\/","title":{"rendered":"Sargentos y accesorios para encofradores"},"content":{"rendered":"[vc_row type=\u00bbfull_width_content\u00bb full_screen_row_position=\u00bbmiddle\u00bb column_margin=\u00bbdefault\u00bb column_direction=\u00bbdefault\u00bb column_direction_tablet=\u00bbdefault\u00bb column_direction_phone=\u00bbdefault\u00bb scene_position=\u00bbcenter\u00bb text_color=\u00bbdark\u00bb text_align=\u00bbleft\u00bb row_border_radius=\u00bbnone\u00bb row_border_radius_applies=\u00bbbg\u00bb overlay_strength=\u00bb0.3&#8243; gradient_direction=\u00bbleft_to_right\u00bb shape_divider_position=\u00bbbottom\u00bb bg_image_animation=\u00bbnone\u00bb][vc_column column_padding=\u00bbno-extra-padding\u00bb column_padding_tablet=\u00bbinherit\u00bb column_padding_phone=\u00bbinherit\u00bb column_padding_position=\u00bbleft-right\u00bb column_element_spacing=\u00bbdefault\u00bb background_color_opacity=\u00bb1&#8243; background_hover_color_opacity=\u00bb1&#8243; column_shadow=\u00bbnone\u00bb column_border_radius=\u00bbnone\u00bb column_link_target=\u00bb_self\u00bb gradient_direction=\u00bbleft_to_right\u00bb overlay_strength=\u00bb0.3&#8243; width=\u00bb1\/6&#8243; tablet_width_inherit=\u00bbdefault\u00bb tablet_text_alignment=\u00bbdefault\u00bb phone_text_alignment=\u00bbdefault\u00bb bg_image_animation=\u00bbnone\u00bb border_type=\u00bbsimple\u00bb column_border_width=\u00bbnone\u00bb column_border_style=\u00bbsolid\u00bb][nectar_flip_box image_url_1=\u00bb885&#8243; text_color=\u00bbdark\u00bb icon_family=\u00bbsteadysets\u00bb icon_color=\u00bbAccent-Color\u00bb image_url_2=\u00bb865&#8243; text_color_2=\u00bbdark\u00bb h_text_align=\u00bbleft\u00bb v_text_align=\u00bbtop\u00bb image_loading=\u00bbdefault\u00bb flip_direction=\u00bbhorizontal-to-left\u00bb icon_size=\u00bb40&#8243; min_height=\u00bb400&#8243; icon_steadysets=\u00bbsteadysets-icon-reload\u00bb][\/nectar_flip_box][vc_column_text]\n<h2 style=\"text-align: center;\">1401 Sargento<br \/>\nde golpe<\/h2>\n[\/vc_column_text][toggles style=\u00bbdefault\u00bb][toggle color=\u00bbDefault\u00bb title=\u00bbDatos t\u00e9cnicos\u00bb][vc_column_text]De acero plano 40\/8, corredera de acero cuadrado perforado de 24 mm.<\/p>\n<p>Correderas tambi\u00e9n disponibles individualmente.<\/p>\n<p>Versi\u00f3n est\u00e1ndar: sin pintar[\/vc_column_text][\/toggle][toggle color=\u00bbDefault\u00bb title=\u00bbDimensiones\u00bb][vc_column_text]\n<table width=\"139\">\n<tbody>\n<tr>\n<td width=\"56\">Tipo<\/td>\n<td width=\"83\">Tama\u00f1o<\/td>\n<\/tr>\n<tr>\n<td>1401.1<\/td>\n<td>600<\/td>\n<\/tr>\n<tr>\n<td>1401.2<\/td>\n<td>700<\/td>\n<\/tr>\n<tr>\n<td>1401.3<\/td>\n<td>800<\/td>\n<\/tr>\n<tr>\n<td>1401.4<\/td>\n<td>1000<\/td>\n<\/tr>\n<tr>\n<td>1401.5<\/td>\n<td>1200<\/td>\n<\/tr>\n<tr>\n<td>1401.6<\/td>\n<td>1300<\/td>\n<\/tr>\n<tr>\n<td>1401.7<\/td>\n<td>1500<\/td>\n<\/tr>\n<tr>\n<td>1401.8<\/td>\n<td>1600<\/td>\n<\/tr>\n<tr>\n<td>1401.10<\/td>\n<td>Adaptador<\/td>\n<\/tr>\n<\/tbody>\n<\/table>\n[\/vc_column_text][\/toggle][\/toggles][divider line_type=\u00bbFull Width Line\u00bb line_thickness=\u00bb5&#8243; divider_color=\u00bbaccent-color\u00bb custom_height=\u00bb7&#8243;][\/vc_column][vc_column column_padding=\u00bbno-extra-padding\u00bb column_padding_tablet=\u00bbinherit\u00bb column_padding_phone=\u00bbinherit\u00bb column_padding_position=\u00bball\u00bb column_element_spacing=\u00bbdefault\u00bb background_color_opacity=\u00bb1&#8243; background_hover_color_opacity=\u00bb1&#8243; column_shadow=\u00bbnone\u00bb column_border_radius=\u00bbnone\u00bb column_link_target=\u00bb_self\u00bb gradient_direction=\u00bbleft_to_right\u00bb overlay_strength=\u00bb0.3&#8243; width=\u00bb1\/6&#8243; tablet_width_inherit=\u00bbdefault\u00bb tablet_text_alignment=\u00bbdefault\u00bb phone_text_alignment=\u00bbdefault\u00bb bg_image_animation=\u00bbnone\u00bb border_type=\u00bbsimple\u00bb column_border_width=\u00bbnone\u00bb column_border_style=\u00bbsolid\u00bb][nectar_flip_box image_url_1=\u00bb887&#8243; text_color=\u00bbdark\u00bb icon_family=\u00bbsteadysets\u00bb icon_color=\u00bbAccent-Color\u00bb image_url_2=\u00bb866&#8243; text_color_2=\u00bbdark\u00bb h_text_align=\u00bbleft\u00bb v_text_align=\u00bbtop\u00bb image_loading=\u00bbdefault\u00bb flip_direction=\u00bbhorizontal-to-left\u00bb icon_size=\u00bb40&#8243; min_height=\u00bb400&#8243; icon_steadysets=\u00bbsteadysets-icon-reload\u00bb][\/nectar_flip_box][vc_column_text]\n<h2 style=\"text-align: center;\">1402 Gato<br \/>\nde encofrar<\/h2>\n[\/vc_column_text][toggles style=\u00bbdefault\u00bb][toggle color=\u00bbDefault\u00bb title=\u00bbDatos t\u00e9cnicos\u00bb][vc_column_text]Construcci\u00f3n de acero perfilado muy resistente, ajuste progresivo mediante cu\u00f1a de acero.<\/p>\n<p>Tambi\u00e9n disponible en tama\u00f1os especiales.<\/p>\n<p><strong>Cualquier tama\u00f1o disponible<\/strong>[\/vc_column_text][\/toggle][toggle color=\u00bbDefault\u00bb title=\u00bbDimensiones\u00bb][vc_column_text]\n<table width=\"217\">\n<tbody>\n<tr>\n<td width=\"51\">Tipo<\/td>\n<td width=\"83\">Longitud del lago<\/td>\n<td width=\"83\">Area de apriete<\/td>\n<\/tr>\n<tr>\n<td>1402.1<\/td>\n<td>400<\/td>\n<td>130 &#8211; 700<\/td>\n<\/tr>\n<tr>\n<td>1402.2<\/td>\n<td>500<\/td>\n<td>130 &#8211; 900<\/td>\n<\/tr>\n<tr>\n<td>1402.3<\/td>\n<td>500<\/td>\n<td>200 &#8211; 1000<\/td>\n<\/tr>\n<tr>\n<td>1402.4<\/td>\n<td>500<\/td>\n<td>200 &#8211; 1200<\/td>\n<\/tr>\n<\/tbody>\n<\/table>\n[\/vc_column_text][\/toggle][\/toggles][divider line_type=\u00bbFull Width Line\u00bb line_thickness=\u00bb5&#8243; divider_color=\u00bbaccent-color\u00bb custom_height=\u00bb7&#8243;][\/vc_column][vc_column column_padding=\u00bbno-extra-padding\u00bb column_padding_tablet=\u00bbinherit\u00bb column_padding_phone=\u00bbinherit\u00bb column_padding_position=\u00bball\u00bb column_element_spacing=\u00bbdefault\u00bb background_color_opacity=\u00bb1&#8243; background_hover_color_opacity=\u00bb1&#8243; column_shadow=\u00bbnone\u00bb column_border_radius=\u00bbnone\u00bb column_link_target=\u00bb_self\u00bb gradient_direction=\u00bbleft_to_right\u00bb overlay_strength=\u00bb0.3&#8243; width=\u00bb1\/6&#8243; tablet_width_inherit=\u00bbdefault\u00bb tablet_text_alignment=\u00bbdefault\u00bb phone_text_alignment=\u00bbdefault\u00bb bg_image_animation=\u00bbnone\u00bb border_type=\u00bbsimple\u00bb column_border_width=\u00bbnone\u00bb column_border_style=\u00bbsolid\u00bb][nectar_flip_box image_url_1=\u00bb888&#8243; text_color=\u00bbdark\u00bb icon_family=\u00bbsteadysets\u00bb icon_color=\u00bbAccent-Color\u00bb image_url_2=\u00bb867&#8243; text_color_2=\u00bbdark\u00bb h_text_align=\u00bbleft\u00bb v_text_align=\u00bbtop\u00bb image_loading=\u00bbdefault\u00bb flip_direction=\u00bbhorizontal-to-left\u00bb icon_size=\u00bb40&#8243; min_height=\u00bb400&#8243; icon_steadysets=\u00bbsteadysets-icon-reload\u00bb][\/nectar_flip_box][vc_column_text]\n<h2 style=\"text-align: center;\">1403 Abrazadera<br \/>\npara columnas<\/h2>\n[\/vc_column_text][toggles style=\u00bbdefault\u00bb][toggle color=\u00bbDefault\u00bb title=\u00bbDatos t\u00e9cnicos\u00bb][vc_column_text]1 juego compuesto por cuatro rieles de encofrado para columnas y cuatro cu\u00f1as. Ajuste progresivo mediante cuatro cu\u00f1as de acero.<\/p>\n<p>Tambi\u00e9n disponible en tama\u00f1os especiales.[\/vc_column_text][\/toggle][toggle color=\u00bbDefault\u00bb title=\u00bbDimensiones\u00bb][vc_column_text]\n<table width=\"216\">\n<tbody>\n<tr>\n<td width=\"50\">Tipo<\/td>\n<td width=\"83\">Acero plano<\/td>\n<td width=\"83\">Medidas de encofrado de-el<\/td>\n<\/tr>\n<tr>\n<td>1403.1<\/td>\n<td>60 \/ 6<\/td>\n<td>250 &#8211; 600<\/td>\n<\/tr>\n<tr>\n<td>1403.2<\/td>\n<td>60 \/ 8<\/td>\n<td>300 &#8211; 900<\/td>\n<\/tr>\n<tr>\n<td>1403.3<\/td>\n<td>60 \/ 8<\/td>\n<td>400 &#8211; 1200<\/td>\n<\/tr>\n<\/tbody>\n<\/table>\n[\/vc_column_text][\/toggle][\/toggles][divider line_type=\u00bbFull Width Line\u00bb line_thickness=\u00bb5&#8243; divider_color=\u00bbaccent-color\u00bb custom_height=\u00bb7&#8243;][\/vc_column][vc_column column_padding=\u00bbno-extra-padding\u00bb column_padding_tablet=\u00bbinherit\u00bb column_padding_phone=\u00bbinherit\u00bb column_padding_position=\u00bball\u00bb column_element_spacing=\u00bbdefault\u00bb background_color_opacity=\u00bb1&#8243; background_hover_color_opacity=\u00bb1&#8243; column_shadow=\u00bbnone\u00bb column_border_radius=\u00bbnone\u00bb column_link_target=\u00bb_self\u00bb gradient_direction=\u00bbleft_to_right\u00bb overlay_strength=\u00bb0.3&#8243; width=\u00bb1\/6&#8243; tablet_width_inherit=\u00bbdefault\u00bb tablet_text_alignment=\u00bbdefault\u00bb phone_text_alignment=\u00bbdefault\u00bb bg_image_animation=\u00bbnone\u00bb border_type=\u00bbsimple\u00bb column_border_width=\u00bbnone\u00bb column_border_style=\u00bbsolid\u00bb][nectar_flip_box image_url_1=\u00bb889&#8243; text_color=\u00bbdark\u00bb icon_family=\u00bbsteadysets\u00bb icon_color=\u00bbAccent-Color\u00bb image_url_2=\u00bb868&#8243; text_color_2=\u00bbdark\u00bb h_text_align=\u00bbleft\u00bb v_text_align=\u00bbtop\u00bb image_loading=\u00bbdefault\u00bb flip_direction=\u00bbhorizontal-to-left\u00bb icon_size=\u00bb40&#8243; min_height=\u00bb400&#8243; icon_steadysets=\u00bbsteadysets-icon-reload\u00bb][\/nectar_flip_box][vc_column_text]\n<h2 style=\"text-align: center;\">1404 Abrazadera<br \/>\npara encofrar<\/h2>\n[\/vc_column_text][toggles style=\u00bbdefault\u00bb][toggle color=\u00bbDefault\u00bb title=\u00bbDatos t\u00e9cnicos\u00bb][vc_column_text]Construcci\u00f3n de acero perfilado muy resistente, ajuste progresivo mediante cu\u00f1a de sujeci\u00f3n.<\/p>\n<p>Tambi\u00e9n disponible en tama\u00f1os especiales.<\/p>\n<p><strong>Cualquier tama\u00f1o disponible.<\/strong><\/p>\n<p>Disponible lacado (RAL 8017) o opcional galvanizado.[\/vc_column_text][\/toggle][toggle color=\u00bbDefault\u00bb title=\u00bbDimensiones\u00bb][vc_column_text]\n<table width=\"221\">\n<tbody>\n<tr>\n<td width=\"55\">Tipo<\/td>\n<td width=\"83\">Longitud del lago<\/td>\n<td width=\"83\">Area de apriete<\/td>\n<\/tr>\n<tr>\n<td>1404.1<\/td>\n<td>400<\/td>\n<td>700<\/td>\n<\/tr>\n<tr>\n<td>1404.2<\/td>\n<td>500<\/td>\n<td>900<\/td>\n<\/tr>\n<tr>\n<td>1404.3<\/td>\n<td>500<\/td>\n<td>1000<\/td>\n<\/tr>\n<\/tbody>\n<\/table>\n[\/vc_column_text][\/toggle][\/toggles][divider line_type=\u00bbFull Width Line\u00bb line_thickness=\u00bb5&#8243; divider_color=\u00bbaccent-color\u00bb custom_height=\u00bb7&#8243;][\/vc_column][vc_column column_padding=\u00bbno-extra-padding\u00bb column_padding_tablet=\u00bbinherit\u00bb column_padding_phone=\u00bbinherit\u00bb column_padding_position=\u00bball\u00bb column_element_spacing=\u00bbdefault\u00bb background_color_opacity=\u00bb1&#8243; background_hover_color_opacity=\u00bb1&#8243; column_shadow=\u00bbnone\u00bb column_border_radius=\u00bbnone\u00bb column_link_target=\u00bb_self\u00bb gradient_direction=\u00bbleft_to_right\u00bb overlay_strength=\u00bb0.3&#8243; width=\u00bb1\/6&#8243; tablet_width_inherit=\u00bbdefault\u00bb tablet_text_alignment=\u00bbdefault\u00bb phone_text_alignment=\u00bbdefault\u00bb bg_image_animation=\u00bbnone\u00bb border_type=\u00bbsimple\u00bb column_border_width=\u00bbnone\u00bb column_border_style=\u00bbsolid\u00bb][nectar_flip_box image_url_1=\u00bb890&#8243; text_color=\u00bbdark\u00bb icon_family=\u00bbsteadysets\u00bb icon_color=\u00bbAccent-Color\u00bb image_url_2=\u00bb869&#8243; text_color_2=\u00bbdark\u00bb h_text_align=\u00bbleft\u00bb v_text_align=\u00bbtop\u00bb image_loading=\u00bbdefault\u00bb flip_direction=\u00bbhorizontal-to-left\u00bb icon_size=\u00bb40&#8243; min_height=\u00bb400&#8243; icon_steadysets=\u00bbsteadysets-icon-reload\u00bb][\/nectar_flip_box][vc_column_text]\n<h2 style=\"text-align: center;\">1409 Pernos<br \/>\ndesmontables<\/h2>\n[\/vc_column_text][toggles style=\u00bbdefault\u00bb][toggle color=\u00bbDefault\u00bb title=\u00bbDatos t\u00e9cnicos\u00bb][vc_column_text]De acero redondo \u00d8 10, \u00d8 12 o \u00d8 14 mm. Aptos para todos los puntales de acero tubulares.[\/vc_column_text][\/toggle][toggle color=\u00bbDefault\u00bb title=\u00bbDimensiones\u00bb][vc_column_text]\n<table width=\"138\">\n<tbody>\n<tr>\n<td width=\"55\">Tipo<\/td>\n<td width=\"83\">Acero redondo<\/td>\n<\/tr>\n<tr>\n<td>1409.1<\/td>\n<td>\u00d8 10 mm<\/td>\n<\/tr>\n<tr>\n<td>1409.2<\/td>\n<td>\u00d8 12 mm<\/td>\n<\/tr>\n<tr>\n<td>1409.3<\/td>\n<td>\u00d8 14 mm<\/td>\n<\/tr>\n<\/tbody>\n<\/table>\n[\/vc_column_text][\/toggle][\/toggles][divider line_type=\u00bbFull Width Line\u00bb line_thickness=\u00bb5&#8243; divider_color=\u00bbaccent-color\u00bb custom_height=\u00bb7&#8243;][\/vc_column][vc_column column_padding=\u00bbpadding-1-percent\u00bb column_padding_tablet=\u00bbinherit\u00bb column_padding_phone=\u00bbinherit\u00bb column_padding_position=\u00bball\u00bb column_element_spacing=\u00bbdefault\u00bb background_color=\u00bb#646c84&#8243; background_color_opacity=\u00bb0.2&#8243; background_hover_color_opacity=\u00bb1&#8243; column_shadow=\u00bbnone\u00bb column_border_radius=\u00bbnone\u00bb column_link_target=\u00bb_self\u00bb gradient_direction=\u00bbleft_to_right\u00bb overlay_strength=\u00bb0.3&#8243; width=\u00bb1\/6&#8243; tablet_width_inherit=\u00bbdefault\u00bb tablet_text_alignment=\u00bbdefault\u00bb phone_text_alignment=\u00bbdefault\u00bb bg_image_animation=\u00bbnone\u00bb border_type=\u00bbsimple\u00bb column_border_width=\u00bbnone\u00bb column_border_style=\u00bbsolid\u00bb][nectar_animated_title heading_tag=\u00bbh2&#8243; style=\u00bbcolor-strip-reveal\u00bb color=\u00bbAccent-Color\u00bb text=\u00bbEncofrados para hormig\u00f3n de la m\u00e1s alta calidad\u00bb][vc_column_text]Encofrados para hormig\u00f3n y accesorios en ejecuci\u00f3n de acero de alta calidad o aluminio est\u00e1n disponibles de una sola fuente a trav\u00e9s de nuestra filial <a href=\"https:\/\/febe.eu\" target=\"_blank\" rel=\"noopener\">FEBE GmbH<\/a> en Berching.[\/vc_column_text][divider line_type=\u00bbNo Line\u00bb custom_height=\u00bb10&#8243;][image_with_animation image_url=\u00bb1476&#8243; animation=\u00bbNone\u00bb hover_animation=\u00bbnone\u00bb alignment=\u00bb\u00bb img_link_target=\u00bb_blank\u00bb border_radius=\u00bbnone\u00bb box_shadow=\u00bbnone\u00bb image_loading=\u00bbdefault\u00bb max_width=\u00bb100%\u00bb max_width_mobile=\u00bbdefault\u00bb img_link=\u00bbhttp:\/\/febe.eu\u00bb][\/vc_column][\/vc_row]\n","protected":false},"excerpt":{"rendered":"<p>[vc_row type=\u00bbfull_width_content\u00bb full_screen_row_position=\u00bbmiddle\u00bb column_margin=\u00bbdefault\u00bb column_direction=\u00bbdefault\u00bb column_direction_tablet=\u00bbdefault\u00bb column_direction_phone=\u00bbdefault\u00bb scene_position=\u00bbcenter\u00bb text_color=\u00bbdark\u00bb text_align=\u00bbleft\u00bb row_border_radius=\u00bbnone\u00bb row_border_radius_applies=\u00bbbg\u00bb overlay_strength=\u00bb0.3&#8243; gradient_direction=\u00bbleft_to_right\u00bb shape_divider_position=\u00bbbottom\u00bb bg_image_animation=\u00bbnone\u00bb][vc_column column_padding=\u00bbno-extra-padding\u00bb column_padding_tablet=\u00bbinherit\u00bb column_padding_phone=\u00bbinherit\u00bb column_padding_position=\u00bbleft-right\u00bb column_element_spacing=\u00bbdefault\u00bb background_color_opacity=\u00bb1&#8243; background_hover_color_opacity=\u00bb1&#8243; column_shadow=\u00bbnone\u00bb column_border_radius=\u00bbnone\u00bb column_link_target=\u00bb_self\u00bb gradient_direction=\u00bbleft_to_right\u00bb overlay_strength=\u00bb0.3&#8243; width=\u00bb1\/6&#8243; tablet_width_inherit=\u00bbdefault\u00bb&#8230;<\/p>\n","protected":false},"author":1,"featured_media":0,"parent":0,"menu_order":0,"comment_status":"closed","ping_status":"closed","template":"","meta":{"footnotes":""},"class_list":["post-3198","page","type-page","status-publish"],"_links":{"self":[{"href":"https:\/\/eichinger.de\/es\/wp-json\/wp\/v2\/pages\/3198","targetHints":{"allow":["GET"]}}],"collection":[{"href":"https:\/\/eichinger.de\/es\/wp-json\/wp\/v2\/pages"}],"about":[{"href":"https:\/\/eichinger.de\/es\/wp-json\/wp\/v2\/types\/page"}],"author":[{"embeddable":true,"href":"https:\/\/eichinger.de\/es\/wp-json\/wp\/v2\/users\/1"}],"replies":[{"embeddable":true,"href":"https:\/\/eichinger.de\/es\/wp-json\/wp\/v2\/comments?post=3198"}],"version-history":[{"count":8,"href":"https:\/\/eichinger.de\/es\/wp-json\/wp\/v2\/pages\/3198\/revisions"}],"predecessor-version":[{"id":6769,"href":"https:\/\/eichinger.de\/es\/wp-json\/wp\/v2\/pages\/3198\/revisions\/6769"}],"wp:attachment":[{"href":"https:\/\/eichinger.de\/es\/wp-json\/wp\/v2\/media?parent=3198"}],"curies":[{"name":"wp","href":"https:\/\/api.w.org\/{rel}","templated":true}]}}