{"id":2321,"date":"2017-03-01T14:45:40","date_gmt":"2017-03-01T13:45:40","guid":{"rendered":"http:\/\/eichinger.de.w0094cee.kasserver.com\/impressum\/"},"modified":"2025-08-29T12:27:55","modified_gmt":"2025-08-29T10:27:55","slug":"impressum","status":"publish","type":"page","link":"https:\/\/eichinger.de\/fr\/impressum\/","title":{"rendered":"Mentions l\u00e9gales"},"content":{"rendered":"[vc_row type=\u00a0\u00bbfull_width_content\u00a0\u00bb full_screen_row_position=\u00a0\u00bbmiddle\u00a0\u00bb scene_position=\u00a0\u00bbcenter\u00a0\u00bb text_color=\u00a0\u00bbdark\u00a0\u00bb text_align=\u00a0\u00bbleft\u00a0\u00bb overlay_strength=\u00a0\u00bb0.3&Prime; shape_divider_position=\u00a0\u00bbbottom\u00a0\u00bb][vc_column column_padding=\u00a0\u00bbno-extra-padding\u00a0\u00bb column_padding_position=\u00a0\u00bball\u00a0\u00bb background_color_opacity=\u00a0\u00bb1&Prime; background_hover_color_opacity=\u00a0\u00bb1&Prime; column_shadow=\u00a0\u00bbnone\u00a0\u00bb column_border_radius=\u00a0\u00bbnone\u00a0\u00bb width=\u00a0\u00bb1\/1&Prime; tablet_text_alignment=\u00a0\u00bbdefault\u00a0\u00bb phone_text_alignment=\u00a0\u00bbdefault\u00a0\u00bb column_border_width=\u00a0\u00bbnone\u00a0\u00bb column_border_style=\u00a0\u00bbsolid\u00a0\u00bb][image_with_animation image_url=\u00a0\u00bb1570&Prime; alignment=\u00a0\u00bb\u00a0\u00bb animation=\u00a0\u00bbNone\u00a0\u00bb border_radius=\u00a0\u00bbnone\u00a0\u00bb box_shadow=\u00a0\u00bbnone\u00a0\u00bb max_width=\u00a0\u00bb100%\u00a0\u00bb][\/vc_column][\/vc_row][vc_row type=\u00a0\u00bbin_container\u00a0\u00bb full_screen_row_position=\u00a0\u00bbmiddle\u00a0\u00bb scene_position=\u00a0\u00bbcenter\u00a0\u00bb text_color=\u00a0\u00bbdark\u00a0\u00bb text_align=\u00a0\u00bbleft\u00a0\u00bb top_padding=\u00a0\u00bb40&Prime; overlay_strength=\u00a0\u00bb0.3&Prime; shape_divider_position=\u00a0\u00bbbottom\u00a0\u00bb][vc_column column_padding=\u00a0\u00bbno-extra-padding\u00a0\u00bb column_padding_position=\u00a0\u00bball\u00a0\u00bb background_color_opacity=\u00a0\u00bb1&Prime; background_hover_color_opacity=\u00a0\u00bb1&Prime; column_shadow=\u00a0\u00bbnone\u00a0\u00bb column_border_radius=\u00a0\u00bbnone\u00a0\u00bb width=\u00a0\u00bb1\/1&Prime; tablet_text_alignment=\u00a0\u00bbdefault\u00a0\u00bb phone_text_alignment=\u00a0\u00bbdefault\u00a0\u00bb column_border_width=\u00a0\u00bbnone\u00a0\u00bb column_border_style=\u00a0\u00bbsolid\u00a0\u00bb][vc_column_text]\n<h2>Florian Eichinger GmbH<\/h2>\n[\/vc_column_text][\/vc_column][\/vc_row][vc_row type=\u00a0\u00bbin_container\u00a0\u00bb full_screen_row_position=\u00a0\u00bbmiddle\u00a0\u00bb scene_position=\u00a0\u00bbcenter\u00a0\u00bb text_color=\u00a0\u00bbdark\u00a0\u00bb text_align=\u00a0\u00bbleft\u00a0\u00bb top_padding=\u00a0\u00bb10&Prime; overlay_strength=\u00a0\u00bb0.3&Prime; shape_divider_position=\u00a0\u00bbbottom\u00a0\u00bb][vc_column column_padding=\u00a0\u00bbno-extra-padding\u00a0\u00bb column_padding_position=\u00a0\u00bball\u00a0\u00bb background_color_opacity=\u00a0\u00bb1&Prime; background_hover_color_opacity=\u00a0\u00bb1&Prime; column_shadow=\u00a0\u00bbnone\u00a0\u00bb column_border_radius=\u00a0\u00bbnone\u00a0\u00bb width=\u00a0\u00bb1\/6&Prime; tablet_text_alignment=\u00a0\u00bbdefault\u00a0\u00bb phone_text_alignment=\u00a0\u00bbdefault\u00a0\u00bb column_border_width=\u00a0\u00bbnone\u00a0\u00bb column_border_style=\u00a0\u00bbsolid\u00a0\u00bb][vc_column_text]<strong>Adresse de livraison<\/strong><br \/>\nAn der L\u00e4nde 10<br \/>\n92360 M\u00fchlhausen<br \/>\nAllemagne<\/p>\n<p><strong>Adresse postale<\/strong><br \/>\nPostfach 36<br \/>\n92359 M\u00fchlhausen<br \/>\nAllemagne<\/p>\n<p>T\u00e9l\u00e9phone<br \/>\n04 78 14 36 28 ou<br \/>\n+49 9185-923-212<\/p>\n<p>T\u00e9l\u00e9fax<br \/>\n04 78 63 79 58 ou<br \/>\n+49 9185-923-111<\/p>\n<p><a href=\"mailto:france@eichinger.de\">france@eichinger.de<\/a>[\/vc_column_text][\/vc_column][vc_column column_padding=\u00a0\u00bbno-extra-padding\u00a0\u00bb column_padding_position=\u00a0\u00bball\u00a0\u00bb background_color_opacity=\u00a0\u00bb1&Prime; background_hover_color_opacity=\u00a0\u00bb1&Prime; column_shadow=\u00a0\u00bbnone\u00a0\u00bb column_border_radius=\u00a0\u00bbnone\u00a0\u00bb width=\u00a0\u00bb1\/3&Prime; tablet_text_alignment=\u00a0\u00bbdefault\u00a0\u00bb phone_text_alignment=\u00a0\u00bbdefault\u00a0\u00bb column_border_width=\u00a0\u00bbnone\u00a0\u00bb column_border_style=\u00a0\u00bbsolid\u00a0\u00bb][vc_column_text]<strong>Renseignements l\u00e9gaux\u00a0:<\/strong><br \/>\nFlorian Eichinger GmbH<br \/>\nAn der L\u00e4nde 10<br \/>\n92360 M\u00fchlhausen<\/p>\n<p><strong>Contact:<\/strong><br \/>\nT\u00e9l\u00e9phone: 0049 (0)9185 923-0<br \/>\nT\u00e9l\u00e9fax: 0049 (0)9185 923-11<br \/>\nE-Mail: info@eichinger.de<\/p>\n<p><strong>Immatriculation\u00a0:<\/strong><br \/>\nAu Tribunal de Nuremberg<br \/>\nSIRET 5256<\/p>\n<p><strong>Num\u00e9ro de TVA intracommunautaire\u00a0:<\/strong><br \/>\nDE 133\/515\/351<br \/>\nG\u00e9rant: Hans Eichinger<\/p>\n<p><strong>Assureur\u00a0: Allianz<\/strong><\/p>\n<p>Source: https:\/\/www.e-recht24.de[\/vc_column_text][\/vc_column][vc_column column_padding=\u00a0\u00bbno-extra-padding\u00a0\u00bb column_padding_position=\u00a0\u00bball\u00a0\u00bb background_color_opacity=\u00a0\u00bb1&Prime; background_hover_color_opacity=\u00a0\u00bb1&Prime; column_shadow=\u00a0\u00bbnone\u00a0\u00bb column_border_radius=\u00a0\u00bbnone\u00a0\u00bb width=\u00a0\u00bb1\/2&Prime; tablet_text_alignment=\u00a0\u00bbdefault\u00a0\u00bb phone_text_alignment=\u00a0\u00bbdefault\u00a0\u00bb column_border_width=\u00a0\u00bbnone\u00a0\u00bb column_border_style=\u00a0\u00bbsolid\u00a0\u00bb][vc_column_text]\n<h2>Dispositions l\u00e9gales<\/h2>\n<p>&nbsp;<\/p>\n<p><strong>Droits d&rsquo;auteurs<\/strong><\/p>\n<p>Les divers \u00e9l\u00e9ments du site web (la forme, la mise en page, le fond, la structure&#8230;) sont prot\u00e9g\u00e9s par le droit des dessins et mod\u00e8les, les droits d&rsquo;auteur, le droit des marques ainsi que le droit \u00e0 l&rsquo;image. Ils ne peuvent \u00eatre copi\u00e9s ou imit\u00e9s en tout ou partie sauf autorisation expresse de\u00a0la Florian Eichinger GmbH. Toute personne ne respectant pas les dispositions l\u00e9gales applicables se rend coupable du d\u00e9lit de contrefa\u00e7on et est passible des sanctions p\u00e9nales pr\u00e9vues par la loi. Le pr\u00e9sent portail Internet constitue une \u0153uvre dont la soci\u00e9t\u00e9 Florian Eichinger GmbH en Allemagne est l&rsquo;auteur au sens des articles L. 111.1 et suivants du Code de la propri\u00e9t\u00e9 intellectuelle. Les photographies, textes, logos, pictogrammes ainsi que toute \u0153uvre int\u00e9gr\u00e9e dans le site sont la propri\u00e9t\u00e9 de la soci\u00e9t\u00e9 Florian Eichinger GmbH en Allemagne ou de tiers l&rsquo;ayant autoris\u00e9 \u00e0 les utiliser.<\/p>\n<p>Les reproductions, les transmissions, les modifications, les r\u00e9utilisations sur un support papier ou informatique dudit portail Internet et des \u0153uvres qui y sont reproduites sont autoris\u00e9es \u00e0 partir du moment o\u00f9 elles sont conformes aux dispositions de l&rsquo;article L 122-5 du Code de la Propri\u00e9t\u00e9 Intellectuelle. Ces reproductions, int\u00e9grales ou partielles, devront notamment indiquer clairement le nom de l&rsquo;auteur et la source du site.<\/p>\n<p>En aucun cas ces reproductions ne sauraient porter pr\u00e9judice aux droits des tiers.<\/p>\n<p><strong>Droit des bases de donn\u00e9es<\/strong><\/p>\n<p>Les bases de donn\u00e9es sont prot\u00e9g\u00e9es par la loi du 1er juillet 1998 et le r\u00e9gime fran\u00e7ais du droit d&rsquo;auteur.<\/p>\n<h2>\u00c9tablissements de liens vers le site florianeichinger.com<\/h2>\n<p>florianeichinger.com\u00a0autorise la mise en place d&rsquo;un lien hypertexte vers son site\u00a0https:\/\/www.florianeichinger.com\u00a0pour tous les sites Internet \u00e0 l&rsquo;exclusion de ceux diffusant des informations \u00e0 caract\u00e8re pol\u00e9mique, pornographique, x\u00e9nophobe ou pouvant, dans une plus large mesure, porter atteinte \u00e0 la sensibilit\u00e9 du plus grand nombre.<\/p>\n<h3>Liens vers des sites tiers depuis le site florianeichinger.com<\/h3>\n<p>Les liens hypertextes mis en \u0153uvre au sein de ce site en direction d&rsquo;autres sites et\/ou de pages personnelles et d&rsquo;une mani\u00e8re g\u00e9n\u00e9rale vers toute ressource existante sur Internet ne sauraient engager la responsabilit\u00e9 de bennesabeton.com\u00a0quant aux liens qu&rsquo;ils contiennent ou aux changements ou mises \u00e0 jour qui leur sont apport\u00e9s.<\/p>\n<h3>Utilisation des cookies<\/h3>\n<p>La navigation sur le site et la consultation des informations qui y figurent est soumise \u00e0 l&rsquo;acceptation des cookies par les internautes. Ces cookies ne sont utilis\u00e9s que pour l&rsquo;analyse de la fr\u00e9quentation du site, \u00e0 l&rsquo;exclusion de tout autre objet.<\/p>\n<h3>Donn\u00e9es personnelles<\/h3>\n<p>Vous disposez d&rsquo;un droit d&rsquo;acc\u00e8s et de rectification portant sur vos donn\u00e9es personnelles collect\u00e9es sur ce site. Vous pouvez exercer ce droit par mail (france@eichinger.de) ou par courrier: Florian Eichinger GmbH \u2013 An der L\u00e4nde 10 \u2013 D 92359 M\u00fchlhausen. Les donn\u00e9es collect\u00e9es via les formulaires du site sont uniquement utilis\u00e9es par\u00a0bennesabeton.com\u00a0et destin\u00e9es \u00e0 la communication d&rsquo;informations. Seules les questions pr\u00e9c\u00e9d\u00e9es d&rsquo;un (*) ont un caract\u00e8re obligatoire.<\/p>\n<h3>Mise en garde g\u00e9n\u00e9rale<\/h3>\n<p>Nos services mettent tout en \u0153uvre pour offrir aux visiteurs de ce site des informations fiables et v\u00e9rifi\u00e9es. Cependant, le site peut comporter des inexactitudes, des d\u00e9fauts de mise \u00e0 jour ou des erreurs. Nous remercions les utilisateurs du site de nous faire part d&rsquo;\u00e9ventuelles omissions, erreurs ou corrections par mail sur la boite aux lettres:\u00a0france@eichinger.de.<\/p>\n<p><b class=\"b4\">Droit <\/b><b class=\"b3\">d&rsquo;images<\/b><br \/>\nFlorian Eichinger GmbH; Slider-Collagen: \u00a9 industrieblick@fotolia.com, goodluz@fotolia.com, Microgen@fotolia.com, olly@fotolia.com, biker3@fotolia.com, MangAllyPop@ER@fotolia.com, fotoember@fotolia.com, Kzenon@fotolia.com, johnnypicture@fotolia.com, Kadmy@fotolia.com, ACP prod@fotolia.com[\/vc_column_text][\/vc_column][\/vc_row][vc_row type=\u00a0\u00bbin_container\u00a0\u00bb full_screen_row_position=\u00a0\u00bbmiddle\u00a0\u00bb scene_position=\u00a0\u00bbcenter\u00a0\u00bb text_color=\u00a0\u00bbdark\u00a0\u00bb text_align=\u00a0\u00bbleft\u00a0\u00bb overlay_strength=\u00a0\u00bb0.3&Prime; shape_divider_position=\u00a0\u00bbbottom\u00a0\u00bb][vc_column column_padding=\u00a0\u00bbno-extra-padding\u00a0\u00bb column_padding_position=\u00a0\u00bball\u00a0\u00bb background_color_opacity=\u00a0\u00bb1&Prime; background_hover_color_opacity=\u00a0\u00bb1&Prime; column_shadow=\u00a0\u00bbnone\u00a0\u00bb column_border_radius=\u00a0\u00bbnone\u00a0\u00bb width=\u00a0\u00bb1\/1&Prime; tablet_text_alignment=\u00a0\u00bbdefault\u00a0\u00bb phone_text_alignment=\u00a0\u00bbdefault\u00a0\u00bb column_border_width=\u00a0\u00bbnone\u00a0\u00bb column_border_style=\u00a0\u00bbsolid\u00a0\u00bb][\/vc_column][\/vc_row]\n","protected":false},"excerpt":{"rendered":"<p>[vc_row type=\u00a0\u00bbfull_width_content\u00a0\u00bb full_screen_row_position=\u00a0\u00bbmiddle\u00a0\u00bb scene_position=\u00a0\u00bbcenter\u00a0\u00bb text_color=\u00a0\u00bbdark\u00a0\u00bb text_align=\u00a0\u00bbleft\u00a0\u00bb overlay_strength=\u00a0\u00bb0.3&Prime; shape_divider_position=\u00a0\u00bbbottom\u00a0\u00bb][vc_column column_padding=\u00a0\u00bbno-extra-padding\u00a0\u00bb column_padding_position=\u00a0\u00bball\u00a0\u00bb background_color_opacity=\u00a0\u00bb1&Prime; background_hover_color_opacity=\u00a0\u00bb1&Prime; column_shadow=\u00a0\u00bbnone\u00a0\u00bb column_border_radius=\u00a0\u00bbnone\u00a0\u00bb width=\u00a0\u00bb1\/1&Prime; tablet_text_alignment=\u00a0\u00bbdefault\u00a0\u00bb phone_text_alignment=\u00a0\u00bbdefault\u00a0\u00bb column_border_width=\u00a0\u00bbnone\u00a0\u00bb column_border_style=\u00a0\u00bbsolid\u00a0\u00bb][image_with_animation image_url=\u00a0\u00bb1570&Prime; alignment=\u00a0\u00bb\u00a0\u00bb animation=\u00a0\u00bbNone\u00a0\u00bb border_radius=\u00a0\u00bbnone\u00a0\u00bb box_shadow=\u00a0\u00bbnone\u00a0\u00bb max_width=\u00a0\u00bb100%\u00a0\u00bb][\/vc_column][\/vc_row][vc_row type=\u00a0\u00bbin_container\u00a0\u00bb full_screen_row_position=\u00a0\u00bbmiddle\u00a0\u00bb scene_position=\u00a0\u00bbcenter\u00a0\u00bb text_color=\u00a0\u00bbdark\u00a0\u00bb text_align=\u00a0\u00bbleft\u00a0\u00bb&#8230;<\/p>\n","protected":false},"author":1,"featured_media":0,"parent":0,"menu_order":0,"comment_status":"closed","ping_status":"closed","template":"","meta":{"footnotes":""},"class_list":["post-2321","page","type-page","status-publish"],"_links":{"self":[{"href":"https:\/\/eichinger.de\/fr\/wp-json\/wp\/v2\/pages\/2321","targetHints":{"allow":["GET"]}}],"collection":[{"href":"https:\/\/eichinger.de\/fr\/wp-json\/wp\/v2\/pages"}],"about":[{"href":"https:\/\/eichinger.de\/fr\/wp-json\/wp\/v2\/types\/page"}],"author":[{"embeddable":true,"href":"https:\/\/eichinger.de\/fr\/wp-json\/wp\/v2\/users\/1"}],"replies":[{"embeddable":true,"href":"https:\/\/eichinger.de\/fr\/wp-json\/wp\/v2\/comments?post=2321"}],"version-history":[{"count":7,"href":"https:\/\/eichinger.de\/fr\/wp-json\/wp\/v2\/pages\/2321\/revisions"}],"predecessor-version":[{"id":3080,"href":"https:\/\/eichinger.de\/fr\/wp-json\/wp\/v2\/pages\/2321\/revisions\/3080"}],"wp:attachment":[{"href":"https:\/\/eichinger.de\/fr\/wp-json\/wp\/v2\/media?parent=2321"}],"curies":[{"name":"wp","href":"https:\/\/api.w.org\/{rel}","templated":true}]}}