{"id":2326,"date":"2017-03-01T15:06:51","date_gmt":"2017-03-01T14:06:51","guid":{"rendered":"http:\/\/eichinger.de.w0094cee.kasserver.com\/jobs\/"},"modified":"2019-05-08T18:17:41","modified_gmt":"2019-05-08T16:17:41","slug":"recrutement","status":"publish","type":"page","link":"https:\/\/eichinger.de\/fr\/recrutement\/","title":{"rendered":"Recrutement"},"content":{"rendered":"[vc_row type=\u00a0\u00bbfull_width_content\u00a0\u00bb full_screen_row_position=\u00a0\u00bbmiddle\u00a0\u00bb scene_position=\u00a0\u00bbcenter\u00a0\u00bb text_color=\u00a0\u00bbdark\u00a0\u00bb text_align=\u00a0\u00bbleft\u00a0\u00bb overlay_strength=\u00a0\u00bb0.3&Prime; shape_divider_position=\u00a0\u00bbbottom\u00a0\u00bb bg_image_animation=\u00a0\u00bbnone\u00a0\u00bb][vc_column column_padding=\u00a0\u00bbno-extra-padding\u00a0\u00bb column_padding_position=\u00a0\u00bball\u00a0\u00bb background_color_opacity=\u00a0\u00bb1&Prime; background_hover_color_opacity=\u00a0\u00bb1&Prime; column_link_target=\u00a0\u00bb_self\u00a0\u00bb column_shadow=\u00a0\u00bbnone\u00a0\u00bb column_border_radius=\u00a0\u00bbnone\u00a0\u00bb width=\u00a0\u00bb1\/1&Prime; tablet_width_inherit=\u00a0\u00bbdefault\u00a0\u00bb tablet_text_alignment=\u00a0\u00bbdefault\u00a0\u00bb phone_text_alignment=\u00a0\u00bbdefault\u00a0\u00bb column_border_width=\u00a0\u00bbnone\u00a0\u00bb column_border_style=\u00a0\u00bbsolid\u00a0\u00bb bg_image_animation=\u00a0\u00bbnone\u00a0\u00bb][image_with_animation image_url=\u00a0\u00bb1587&Prime; alignment=\u00a0\u00bb\u00a0\u00bb animation=\u00a0\u00bbNone\u00a0\u00bb border_radius=\u00a0\u00bbnone\u00a0\u00bb box_shadow=\u00a0\u00bbnone\u00a0\u00bb max_width=\u00a0\u00bb100%\u00a0\u00bb][\/vc_column][\/vc_row][vc_row type=\u00a0\u00bbin_container\u00a0\u00bb full_screen_row_position=\u00a0\u00bbmiddle\u00a0\u00bb scene_position=\u00a0\u00bbcenter\u00a0\u00bb text_color=\u00a0\u00bbdark\u00a0\u00bb text_align=\u00a0\u00bbleft\u00a0\u00bb top_padding=\u00a0\u00bb20&Prime; overlay_strength=\u00a0\u00bb0.3&Prime; shape_divider_position=\u00a0\u00bbbottom\u00a0\u00bb bg_image_animation=\u00a0\u00bbnone\u00a0\u00bb][vc_column column_padding=\u00a0\u00bbno-extra-padding\u00a0\u00bb column_padding_position=\u00a0\u00bball\u00a0\u00bb background_color_opacity=\u00a0\u00bb1&Prime; background_hover_color_opacity=\u00a0\u00bb1&Prime; column_link_target=\u00a0\u00bb_self\u00a0\u00bb column_shadow=\u00a0\u00bbnone\u00a0\u00bb column_border_radius=\u00a0\u00bbnone\u00a0\u00bb width=\u00a0\u00bb1\/1&Prime; tablet_width_inherit=\u00a0\u00bbdefault\u00a0\u00bb tablet_text_alignment=\u00a0\u00bbdefault\u00a0\u00bb phone_text_alignment=\u00a0\u00bbdefault\u00a0\u00bb column_border_width=\u00a0\u00bbnone\u00a0\u00bb column_border_style=\u00a0\u00bbsolid\u00a0\u00bb bg_image_animation=\u00a0\u00bbnone\u00a0\u00bb][vc_column_text]\n<h1>Bienvenue dans notre \u00e9quipe\u00a0!<\/h1>\n<p>Avec une tradition de 100 ans la soci\u00e9t\u00e9 Eichinger innove et fabrique des bennes \u00e0 b\u00e9ton, bennes \u00e0 terre, outils de pr\u00e9hension, containeurs et barri\u00e8res, pour usage dans le BTP, stockage et industrie.<\/p>\n<p>Notre gamme large et approfondie s\u2019est cr\u00e9\u00e9e dans une longue tradition et en adaptation aux normes et obligations \u00e0 l\u2019international.<\/p>\n<p>Nos produits sont pr\u00e9sents partout sur les chantiers autour du globe.<\/p>\n<h3><span lang=\"FR\">Afin de renforcer notre \u00e9quipe des commerciaux et l\u2019\u00e9quipe en fabrication nous cherchons toujours des employ\u00e9s engag\u00e9s pour notre si\u00e8ge \u00e0 M\u00fchlhausen. <\/span><\/h3>\n[\/vc_column_text][\/vc_column][\/vc_row][vc_row type=\u00a0\u00bbin_container\u00a0\u00bb full_screen_row_position=\u00a0\u00bbmiddle\u00a0\u00bb bg_color=\u00a0\u00bb#646c84&Prime; scene_position=\u00a0\u00bbcenter\u00a0\u00bb text_color=\u00a0\u00bblight\u00a0\u00bb text_align=\u00a0\u00bbleft\u00a0\u00bb top_padding=\u00a0\u00bb20&Prime; overlay_strength=\u00a0\u00bb0.3&Prime; shape_divider_position=\u00a0\u00bbbottom\u00a0\u00bb bg_image_animation=\u00a0\u00bbnone\u00a0\u00bb][vc_column column_padding=\u00a0\u00bbpadding-2-percent\u00a0\u00bb column_padding_position=\u00a0\u00bball\u00a0\u00bb background_color_opacity=\u00a0\u00bb1&Prime; background_hover_color_opacity=\u00a0\u00bb1&Prime; column_link_target=\u00a0\u00bb_self\u00a0\u00bb column_shadow=\u00a0\u00bbnone\u00a0\u00bb column_border_radius=\u00a0\u00bbnone\u00a0\u00bb width=\u00a0\u00bb1\/4&Prime; tablet_width_inherit=\u00a0\u00bbdefault\u00a0\u00bb tablet_text_alignment=\u00a0\u00bbdefault\u00a0\u00bb phone_text_alignment=\u00a0\u00bbdefault\u00a0\u00bb column_border_width=\u00a0\u00bbnone\u00a0\u00bb column_border_style=\u00a0\u00bbsolid\u00a0\u00bb bg_image_animation=\u00a0\u00bbnone\u00a0\u00bb][divider line_type=\u00a0\u00bbNo Line\u00a0\u00bb custom_height=\u00a0\u00bb20&Prime;][nectar_animated_title heading_tag=\u00a0\u00bbh2&Prime; style=\u00a0\u00bbcolor-strip-reveal\u00a0\u00bb color=\u00a0\u00bbAccent-Color\u00a0\u00bb text=\u00a0\u00bbMerci de nous envoyer \u2013 tout simplement le formulaire ici-bas.\u00a0\u00bb][vc_column_text]\n<h2>Merci de nous envoyer \u2013 tout simplement le formulaire ici-bas.<\/h2>\n<h2>Vous informations seront trait\u00e9es de mani\u00e8re la plus confidentielle.<\/h2>\n<p>Ou merci de nous contacter directement par t\u00e9l. au<\/p>\n<h1>04.78.14.36.28<\/h1>\n<h2>Merci d\u2019avance pour votre candidature.<\/h2>\n[\/vc_column_text][vc_column_text]\n<h2>Nous traitons vos donn\u00e9es avec le plus grand respect possible<\/h2>\n<p>Tout ce que vous envoyez ici, passe par une voie s\u00e9curis\u00e9e. Vous pouvez le voir sur le cadenas vert en haut dans la barre de votre navigateur.<\/p>\n<p>Si vous nous envoyez une demande via le formulaire, vos donn\u00e9es seront enregistr\u00e9es et ne seront pas utilis\u00e9es \u00e0 des fins autre que le traitement de votre demande. Nous traitons vos donn\u00e9es confidentiellement et ne les communiquons pas \u00e0 des tiers sans votre consentement. <strong>Et en outre, uniquement \u00e0 notre administration du personnel via un e-mail confidentiel.<\/strong><\/p>\n<p><a href=\"https:\/\/eichinger.de\/fr\/declaration-de-confidentialite\/\" target=\"_blank\" rel=\"noopener noreferrer\">En savoir plus sur le traitement de vos donn\u00e9es.<\/a>[\/vc_column_text][\/vc_column][vc_column column_padding=\u00a0\u00bbpadding-2-percent\u00a0\u00bb column_padding_position=\u00a0\u00bball\u00a0\u00bb background_color_opacity=\u00a0\u00bb1&Prime; background_hover_color_opacity=\u00a0\u00bb1&Prime; font_color=\u00a0\u00bb#000000&Prime; column_link_target=\u00a0\u00bb_self\u00a0\u00bb column_shadow=\u00a0\u00bbnone\u00a0\u00bb column_border_radius=\u00a0\u00bbnone\u00a0\u00bb width=\u00a0\u00bb1\/2&Prime; tablet_width_inherit=\u00a0\u00bbdefault\u00a0\u00bb tablet_text_alignment=\u00a0\u00bbdefault\u00a0\u00bb phone_text_alignment=\u00a0\u00bbdefault\u00a0\u00bb column_border_width=\u00a0\u00bbnone\u00a0\u00bb column_border_style=\u00a0\u00bbsolid\u00a0\u00bb bg_image_animation=\u00a0\u00bbnone\u00a0\u00bb]\n<div class=\"wpcf7 no-js\" id=\"wpcf7-f2711-o1\" lang=\"\" dir=\"ltr\" data-wpcf7-id=\"2711\">\n<div class=\"screen-reader-response\"><p role=\"status\" aria-live=\"polite\" aria-atomic=\"true\"><\/p> <ul><\/ul><\/div>\n<form action=\"\/fr\/wp-json\/wp\/v2\/pages\/2326#wpcf7-f2711-o1\" method=\"post\" class=\"wpcf7-form init\" aria-label=\"Formulaire de contact\" novalidate=\"novalidate\" data-status=\"init\">\n<fieldset class=\"hidden-fields-container\"><input type=\"hidden\" name=\"_wpcf7\" value=\"2711\" \/><input type=\"hidden\" name=\"_wpcf7_version\" value=\"6.1.5\" \/><input type=\"hidden\" name=\"_wpcf7_locale\" value=\"\" \/><input type=\"hidden\" name=\"_wpcf7_unit_tag\" value=\"wpcf7-f2711-o1\" \/><input type=\"hidden\" name=\"_wpcf7_container_post\" value=\"0\" \/><input type=\"hidden\" name=\"_wpcf7_posted_data_hash\" value=\"\" \/>\n<\/fieldset>\n<p><label> Votre nom et pr\u00e9nom (champs obligatoire)<br \/>\n<span class=\"wpcf7-form-control-wrap\" data-name=\"IhrVor-undFamilienname\"><input size=\"40\" maxlength=\"400\" class=\"wpcf7-form-control wpcf7-text wpcf7-validates-as-required\" aria-required=\"true\" aria-invalid=\"false\" value=\"\" type=\"text\" name=\"IhrVor-undFamilienname\" \/><\/span> <\/label>\n<\/p>\n<p><label> Adresse (champs obligatoire)<br \/>\n<span class=\"wpcf7-form-control-wrap\" data-name=\"adresse1\"><input size=\"40\" maxlength=\"400\" class=\"wpcf7-form-control wpcf7-text wpcf7-validates-as-required\" aria-required=\"true\" aria-invalid=\"false\" value=\"\" type=\"text\" name=\"adresse1\" \/><\/span><\/label>\n<\/p>\n<p><label> Code postale et ville (champs obligatoire)<br \/>\n<span class=\"wpcf7-form-control-wrap\" data-name=\"PLZOrt\"><input size=\"40\" maxlength=\"400\" class=\"wpcf7-form-control wpcf7-text wpcf7-validates-as-required\" aria-required=\"true\" aria-invalid=\"false\" value=\"\" type=\"text\" name=\"PLZOrt\" \/><\/span> <\/label>\n<\/p>\n<p><label> T\u00e9l\u00e9phone \/ Portable (champs obligatoire)<br \/>\n<span class=\"wpcf7-form-control-wrap\" data-name=\"TelefonMobile\"><input size=\"40\" maxlength=\"400\" class=\"wpcf7-form-control wpcf7-tel wpcf7-validates-as-required wpcf7-text wpcf7-validates-as-tel\" aria-required=\"true\" aria-invalid=\"false\" value=\"\" type=\"tel\" name=\"TelefonMobile\" \/><\/span> <\/label>\n<\/p>\n<p><label> E-Mail (champs obligatoire)<br \/>\n<span class=\"wpcf7-form-control-wrap\" data-name=\"email-467\"><input size=\"40\" maxlength=\"400\" class=\"wpcf7-form-control wpcf7-email wpcf7-validates-as-required wpcf7-text wpcf7-validates-as-email\" aria-required=\"true\" aria-invalid=\"false\" value=\"\" type=\"email\" name=\"email-467\" \/><\/span><\/label>\n<\/p>\n<p><label> Vous envoyez votre candidature pour un poste vacant en production de :<br \/>\n<span class=\"wpcf7-form-control-wrap\" data-name=\"produktion\"><select class=\"wpcf7-form-control wpcf7-select\" aria-invalid=\"false\" name=\"produktion\"><option value=\"\">&#8212;Veuillez choisir une option&#8212;<\/option><option value=\"D\u00e9veloppeur technique de produit\">D\u00e9veloppeur technique de produit<\/option><option value=\"M\u00e9canicien en construction\">M\u00e9canicien en construction<\/option><option value=\"Soudeur\">Soudeur<\/option><option value=\"Magasinier\">Magasinier<\/option><\/select><\/span> <\/label><br \/>\n<label> Vous envoyez votre candidature pour un poste vacant au bureau de :<br \/>\n<span class=\"wpcf7-form-control-wrap\" data-name=\"inderVerwaltung\"><select class=\"wpcf7-form-control wpcf7-select\" aria-invalid=\"false\" name=\"inderVerwaltung\"><option value=\"\">&#8212;Veuillez choisir une option&#8212;<\/option><option value=\"Commercial s\u00e9dentaire\">Commercial s\u00e9dentaire<\/option><\/select><\/span> <\/label><br \/>\n<label> Vous envoyez votre candidature pour un poste vacant d\u2019apprenti:<br \/>\n<span class=\"wpcf7-form-control-wrap\" data-name=\"Ausbildungsplatz\"><select class=\"wpcf7-form-control wpcf7-select\" aria-invalid=\"false\" name=\"Ausbildungsplatz\"><option value=\"\">&#8212;Veuillez choisir une option&#8212;<\/option><option value=\"Commercial s\u00e9dentaire\">Commercial s\u00e9dentaire<\/option><option value=\"M\u00e9canicien en construction\">M\u00e9canicien en construction<\/option><\/select><\/span> <\/label>\n<\/p>\n<p><label> Votre m\u00e9tier \/ votre formation<br \/>\n<span class=\"wpcf7-form-control-wrap\" data-name=\"ErlernterBeruf\"><input size=\"40\" maxlength=\"400\" class=\"wpcf7-form-control wpcf7-text\" aria-invalid=\"false\" value=\"\" type=\"text\" name=\"ErlernterBeruf\" \/><\/span> <\/label>\n<\/p>\n<p><label> Votre \u00e2ge<br \/>\n<span class=\"wpcf7-form-control-wrap\" data-name=\"Alter\"><input size=\"40\" maxlength=\"400\" class=\"wpcf7-form-control wpcf7-text\" aria-invalid=\"false\" value=\"\" type=\"text\" name=\"Alter\" \/><\/span> <\/label>\n<\/p>\n<p><label> Date afin de d\u00e9buter chez nous<br \/>\n<span class=\"wpcf7-form-control-wrap\" data-name=\"Arbeitsbeginn\"><input size=\"40\" maxlength=\"400\" class=\"wpcf7-form-control wpcf7-text\" aria-invalid=\"false\" value=\"\" type=\"text\" name=\"Arbeitsbeginn\" \/><\/span> <\/label>\n<\/p>\n<p><label> Dur\u00e9e de votre exp\u00e9rience professionnelle ? (champs obligatoire)<br \/>\n<span class=\"wpcf7-form-control-wrap\" data-name=\"Berufserfahrung\"><select class=\"wpcf7-form-control wpcf7-select wpcf7-validates-as-required\" aria-required=\"true\" aria-invalid=\"false\" name=\"Berufserfahrung\"><option value=\"\">&#8212;Veuillez choisir une option&#8212;<\/option><option value=\"D\u00e9butant\">D\u00e9butant<\/option><option value=\"Moins de 5 ans\">Moins de 5 ans<\/option><option value=\"Plus de 5 ans\">Plus de 5 ans<\/option><\/select><\/span> <\/label>\n<\/p>\n<p><label> Courte r\u00e9sum\u00e9 de votre CV<br \/>\n<span class=\"wpcf7-form-control-wrap\" data-name=\"Lebenslauf\"><textarea cols=\"40\" rows=\"10\" maxlength=\"2000\" class=\"wpcf7-form-control wpcf7-textarea\" aria-invalid=\"false\" name=\"Lebenslauf\"><\/textarea><\/span> <\/label>\n<\/p>\n<p><label> Quand pouvons nous vous recontacter ?<br \/>\n<span class=\"wpcf7-form-control-wrap\" data-name=\"anrufzeit\"><select class=\"wpcf7-form-control wpcf7-select\" aria-invalid=\"false\" name=\"anrufzeit\"><option value=\"\">&#8212;Veuillez choisir une option&#8212;<\/option><option value=\"toujours\">toujours<\/option><option value=\"\u00e0 partir de 17h00\">\u00e0 partir de 17h00<\/option><option value=\"merci de me contacter uniquement par t\u00e9l\u00e9phone\">merci de me contacter uniquement par t\u00e9l\u00e9phone<\/option><option value=\"merci de me contacter uniquement par mail\">merci de me contacter uniquement par mail<\/option><\/select><\/span><\/label><br \/>\n<span id=\"wpcf7-69ff234e0a601-wrapper\" class=\"wpcf7-form-control-wrap E-Mail-wrap\" style=\"display:none !important; visibility:hidden !important;\"><label for=\"wpcf7-69ff234e0a601-field\" class=\"hp-message\">Veuillez laisser ce champ vide.<\/label><input id=\"wpcf7-69ff234e0a601-field\"  class=\"wpcf7-form-control wpcf7-text\" type=\"text\" name=\"E-Mail\" value=\"\" size=\"40\" tabindex=\"-1\" autocomplete=\"new-password\" \/><\/span>\n<\/p>\n<p><input class=\"wpcf7-form-control wpcf7-submit has-spinner\" type=\"submit\" value=\"Envoyer\" \/>\n<\/p><div class=\"wpcf7-response-output\" aria-hidden=\"true\"><\/div>\n<\/form>\n<\/div>\n[\/vc_column][vc_column column_padding=\u00a0\u00bbno-extra-padding\u00a0\u00bb column_padding_position=\u00a0\u00bball\u00a0\u00bb background_color_opacity=\u00a0\u00bb1&Prime; background_hover_color_opacity=\u00a0\u00bb1&Prime; column_link_target=\u00a0\u00bb_self\u00a0\u00bb column_shadow=\u00a0\u00bbnone\u00a0\u00bb column_border_radius=\u00a0\u00bbnone\u00a0\u00bb width=\u00a0\u00bb1\/4&Prime; tablet_width_inherit=\u00a0\u00bbdefault\u00a0\u00bb tablet_text_alignment=\u00a0\u00bbdefault\u00a0\u00bb phone_text_alignment=\u00a0\u00bbdefault\u00a0\u00bb column_border_width=\u00a0\u00bbnone\u00a0\u00bb column_border_style=\u00a0\u00bbsolid\u00a0\u00bb bg_image_animation=\u00a0\u00bbnone\u00a0\u00bb][\/vc_column][\/vc_row]\n","protected":false},"excerpt":{"rendered":"<p>[vc_row type=\u00a0\u00bbfull_width_content\u00a0\u00bb full_screen_row_position=\u00a0\u00bbmiddle\u00a0\u00bb scene_position=\u00a0\u00bbcenter\u00a0\u00bb text_color=\u00a0\u00bbdark\u00a0\u00bb text_align=\u00a0\u00bbleft\u00a0\u00bb overlay_strength=\u00a0\u00bb0.3&Prime; shape_divider_position=\u00a0\u00bbbottom\u00a0\u00bb bg_image_animation=\u00a0\u00bbnone\u00a0\u00bb][vc_column column_padding=\u00a0\u00bbno-extra-padding\u00a0\u00bb column_padding_position=\u00a0\u00bball\u00a0\u00bb background_color_opacity=\u00a0\u00bb1&Prime; background_hover_color_opacity=\u00a0\u00bb1&Prime; column_link_target=\u00a0\u00bb_self\u00a0\u00bb column_shadow=\u00a0\u00bbnone\u00a0\u00bb column_border_radius=\u00a0\u00bbnone\u00a0\u00bb width=\u00a0\u00bb1\/1&Prime; tablet_width_inherit=\u00a0\u00bbdefault\u00a0\u00bb tablet_text_alignment=\u00a0\u00bbdefault\u00a0\u00bb phone_text_alignment=\u00a0\u00bbdefault\u00a0\u00bb column_border_width=\u00a0\u00bbnone\u00a0\u00bb column_border_style=\u00a0\u00bbsolid\u00a0\u00bb bg_image_animation=\u00a0\u00bbnone\u00a0\u00bb][image_with_animation image_url=\u00a0\u00bb1587&Prime; alignment=\u00a0\u00bb\u00a0\u00bb animation=\u00a0\u00bbNone\u00a0\u00bb border_radius=\u00a0\u00bbnone\u00a0\u00bb box_shadow=\u00a0\u00bbnone\u00a0\u00bb max_width=\u00a0\u00bb100%\u00a0\u00bb][\/vc_column][\/vc_row][vc_row type=\u00a0\u00bbin_container\u00a0\u00bb&#8230;<\/p>\n","protected":false},"author":1,"featured_media":0,"parent":0,"menu_order":0,"comment_status":"closed","ping_status":"closed","template":"","meta":{"footnotes":""},"class_list":["post-2326","page","type-page","status-publish"],"_links":{"self":[{"href":"https:\/\/eichinger.de\/fr\/wp-json\/wp\/v2\/pages\/2326","targetHints":{"allow":["GET"]}}],"collection":[{"href":"https:\/\/eichinger.de\/fr\/wp-json\/wp\/v2\/pages"}],"about":[{"href":"https:\/\/eichinger.de\/fr\/wp-json\/wp\/v2\/types\/page"}],"author":[{"embeddable":true,"href":"https:\/\/eichinger.de\/fr\/wp-json\/wp\/v2\/users\/1"}],"replies":[{"embeddable":true,"href":"https:\/\/eichinger.de\/fr\/wp-json\/wp\/v2\/comments?post=2326"}],"version-history":[{"count":9,"href":"https:\/\/eichinger.de\/fr\/wp-json\/wp\/v2\/pages\/2326\/revisions"}],"predecessor-version":[{"id":5471,"href":"https:\/\/eichinger.de\/fr\/wp-json\/wp\/v2\/pages\/2326\/revisions\/5471"}],"wp:attachment":[{"href":"https:\/\/eichinger.de\/fr\/wp-json\/wp\/v2\/media?parent=2326"}],"curies":[{"name":"wp","href":"https:\/\/api.w.org\/{rel}","templated":true}]}}