{"id":2362,"date":"2017-01-29T07:18:17","date_gmt":"2017-01-29T06:18:17","guid":{"rendered":"http:\/\/eichinger.de.w0094cee.kasserver.com\/handkarren\/"},"modified":"2024-06-01T15:06:22","modified_gmt":"2024-06-01T13:06:22","slug":"brouettes","status":"publish","type":"page","link":"https:\/\/eichinger.de\/fr\/brouettes\/","title":{"rendered":"Brouettes &#038; diables"},"content":{"rendered":"[vc_row type=\u00a0\u00bbfull_width_content\u00a0\u00bb full_screen_row_position=\u00a0\u00bbmiddle\u00a0\u00bb column_margin=\u00a0\u00bbdefault\u00a0\u00bb column_direction=\u00a0\u00bbdefault\u00a0\u00bb column_direction_tablet=\u00a0\u00bbdefault\u00a0\u00bb column_direction_phone=\u00a0\u00bbdefault\u00a0\u00bb scene_position=\u00a0\u00bbcenter\u00a0\u00bb text_color=\u00a0\u00bbdark\u00a0\u00bb text_align=\u00a0\u00bbleft\u00a0\u00bb row_border_radius=\u00a0\u00bbnone\u00a0\u00bb row_border_radius_applies=\u00a0\u00bbbg\u00a0\u00bb overflow=\u00a0\u00bbvisible\u00a0\u00bb overlay_strength=\u00a0\u00bb0.3&Prime; gradient_direction=\u00a0\u00bbleft_to_right\u00a0\u00bb shape_divider_position=\u00a0\u00bbbottom\u00a0\u00bb bg_image_animation=\u00a0\u00bbnone\u00a0\u00bb][vc_column column_padding=\u00a0\u00bbno-extra-padding\u00a0\u00bb column_padding_tablet=\u00a0\u00bbinherit\u00a0\u00bb column_padding_phone=\u00a0\u00bbinherit\u00a0\u00bb column_padding_position=\u00a0\u00bbleft-right\u00a0\u00bb column_element_direction_desktop=\u00a0\u00bbdefault\u00a0\u00bb column_element_spacing=\u00a0\u00bbdefault\u00a0\u00bb desktop_text_alignment=\u00a0\u00bbdefault\u00a0\u00bb tablet_text_alignment=\u00a0\u00bbdefault\u00a0\u00bb phone_text_alignment=\u00a0\u00bbdefault\u00a0\u00bb background_color_opacity=\u00a0\u00bb1&Prime; background_hover_color_opacity=\u00a0\u00bb1&Prime; column_backdrop_filter=\u00a0\u00bbnone\u00a0\u00bb column_shadow=\u00a0\u00bbnone\u00a0\u00bb column_border_radius=\u00a0\u00bbnone\u00a0\u00bb column_link_target=\u00a0\u00bb_self\u00a0\u00bb column_position=\u00a0\u00bbdefault\u00a0\u00bb gradient_direction=\u00a0\u00bbleft_to_right\u00a0\u00bb overlay_strength=\u00a0\u00bb0.3&Prime; width=\u00a0\u00bb1\/6&Prime; tablet_width_inherit=\u00a0\u00bbdefault\u00a0\u00bb animation_type=\u00a0\u00bbdefault\u00a0\u00bb bg_image_animation=\u00a0\u00bbnone\u00a0\u00bb border_type=\u00a0\u00bbsimple\u00a0\u00bb column_border_width=\u00a0\u00bbnone\u00a0\u00bb column_border_style=\u00a0\u00bbsolid\u00a0\u00bb][nectar_flip_box image_url_1=\u00a0\u00bb1002&Prime; text_color=\u00a0\u00bbdark\u00a0\u00bb icon_family=\u00a0\u00bbsteadysets\u00a0\u00bb icon_color=\u00a0\u00bbAccent-Color\u00a0\u00bb image_url_2=\u00a0\u00bb1010&Prime; text_color_2=\u00a0\u00bbdark\u00a0\u00bb h_text_align=\u00a0\u00bbleft\u00a0\u00bb v_text_align=\u00a0\u00bbtop\u00a0\u00bb image_loading=\u00a0\u00bbdefault\u00a0\u00bb flip_direction=\u00a0\u00bbhorizontal-to-left\u00a0\u00bb icon_size=\u00a0\u00bb40&Prime; min_height=\u00a0\u00bb400&Prime; icon_steadysets=\u00a0\u00bbsteadysets-icon-reload\u00a0\u00bb][\/nectar_flip_box][vc_column_text]\n<h2 style=\"text-align: center;\">1101<br \/>\nBrouette<\/h2>\n<p style=\"text-align: center;\">Japonaise \u00e0 bascule 180\u00b0<\/p>\n[\/vc_column_text][toggles style=\u00a0\u00bbdefault\u00a0\u00bb border_radius=\u00a0\u00bbnone\u00a0\u00bb][toggle color=\u00a0\u00bbDefault\u00a0\u00bb heading_tag=\u00a0\u00bbdefault\u00a0\u00bb heading_tag_functionality=\u00a0\u00bbdefault\u00a0\u00bb title=\u00a0\u00bbDonn\u00e9es techniques\u00a0\u00bb][vc_column_text]En construction tubulaire, mod\u00e8le robuste. Caisse basculante par l&rsquo;axe vers l&rsquo;avant jusqu&rsquo;\u00e0 <span lang=\"DE\">90\u00b0 et<\/span> 180\u00b0.<\/p>\n<p>Equip\u00e9e de 3 oeillets de levage.<\/p>\n<p>Pneu:<br \/>\nGonflables 400\/100 Ro &#8211; roulement \u00e0 galets<br \/>\nGonflables 400\/100 Bo \u2013 roulement \u00e0 billes<br \/>\nIncrevables 400\/100 BB \u2013 roulement \u00e0 billes<br \/>\nRoues gonflables caoutchouc plein 3.0\/19 BB \u2013 roulement \u00e0 billes[\/vc_column_text][\/toggle][toggle color=\u00a0\u00bbDefault\u00a0\u00bb heading_tag=\u00a0\u00bbdefault\u00a0\u00bb heading_tag_functionality=\u00a0\u00bbdefault\u00a0\u00bb title=\u00a0\u00bbDimensions\u00a0\u00bb][vc_column_text]\n<table width=\"90\">\n<tbody>\n<tr>\n<td width=\"45\">Type<\/td>\n<td width=\"45\">Vol.<\/td>\n<\/tr>\n<tr>\n<td>1101.1<\/td>\n<td>150 l<\/td>\n<\/tr>\n<tr>\n<td>1101.2<\/td>\n<td>200 l<\/td>\n<\/tr>\n<tr>\n<td>1101.3<\/td>\n<td>250 l<\/td>\n<\/tr>\n<tr>\n<td>1101.4<\/td>\n<td>300 l<\/td>\n<\/tr>\n<\/tbody>\n<\/table>\n[\/vc_column_text][\/toggle][\/toggles][divider line_type=\u00a0\u00bbFull Width Line\u00a0\u00bb line_thickness=\u00a0\u00bb5&Prime; divider_color=\u00a0\u00bbaccent-color\u00a0\u00bb custom_height=\u00a0\u00bb7&Prime;][\/vc_column][vc_column column_padding=\u00a0\u00bbno-extra-padding\u00a0\u00bb column_padding_tablet=\u00a0\u00bbinherit\u00a0\u00bb column_padding_phone=\u00a0\u00bbinherit\u00a0\u00bb column_padding_position=\u00a0\u00bball\u00a0\u00bb column_element_direction_desktop=\u00a0\u00bbdefault\u00a0\u00bb column_element_spacing=\u00a0\u00bbdefault\u00a0\u00bb desktop_text_alignment=\u00a0\u00bbdefault\u00a0\u00bb tablet_text_alignment=\u00a0\u00bbdefault\u00a0\u00bb phone_text_alignment=\u00a0\u00bbdefault\u00a0\u00bb background_color_opacity=\u00a0\u00bb1&Prime; background_hover_color_opacity=\u00a0\u00bb1&Prime; column_backdrop_filter=\u00a0\u00bbnone\u00a0\u00bb column_shadow=\u00a0\u00bbnone\u00a0\u00bb column_border_radius=\u00a0\u00bbnone\u00a0\u00bb column_link_target=\u00a0\u00bb_self\u00a0\u00bb column_position=\u00a0\u00bbdefault\u00a0\u00bb gradient_direction=\u00a0\u00bbleft_to_right\u00a0\u00bb overlay_strength=\u00a0\u00bb0.3&Prime; width=\u00a0\u00bb1\/6&Prime; tablet_width_inherit=\u00a0\u00bbdefault\u00a0\u00bb animation_type=\u00a0\u00bbdefault\u00a0\u00bb bg_image_animation=\u00a0\u00bbnone\u00a0\u00bb border_type=\u00a0\u00bbsimple\u00a0\u00bb column_border_width=\u00a0\u00bbnone\u00a0\u00bb column_border_style=\u00a0\u00bbsolid\u00a0\u00bb][nectar_flip_box image_url_1=\u00a0\u00bb1003&Prime; text_color=\u00a0\u00bbdark\u00a0\u00bb icon_family=\u00a0\u00bbsteadysets\u00a0\u00bb icon_color=\u00a0\u00bbAccent-Color\u00a0\u00bb image_url_2=\u00a0\u00bb1011&Prime; text_color_2=\u00a0\u00bbdark\u00a0\u00bb h_text_align=\u00a0\u00bbleft\u00a0\u00bb v_text_align=\u00a0\u00bbtop\u00a0\u00bb image_loading=\u00a0\u00bbdefault\u00a0\u00bb flip_direction=\u00a0\u00bbhorizontal-to-left\u00a0\u00bb icon_size=\u00a0\u00bb40&Prime; min_height=\u00a0\u00bb400&Prime; icon_steadysets=\u00a0\u00bbsteadysets-icon-reload\u00a0\u00bb][\/nectar_flip_box][vc_column_text]\n<h2 style=\"text-align: center;\">1102<br \/>\nBrouette<\/h2>\n<p style=\"text-align: center;\">Japonaise \u00e0 bascule 90\u00b0<\/p>\n[\/vc_column_text][toggles style=\u00a0\u00bbdefault\u00a0\u00bb border_radius=\u00a0\u00bbnone\u00a0\u00bb][toggle color=\u00a0\u00bbDefault\u00a0\u00bb heading_tag=\u00a0\u00bbdefault\u00a0\u00bb heading_tag_functionality=\u00a0\u00bbdefault\u00a0\u00bb title=\u00a0\u00bbDonn\u00e9es techniques\u00a0\u00bb][vc_column_text]En construction tubulaire, mod\u00e8le tr\u00e8s robuste.<\/p>\n<p>Avec basculement s\u00e9curis\u00e9 \u00e0 90\u00b0.<\/p>\n<p>Equip\u00e9e de 3 oeillets de levage.<\/p>\n<p>Pneu:<br \/>\nGonflables 400\/100 Ro &#8211; roulement \u00e0 galets<br \/>\nGonflables 400\/100 Bo \u2013 roulement \u00e0 billes<br \/>\nIncrevables 400\/100 BB \u2013 roulement \u00e0 billes<br \/>\nRoues gonflables caoutchouc plein 3.0\/19 BB \u2013 roulement \u00e0 billes[\/vc_column_text][\/toggle][toggle color=\u00a0\u00bbDefault\u00a0\u00bb heading_tag=\u00a0\u00bbdefault\u00a0\u00bb heading_tag_functionality=\u00a0\u00bbdefault\u00a0\u00bb title=\u00a0\u00bbDimensions\u00a0\u00bb][vc_column_text]\n<table width=\"90\">\n<tbody>\n<tr>\n<td width=\"45\">Type<\/td>\n<td width=\"45\">Vol.<\/td>\n<\/tr>\n<tr>\n<td>1102.1<\/td>\n<td>150 l<\/td>\n<\/tr>\n<tr>\n<td>1102.2<\/td>\n<td>200 l<\/td>\n<\/tr>\n<tr>\n<td>1102.3<\/td>\n<td>250 l<\/td>\n<\/tr>\n<tr>\n<td>1102.4<\/td>\n<td>300 l<\/td>\n<\/tr>\n<\/tbody>\n<\/table>\n[\/vc_column_text][\/toggle][\/toggles][divider line_type=\u00a0\u00bbFull Width Line\u00a0\u00bb line_thickness=\u00a0\u00bb5&Prime; divider_color=\u00a0\u00bbaccent-color\u00a0\u00bb custom_height=\u00a0\u00bb7&Prime;][\/vc_column][vc_column column_padding=\u00a0\u00bbno-extra-padding\u00a0\u00bb column_padding_tablet=\u00a0\u00bbinherit\u00a0\u00bb column_padding_phone=\u00a0\u00bbinherit\u00a0\u00bb column_padding_position=\u00a0\u00bball\u00a0\u00bb column_element_direction_desktop=\u00a0\u00bbdefault\u00a0\u00bb column_element_spacing=\u00a0\u00bbdefault\u00a0\u00bb desktop_text_alignment=\u00a0\u00bbdefault\u00a0\u00bb tablet_text_alignment=\u00a0\u00bbdefault\u00a0\u00bb phone_text_alignment=\u00a0\u00bbdefault\u00a0\u00bb background_color_opacity=\u00a0\u00bb1&Prime; background_hover_color_opacity=\u00a0\u00bb1&Prime; column_backdrop_filter=\u00a0\u00bbnone\u00a0\u00bb column_shadow=\u00a0\u00bbnone\u00a0\u00bb column_border_radius=\u00a0\u00bbnone\u00a0\u00bb column_link_target=\u00a0\u00bb_self\u00a0\u00bb column_position=\u00a0\u00bbdefault\u00a0\u00bb gradient_direction=\u00a0\u00bbleft_to_right\u00a0\u00bb overlay_strength=\u00a0\u00bb0.3&Prime; width=\u00a0\u00bb1\/6&Prime; tablet_width_inherit=\u00a0\u00bbdefault\u00a0\u00bb animation_type=\u00a0\u00bbdefault\u00a0\u00bb bg_image_animation=\u00a0\u00bbnone\u00a0\u00bb border_type=\u00a0\u00bbsimple\u00a0\u00bb column_border_width=\u00a0\u00bbnone\u00a0\u00bb column_border_style=\u00a0\u00bbsolid\u00a0\u00bb][nectar_flip_box image_url_1=\u00a0\u00bb1004&Prime; text_color=\u00a0\u00bbdark\u00a0\u00bb icon_family=\u00a0\u00bbsteadysets\u00a0\u00bb icon_color=\u00a0\u00bbAccent-Color\u00a0\u00bb image_url_2=\u00a0\u00bb1012&Prime; text_color_2=\u00a0\u00bbdark\u00a0\u00bb h_text_align=\u00a0\u00bbleft\u00a0\u00bb v_text_align=\u00a0\u00bbtop\u00a0\u00bb image_loading=\u00a0\u00bbdefault\u00a0\u00bb flip_direction=\u00a0\u00bbhorizontal-to-left\u00a0\u00bb icon_size=\u00a0\u00bb40&Prime; min_height=\u00a0\u00bb400&Prime; icon_steadysets=\u00a0\u00bbsteadysets-icon-reload\u00a0\u00bb][\/nectar_flip_box][vc_column_text]\n<h2 style=\"text-align: center;\">1103<br \/>\nBrouette<\/h2>\n<p style=\"text-align: center;\">\u00e0 basculement frontal<\/p>\n[\/vc_column_text][toggles style=\u00a0\u00bbdefault\u00a0\u00bb border_radius=\u00a0\u00bbnone\u00a0\u00bb][toggle color=\u00a0\u00bbDefault\u00a0\u00bb heading_tag=\u00a0\u00bbdefault\u00a0\u00bb heading_tag_functionality=\u00a0\u00bbdefault\u00a0\u00bb title=\u00a0\u00bbDonn\u00e9es techniques\u00a0\u00bb][vc_column_text]Construction tubulaire robuste, caisse basculante vers l&rsquo;avant par l&rsquo;axe jusqu&rsquo;\u00e0 120\u00b0. Caisse de 2 mm de t\u00f4le d&rsquo;acier. C\u00f4te du d\u00e9chargement muni d&rsquo;un syst\u00e8me de fermeture, ouvrable par le bas \u00e0 la main ou par le pied. Quatre oeillets d&rsquo;accrochage pour grue. Caisse de rechange interchangeable.<\/p>\n<p>Gonflables 400\/100 &#8211; roulement \u00e0 galets<br \/>\nGonflables 400\/100\u2013 roulement \u00e0 billes<br \/>\nIncrevables 400\/100\u2013 roulement \u00e0 billes<br \/>\nPneux caoutchouc pleins 400\/100\u2013 roulement \u00e0 galets[\/vc_column_text][\/toggle][toggle color=\u00a0\u00bbDefault\u00a0\u00bb heading_tag=\u00a0\u00bbdefault\u00a0\u00bb heading_tag_functionality=\u00a0\u00bbdefault\u00a0\u00bb title=\u00a0\u00bbDimensions\u00a0\u00bb][vc_column_text]\n<table width=\"90\">\n<tbody>\n<tr>\n<td width=\"45\">Type<\/td>\n<td width=\"45\">Vol.<\/td>\n<\/tr>\n<tr>\n<td>1103.1<\/td>\n<td>150 l<\/td>\n<\/tr>\n<tr>\n<td>1103.2<\/td>\n<td>200 l<\/td>\n<\/tr>\n<tr>\n<td>1103.3<\/td>\n<td>250 l<\/td>\n<\/tr>\n<tr>\n<td>1103.4<\/td>\n<td>300 l<\/td>\n<\/tr>\n<\/tbody>\n<\/table>\n[\/vc_column_text][\/toggle][\/toggles][divider line_type=\u00a0\u00bbFull Width Line\u00a0\u00bb line_thickness=\u00a0\u00bb5&Prime; divider_color=\u00a0\u00bbaccent-color\u00a0\u00bb custom_height=\u00a0\u00bb7&Prime;][\/vc_column][vc_column column_padding=\u00a0\u00bbno-extra-padding\u00a0\u00bb column_padding_tablet=\u00a0\u00bbinherit\u00a0\u00bb column_padding_phone=\u00a0\u00bbinherit\u00a0\u00bb column_padding_position=\u00a0\u00bball\u00a0\u00bb column_element_direction_desktop=\u00a0\u00bbdefault\u00a0\u00bb column_element_spacing=\u00a0\u00bbdefault\u00a0\u00bb desktop_text_alignment=\u00a0\u00bbdefault\u00a0\u00bb tablet_text_alignment=\u00a0\u00bbdefault\u00a0\u00bb phone_text_alignment=\u00a0\u00bbdefault\u00a0\u00bb background_color_opacity=\u00a0\u00bb1&Prime; background_hover_color_opacity=\u00a0\u00bb1&Prime; column_backdrop_filter=\u00a0\u00bbnone\u00a0\u00bb column_shadow=\u00a0\u00bbnone\u00a0\u00bb column_border_radius=\u00a0\u00bbnone\u00a0\u00bb column_link_target=\u00a0\u00bb_self\u00a0\u00bb column_position=\u00a0\u00bbdefault\u00a0\u00bb gradient_direction=\u00a0\u00bbleft_to_right\u00a0\u00bb overlay_strength=\u00a0\u00bb0.3&Prime; width=\u00a0\u00bb1\/6&Prime; tablet_width_inherit=\u00a0\u00bbdefault\u00a0\u00bb animation_type=\u00a0\u00bbdefault\u00a0\u00bb bg_image_animation=\u00a0\u00bbnone\u00a0\u00bb border_type=\u00a0\u00bbsimple\u00a0\u00bb column_border_width=\u00a0\u00bbnone\u00a0\u00bb column_border_style=\u00a0\u00bbsolid\u00a0\u00bb][nectar_flip_box image_url_1=\u00a0\u00bb1006&Prime; text_color=\u00a0\u00bbdark\u00a0\u00bb icon_family=\u00a0\u00bbsteadysets\u00a0\u00bb icon_color=\u00a0\u00bbAccent-Color\u00a0\u00bb image_url_2=\u00a0\u00bb1013&Prime; text_color_2=\u00a0\u00bbdark\u00a0\u00bb h_text_align=\u00a0\u00bbleft\u00a0\u00bb v_text_align=\u00a0\u00bbtop\u00a0\u00bb image_loading=\u00a0\u00bbdefault\u00a0\u00bb flip_direction=\u00a0\u00bbhorizontal-to-left\u00a0\u00bb icon_size=\u00a0\u00bb40&Prime; min_height=\u00a0\u00bb400&Prime; icon_steadysets=\u00a0\u00bbsteadysets-icon-reload\u00a0\u00bb][\/nectar_flip_box][vc_column_text]\n<h2 style=\"text-align: center;\">1104<br \/>\nDiable<\/h2>\n<p style=\"text-align: center;\">pour pav\u00e9s<\/p>\n[\/vc_column_text][toggles style=\u00a0\u00bbdefault\u00a0\u00bb border_radius=\u00a0\u00bbnone\u00a0\u00bb][toggle color=\u00a0\u00bbDefault\u00a0\u00bb heading_tag=\u00a0\u00bbdefault\u00a0\u00bb heading_tag_functionality=\u00a0\u00bbdefault\u00a0\u00bb title=\u00a0\u00bbDonn\u00e9es techniques\u00a0\u00bb][vc_column_text]Pour le transport de pierres de toute sorte sur le chantier, tels que les pav\u00e9s b\u00e9ton, cercl\u00e9s ou pas, de bordures, ou autres produits b\u00e9ton. Proc\u00e9d\u00e9 de travail enti\u00e8rement m\u00e9canique en faisant basculer un levier manuel avec syst\u00e8me de fusible de surcharge pour \u00e9viter d\u2019atteindre la force de tension. Largeur de travail r\u00e9glable en continu sans outil de 570 \u00e0 1050 mm.<\/p>\n<p>Extension disponible sous forme de griffes en caoutchouc rempla\u00e7ables pour le transport de briques en pierres et en chaux-gr\u00e8s. Roue support disponible en option pour une manipulation plus ais\u00e9e sur les surfaces planes.[\/vc_column_text][image_with_animation image_url=\u00a0\u00bb1005&Prime; image_size=\u00a0\u00bbfull\u00a0\u00bb animation_type=\u00a0\u00bbentrance\u00a0\u00bb animation=\u00a0\u00bbFade In\u00a0\u00bb animation_easing=\u00a0\u00bbdefault\u00a0\u00bb animation_movement_type=\u00a0\u00bbtransform_y\u00a0\u00bb hover_animation=\u00a0\u00bbnone\u00a0\u00bb alignment=\u00a0\u00bb\u00a0\u00bb border_radius=\u00a0\u00bbnone\u00a0\u00bb box_shadow=\u00a0\u00bbnone\u00a0\u00bb image_loading=\u00a0\u00bbdefault\u00a0\u00bb max_width=\u00a0\u00bb100%\u00a0\u00bb max_width_mobile=\u00a0\u00bbdefault\u00a0\u00bb][\/toggle][toggle color=\u00a0\u00bbDefault\u00a0\u00bb heading_tag=\u00a0\u00bbdefault\u00a0\u00bb heading_tag_functionality=\u00a0\u00bbdefault\u00a0\u00bb title=\u00a0\u00bbDimensions\u00a0\u00bb][vc_column_text]\n<table width=\"196\">\n<tbody>\n<tr>\n<td width=\"62\">Type<\/td>\n<td width=\"62\">Cap. de levage<\/td>\n<td width=\"72\">Ouverture<\/td>\n<\/tr>\n<tr>\n<td>1104.1<\/td>\n<td>400<\/td>\n<td>570 &#8211; 1050<\/td>\n<\/tr>\n<tr>\n<td>1104.2<\/td>\n<td>400<\/td>\n<td>570 &#8211; 1350<\/td>\n<\/tr>\n<\/tbody>\n<\/table>\n[\/vc_column_text][\/toggle][\/toggles][divider line_type=\u00a0\u00bbFull Width Line\u00a0\u00bb line_thickness=\u00a0\u00bb5&Prime; divider_color=\u00a0\u00bbaccent-color\u00a0\u00bb custom_height=\u00a0\u00bb7&Prime;][\/vc_column][vc_column column_padding=\u00a0\u00bbno-extra-padding\u00a0\u00bb column_padding_tablet=\u00a0\u00bbinherit\u00a0\u00bb column_padding_phone=\u00a0\u00bbinherit\u00a0\u00bb column_padding_position=\u00a0\u00bball\u00a0\u00bb column_element_direction_desktop=\u00a0\u00bbdefault\u00a0\u00bb column_element_spacing=\u00a0\u00bbdefault\u00a0\u00bb desktop_text_alignment=\u00a0\u00bbdefault\u00a0\u00bb tablet_text_alignment=\u00a0\u00bbdefault\u00a0\u00bb phone_text_alignment=\u00a0\u00bbdefault\u00a0\u00bb background_color_opacity=\u00a0\u00bb1&Prime; background_hover_color_opacity=\u00a0\u00bb1&Prime; column_backdrop_filter=\u00a0\u00bbnone\u00a0\u00bb column_shadow=\u00a0\u00bbnone\u00a0\u00bb column_border_radius=\u00a0\u00bbnone\u00a0\u00bb column_link_target=\u00a0\u00bb_self\u00a0\u00bb column_position=\u00a0\u00bbdefault\u00a0\u00bb gradient_direction=\u00a0\u00bbleft_to_right\u00a0\u00bb overlay_strength=\u00a0\u00bb0.3&Prime; width=\u00a0\u00bb1\/6&Prime; tablet_width_inherit=\u00a0\u00bbdefault\u00a0\u00bb animation_type=\u00a0\u00bbdefault\u00a0\u00bb bg_image_animation=\u00a0\u00bbnone\u00a0\u00bb border_type=\u00a0\u00bbsimple\u00a0\u00bb column_border_width=\u00a0\u00bbnone\u00a0\u00bb column_border_style=\u00a0\u00bbsolid\u00a0\u00bb][nectar_flip_box image_url_1=\u00a0\u00bb1008&Prime; text_color=\u00a0\u00bbdark\u00a0\u00bb icon_family=\u00a0\u00bbsteadysets\u00a0\u00bb icon_color=\u00a0\u00bbAccent-Color\u00a0\u00bb image_url_2=\u00a0\u00bb1014&Prime; text_color_2=\u00a0\u00bbdark\u00a0\u00bb h_text_align=\u00a0\u00bbleft\u00a0\u00bb v_text_align=\u00a0\u00bbtop\u00a0\u00bb image_loading=\u00a0\u00bbdefault\u00a0\u00bb flip_direction=\u00a0\u00bbhorizontal-to-left\u00a0\u00bb icon_size=\u00a0\u00bb40&Prime; min_height=\u00a0\u00bb400&Prime; icon_steadysets=\u00a0\u00bbsteadysets-icon-reload\u00a0\u00bb][\/nectar_flip_box][vc_column_text]\n<h2 style=\"text-align: center;\">1106<br \/>\nTranspalette<\/h2>\n<p style=\"text-align: center;\">tout terrain<\/p>\n[\/vc_column_text][toggles style=\u00a0\u00bbdefault\u00a0\u00bb border_radius=\u00a0\u00bbnone\u00a0\u00bb][toggle color=\u00a0\u00bbDefault\u00a0\u00bb heading_tag=\u00a0\u00bbdefault\u00a0\u00bb heading_tag_functionality=\u00a0\u00bbdefault\u00a0\u00bb title=\u00a0\u00bbDonn\u00e9es techniques\u00a0\u00bb][vc_column_text]Transpalette \u00e0 lev\u00e9e hydraulique.<\/p>\n<p>Id\u00e9al pour le transport de palettes en tout terrain, sur les chantiers avec des sols irr\u00e9guliers.[\/vc_column_text][image_with_animation image_url=\u00a0\u00bb1007&Prime; image_size=\u00a0\u00bbfull\u00a0\u00bb animation_type=\u00a0\u00bbentrance\u00a0\u00bb animation=\u00a0\u00bbFade In\u00a0\u00bb animation_easing=\u00a0\u00bbdefault\u00a0\u00bb animation_movement_type=\u00a0\u00bbtransform_y\u00a0\u00bb hover_animation=\u00a0\u00bbnone\u00a0\u00bb alignment=\u00a0\u00bb\u00a0\u00bb border_radius=\u00a0\u00bbnone\u00a0\u00bb box_shadow=\u00a0\u00bbnone\u00a0\u00bb image_loading=\u00a0\u00bbdefault\u00a0\u00bb max_width=\u00a0\u00bb100%\u00a0\u00bb max_width_mobile=\u00a0\u00bbdefault\u00a0\u00bb][\/toggle][toggle color=\u00a0\u00bbDefault\u00a0\u00bb heading_tag=\u00a0\u00bbdefault\u00a0\u00bb heading_tag_functionality=\u00a0\u00bbdefault\u00a0\u00bb title=\u00a0\u00bbDimensions\u00a0\u00bb][vc_column_text]\n<table width=\"179\">\n<tbody>\n<tr>\n<td width=\"58\">Type<\/td>\n<td width=\"58\">Cap. de levage<\/td>\n<td width=\"63\">Largeur palettes<\/td>\n<\/tr>\n<tr>\n<td>1106.1<\/td>\n<td>1400<\/td>\n<td>380<\/td>\n<\/tr>\n<tr>\n<td>1106.2<\/td>\n<td>2000<\/td>\n<td>380<\/td>\n<\/tr>\n<tr>\n<td>1106.3<\/td>\n<td>1500<\/td>\n<td>variable<\/td>\n<\/tr>\n<\/tbody>\n<\/table>\n[\/vc_column_text][\/toggle][\/toggles][divider line_type=\u00a0\u00bbFull Width Line\u00a0\u00bb line_thickness=\u00a0\u00bb5&Prime; divider_color=\u00a0\u00bbaccent-color\u00a0\u00bb custom_height=\u00a0\u00bb7&Prime;][\/vc_column][vc_column column_padding=\u00a0\u00bbno-extra-padding\u00a0\u00bb column_padding_tablet=\u00a0\u00bbinherit\u00a0\u00bb column_padding_phone=\u00a0\u00bbinherit\u00a0\u00bb column_padding_position=\u00a0\u00bball\u00a0\u00bb column_element_direction_desktop=\u00a0\u00bbdefault\u00a0\u00bb column_element_spacing=\u00a0\u00bbdefault\u00a0\u00bb desktop_text_alignment=\u00a0\u00bbdefault\u00a0\u00bb tablet_text_alignment=\u00a0\u00bbdefault\u00a0\u00bb phone_text_alignment=\u00a0\u00bbdefault\u00a0\u00bb background_color_opacity=\u00a0\u00bb1&Prime; background_hover_color_opacity=\u00a0\u00bb1&Prime; column_backdrop_filter=\u00a0\u00bbnone\u00a0\u00bb column_shadow=\u00a0\u00bbnone\u00a0\u00bb column_border_radius=\u00a0\u00bbnone\u00a0\u00bb column_link_target=\u00a0\u00bb_self\u00a0\u00bb column_position=\u00a0\u00bbdefault\u00a0\u00bb gradient_direction=\u00a0\u00bbleft_to_right\u00a0\u00bb overlay_strength=\u00a0\u00bb0.3&Prime; width=\u00a0\u00bb1\/6&Prime; tablet_width_inherit=\u00a0\u00bbdefault\u00a0\u00bb animation_type=\u00a0\u00bbdefault\u00a0\u00bb bg_image_animation=\u00a0\u00bbnone\u00a0\u00bb border_type=\u00a0\u00bbsimple\u00a0\u00bb column_border_width=\u00a0\u00bbnone\u00a0\u00bb column_border_style=\u00a0\u00bbsolid\u00a0\u00bb][nectar_flip_box image_url_1=\u00a0\u00bb1009&Prime; text_color=\u00a0\u00bbdark\u00a0\u00bb icon_family=\u00a0\u00bbsteadysets\u00a0\u00bb icon_color=\u00a0\u00bbAccent-Color\u00a0\u00bb image_url_2=\u00a0\u00bb1015&Prime; text_color_2=\u00a0\u00bbdark\u00a0\u00bb h_text_align=\u00a0\u00bbleft\u00a0\u00bb v_text_align=\u00a0\u00bbtop\u00a0\u00bb image_loading=\u00a0\u00bbdefault\u00a0\u00bb flip_direction=\u00a0\u00bbhorizontal-to-left\u00a0\u00bb icon_size=\u00a0\u00bb40&Prime; min_height=\u00a0\u00bb400&Prime; icon_steadysets=\u00a0\u00bbsteadysets-icon-reload\u00a0\u00bb][\/nectar_flip_box][vc_column_text]\n<h2 style=\"text-align: center;\">1108<br \/>\nDiable<\/h2>\n<p style=\"text-align: center;\">pour sacs<\/p>\n[\/vc_column_text][toggles style=\u00a0\u00bbdefault\u00a0\u00bb border_radius=\u00a0\u00bbnone\u00a0\u00bb][toggle color=\u00a0\u00bbDefault\u00a0\u00bb heading_tag=\u00a0\u00bbdefault\u00a0\u00bb heading_tag_functionality=\u00a0\u00bbdefault\u00a0\u00bb title=\u00a0\u00bbDonn\u00e9es techniques\u00a0\u00bb][vc_column_text]Construction tubulaire robuste avec une force portante d\u2019env. 300 kg<\/p>\n<p>Pneus:<br \/>\nGonflables 260\/85<br \/>\nRoues en caoutchouc plein 200\/50<\/p>\n[\/vc_column_text][\/toggle][toggle color=\u00a0\u00bbDefault\u00a0\u00bb heading_tag=\u00a0\u00bbdefault\u00a0\u00bb heading_tag_functionality=\u00a0\u00bbdefault\u00a0\u00bb title=\u00a0\u00bbDimensions\u00a0\u00bb][vc_column_text]\n<table width=\"124\">\n<tbody>\n<tr>\n<td width=\"62\">Type<\/td>\n<td width=\"62\">Poids max.<\/td>\n<\/tr>\n<tr>\n<td>1108<\/td>\n<td>300<\/td>\n<\/tr>\n<\/tbody>\n<\/table>\n[\/vc_column_text][\/toggle][\/toggles][divider line_type=\u00a0\u00bbFull Width Line\u00a0\u00bb line_thickness=\u00a0\u00bb5&Prime; divider_color=\u00a0\u00bbaccent-color\u00a0\u00bb custom_height=\u00a0\u00bb7&Prime;][\/vc_column][\/vc_row]\n","protected":false},"excerpt":{"rendered":"<p>[vc_row type=\u00a0\u00bbfull_width_content\u00a0\u00bb full_screen_row_position=\u00a0\u00bbmiddle\u00a0\u00bb column_margin=\u00a0\u00bbdefault\u00a0\u00bb column_direction=\u00a0\u00bbdefault\u00a0\u00bb column_direction_tablet=\u00a0\u00bbdefault\u00a0\u00bb column_direction_phone=\u00a0\u00bbdefault\u00a0\u00bb scene_position=\u00a0\u00bbcenter\u00a0\u00bb text_color=\u00a0\u00bbdark\u00a0\u00bb text_align=\u00a0\u00bbleft\u00a0\u00bb row_border_radius=\u00a0\u00bbnone\u00a0\u00bb row_border_radius_applies=\u00a0\u00bbbg\u00a0\u00bb overflow=\u00a0\u00bbvisible\u00a0\u00bb overlay_strength=\u00a0\u00bb0.3&Prime; gradient_direction=\u00a0\u00bbleft_to_right\u00a0\u00bb shape_divider_position=\u00a0\u00bbbottom\u00a0\u00bb bg_image_animation=\u00a0\u00bbnone\u00a0\u00bb][vc_column column_padding=\u00a0\u00bbno-extra-padding\u00a0\u00bb column_padding_tablet=\u00a0\u00bbinherit\u00a0\u00bb column_padding_phone=\u00a0\u00bbinherit\u00a0\u00bb column_padding_position=\u00a0\u00bbleft-right\u00a0\u00bb column_element_direction_desktop=\u00a0\u00bbdefault\u00a0\u00bb column_element_spacing=\u00a0\u00bbdefault\u00a0\u00bb desktop_text_alignment=\u00a0\u00bbdefault\u00a0\u00bb tablet_text_alignment=\u00a0\u00bbdefault\u00a0\u00bb phone_text_alignment=\u00a0\u00bbdefault\u00a0\u00bb background_color_opacity=\u00a0\u00bb1&Prime; background_hover_color_opacity=\u00a0\u00bb1&Prime; column_backdrop_filter=\u00a0\u00bbnone\u00a0\u00bb column_shadow=\u00a0\u00bbnone\u00a0\u00bb&#8230;<\/p>\n","protected":false},"author":1,"featured_media":0,"parent":0,"menu_order":0,"comment_status":"closed","ping_status":"closed","template":"","meta":{"footnotes":""},"class_list":["post-2362","page","type-page","status-publish"],"_links":{"self":[{"href":"https:\/\/eichinger.de\/fr\/wp-json\/wp\/v2\/pages\/2362","targetHints":{"allow":["GET"]}}],"collection":[{"href":"https:\/\/eichinger.de\/fr\/wp-json\/wp\/v2\/pages"}],"about":[{"href":"https:\/\/eichinger.de\/fr\/wp-json\/wp\/v2\/types\/page"}],"author":[{"embeddable":true,"href":"https:\/\/eichinger.de\/fr\/wp-json\/wp\/v2\/users\/1"}],"replies":[{"embeddable":true,"href":"https:\/\/eichinger.de\/fr\/wp-json\/wp\/v2\/comments?post=2362"}],"version-history":[{"count":11,"href":"https:\/\/eichinger.de\/fr\/wp-json\/wp\/v2\/pages\/2362\/revisions"}],"predecessor-version":[{"id":7313,"href":"https:\/\/eichinger.de\/fr\/wp-json\/wp\/v2\/pages\/2362\/revisions\/7313"}],"wp:attachment":[{"href":"https:\/\/eichinger.de\/fr\/wp-json\/wp\/v2\/media?parent=2362"}],"curies":[{"name":"wp","href":"https:\/\/api.w.org\/{rel}","templated":true}]}}