{"id":2371,"date":"2017-01-29T07:27:09","date_gmt":"2017-01-29T06:27:09","guid":{"rendered":"http:\/\/eichinger.de.w0094cee.kasserver.com\/kranarme\/"},"modified":"2019-03-31T12:58:29","modified_gmt":"2019-03-31T10:58:29","slug":"potence","status":"publish","type":"page","link":"https:\/\/eichinger.de\/fr\/potence\/","title":{"rendered":"Potence, Fourreau porte-charge"},"content":{"rendered":"[vc_row type=\u00a0\u00bbfull_width_content\u00a0\u00bb full_screen_row_position=\u00a0\u00bbmiddle\u00a0\u00bb scene_position=\u00a0\u00bbcenter\u00a0\u00bb text_color=\u00a0\u00bbdark\u00a0\u00bb text_align=\u00a0\u00bbleft\u00a0\u00bb overlay_strength=\u00a0\u00bb0.3&Prime; shape_divider_position=\u00a0\u00bbbottom\u00a0\u00bb bg_image_animation=\u00a0\u00bbnone\u00a0\u00bb][vc_column column_padding=\u00a0\u00bbno-extra-padding\u00a0\u00bb column_padding_position=\u00a0\u00bbleft-right\u00a0\u00bb background_color_opacity=\u00a0\u00bb1&Prime; background_hover_color_opacity=\u00a0\u00bb1&Prime; column_link_target=\u00a0\u00bb_self\u00a0\u00bb column_shadow=\u00a0\u00bbnone\u00a0\u00bb column_border_radius=\u00a0\u00bbnone\u00a0\u00bb width=\u00a0\u00bb1\/6&Prime; tablet_width_inherit=\u00a0\u00bbdefault\u00a0\u00bb tablet_text_alignment=\u00a0\u00bbdefault\u00a0\u00bb phone_text_alignment=\u00a0\u00bbdefault\u00a0\u00bb column_border_width=\u00a0\u00bbnone\u00a0\u00bb column_border_style=\u00a0\u00bbsolid\u00a0\u00bb bg_image_animation=\u00a0\u00bbnone\u00a0\u00bb][nectar_flip_box image_url_1=\u00a0\u00bb1353&Prime; text_color=\u00a0\u00bbdark\u00a0\u00bb icon_family=\u00a0\u00bbsteadysets\u00a0\u00bb icon_color=\u00a0\u00bbAccent-Color\u00a0\u00bb image_url_2=\u00a0\u00bb1365&Prime; text_color_2=\u00a0\u00bbdark\u00a0\u00bb h_text_align=\u00a0\u00bbleft\u00a0\u00bb v_text_align=\u00a0\u00bbtop\u00a0\u00bb flip_direction=\u00a0\u00bbhorizontal-to-left\u00a0\u00bb icon_size=\u00a0\u00bb40&Prime; min_height=\u00a0\u00bb400&Prime; icon_steadysets=\u00a0\u00bbsteadysets-icon-reload\u00a0\u00bb][\/nectar_flip_box][vc_column_text]\n<h2 style=\"text-align: center;\">2081<br \/>\nPotence de levage<\/h2>\n<p style=\"text-align: center;\">t\u00e9lescopique<\/p>\n[\/vc_column_text][toggles style=\u00a0\u00bbdefault\u00a0\u00bb][toggle color=\u00a0\u00bbDefault\u00a0\u00bb title=\u00a0\u00bbDonn\u00e9es techniques\u00a0\u00bb][vc_column_text]Nouvelles port\u00e9es pour votre chariot \u00e9l\u00e9vateur. Construction robuste en tube profil\u00e9s, soud\u00e9 et viss\u00e9, r\u00e9glable longitudinalement en 7 niveaux. Avec crochet \u00e0 \u00e9merillon.<br \/>\nCapacit\u00e9 de charge jusqu&rsquo;\u00e0 2500 ou 5000 kg.<\/p>\n<p>ATTENTION: Tenez compte des capacit\u00e9s de votre chariot pour utiliser les potences. Il est conseill\u00e9 de faire r\u00e9ceptionner votre chariot avec la potence par votre organisme de contr\u00f4le.<\/p>\n<p>Syst\u00e8me de s\u00e9curit\u00e9\/fixation par boulon.[\/vc_column_text][\/toggle][toggle color=\u00a0\u00bbDefault\u00a0\u00bb title=\u00a0\u00bbDimensions\u00a0\u00bb][vc_column_text]\n<table width=\"217\">\n<tbody>\n<tr>\n<td width=\"53\">Type<\/td>\n<td width=\"53\">Charge max<\/td>\n<td width=\"53\">Largeur<\/td>\n<td width=\"58\">Hauteur<\/td>\n<\/tr>\n<tr>\n<td>2081.1<\/td>\n<td>2500<\/td>\n<td>520<\/td>\n<td>430<\/td>\n<\/tr>\n<tr>\n<td>2081.2<\/td>\n<td>5000<\/td>\n<td>520<\/td>\n<td>510<\/td>\n<\/tr>\n<\/tbody>\n<\/table>\n[\/vc_column_text][\/toggle][\/toggles][divider line_type=\u00a0\u00bbFull Width Line\u00a0\u00bb line_thickness=\u00a0\u00bb5&Prime; divider_color=\u00a0\u00bbaccent-color\u00a0\u00bb custom_height=\u00a0\u00bb7&Prime;][\/vc_column][vc_column column_padding=\u00a0\u00bbno-extra-padding\u00a0\u00bb column_padding_position=\u00a0\u00bball\u00a0\u00bb background_color_opacity=\u00a0\u00bb1&Prime; background_hover_color_opacity=\u00a0\u00bb1&Prime; column_link_target=\u00a0\u00bb_self\u00a0\u00bb column_shadow=\u00a0\u00bbnone\u00a0\u00bb column_border_radius=\u00a0\u00bbnone\u00a0\u00bb width=\u00a0\u00bb1\/6&Prime; tablet_width_inherit=\u00a0\u00bbdefault\u00a0\u00bb tablet_text_alignment=\u00a0\u00bbdefault\u00a0\u00bb phone_text_alignment=\u00a0\u00bbdefault\u00a0\u00bb column_border_width=\u00a0\u00bbnone\u00a0\u00bb column_border_style=\u00a0\u00bbsolid\u00a0\u00bb bg_image_animation=\u00a0\u00bbnone\u00a0\u00bb][nectar_flip_box image_url_1=\u00a0\u00bb1358&Prime; text_color=\u00a0\u00bbdark\u00a0\u00bb icon_family=\u00a0\u00bbsteadysets\u00a0\u00bb icon_color=\u00a0\u00bbAccent-Color\u00a0\u00bb image_url_2=\u00a0\u00bb1366&Prime; text_color_2=\u00a0\u00bbdark\u00a0\u00bb h_text_align=\u00a0\u00bbleft\u00a0\u00bb v_text_align=\u00a0\u00bbtop\u00a0\u00bb flip_direction=\u00a0\u00bbhorizontal-to-left\u00a0\u00bb icon_size=\u00a0\u00bb40&Prime; min_height=\u00a0\u00bb400&Prime; icon_steadysets=\u00a0\u00bbsteadysets-icon-reload\u00a0\u00bb][\/nectar_flip_box][vc_column_text]\n<h2 style=\"text-align: center;\">2082<br \/>\nPotence de levage<\/h2>\n<p style=\"text-align: center;\">t\u00e9lescopique et articul\u00e9e<\/p>\n[\/vc_column_text][toggles style=\u00a0\u00bbdefault\u00a0\u00bb][toggle color=\u00a0\u00bbDefault\u00a0\u00bb title=\u00a0\u00bbDonn\u00e9es techniques\u00a0\u00bb][vc_column_text]Construction robuste en tubes profil\u00e9s, con\u00e7ue pour le transport de charge avec un chariot \u00e9l\u00e9vateur, comme une grue. T\u00e9lescopique et articul\u00e9e, elle permet de lever des charges \u00e0 diff\u00e9rentes hauteurs.<\/p>\n<ul>\n<li>Bras de grue t\u00e9lescopique avec crochet \u00e0 \u00e9merillon.<\/li>\n<li>Inclinaison r\u00e9glable en 3 positions jusqu&rsquo;\u00e0 45\u00b0.<\/li>\n<li>Syst\u00e8me de s\u00e9curit\u00e9\/fixation par boulon.<\/li>\n<\/ul>\n<p>ATTENTION: Tenez compte des capacit\u00e9s de votre chariot pour utiliser les potences. Il est conseill\u00e9 de faire r\u00e9ceptionner votre chariot avec la potence par votre organisme de contr\u00f4le.[\/vc_column_text][\/toggle][toggle color=\u00a0\u00bbDefault\u00a0\u00bb title=\u00a0\u00bbDimensions\u00a0\u00bb][vc_column_text]\n<table width=\"200\">\n<tbody>\n<tr>\n<td width=\"50\">Type<\/td>\n<td width=\"50\">Charge max<\/td>\n<td width=\"50\">Largeur<\/td>\n<td width=\"50\">Hauteur<\/td>\n<\/tr>\n<tr>\n<td>2082.1<\/td>\n<td>2500<\/td>\n<td>540<\/td>\n<td>645<\/td>\n<\/tr>\n<tr>\n<td>2082.2<\/td>\n<td>5000<\/td>\n<td>540<\/td>\n<td>645<\/td>\n<\/tr>\n<\/tbody>\n<\/table>\n[\/vc_column_text][\/toggle][\/toggles][divider line_type=\u00a0\u00bbFull Width Line\u00a0\u00bb line_thickness=\u00a0\u00bb5&Prime; divider_color=\u00a0\u00bbaccent-color\u00a0\u00bb custom_height=\u00a0\u00bb7&Prime;][\/vc_column][vc_column column_padding=\u00a0\u00bbno-extra-padding\u00a0\u00bb column_padding_position=\u00a0\u00bball\u00a0\u00bb background_color_opacity=\u00a0\u00bb1&Prime; background_hover_color_opacity=\u00a0\u00bb1&Prime; column_link_target=\u00a0\u00bb_self\u00a0\u00bb column_shadow=\u00a0\u00bbnone\u00a0\u00bb column_border_radius=\u00a0\u00bbnone\u00a0\u00bb width=\u00a0\u00bb1\/6&Prime; tablet_width_inherit=\u00a0\u00bbdefault\u00a0\u00bb tablet_text_alignment=\u00a0\u00bbdefault\u00a0\u00bb phone_text_alignment=\u00a0\u00bbdefault\u00a0\u00bb column_border_width=\u00a0\u00bbnone\u00a0\u00bb column_border_style=\u00a0\u00bbsolid\u00a0\u00bb bg_image_animation=\u00a0\u00bbnone\u00a0\u00bb][nectar_flip_box image_url_1=\u00a0\u00bb1359&Prime; text_color=\u00a0\u00bbdark\u00a0\u00bb icon_family=\u00a0\u00bbsteadysets\u00a0\u00bb icon_color=\u00a0\u00bbAccent-Color\u00a0\u00bb image_url_2=\u00a0\u00bb1367&Prime; text_color_2=\u00a0\u00bbdark\u00a0\u00bb h_text_align=\u00a0\u00bbleft\u00a0\u00bb v_text_align=\u00a0\u00bbtop\u00a0\u00bb flip_direction=\u00a0\u00bbhorizontal-to-left\u00a0\u00bb icon_size=\u00a0\u00bb40&Prime; min_height=\u00a0\u00bb400&Prime; icon_steadysets=\u00a0\u00bbsteadysets-icon-reload\u00a0\u00bb][\/nectar_flip_box][vc_column_text]\n<h2 style=\"text-align: center;\">2084<br \/>\nFourreau porte Charge<\/h2>\n<p style=\"text-align: center;\">pour fourche de chariot \u00e9l\u00e9vateur<\/p>\n[\/vc_column_text][toggles style=\u00a0\u00bbdefault\u00a0\u00bb][toggle color=\u00a0\u00bbDefault\u00a0\u00bb title=\u00a0\u00bbDonn\u00e9es techniques\u00a0\u00bb][vc_column_text]Porte charge pour un ou deux fourreaux avec crochet \u00e0 \u00e9merillon. Fixation par une vis \u00e0 oreille centrale.<br \/>\nAvec goupille enfichable.<br \/>\nCapacit\u00e9 de charge jusqu&rsquo;\u00e0 2500 ou 5000 kg.<\/p>\n<p>ATTENTION: Tenez compte les capacit\u00e9s de votre chariot pour utiliser les potences. Il est conseill\u00e9 de faire r\u00e9ceptionner votre chariot avec la potence par votre organisme de contr\u00f4le. Syst\u00e8me de s\u00e9curit\u00e9\/fixation par boulon et non par chaine.[\/vc_column_text][\/toggle][toggle color=\u00a0\u00bbDefault\u00a0\u00bb title=\u00a0\u00bbDimensions\u00a0\u00bb][vc_column_text]\n<table width=\"220\">\n<tbody>\n<tr>\n<td width=\"44\">Type<\/td>\n<td width=\"44\">Charge max<\/td>\n<td width=\"44\">Longueur<\/td>\n<td width=\"44\">Largeur<\/td>\n<td width=\"44\">Hauteur<\/td>\n<\/tr>\n<tr>\n<td colspan=\"5\">Pour 1 fourche de chariot \u00e9l\u00e9vateur<\/td>\n<\/tr>\n<tr>\n<td>2084.1<\/td>\n<td>1000<\/td>\n<td>400<\/td>\n<td>210<\/td>\n<td>510<\/td>\n<\/tr>\n<tr>\n<td colspan=\"5\">Pour 2 fourches de chariot \u00e9l\u00e9vateur<\/td>\n<\/tr>\n<tr>\n<td>2084.2<\/td>\n<td>2000<\/td>\n<td>940<\/td>\n<td>645<\/td>\n<td>270<\/td>\n<\/tr>\n<tr>\n<td>2084.3<\/td>\n<td>3000<\/td>\n<td>940<\/td>\n<td>735<\/td>\n<td>270<\/td>\n<\/tr>\n<tr>\n<td>2084.4<\/td>\n<td>5000<\/td>\n<td>940<\/td>\n<td>735<\/td>\n<td>320<\/td>\n<\/tr>\n<\/tbody>\n<\/table>\n[\/vc_column_text][\/toggle][\/toggles][divider line_type=\u00a0\u00bbFull Width Line\u00a0\u00bb line_thickness=\u00a0\u00bb5&Prime; divider_color=\u00a0\u00bbaccent-color\u00a0\u00bb custom_height=\u00a0\u00bb7&Prime;][\/vc_column][vc_column column_padding=\u00a0\u00bbno-extra-padding\u00a0\u00bb column_padding_position=\u00a0\u00bball\u00a0\u00bb background_color=\u00a0\u00bb#646c84&Prime; background_color_opacity=\u00a0\u00bb1&Prime; background_hover_color_opacity=\u00a0\u00bb1&Prime; column_link_target=\u00a0\u00bb_self\u00a0\u00bb column_shadow=\u00a0\u00bbnone\u00a0\u00bb column_border_radius=\u00a0\u00bbnone\u00a0\u00bb width=\u00a0\u00bb1\/6&Prime; tablet_width_inherit=\u00a0\u00bbdefault\u00a0\u00bb tablet_text_alignment=\u00a0\u00bbdefault\u00a0\u00bb phone_text_alignment=\u00a0\u00bbdefault\u00a0\u00bb column_border_width=\u00a0\u00bbnone\u00a0\u00bb column_border_style=\u00a0\u00bbsolid\u00a0\u00bb bg_image_animation=\u00a0\u00bbnone\u00a0\u00bb][\/vc_column][vc_column column_padding=\u00a0\u00bbno-extra-padding\u00a0\u00bb column_padding_position=\u00a0\u00bball\u00a0\u00bb background_color=\u00a0\u00bb#646c84&Prime; background_color_opacity=\u00a0\u00bb1&Prime; background_hover_color_opacity=\u00a0\u00bb1&Prime; column_link_target=\u00a0\u00bb_self\u00a0\u00bb column_shadow=\u00a0\u00bbnone\u00a0\u00bb column_border_radius=\u00a0\u00bbnone\u00a0\u00bb width=\u00a0\u00bb1\/6&Prime; tablet_width_inherit=\u00a0\u00bbdefault\u00a0\u00bb tablet_text_alignment=\u00a0\u00bbdefault\u00a0\u00bb phone_text_alignment=\u00a0\u00bbdefault\u00a0\u00bb column_border_width=\u00a0\u00bbnone\u00a0\u00bb column_border_style=\u00a0\u00bbsolid\u00a0\u00bb bg_image_animation=\u00a0\u00bbnone\u00a0\u00bb][\/vc_column][vc_column column_padding=\u00a0\u00bbno-extra-padding\u00a0\u00bb column_padding_position=\u00a0\u00bball\u00a0\u00bb background_color=\u00a0\u00bb#646c84&Prime; background_color_opacity=\u00a0\u00bb1&Prime; background_hover_color_opacity=\u00a0\u00bb1&Prime; column_link_target=\u00a0\u00bb_self\u00a0\u00bb column_shadow=\u00a0\u00bbnone\u00a0\u00bb column_border_radius=\u00a0\u00bbnone\u00a0\u00bb width=\u00a0\u00bb1\/6&Prime; tablet_width_inherit=\u00a0\u00bbdefault\u00a0\u00bb tablet_text_alignment=\u00a0\u00bbdefault\u00a0\u00bb phone_text_alignment=\u00a0\u00bbdefault\u00a0\u00bb column_border_width=\u00a0\u00bbnone\u00a0\u00bb column_border_style=\u00a0\u00bbsolid\u00a0\u00bb bg_image_animation=\u00a0\u00bbnone\u00a0\u00bb][\/vc_column][\/vc_row]\n","protected":false},"excerpt":{"rendered":"<p>[vc_row type=\u00a0\u00bbfull_width_content\u00a0\u00bb full_screen_row_position=\u00a0\u00bbmiddle\u00a0\u00bb scene_position=\u00a0\u00bbcenter\u00a0\u00bb text_color=\u00a0\u00bbdark\u00a0\u00bb text_align=\u00a0\u00bbleft\u00a0\u00bb overlay_strength=\u00a0\u00bb0.3&Prime; shape_divider_position=\u00a0\u00bbbottom\u00a0\u00bb bg_image_animation=\u00a0\u00bbnone\u00a0\u00bb][vc_column column_padding=\u00a0\u00bbno-extra-padding\u00a0\u00bb column_padding_position=\u00a0\u00bbleft-right\u00a0\u00bb background_color_opacity=\u00a0\u00bb1&Prime; background_hover_color_opacity=\u00a0\u00bb1&Prime; column_link_target=\u00a0\u00bb_self\u00a0\u00bb column_shadow=\u00a0\u00bbnone\u00a0\u00bb column_border_radius=\u00a0\u00bbnone\u00a0\u00bb width=\u00a0\u00bb1\/6&Prime; tablet_width_inherit=\u00a0\u00bbdefault\u00a0\u00bb tablet_text_alignment=\u00a0\u00bbdefault\u00a0\u00bb phone_text_alignment=\u00a0\u00bbdefault\u00a0\u00bb column_border_width=\u00a0\u00bbnone\u00a0\u00bb column_border_style=\u00a0\u00bbsolid\u00a0\u00bb bg_image_animation=\u00a0\u00bbnone\u00a0\u00bb][nectar_flip_box image_url_1=\u00a0\u00bb1353&Prime; text_color=\u00a0\u00bbdark\u00a0\u00bb icon_family=\u00a0\u00bbsteadysets\u00a0\u00bb icon_color=\u00a0\u00bbAccent-Color\u00a0\u00bb image_url_2=\u00a0\u00bb1365&Prime; text_color_2=\u00a0\u00bbdark\u00a0\u00bb h_text_align=\u00a0\u00bbleft\u00a0\u00bb&#8230;<\/p>\n","protected":false},"author":1,"featured_media":0,"parent":0,"menu_order":0,"comment_status":"closed","ping_status":"closed","template":"","meta":{"footnotes":""},"class_list":["post-2371","page","type-page","status-publish"],"_links":{"self":[{"href":"https:\/\/eichinger.de\/fr\/wp-json\/wp\/v2\/pages\/2371","targetHints":{"allow":["GET"]}}],"collection":[{"href":"https:\/\/eichinger.de\/fr\/wp-json\/wp\/v2\/pages"}],"about":[{"href":"https:\/\/eichinger.de\/fr\/wp-json\/wp\/v2\/types\/page"}],"author":[{"embeddable":true,"href":"https:\/\/eichinger.de\/fr\/wp-json\/wp\/v2\/users\/1"}],"replies":[{"embeddable":true,"href":"https:\/\/eichinger.de\/fr\/wp-json\/wp\/v2\/comments?post=2371"}],"version-history":[{"count":9,"href":"https:\/\/eichinger.de\/fr\/wp-json\/wp\/v2\/pages\/2371\/revisions"}],"predecessor-version":[{"id":5167,"href":"https:\/\/eichinger.de\/fr\/wp-json\/wp\/v2\/pages\/2371\/revisions\/5167"}],"wp:attachment":[{"href":"https:\/\/eichinger.de\/fr\/wp-json\/wp\/v2\/media?parent=2371"}],"curies":[{"name":"wp","href":"https:\/\/api.w.org\/{rel}","templated":true}]}}