{"id":2404,"date":"2017-01-29T07:23:08","date_gmt":"2017-01-29T06:23:08","guid":{"rendered":"http:\/\/eichinger.de.w0094cee.kasserver.com\/zwingen-betonschalungszubehoer\/"},"modified":"2021-11-26T13:45:05","modified_gmt":"2021-11-26T12:45:05","slug":"serre-joints","status":"publish","type":"page","link":"https:\/\/eichinger.de\/fr\/serre-joints\/","title":{"rendered":"Serre-joints pour coffrages"},"content":{"rendered":"[vc_row type=\u00a0\u00bbfull_width_content\u00a0\u00bb full_screen_row_position=\u00a0\u00bbmiddle\u00a0\u00bb column_margin=\u00a0\u00bbdefault\u00a0\u00bb column_direction=\u00a0\u00bbdefault\u00a0\u00bb column_direction_tablet=\u00a0\u00bbdefault\u00a0\u00bb column_direction_phone=\u00a0\u00bbdefault\u00a0\u00bb scene_position=\u00a0\u00bbcenter\u00a0\u00bb text_color=\u00a0\u00bbdark\u00a0\u00bb text_align=\u00a0\u00bbleft\u00a0\u00bb row_border_radius=\u00a0\u00bbnone\u00a0\u00bb row_border_radius_applies=\u00a0\u00bbbg\u00a0\u00bb overlay_strength=\u00a0\u00bb0.3&Prime; gradient_direction=\u00a0\u00bbleft_to_right\u00a0\u00bb shape_divider_position=\u00a0\u00bbbottom\u00a0\u00bb bg_image_animation=\u00a0\u00bbnone\u00a0\u00bb][vc_column column_padding=\u00a0\u00bbno-extra-padding\u00a0\u00bb column_padding_tablet=\u00a0\u00bbinherit\u00a0\u00bb column_padding_phone=\u00a0\u00bbinherit\u00a0\u00bb column_padding_position=\u00a0\u00bbleft-right\u00a0\u00bb column_element_spacing=\u00a0\u00bbdefault\u00a0\u00bb background_color_opacity=\u00a0\u00bb1&Prime; background_hover_color_opacity=\u00a0\u00bb1&Prime; column_shadow=\u00a0\u00bbnone\u00a0\u00bb column_border_radius=\u00a0\u00bbnone\u00a0\u00bb column_link_target=\u00a0\u00bb_self\u00a0\u00bb gradient_direction=\u00a0\u00bbleft_to_right\u00a0\u00bb overlay_strength=\u00a0\u00bb0.3&Prime; width=\u00a0\u00bb1\/6&Prime; tablet_width_inherit=\u00a0\u00bbdefault\u00a0\u00bb tablet_text_alignment=\u00a0\u00bbdefault\u00a0\u00bb phone_text_alignment=\u00a0\u00bbdefault\u00a0\u00bb bg_image_animation=\u00a0\u00bbnone\u00a0\u00bb border_type=\u00a0\u00bbsimple\u00a0\u00bb column_border_width=\u00a0\u00bbnone\u00a0\u00bb column_border_style=\u00a0\u00bbsolid\u00a0\u00bb][nectar_flip_box image_url_1=\u00a0\u00bb885&Prime; text_color=\u00a0\u00bbdark\u00a0\u00bb icon_family=\u00a0\u00bbsteadysets\u00a0\u00bb icon_color=\u00a0\u00bbAccent-Color\u00a0\u00bb image_url_2=\u00a0\u00bb865&Prime; text_color_2=\u00a0\u00bbdark\u00a0\u00bb h_text_align=\u00a0\u00bbleft\u00a0\u00bb v_text_align=\u00a0\u00bbtop\u00a0\u00bb image_loading=\u00a0\u00bbdefault\u00a0\u00bb flip_direction=\u00a0\u00bbhorizontal-to-left\u00a0\u00bb icon_size=\u00a0\u00bb40&Prime; min_height=\u00a0\u00bb400&Prime; icon_steadysets=\u00a0\u00bbsteadysets-icon-reload\u00a0\u00bb][\/nectar_flip_box][vc_column_text]\n<h2 style=\"text-align: center;\">1401 Serre-joint<br \/>\nde cimentier<\/h2>\n<p><span style=\"color: #ffffff;\">.<\/span>[\/vc_column_text][toggles style=\u00a0\u00bbdefault\u00a0\u00bb][toggle color=\u00a0\u00bbDefault\u00a0\u00bb title=\u00a0\u00bbDonn\u00e9es techniques\u00a0\u00bb][vc_column_text]En acier plat 40\/8, coulisseau en acier carr\u00e9 perfor\u00e9 24 mm.<\/p>\n<p>Partie enfichable livrable s\u00e9par\u00e9ment.<\/p>\n<p><span lang=\"FR\">version standard: bru<\/span>[\/vc_column_text][\/toggle][toggle color=\u00a0\u00bbDefault\u00a0\u00bb title=\u00a0\u00bbDimensions\u00a0\u00bb][vc_column_text]\n<table width=\"139\">\n<tbody>\n<tr>\n<td width=\"56\">Type<\/td>\n<td width=\"83\">Overture<\/td>\n<\/tr>\n<tr>\n<td>1401.1<\/td>\n<td>600<\/td>\n<\/tr>\n<tr>\n<td>1401.2<\/td>\n<td>700<\/td>\n<\/tr>\n<tr>\n<td>1401.3<\/td>\n<td>800<\/td>\n<\/tr>\n<tr>\n<td>1401.4<\/td>\n<td>1000<\/td>\n<\/tr>\n<tr>\n<td>1401.5<\/td>\n<td>1200<\/td>\n<\/tr>\n<tr>\n<td>1401.6<\/td>\n<td>1300<\/td>\n<\/tr>\n<tr>\n<td>1401.7<\/td>\n<td>1500<\/td>\n<\/tr>\n<tr>\n<td>1401.8<\/td>\n<td>1600<\/td>\n<\/tr>\n<tr>\n<td>1401.10<\/td>\n<td>Pi\u00e8ce enfichable<\/td>\n<\/tr>\n<\/tbody>\n<\/table>\n[\/vc_column_text][\/toggle][\/toggles][divider line_type=\u00a0\u00bbFull Width Line\u00a0\u00bb line_thickness=\u00a0\u00bb5&Prime; divider_color=\u00a0\u00bbaccent-color\u00a0\u00bb custom_height=\u00a0\u00bb7&Prime;][\/vc_column][vc_column column_padding=\u00a0\u00bbno-extra-padding\u00a0\u00bb column_padding_tablet=\u00a0\u00bbinherit\u00a0\u00bb column_padding_phone=\u00a0\u00bbinherit\u00a0\u00bb column_padding_position=\u00a0\u00bball\u00a0\u00bb column_element_spacing=\u00a0\u00bbdefault\u00a0\u00bb background_color_opacity=\u00a0\u00bb1&Prime; background_hover_color_opacity=\u00a0\u00bb1&Prime; column_shadow=\u00a0\u00bbnone\u00a0\u00bb column_border_radius=\u00a0\u00bbnone\u00a0\u00bb column_link_target=\u00a0\u00bb_self\u00a0\u00bb gradient_direction=\u00a0\u00bbleft_to_right\u00a0\u00bb overlay_strength=\u00a0\u00bb0.3&Prime; width=\u00a0\u00bb1\/6&Prime; tablet_width_inherit=\u00a0\u00bbdefault\u00a0\u00bb tablet_text_alignment=\u00a0\u00bbdefault\u00a0\u00bb phone_text_alignment=\u00a0\u00bbdefault\u00a0\u00bb bg_image_animation=\u00a0\u00bbnone\u00a0\u00bb border_type=\u00a0\u00bbsimple\u00a0\u00bb column_border_width=\u00a0\u00bbnone\u00a0\u00bb column_border_style=\u00a0\u00bbsolid\u00a0\u00bb][nectar_flip_box image_url_1=\u00a0\u00bb886&Prime; text_color=\u00a0\u00bbdark\u00a0\u00bb icon_family=\u00a0\u00bbsteadysets\u00a0\u00bb icon_color=\u00a0\u00bbAccent-Color\u00a0\u00bb image_url_2=\u00a0\u00bb2611&Prime; text_color_2=\u00a0\u00bbdark\u00a0\u00bb h_text_align=\u00a0\u00bbleft\u00a0\u00bb v_text_align=\u00a0\u00bbtop\u00a0\u00bb image_loading=\u00a0\u00bbdefault\u00a0\u00bb flip_direction=\u00a0\u00bbhorizontal-to-left\u00a0\u00bb icon_size=\u00a0\u00bb40&Prime; min_height=\u00a0\u00bb400&Prime; icon_steadysets=\u00a0\u00bbsteadysets-icon-reload\u00a0\u00bb][\/nectar_flip_box][vc_column_text]\n<h2 style=\"text-align: center;\">1402<br \/>\nCoffrages<\/h2>\n<p style=\"text-align: center;\" align=\"LEFT\">Serre-joint \u00e0 coffrage \u00e0 clavette<\/p>\n[\/vc_column_text][toggles style=\u00a0\u00bbdefault\u00a0\u00bb][toggle color=\u00a0\u00bbDefault\u00a0\u00bb title=\u00a0\u00bbDonn\u00e9es techniques\u00a0\u00bb][vc_column_text]Construction en acier profil\u00e9 tr\u00e8s robuste, r\u00e9glable en continu par cale en acier, livrable aussi dans toutes tailles sp\u00e9ciales.<\/p>\n<p>Version fran\u00e7aise<\/p>\n<p>Doubles rang\u00e9es de per\u00e7ages pour un serrage pr\u00e9cis<\/p>\n<p><strong>Livrable sur mesure.<\/strong>[\/vc_column_text][\/toggle][toggle color=\u00a0\u00bbDefault\u00a0\u00bb title=\u00a0\u00bbDimensions\u00a0\u00bb][vc_column_text]\n<table width=\"217\">\n<tbody>\n<tr>\n<td width=\"51\">Type<\/td>\n<td width=\"83\">Long. de montant<\/td>\n<td width=\"83\">Overture<\/td>\n<\/tr>\n<tr>\n<td>1402.1<\/td>\n<td>400<\/td>\n<td>130 &#8211; 700<\/td>\n<\/tr>\n<tr>\n<td>1402.2<\/td>\n<td>500<\/td>\n<td>130 &#8211; 900<\/td>\n<\/tr>\n<tr>\n<td>1402.3<\/td>\n<td>500<\/td>\n<td>200 &#8211; 1000<\/td>\n<\/tr>\n<tr>\n<td>1402.4<\/td>\n<td>500<\/td>\n<td>200 &#8211; 1200<\/td>\n<\/tr>\n<\/tbody>\n<\/table>\n[\/vc_column_text][\/toggle][\/toggles][divider line_type=\u00a0\u00bbFull Width Line\u00a0\u00bb line_thickness=\u00a0\u00bb5&Prime; divider_color=\u00a0\u00bbaccent-color\u00a0\u00bb custom_height=\u00a0\u00bb7&Prime;][\/vc_column][vc_column column_padding=\u00a0\u00bbno-extra-padding\u00a0\u00bb column_padding_tablet=\u00a0\u00bbinherit\u00a0\u00bb column_padding_phone=\u00a0\u00bbinherit\u00a0\u00bb column_padding_position=\u00a0\u00bball\u00a0\u00bb column_element_spacing=\u00a0\u00bbdefault\u00a0\u00bb background_color_opacity=\u00a0\u00bb1&Prime; background_hover_color_opacity=\u00a0\u00bb1&Prime; column_shadow=\u00a0\u00bbnone\u00a0\u00bb column_border_radius=\u00a0\u00bbnone\u00a0\u00bb column_link_target=\u00a0\u00bb_self\u00a0\u00bb gradient_direction=\u00a0\u00bbleft_to_right\u00a0\u00bb overlay_strength=\u00a0\u00bb0.3&Prime; width=\u00a0\u00bb1\/6&Prime; tablet_width_inherit=\u00a0\u00bbdefault\u00a0\u00bb tablet_text_alignment=\u00a0\u00bbdefault\u00a0\u00bb phone_text_alignment=\u00a0\u00bbdefault\u00a0\u00bb bg_image_animation=\u00a0\u00bbnone\u00a0\u00bb border_type=\u00a0\u00bbsimple\u00a0\u00bb column_border_width=\u00a0\u00bbnone\u00a0\u00bb column_border_style=\u00a0\u00bbsolid\u00a0\u00bb][nectar_flip_box image_url_1=\u00a0\u00bb888&Prime; text_color=\u00a0\u00bbdark\u00a0\u00bb icon_family=\u00a0\u00bbsteadysets\u00a0\u00bb icon_color=\u00a0\u00bbAccent-Color\u00a0\u00bb image_url_2=\u00a0\u00bb867&Prime; text_color_2=\u00a0\u00bbdark\u00a0\u00bb h_text_align=\u00a0\u00bbleft\u00a0\u00bb v_text_align=\u00a0\u00bbtop\u00a0\u00bb image_loading=\u00a0\u00bbdefault\u00a0\u00bb flip_direction=\u00a0\u00bbhorizontal-to-left\u00a0\u00bb icon_size=\u00a0\u00bb40&Prime; min_height=\u00a0\u00bb400&Prime; icon_steadysets=\u00a0\u00bbsteadysets-icon-reload\u00a0\u00bb][\/nectar_flip_box][vc_column_text]\n<h2 style=\"text-align: center;\">1403<br \/>\nCoffrages<\/h2>\n<p style=\"text-align: center;\">pour couronnement de chemin\u00e9e<\/p>\n[\/vc_column_text][toggles style=\u00a0\u00bbdefault\u00a0\u00bb][toggle color=\u00a0\u00bbDefault\u00a0\u00bb title=\u00a0\u00bbDonn\u00e9es techniques\u00a0\u00bb][vc_column_text]Compos\u00e9 de quatre pi\u00e8ces m\u00e9talliques pour piliers et de quatre clavettes, r\u00e9glable en continu par quatre clavettes en acier.<\/p>\n<p>Livrable aussi dans toutes tailles sp\u00e9ciales.[\/vc_column_text][\/toggle][toggle color=\u00a0\u00bbDefault\u00a0\u00bb title=\u00a0\u00bbDimensions\u00a0\u00bb][vc_column_text]\n<table width=\"216\">\n<tbody>\n<tr>\n<td width=\"50\">Type<\/td>\n<td width=\"83\">Acier plat<\/td>\n<td width=\"83\">Cote de flandre de &#8211; \u00e1<\/td>\n<\/tr>\n<tr>\n<td>1403.1<\/td>\n<td>60 \/ 6<\/td>\n<td>250 &#8211; 600<\/td>\n<\/tr>\n<tr>\n<td>1403.2<\/td>\n<td>60 \/ 8<\/td>\n<td>300 &#8211; 900<\/td>\n<\/tr>\n<tr>\n<td>1403.3<\/td>\n<td>60 \/ 8<\/td>\n<td>400 &#8211; 1200<\/td>\n<\/tr>\n<\/tbody>\n<\/table>\n[\/vc_column_text][\/toggle][\/toggles][divider line_type=\u00a0\u00bbFull Width Line\u00a0\u00bb line_thickness=\u00a0\u00bb5&Prime; divider_color=\u00a0\u00bbaccent-color\u00a0\u00bb custom_height=\u00a0\u00bb7&Prime;][\/vc_column][vc_column column_padding=\u00a0\u00bbno-extra-padding\u00a0\u00bb column_padding_tablet=\u00a0\u00bbinherit\u00a0\u00bb column_padding_phone=\u00a0\u00bbinherit\u00a0\u00bb column_padding_position=\u00a0\u00bball\u00a0\u00bb column_element_spacing=\u00a0\u00bbdefault\u00a0\u00bb background_color_opacity=\u00a0\u00bb1&Prime; background_hover_color_opacity=\u00a0\u00bb1&Prime; column_shadow=\u00a0\u00bbnone\u00a0\u00bb column_border_radius=\u00a0\u00bbnone\u00a0\u00bb column_link_target=\u00a0\u00bb_self\u00a0\u00bb gradient_direction=\u00a0\u00bbleft_to_right\u00a0\u00bb overlay_strength=\u00a0\u00bb0.3&Prime; width=\u00a0\u00bb1\/6&Prime; tablet_width_inherit=\u00a0\u00bbdefault\u00a0\u00bb tablet_text_alignment=\u00a0\u00bbdefault\u00a0\u00bb phone_text_alignment=\u00a0\u00bbdefault\u00a0\u00bb bg_image_animation=\u00a0\u00bbnone\u00a0\u00bb border_type=\u00a0\u00bbsimple\u00a0\u00bb column_border_width=\u00a0\u00bbnone\u00a0\u00bb column_border_style=\u00a0\u00bbsolid\u00a0\u00bb][nectar_flip_box image_url_1=\u00a0\u00bb889&Prime; text_color=\u00a0\u00bbdark\u00a0\u00bb icon_family=\u00a0\u00bbsteadysets\u00a0\u00bb icon_color=\u00a0\u00bbAccent-Color\u00a0\u00bb image_url_2=\u00a0\u00bb868&Prime; text_color_2=\u00a0\u00bbdark\u00a0\u00bb h_text_align=\u00a0\u00bbleft\u00a0\u00bb v_text_align=\u00a0\u00bbtop\u00a0\u00bb image_loading=\u00a0\u00bbdefault\u00a0\u00bb flip_direction=\u00a0\u00bbhorizontal-to-left\u00a0\u00bb icon_size=\u00a0\u00bb40&Prime; min_height=\u00a0\u00bb400&Prime; icon_steadysets=\u00a0\u00bbsteadysets-icon-reload\u00a0\u00bb][\/nectar_flip_box][vc_column_text]\n<h2 style=\"text-align: center;\">1404 Serre-joint<br \/>\n\u00e0 coin<\/h2>\n<p><span style=\"color: #ffffff;\">.<\/span>[\/vc_column_text][toggles style=\u00a0\u00bbdefault\u00a0\u00bb][toggle color=\u00a0\u00bbDefault\u00a0\u00bb title=\u00a0\u00bbDonn\u00e9es techniques\u00a0\u00bb][vc_column_text]Construction en acier profil\u00e9 tr\u00e8s robuste, r\u00e9glable en continu par cran de serrage, livrable aussi dans toutes tailles sp\u00e9ciales.<\/p>\n<p><strong>Livrable sur mesure.<\/strong><\/p>\n<p>Disponible en version peinte (RAL 8017) et en option galvanis\u00e9e.[\/vc_column_text][\/toggle][toggle color=\u00a0\u00bbDefault\u00a0\u00bb title=\u00a0\u00bbDimensions\u00a0\u00bb][vc_column_text]\n<table width=\"221\">\n<tbody>\n<tr>\n<td width=\"55\">Type<\/td>\n<td width=\"83\">Long. de montant<\/td>\n<td width=\"83\">Overture<\/td>\n<\/tr>\n<tr>\n<td>1404.1<\/td>\n<td>400<\/td>\n<td>700<\/td>\n<\/tr>\n<tr>\n<td>1404.2<\/td>\n<td>500<\/td>\n<td>900<\/td>\n<\/tr>\n<tr>\n<td>1404.3<\/td>\n<td>500<\/td>\n<td>1000<\/td>\n<\/tr>\n<\/tbody>\n<\/table>\n[\/vc_column_text][\/toggle][\/toggles][divider line_type=\u00a0\u00bbFull Width Line\u00a0\u00bb line_thickness=\u00a0\u00bb5&Prime; divider_color=\u00a0\u00bbaccent-color\u00a0\u00bb custom_height=\u00a0\u00bb7&Prime;][\/vc_column][vc_column column_padding=\u00a0\u00bbno-extra-padding\u00a0\u00bb column_padding_tablet=\u00a0\u00bbinherit\u00a0\u00bb column_padding_phone=\u00a0\u00bbinherit\u00a0\u00bb column_padding_position=\u00a0\u00bball\u00a0\u00bb column_element_spacing=\u00a0\u00bbdefault\u00a0\u00bb background_color_opacity=\u00a0\u00bb1&Prime; background_hover_color_opacity=\u00a0\u00bb1&Prime; column_shadow=\u00a0\u00bbnone\u00a0\u00bb column_border_radius=\u00a0\u00bbnone\u00a0\u00bb column_link_target=\u00a0\u00bb_self\u00a0\u00bb gradient_direction=\u00a0\u00bbleft_to_right\u00a0\u00bb overlay_strength=\u00a0\u00bb0.3&Prime; width=\u00a0\u00bb1\/6&Prime; tablet_width_inherit=\u00a0\u00bbdefault\u00a0\u00bb tablet_text_alignment=\u00a0\u00bbdefault\u00a0\u00bb phone_text_alignment=\u00a0\u00bbdefault\u00a0\u00bb bg_image_animation=\u00a0\u00bbnone\u00a0\u00bb border_type=\u00a0\u00bbsimple\u00a0\u00bb column_border_width=\u00a0\u00bbnone\u00a0\u00bb column_border_style=\u00a0\u00bbsolid\u00a0\u00bb][nectar_flip_box image_url_1=\u00a0\u00bb890&Prime; text_color=\u00a0\u00bbdark\u00a0\u00bb icon_family=\u00a0\u00bbsteadysets\u00a0\u00bb icon_color=\u00a0\u00bbAccent-Color\u00a0\u00bb image_url_2=\u00a0\u00bb869&Prime; text_color_2=\u00a0\u00bbdark\u00a0\u00bb h_text_align=\u00a0\u00bbleft\u00a0\u00bb v_text_align=\u00a0\u00bbtop\u00a0\u00bb image_loading=\u00a0\u00bbdefault\u00a0\u00bb flip_direction=\u00a0\u00bbhorizontal-to-left\u00a0\u00bb icon_size=\u00a0\u00bb40&Prime; min_height=\u00a0\u00bb400&Prime; icon_steadysets=\u00a0\u00bbsteadysets-icon-reload\u00a0\u00bb][\/nectar_flip_box][vc_column_text]\n<h2 style=\"text-align: center;\">1409 Clavette<br \/>\nr\u00e9versible<\/h2>\n<p><span style=\"color: #ffffff;\">.<\/span>[\/vc_column_text][toggles style=\u00a0\u00bbdefault\u00a0\u00bb][toggle color=\u00a0\u00bbDefault\u00a0\u00bb title=\u00a0\u00bbDonn\u00e9es techniques\u00a0\u00bb][vc_column_text]Forg\u00e9 en acier rond, pour tous les tr\u00e9teaux et \u00e9tai.[\/vc_column_text][\/toggle][toggle color=\u00a0\u00bbDefault\u00a0\u00bb title=\u00a0\u00bbDimensions\u00a0\u00bb][vc_column_text]\n<table width=\"138\">\n<tbody>\n<tr>\n<td width=\"55\">Type<\/td>\n<td width=\"83\">Acier round<\/td>\n<\/tr>\n<tr>\n<td>1409.1<\/td>\n<td>\u00d8 10 mm<\/td>\n<\/tr>\n<tr>\n<td>1409.2<\/td>\n<td>\u00d8 12 mm<\/td>\n<\/tr>\n<tr>\n<td>1409.3<\/td>\n<td>\u00d8 14 mm<\/td>\n<\/tr>\n<\/tbody>\n<\/table>\n[\/vc_column_text][\/toggle][\/toggles][divider line_type=\u00a0\u00bbFull Width Line\u00a0\u00bb line_thickness=\u00a0\u00bb5&Prime; divider_color=\u00a0\u00bbaccent-color\u00a0\u00bb custom_height=\u00a0\u00bb7&Prime;][\/vc_column][vc_column column_padding=\u00a0\u00bbpadding-1-percent\u00a0\u00bb column_padding_tablet=\u00a0\u00bbinherit\u00a0\u00bb column_padding_phone=\u00a0\u00bbinherit\u00a0\u00bb column_padding_position=\u00a0\u00bball\u00a0\u00bb column_element_spacing=\u00a0\u00bbdefault\u00a0\u00bb background_color=\u00a0\u00bb#646c84&Prime; background_color_opacity=\u00a0\u00bb0.2&Prime; background_hover_color_opacity=\u00a0\u00bb1&Prime; column_shadow=\u00a0\u00bbnone\u00a0\u00bb column_border_radius=\u00a0\u00bbnone\u00a0\u00bb column_link_target=\u00a0\u00bb_self\u00a0\u00bb gradient_direction=\u00a0\u00bbleft_to_right\u00a0\u00bb overlay_strength=\u00a0\u00bb0.3&Prime; width=\u00a0\u00bb1\/6&Prime; tablet_width_inherit=\u00a0\u00bbdefault\u00a0\u00bb tablet_text_alignment=\u00a0\u00bbdefault\u00a0\u00bb phone_text_alignment=\u00a0\u00bbdefault\u00a0\u00bb bg_image_animation=\u00a0\u00bbnone\u00a0\u00bb border_type=\u00a0\u00bbsimple\u00a0\u00bb column_border_width=\u00a0\u00bbnone\u00a0\u00bb column_border_style=\u00a0\u00bbsolid\u00a0\u00bb][nectar_animated_title heading_tag=\u00a0\u00bbh2&Prime; style=\u00a0\u00bbcolor-strip-reveal\u00a0\u00bb color=\u00a0\u00bbAccent-Color\u00a0\u00bb text=\u00a0\u00bbCoffrages de haute qualit\u00e9\u00a0\u00bb][vc_column_text]La r\u00e9f\u00e9rence dans le domaine du coffrages. De fabrication allemande, des syst\u00e8mes de coffrages en acier ou en aluminium peuvent \u00eatre fournis par nos soins, fabriqu\u00e9s par <a href=\"http:\/\/febe.eu\">FEBE GmbH<\/a> \u00e0 Berching.[\/vc_column_text][divider line_type=\u00a0\u00bbNo Line\u00a0\u00bb custom_height=\u00a0\u00bb10&Prime;][image_with_animation image_url=\u00a0\u00bb1476&Prime; animation=\u00a0\u00bbNone\u00a0\u00bb hover_animation=\u00a0\u00bbnone\u00a0\u00bb alignment=\u00a0\u00bb\u00a0\u00bb img_link_target=\u00a0\u00bb_blank\u00a0\u00bb border_radius=\u00a0\u00bbnone\u00a0\u00bb box_shadow=\u00a0\u00bbnone\u00a0\u00bb image_loading=\u00a0\u00bbdefault\u00a0\u00bb max_width=\u00a0\u00bb100%\u00a0\u00bb max_width_mobile=\u00a0\u00bbdefault\u00a0\u00bb img_link=\u00a0\u00bbhttp:\/\/febe.eu\u00a0\u00bb][\/vc_column][\/vc_row]\n","protected":false},"excerpt":{"rendered":"<p>[vc_row type=\u00a0\u00bbfull_width_content\u00a0\u00bb full_screen_row_position=\u00a0\u00bbmiddle\u00a0\u00bb column_margin=\u00a0\u00bbdefault\u00a0\u00bb column_direction=\u00a0\u00bbdefault\u00a0\u00bb column_direction_tablet=\u00a0\u00bbdefault\u00a0\u00bb column_direction_phone=\u00a0\u00bbdefault\u00a0\u00bb scene_position=\u00a0\u00bbcenter\u00a0\u00bb text_color=\u00a0\u00bbdark\u00a0\u00bb text_align=\u00a0\u00bbleft\u00a0\u00bb row_border_radius=\u00a0\u00bbnone\u00a0\u00bb row_border_radius_applies=\u00a0\u00bbbg\u00a0\u00bb overlay_strength=\u00a0\u00bb0.3&Prime; gradient_direction=\u00a0\u00bbleft_to_right\u00a0\u00bb shape_divider_position=\u00a0\u00bbbottom\u00a0\u00bb bg_image_animation=\u00a0\u00bbnone\u00a0\u00bb][vc_column column_padding=\u00a0\u00bbno-extra-padding\u00a0\u00bb column_padding_tablet=\u00a0\u00bbinherit\u00a0\u00bb column_padding_phone=\u00a0\u00bbinherit\u00a0\u00bb column_padding_position=\u00a0\u00bbleft-right\u00a0\u00bb column_element_spacing=\u00a0\u00bbdefault\u00a0\u00bb background_color_opacity=\u00a0\u00bb1&Prime; background_hover_color_opacity=\u00a0\u00bb1&Prime; column_shadow=\u00a0\u00bbnone\u00a0\u00bb column_border_radius=\u00a0\u00bbnone\u00a0\u00bb column_link_target=\u00a0\u00bb_self\u00a0\u00bb gradient_direction=\u00a0\u00bbleft_to_right\u00a0\u00bb overlay_strength=\u00a0\u00bb0.3&Prime; width=\u00a0\u00bb1\/6&Prime; tablet_width_inherit=\u00a0\u00bbdefault\u00a0\u00bb&#8230;<\/p>\n","protected":false},"author":1,"featured_media":0,"parent":0,"menu_order":0,"comment_status":"closed","ping_status":"closed","template":"","meta":{"footnotes":""},"class_list":["post-2404","page","type-page","status-publish"],"_links":{"self":[{"href":"https:\/\/eichinger.de\/fr\/wp-json\/wp\/v2\/pages\/2404","targetHints":{"allow":["GET"]}}],"collection":[{"href":"https:\/\/eichinger.de\/fr\/wp-json\/wp\/v2\/pages"}],"about":[{"href":"https:\/\/eichinger.de\/fr\/wp-json\/wp\/v2\/types\/page"}],"author":[{"embeddable":true,"href":"https:\/\/eichinger.de\/fr\/wp-json\/wp\/v2\/users\/1"}],"replies":[{"embeddable":true,"href":"https:\/\/eichinger.de\/fr\/wp-json\/wp\/v2\/comments?post=2404"}],"version-history":[{"count":10,"href":"https:\/\/eichinger.de\/fr\/wp-json\/wp\/v2\/pages\/2404\/revisions"}],"predecessor-version":[{"id":6768,"href":"https:\/\/eichinger.de\/fr\/wp-json\/wp\/v2\/pages\/2404\/revisions\/6768"}],"wp:attachment":[{"href":"https:\/\/eichinger.de\/fr\/wp-json\/wp\/v2\/media?parent=2404"}],"curies":[{"name":"wp","href":"https:\/\/api.w.org\/{rel}","templated":true}]}}