{"id":3406,"date":"2017-01-29T07:18:55","date_gmt":"2017-01-29T06:18:55","guid":{"rendered":"http:\/\/eichinger.de.w0094cee.kasserver.com\/moertelzubehoer\/"},"modified":"2021-03-22T20:27:21","modified_gmt":"2021-03-22T19:27:21","slug":"accessori-per-malta","status":"publish","type":"page","link":"https:\/\/eichinger.de\/it\/accessori-per-malta\/","title":{"rendered":"Accessori per malta"},"content":{"rendered":"[vc_row type=&#8221;full_width_content&#8221; full_screen_row_position=&#8221;middle&#8221; scene_position=&#8221;center&#8221; text_color=&#8221;dark&#8221; text_align=&#8221;left&#8221; overlay_strength=&#8221;0.3&#8243; shape_divider_position=&#8221;bottom&#8221; bg_image_animation=&#8221;none&#8221;][vc_column column_padding=&#8221;no-extra-padding&#8221; column_padding_position=&#8221;left-right&#8221; background_color_opacity=&#8221;1&#8243; background_hover_color_opacity=&#8221;1&#8243; column_link_target=&#8221;_self&#8221; column_shadow=&#8221;none&#8221; column_border_radius=&#8221;none&#8221; width=&#8221;1\/6&#8243; tablet_width_inherit=&#8221;default&#8221; tablet_text_alignment=&#8221;default&#8221; phone_text_alignment=&#8221;default&#8221; column_border_width=&#8221;none&#8221; column_border_style=&#8221;solid&#8221; bg_image_animation=&#8221;none&#8221;][nectar_flip_box image_url_1=&#8221;6336&#8243; text_color=&#8221;dark&#8221; icon_family=&#8221;steadysets&#8221; icon_color=&#8221;Accent-Color&#8221; image_url_2=&#8221;1061&#8243; text_color_2=&#8221;dark&#8221; h_text_align=&#8221;left&#8221; v_text_align=&#8221;top&#8221; flip_direction=&#8221;horizontal-to-left&#8221; icon_size=&#8221;40&#8243; min_height=&#8221;400&#8243; icon_steadysets=&#8221;steadysets-icon-reload&#8221;][\/nectar_flip_box][vc_column_text]\n<h2 style=\"text-align: center;\">1201<br \/>\nVasca per la malta<\/h2>\n[\/vc_column_text][toggles style=&#8221;default&#8221;][toggle color=&#8221;Default&#8221; title=&#8221;Dati tecnici&#8221;][vc_column_text]Lamiera in acciaio dello spessore di 1,5 mm o 2 mm montatura in ferro a bulbo e rinforzo angolare, disponibile a scelta con cursore, a richiesta le vasche per malta vengono fornite anche in dimensioni differenti.[\/vc_column_text][\/toggle][toggle color=&#8221;Default&#8221; title=&#8221;Dimensione&#8221;][vc_column_text]\n<table width=\"204\">\n<tbody>\n<tr>\n<td width=\"51\">Tipo<\/td>\n<td width=\"51\">Cont.<\/td>\n<td width=\"51\">Lung.<\/td>\n<td width=\"51\">Larg.<\/td>\n<\/tr>\n<tr>\n<td>1201.1<\/td>\n<td>300<\/td>\n<td>1600<\/td>\n<td>900<\/td>\n<\/tr>\n<tr>\n<td>1201.2<\/td>\n<td>370<\/td>\n<td>1600<\/td>\n<td>1080<\/td>\n<\/tr>\n<tr>\n<td>1201.3<\/td>\n<td>460<\/td>\n<td>2100<\/td>\n<td>1000<\/td>\n<\/tr>\n<tr>\n<td>1201.4<\/td>\n<td>300<\/td>\n<td>1600<\/td>\n<td>900<\/td>\n<\/tr>\n<tr>\n<td>1201.5<\/td>\n<td>370<\/td>\n<td>1600<\/td>\n<td>1080<\/td>\n<\/tr>\n<tr>\n<td>1201.6<\/td>\n<td>460<\/td>\n<td>2100<\/td>\n<td>1000<\/td>\n<\/tr>\n<\/tbody>\n<\/table>\n[\/vc_column_text][\/toggle][\/toggles][divider line_type=&#8221;Full Width Line&#8221; line_thickness=&#8221;5&#8243; divider_color=&#8221;accent-color&#8221; custom_height=&#8221;7&#8243;][\/vc_column][vc_column column_padding=&#8221;no-extra-padding&#8221; column_padding_position=&#8221;all&#8221; background_color_opacity=&#8221;1&#8243; background_hover_color_opacity=&#8221;1&#8243; column_link_target=&#8221;_self&#8221; column_shadow=&#8221;none&#8221; column_border_radius=&#8221;none&#8221; width=&#8221;1\/6&#8243; tablet_width_inherit=&#8221;default&#8221; tablet_text_alignment=&#8221;default&#8221; phone_text_alignment=&#8221;default&#8221; column_border_width=&#8221;none&#8221; column_border_style=&#8221;solid&#8221; bg_image_animation=&#8221;none&#8221;][nectar_flip_box image_url_1=&#8221;1058&#8243; text_color=&#8221;dark&#8221; icon_family=&#8221;steadysets&#8221; icon_color=&#8221;Accent-Color&#8221; image_url_2=&#8221;1063&#8243; text_color_2=&#8221;dark&#8221; h_text_align=&#8221;left&#8221; v_text_align=&#8221;top&#8221; flip_direction=&#8221;horizontal-to-left&#8221; icon_size=&#8221;40&#8243; min_height=&#8221;400&#8243; icon_steadysets=&#8221;steadysets-icon-reload&#8221;][\/nectar_flip_box][vc_column_text]\n<h2 style=\"text-align: center;\">1203<br \/>\nSlitta stendimalta<\/h2>\n[\/vc_column_text][toggles style=&#8221;default&#8221;][toggle color=&#8221;Default&#8221; title=&#8221;Dati tecnici&#8221;][vc_column_text]Versione manuale lamiera di acciaio per realizzare connessure orizzontali uniformi. Lo spessore della connessure \u00e8 a regolazione continua.[\/vc_column_text][\/toggle][toggle color=&#8221;Default&#8221; title=&#8221;Dimensione&#8221;][vc_column_text]\n<table width=\"204\">\n<tbody>\n<tr>\n<td width=\"51\">Tipo<\/td>\n<td width=\"51\">Spessore del muro<\/td>\n<td width=\"51\">Lung.<\/td>\n<td width=\"51\">Larg.<\/td>\n<\/tr>\n<tr>\n<td>1203.1<\/td>\n<td>11.5 cm<\/td>\n<td>450<\/td>\n<td>270<\/td>\n<\/tr>\n<tr>\n<td>1203.2<\/td>\n<td>17.5 cm<\/td>\n<td>450<\/td>\n<td>270<\/td>\n<\/tr>\n<tr>\n<td>1203.3<\/td>\n<td>20.0 cm<\/td>\n<td>450<\/td>\n<td>270<\/td>\n<\/tr>\n<tr>\n<td>1203.4<\/td>\n<td>24.0 cm<\/td>\n<td>450<\/td>\n<td>270<\/td>\n<\/tr>\n<tr>\n<td>1203.5<\/td>\n<td>30.0 cm<\/td>\n<td>450<\/td>\n<td>270<\/td>\n<\/tr>\n<tr>\n<td>1203.6<\/td>\n<td>36.5 cm<\/td>\n<td>450<\/td>\n<td>270<\/td>\n<\/tr>\n<\/tbody>\n<\/table>\n[\/vc_column_text][\/toggle][\/toggles][divider line_type=&#8221;Full Width Line&#8221; line_thickness=&#8221;5&#8243; divider_color=&#8221;accent-color&#8221; custom_height=&#8221;7&#8243;][\/vc_column][vc_column column_padding=&#8221;no-extra-padding&#8221; column_padding_position=&#8221;all&#8221; background_color_opacity=&#8221;1&#8243; background_hover_color_opacity=&#8221;1&#8243; column_link_target=&#8221;_self&#8221; column_shadow=&#8221;none&#8221; column_border_radius=&#8221;none&#8221; width=&#8221;1\/6&#8243; tablet_width_inherit=&#8221;default&#8221; tablet_text_alignment=&#8221;default&#8221; phone_text_alignment=&#8221;default&#8221; column_border_width=&#8221;none&#8221; column_border_style=&#8221;solid&#8221; bg_image_animation=&#8221;none&#8221;][nectar_flip_box image_url_1=&#8221;1057&#8243; text_color=&#8221;dark&#8221; icon_family=&#8221;steadysets&#8221; icon_color=&#8221;Accent-Color&#8221; image_url_2=&#8221;1062&#8243; text_color_2=&#8221;dark&#8221; h_text_align=&#8221;left&#8221; v_text_align=&#8221;top&#8221; flip_direction=&#8221;horizontal-to-left&#8221; icon_size=&#8221;40&#8243; min_height=&#8221;400&#8243; icon_steadysets=&#8221;steadysets-icon-reload&#8221;][\/nectar_flip_box][vc_column_text]\n<h2 style=\"text-align: center;\">1204 Slitta stendimalta<br \/>\na strato sottile<\/h2>\n[\/vc_column_text][toggles style=&#8221;default&#8221;][toggle color=&#8221;Default&#8221; title=&#8221;Dati tecnici&#8221;][vc_column_text]Versione manuale lamiera di acciaio per realizzare connessure orizzontali uniformi. Lo spessore della connessure \u00e8 a regolazione continua.[\/vc_column_text][\/toggle][toggle color=&#8221;Default&#8221; title=&#8221;Dimensione&#8221;][vc_column_text]\n<table width=\"200\">\n<tbody>\n<tr>\n<td width=\"51\">Tipo<\/td>\n<td width=\"51\">Spessore del muro<\/td>\n<td width=\"51\">Lung.<\/td>\n<td width=\"51\">Larg.<\/td>\n<\/tr>\n<tr>\n<td>1204.7<\/td>\n<td>10 cm<\/td>\n<td>410<\/td>\n<td>250<\/td>\n<\/tr>\n<tr>\n<td>1204.1<\/td>\n<td>11.5 cm<\/td>\n<td>410<\/td>\n<td>250<\/td>\n<\/tr>\n<tr>\n<td>1204.8<\/td>\n<td>15.0 cm<\/td>\n<td>410<\/td>\n<td>250<\/td>\n<\/tr>\n<tr>\n<td>1204.2<\/td>\n<td>17.5 cm<\/td>\n<td>410<\/td>\n<td>250<\/td>\n<\/tr>\n<tr>\n<td>1204.3<\/td>\n<td>20.0 cm<\/td>\n<td>410<\/td>\n<td>250<\/td>\n<\/tr>\n<tr>\n<td>1204.9<\/td>\n<td>21.4 cm<\/td>\n<td>410<\/td>\n<td>250<\/td>\n<\/tr>\n<tr>\n<td>1204.4<\/td>\n<td>24.0 cm<\/td>\n<td>410<\/td>\n<td>250<\/td>\n<\/tr>\n<tr>\n<td>1204.5<\/td>\n<td>30.0 cm<\/td>\n<td>410<\/td>\n<td>250<\/td>\n<\/tr>\n<tr>\n<td>1204.6<\/td>\n<td>36.5 cm<\/td>\n<td>410<\/td>\n<td>250<\/td>\n<\/tr>\n<\/tbody>\n<\/table>\n[\/vc_column_text][\/toggle][\/toggles][divider line_type=&#8221;Full Width Line&#8221; line_thickness=&#8221;5&#8243; divider_color=&#8221;accent-color&#8221; custom_height=&#8221;7&#8243;][\/vc_column][vc_column column_padding=&#8221;no-extra-padding&#8221; column_padding_position=&#8221;all&#8221; background_color_opacity=&#8221;1&#8243; background_hover_color_opacity=&#8221;1&#8243; column_link_target=&#8221;_self&#8221; column_shadow=&#8221;none&#8221; column_border_radius=&#8221;none&#8221; width=&#8221;1\/6&#8243; tablet_width_inherit=&#8221;default&#8221; tablet_text_alignment=&#8221;default&#8221; phone_text_alignment=&#8221;default&#8221; column_border_width=&#8221;none&#8221; column_border_style=&#8221;solid&#8221; bg_image_animation=&#8221;none&#8221;][nectar_flip_box image_url_1=&#8221;1059&#8243; text_color=&#8221;dark&#8221; icon_family=&#8221;steadysets&#8221; icon_color=&#8221;Accent-Color&#8221; image_url_2=&#8221;1064&#8243; text_color_2=&#8221;dark&#8221; h_text_align=&#8221;left&#8221; v_text_align=&#8221;top&#8221; flip_direction=&#8221;horizontal-to-left&#8221; icon_size=&#8221;40&#8243; min_height=&#8221;400&#8243; icon_steadysets=&#8221;steadysets-icon-reload&#8221;][\/nectar_flip_box][vc_column_text]\n<h2 style=\"text-align: center;\">1208 Tramoggia<br \/>\nper calcestruzzo<\/h2>\n[\/vc_column_text][toggles style=&#8221;default&#8221;][toggle color=&#8221;Default&#8221; title=&#8221;Dati tecnici&#8221;][vc_column_text]Tramoggia in acciaio con angolare, telaio e svariati manicotti di scarico \u00d8 14, \u00d8 18, \u00d8 30, \u00d8 40, \u00d8 50, \u00d8 60 cm. Combinabile con 1209[\/vc_column_text][\/toggle][toggle color=&#8221;Default&#8221; title=&#8221;Dimensione&#8221;][vc_column_text]\n<table width=\"159\">\n<tbody>\n<tr>\n<td width=\"53\">Tipo<\/td>\n<td width=\"53\">Lung. est.<\/td>\n<td width=\"53\">Larg. est.<\/td>\n<\/tr>\n<tr>\n<td>1208.1<\/td>\n<td>1250<\/td>\n<td>665<\/td>\n<\/tr>\n<tr>\n<td>1208.2<\/td>\n<td>1360<\/td>\n<td>885<\/td>\n<\/tr>\n<tr>\n<td>1208.3<\/td>\n<td>1360<\/td>\n<td>885<\/td>\n<\/tr>\n<tr>\n<td>1208.4<\/td>\n<td>1360<\/td>\n<td>885<\/td>\n<\/tr>\n<tr>\n<td>1208.5<\/td>\n<td>1360<\/td>\n<td>885<\/td>\n<\/tr>\n<tr>\n<td>1208.6<\/td>\n<td>1360<\/td>\n<td>885<\/td>\n<\/tr>\n<\/tbody>\n<\/table>\n[\/vc_column_text][\/toggle][\/toggles][divider line_type=&#8221;Full Width Line&#8221; line_thickness=&#8221;5&#8243; divider_color=&#8221;accent-color&#8221; custom_height=&#8221;7&#8243;][\/vc_column][vc_column column_padding=&#8221;no-extra-padding&#8221; column_padding_position=&#8221;all&#8221; background_color_opacity=&#8221;1&#8243; background_hover_color_opacity=&#8221;1&#8243; column_link_target=&#8221;_self&#8221; column_shadow=&#8221;none&#8221; column_border_radius=&#8221;none&#8221; width=&#8221;1\/6&#8243; tablet_width_inherit=&#8221;default&#8221; tablet_text_alignment=&#8221;default&#8221; phone_text_alignment=&#8221;default&#8221; column_border_width=&#8221;none&#8221; column_border_style=&#8221;solid&#8221; bg_image_animation=&#8221;none&#8221;][nectar_flip_box image_url_1=&#8221;1060&#8243; text_color=&#8221;dark&#8221; icon_family=&#8221;steadysets&#8221; icon_color=&#8221;Accent-Color&#8221; image_url_2=&#8221;1065&#8243; text_color_2=&#8221;dark&#8221; h_text_align=&#8221;left&#8221; v_text_align=&#8221;top&#8221; flip_direction=&#8221;horizontal-to-left&#8221; icon_size=&#8221;40&#8243; min_height=&#8221;400&#8243; icon_steadysets=&#8221;steadysets-icon-reload&#8221;][\/nectar_flip_box][vc_column_text]\n<h2 style=\"text-align: center;\">1209 Tubolare<br \/>\nper calcestruzzo<\/h2>\n[\/vc_column_text][toggles style=&#8221;default&#8221;][toggle color=&#8221;Default&#8221; title=&#8221;Dati tecnici&#8221;][vc_column_text]Konisches Stahlblechrohr mit Ketten und Kettenhaken, 1m lang, in den Durchmessern \u00d8 14, \u00d8 18, \u00d8 30, \u00d8 40, \u00d8 50 und \u00d8 60 cm.[\/vc_column_text][\/toggle][toggle color=&#8221;Default&#8221; title=&#8221;Dimensione&#8221;][vc_column_text]\n<table width=\"204\">\n<tbody>\n<tr>\n<td width=\"51\">Tipo<\/td>\n<td width=\"51\">Lung.<\/td>\n<td width=\"51\">\u00d8 int. sopra<\/td>\n<td width=\"51\">\u00d8 int. sotto<\/td>\n<\/tr>\n<tr>\n<td>1209.1<\/td>\n<td>1000<\/td>\n<td>165<\/td>\n<td>140<\/td>\n<\/tr>\n<tr>\n<td>1209.2<\/td>\n<td>1000<\/td>\n<td>205<\/td>\n<td>180<\/td>\n<\/tr>\n<tr>\n<td>1209.3<\/td>\n<td>1000<\/td>\n<td>300<\/td>\n<td>275<\/td>\n<\/tr>\n<tr>\n<td>1209.4<\/td>\n<td>1000<\/td>\n<td>400<\/td>\n<td>375<\/td>\n<\/tr>\n<tr>\n<td>1209.5<\/td>\n<td>1000<\/td>\n<td>500<\/td>\n<td>475<\/td>\n<\/tr>\n<tr>\n<td>1209.6<\/td>\n<td>1000<\/td>\n<td>600<\/td>\n<td>575<\/td>\n<\/tr>\n<\/tbody>\n<\/table>\n[\/vc_column_text][\/toggle][\/toggles][divider line_type=&#8221;Full Width Line&#8221; line_thickness=&#8221;5&#8243; divider_color=&#8221;accent-color&#8221; custom_height=&#8221;7&#8243;][\/vc_column][vc_column column_padding=&#8221;no-extra-padding&#8221; column_padding_position=&#8221;all&#8221; background_color=&#8221;#646c84&#8243; background_color_opacity=&#8221;1&#8243; background_hover_color_opacity=&#8221;1&#8243; column_link_target=&#8221;_self&#8221; column_shadow=&#8221;none&#8221; column_border_radius=&#8221;none&#8221; width=&#8221;1\/6&#8243; tablet_width_inherit=&#8221;default&#8221; tablet_text_alignment=&#8221;default&#8221; phone_text_alignment=&#8221;default&#8221; column_border_width=&#8221;none&#8221; column_border_style=&#8221;solid&#8221; bg_image_animation=&#8221;none&#8221;][\/vc_column][\/vc_row]\n","protected":false},"excerpt":{"rendered":"<p>[vc_row type=&#8221;full_width_content&#8221; full_screen_row_position=&#8221;middle&#8221; scene_position=&#8221;center&#8221; text_color=&#8221;dark&#8221; text_align=&#8221;left&#8221; overlay_strength=&#8221;0.3&#8243; shape_divider_position=&#8221;bottom&#8221; bg_image_animation=&#8221;none&#8221;][vc_column column_padding=&#8221;no-extra-padding&#8221; column_padding_position=&#8221;left-right&#8221; background_color_opacity=&#8221;1&#8243; background_hover_color_opacity=&#8221;1&#8243; column_link_target=&#8221;_self&#8221; column_shadow=&#8221;none&#8221; column_border_radius=&#8221;none&#8221; width=&#8221;1\/6&#8243; tablet_width_inherit=&#8221;default&#8221; tablet_text_alignment=&#8221;default&#8221; phone_text_alignment=&#8221;default&#8221; column_border_width=&#8221;none&#8221; column_border_style=&#8221;solid&#8221; bg_image_animation=&#8221;none&#8221;][nectar_flip_box image_url_1=&#8221;6336&#8243; text_color=&#8221;dark&#8221; icon_family=&#8221;steadysets&#8221; icon_color=&#8221;Accent-Color&#8221; image_url_2=&#8221;1061&#8243; text_color_2=&#8221;dark&#8221; h_text_align=&#8221;left&#8221;&#8230;<\/p>\n","protected":false},"author":1,"featured_media":0,"parent":0,"menu_order":0,"comment_status":"closed","ping_status":"closed","template":"","meta":{"footnotes":""},"class_list":["post-3406","page","type-page","status-publish"],"_links":{"self":[{"href":"https:\/\/eichinger.de\/it\/wp-json\/wp\/v2\/pages\/3406","targetHints":{"allow":["GET"]}}],"collection":[{"href":"https:\/\/eichinger.de\/it\/wp-json\/wp\/v2\/pages"}],"about":[{"href":"https:\/\/eichinger.de\/it\/wp-json\/wp\/v2\/types\/page"}],"author":[{"embeddable":true,"href":"https:\/\/eichinger.de\/it\/wp-json\/wp\/v2\/users\/1"}],"replies":[{"embeddable":true,"href":"https:\/\/eichinger.de\/it\/wp-json\/wp\/v2\/comments?post=3406"}],"version-history":[{"count":7,"href":"https:\/\/eichinger.de\/it\/wp-json\/wp\/v2\/pages\/3406\/revisions"}],"predecessor-version":[{"id":6694,"href":"https:\/\/eichinger.de\/it\/wp-json\/wp\/v2\/pages\/3406\/revisions\/6694"}],"wp:attachment":[{"href":"https:\/\/eichinger.de\/it\/wp-json\/wp\/v2\/media?parent=3406"}],"curies":[{"name":"wp","href":"https:\/\/api.w.org\/{rel}","templated":true}]}}