{"id":3433,"date":"2017-01-29T07:15:25","date_gmt":"2017-01-29T06:15:25","guid":{"rendered":"http:\/\/eichinger.de.w0094cee.kasserver.com\/superdeck\/"},"modified":"2024-06-01T15:53:24","modified_gmt":"2024-06-01T13:53:24","slug":"superdeck","status":"publish","type":"page","link":"https:\/\/eichinger.de\/it\/superdeck\/","title":{"rendered":"Superdeck"},"content":{"rendered":"[vc_row type=&#8221;full_width_content&#8221; full_screen_row_position=&#8221;middle&#8221; column_margin=&#8221;20px&#8221; column_direction=&#8221;default&#8221; column_direction_tablet=&#8221;default&#8221; column_direction_phone=&#8221;default&#8221; scene_position=&#8221;center&#8221; text_color=&#8221;dark&#8221; text_align=&#8221;left&#8221; row_border_radius=&#8221;none&#8221; row_border_radius_applies=&#8221;bg&#8221; overflow=&#8221;visible&#8221; overlay_strength=&#8221;0.3&#8243; gradient_direction=&#8221;left_to_right&#8221; shape_divider_position=&#8221;bottom&#8221; bg_image_animation=&#8221;none&#8221; gradient_type=&#8221;default&#8221; shape_type=&#8221;&#8221;][vc_column column_padding=&#8221;no-extra-padding&#8221; column_padding_tablet=&#8221;inherit&#8221; column_padding_phone=&#8221;inherit&#8221; column_padding_position=&#8221;left-right&#8221; column_element_direction_desktop=&#8221;default&#8221; column_element_spacing=&#8221;default&#8221; desktop_text_alignment=&#8221;default&#8221; tablet_text_alignment=&#8221;default&#8221; phone_text_alignment=&#8221;default&#8221; background_color_opacity=&#8221;1&#8243; background_hover_color_opacity=&#8221;1&#8243; column_backdrop_filter=&#8221;none&#8221; column_shadow=&#8221;none&#8221; column_border_radius=&#8221;none&#8221; column_link_target=&#8221;_self&#8221; column_position=&#8221;default&#8221; gradient_direction=&#8221;left_to_right&#8221; overlay_strength=&#8221;0.3&#8243; width=&#8221;1\/2&#8243; tablet_width_inherit=&#8221;default&#8221; animation_type=&#8221;default&#8221; bg_image_animation=&#8221;none&#8221; border_type=&#8221;simple&#8221; column_border_width=&#8221;none&#8221; column_border_style=&#8221;solid&#8221;][nectar_flip_box image_url_1=&#8221;1729&#8243; text_color=&#8221;dark&#8221; icon_family=&#8221;steadysets&#8221; icon_color=&#8221;Accent-Color&#8221; image_url_2=&#8221;1733&#8243; text_color_2=&#8221;dark&#8221; h_text_align=&#8221;left&#8221; v_text_align=&#8221;top&#8221; image_loading=&#8221;default&#8221; flip_direction=&#8221;horizontal-to-left&#8221; icon_size=&#8221;40&#8243; min_height=&#8221;650&#8243; icon_steadysets=&#8221;steadysets-icon-reload&#8221;][\/nectar_flip_box][vc_column_text]\n<h2 style=\"text-align: center;\">1700.11-14 Superdeck<\/h2>\n<h3 style=\"text-align: center;\">estraibile<\/h3>\n[\/vc_column_text][toggles style=&#8221;default&#8221; border_radius=&#8221;none&#8221;][toggle color=&#8221;Default&#8221; heading_tag=&#8221;default&#8221; heading_tag_functionality=&#8221;default&#8221; title=&#8221;Dati tecnici&#8221;][vc_column_text]Il Superdeck consente\u00a0 di trasportare\u00a0 nei\u00a0 rispettivi\u00a0 piani\u00a0 dell&#8217;edificio materiali\u00a0 lunghi, grandi e voluminosi.<\/p>\n<p>Il vantaggio della versione flessibile consiste nel fatto che il dispositivo estraibile viene appoggiato all&#8217;edificio solo quando \u200f\u200foccorre usare la piattaforma di carico. In altri casi la facciata dell&#8217;edificio senza sporgenze si lascia comodamente raggiungere con la gru.<\/p>\n<ul>\n<li>Smontabile\u00a0 e\u00a0 ribaltabile\u00a0 per\u00a0 il\u00a0 trasporto<\/li>\n<li>Si\u00a0 lascia\u00a0 montare\u00a0 in\u00a0 modo\u00a0 rapido\u00a0 e\u00a0 sicuro\u00a0 alla\u00a0 gru<\/li>\n<li>Pesa\u00a0 5\u00a0 tonnellate\u00a0\u00a0 (peso\u00a0 complessivo 7500 kg)<\/li>\n<li>Il passaggio\u00a0 extrapiatto permette\u00a0 di\u00a0 transitare sul\u00a0 pavimento nell&#8217;edificio con carriole e\u00a0 carrelli\u00a0 elevatori<\/li>\n<li>Semplice\u00a0 maneggio &#8220;Push-Pull&#8221;: si\u00a0 lascia\u00a0 estrarre\u00a0 e\u00a0 retrarre nel\u00a0 giro\u00a0 di\u00a0 pochi\u00a0 secondi\u00a0 da\u00a0 una\u00a0 sola\u00a0 persona.<\/li>\n<li>La\u00a0 piattaforma\u00a0 di\u00a0 carico\u00a0 assicura\u00a0 la\u00a0 massima\u00a0 sicurezza\u00a0 e\u00a0 un\u00a0 design\u00a0 ponderato<\/li>\n<\/ul>\n[\/vc_column_text][vc_column_text]&#8221;Superdeck&#8221; riduce\u00a0 i\u00a0 tempi\u00a0 necessari\u00a0 per\u00a0 trasportare\u00a0 la\u00a0 merce, assicurando\u00a0 un\u00a0 notevole\u00a0 risparmio\u00a0 di\u00a0 tempo durante la settimana.<\/p>\n<p>Rispetto\u00a0 agli\u00a0 altri\u00a0 sistemi\u00a0 di\u00a0 trasporto\u00a0 verticali, il\u00a0 sistema &#8220;Superdeck&#8221; risulta\u00a0 pi\u00f9\u00a0 effettivo,\u00a0 rapido\u00a0 e\u00a0 sicuro.<\/p>\n<h3>Importante indicazione:<\/h3>\n<p>Quando si impiegano carrelli elevatori, ricordarsi di considerarne il peso proprio e che il peso complessivo non deve superare la portata massima di 5 tonnellate (merce + carrello elevatore).[\/vc_column_text][\/toggle][toggle color=&#8221;Default&#8221; heading_tag=&#8221;default&#8221; heading_tag_functionality=&#8221;default&#8221; title=&#8221;Dimensione&#8221;][vc_column_text]\n<table width=\"249\">\n<tbody>\n<tr>\n<td width=\"57\">Tipo<\/td>\n<td width=\"59\">Portata<\/td>\n<td width=\"50\">Altezza<\/td>\n<td width=\"83\">Lunghezza<\/td>\n<\/tr>\n<tr>\n<td>1700.11<\/td>\n<td>5000 kg<\/td>\n<td>2200<\/td>\n<td>6100 &#8211; 10100<\/td>\n<\/tr>\n<tr>\n<td>1700.12<\/td>\n<td>5000 kg<\/td>\n<td>2600<\/td>\n<td>6100 &#8211; 9020<\/td>\n<\/tr>\n<tr>\n<td>1700.13<\/td>\n<td>5000 kg<\/td>\n<td>2900<\/td>\n<td>6100 &#8211; 9020<\/td>\n<\/tr>\n<tr>\n<td>1700.14<\/td>\n<td>5000 kg<\/td>\n<td>3200<\/td>\n<td>6100 &#8211; 10100<\/td>\n<\/tr>\n<\/tbody>\n<\/table>\n[\/vc_column_text][\/toggle][\/toggles][\/vc_column][vc_column column_padding=&#8221;no-extra-padding&#8221; column_padding_tablet=&#8221;inherit&#8221; column_padding_phone=&#8221;inherit&#8221; column_padding_position=&#8221;all&#8221; column_element_direction_desktop=&#8221;default&#8221; column_element_spacing=&#8221;default&#8221; desktop_text_alignment=&#8221;default&#8221; tablet_text_alignment=&#8221;default&#8221; phone_text_alignment=&#8221;default&#8221; background_color_opacity=&#8221;1&#8243; background_hover_color_opacity=&#8221;1&#8243; column_backdrop_filter=&#8221;none&#8221; column_shadow=&#8221;none&#8221; column_border_radius=&#8221;none&#8221; column_link_target=&#8221;_self&#8221; column_position=&#8221;default&#8221; gradient_direction=&#8221;left_to_right&#8221; overlay_strength=&#8221;0.3&#8243; width=&#8221;1\/2&#8243; tablet_width_inherit=&#8221;default&#8221; animation_type=&#8221;default&#8221; bg_image_animation=&#8221;none&#8221; border_type=&#8221;simple&#8221; column_border_width=&#8221;none&#8221; column_border_style=&#8221;solid&#8221;][nectar_flip_box image_url_1=&#8221;1731&#8243; text_color=&#8221;dark&#8221; icon_family=&#8221;steadysets&#8221; icon_color=&#8221;Accent-Color&#8221; image_url_2=&#8221;1735&#8243; text_color_2=&#8221;dark&#8221; h_text_align=&#8221;left&#8221; v_text_align=&#8221;top&#8221; image_loading=&#8221;default&#8221; flip_direction=&#8221;horizontal-to-left&#8221; icon_size=&#8221;40&#8243; min_height=&#8221;650&#8243; icon_steadysets=&#8221;steadysets-icon-reload&#8221;][\/nectar_flip_box][vc_column_text]\n<h2 style=\"text-align: center;\">1700.21-24 Superdeck<\/h2>\n<h3 style=\"text-align: center;\">rigido<\/h3>\n[\/vc_column_text][toggles style=&#8221;default&#8221; border_radius=&#8221;none&#8221;][toggle color=&#8221;Default&#8221; heading_tag=&#8221;default&#8221; heading_tag_functionality=&#8221;default&#8221; title=&#8221;Dati tecnici&#8221;][vc_column_text]Il Superdeck rigido \u00e8 la versione pi\u00f9 economica ed \u00e8 concepito per le aziende con un budget minore che intendono risparmiare tempo sul lavoro e che puntano ad una logistica efficiente.<\/p>\n<p>La sporgenza \u00e8 fissata a circa 400 cm all&#8217;esterno dell&#8217;edificio.<br \/>\nGrande abbastanza per trasportare il materiale edile da fornire su pallet stoccabili oppure in container. I tubi lunghi ecc.<br \/>\nnon sono un problema.<\/p>\n<ul>\n<li>Smontabile\u00a0 e\u00a0 ribaltabile\u00a0 per\u00a0 il\u00a0 trasporto<\/li>\n<li>Si\u00a0 lascia\u00a0 montare\u00a0 in\u00a0 modo\u00a0 rapido\u00a0 e\u00a0 sicuro\u00a0 alla\u00a0 gru<\/li>\n<li>Pesa\u00a0 5\u00a0 tonnellate\u00a0\u00a0 (peso\u00a0 complessivo 7.000 kg)<\/li>\n<li>Il passaggio\u00a0 extrapiatto permette\u00a0 di\u00a0 transitare sul\u00a0 pavimento nell&#8217;edificio con carriole e\u00a0 carrelli\u00a0 elevatori<\/li>\n<li>La\u00a0 piattaforma\u00a0 di\u00a0 carico\u00a0 assicura\u00a0 la\u00a0 massima\u00a0 sicurezza\u00a0 e\u00a0 un\u00a0 design\u00a0 ponderato<\/li>\n<\/ul>\n[\/vc_column_text][vc_column_text]I supporti devono avere una distanza minima di 1,50 m. A richiesta possiamo spostare i supporti anteriori. Indicateci l&#8217;esatta posizione dei fori preliminari. I supporti posteriori non si lasciano spostare.<\/p>\n<p>La Eichinger Equipement non risponde di eventuali danni dovuti all&#8217;uso scorretto.<\/p>\n<h3>Importante indicazione:<\/h3>\n<p>Quando si impiegano carrelli elevatori, ricordarsi di considerarne il peso proprio e che il peso complessivo non deve superare la portata massima di 5 tonnellate (merce + carrello elevatore)[\/vc_column_text][\/toggle][toggle color=&#8221;Default&#8221; heading_tag=&#8221;default&#8221; heading_tag_functionality=&#8221;default&#8221; title=&#8221;Dimensione&#8221;][vc_column_text]\n<table width=\"249\">\n<tbody>\n<tr>\n<td width=\"57\">Tipo<\/td>\n<td width=\"59\">Portata<\/td>\n<td width=\"50\">Altezza<\/td>\n<td width=\"83\">Lunghezza<\/td>\n<\/tr>\n<tr>\n<td>1700.21<\/td>\n<td>5000 kg<\/td>\n<td>2200<\/td>\n<td>8000<\/td>\n<\/tr>\n<tr>\n<td>1700.22<\/td>\n<td>5000 kg<\/td>\n<td>2600<\/td>\n<td>8000<\/td>\n<\/tr>\n<tr>\n<td>1700.23<\/td>\n<td>5000 kg<\/td>\n<td>2900<\/td>\n<td>8000<\/td>\n<\/tr>\n<tr>\n<td>1700.24<\/td>\n<td>5000 kg<\/td>\n<td>3200<\/td>\n<td>8000<\/td>\n<\/tr>\n<\/tbody>\n<\/table>\n[\/vc_column_text][\/toggle][\/toggles][\/vc_column][\/vc_row][vc_row type=&#8221;full_width_content&#8221; full_screen_row_position=&#8221;middle&#8221; column_margin=&#8221;default&#8221; column_direction=&#8221;default&#8221; column_direction_tablet=&#8221;default&#8221; column_direction_phone=&#8221;default&#8221; bg_color=&#8221;#77859a&#8221; scene_position=&#8221;center&#8221; text_color=&#8221;dark&#8221; text_align=&#8221;left&#8221; row_border_radius=&#8221;none&#8221; row_border_radius_applies=&#8221;bg&#8221; overflow=&#8221;visible&#8221; overlay_strength=&#8221;0.3&#8243; gradient_direction=&#8221;left_to_right&#8221; shape_divider_position=&#8221;bottom&#8221; bg_image_animation=&#8221;none&#8221;][vc_column column_padding=&#8221;padding-2-percent&#8221; column_padding_tablet=&#8221;inherit&#8221; column_padding_phone=&#8221;inherit&#8221; column_padding_position=&#8221;all&#8221; column_element_direction_desktop=&#8221;default&#8221; column_element_spacing=&#8221;default&#8221; desktop_text_alignment=&#8221;default&#8221; tablet_text_alignment=&#8221;default&#8221; phone_text_alignment=&#8221;default&#8221; background_color_opacity=&#8221;1&#8243; background_hover_color_opacity=&#8221;1&#8243; column_backdrop_filter=&#8221;none&#8221; column_shadow=&#8221;none&#8221; column_border_radius=&#8221;none&#8221; column_link_target=&#8221;_self&#8221; column_position=&#8221;default&#8221; gradient_direction=&#8221;left_to_right&#8221; overlay_strength=&#8221;0.3&#8243; width=&#8221;1\/3&#8243; tablet_width_inherit=&#8221;default&#8221; animation_type=&#8221;default&#8221; bg_image_animation=&#8221;none&#8221; border_type=&#8221;simple&#8221; column_border_width=&#8221;none&#8221; column_border_style=&#8221;solid&#8221;][image_with_animation image_url=&#8221;2741&#8243; image_size=&#8221;full&#8221; animation_type=&#8221;entrance&#8221; animation=&#8221;None&#8221; animation_movement_type=&#8221;transform_y&#8221; hover_animation=&#8221;none&#8221; alignment=&#8221;&#8221; border_radius=&#8221;none&#8221; box_shadow=&#8221;none&#8221; image_loading=&#8221;default&#8221; max_width=&#8221;100%&#8221; max_width_mobile=&#8221;default&#8221;][\/vc_column][vc_column column_padding=&#8221;padding-2-percent&#8221; column_padding_tablet=&#8221;inherit&#8221; column_padding_phone=&#8221;inherit&#8221; column_padding_position=&#8221;all&#8221; column_element_direction_desktop=&#8221;default&#8221; column_element_spacing=&#8221;default&#8221; desktop_text_alignment=&#8221;default&#8221; tablet_text_alignment=&#8221;default&#8221; phone_text_alignment=&#8221;default&#8221; background_color_opacity=&#8221;1&#8243; background_hover_color_opacity=&#8221;1&#8243; column_backdrop_filter=&#8221;none&#8221; column_shadow=&#8221;medium_depth&#8221; column_border_radius=&#8221;none&#8221; column_link_target=&#8221;_self&#8221; column_position=&#8221;default&#8221; gradient_direction=&#8221;left_to_right&#8221; overlay_strength=&#8221;0.3&#8243; width=&#8221;1\/3&#8243; tablet_width_inherit=&#8221;default&#8221; animation_type=&#8221;default&#8221; bg_image_animation=&#8221;none&#8221; border_type=&#8221;simple&#8221; column_border_width=&#8221;none&#8221; column_border_style=&#8221;solid&#8221;][image_with_animation image_url=&#8221;2743&#8243; image_size=&#8221;full&#8221; animation_type=&#8221;entrance&#8221; animation=&#8221;None&#8221; animation_movement_type=&#8221;transform_y&#8221; hover_animation=&#8221;none&#8221; alignment=&#8221;&#8221; border_radius=&#8221;none&#8221; box_shadow=&#8221;none&#8221; image_loading=&#8221;default&#8221; max_width=&#8221;100%&#8221; max_width_mobile=&#8221;default&#8221;][\/vc_column][vc_column column_padding=&#8221;padding-2-percent&#8221; column_padding_tablet=&#8221;inherit&#8221; column_padding_phone=&#8221;inherit&#8221; column_padding_position=&#8221;all&#8221; column_element_direction_desktop=&#8221;default&#8221; column_element_spacing=&#8221;default&#8221; desktop_text_alignment=&#8221;default&#8221; tablet_text_alignment=&#8221;default&#8221; phone_text_alignment=&#8221;default&#8221; background_color_opacity=&#8221;1&#8243; background_hover_color_opacity=&#8221;1&#8243; column_backdrop_filter=&#8221;none&#8221; column_shadow=&#8221;none&#8221; column_border_radius=&#8221;none&#8221; column_link_target=&#8221;_self&#8221; column_position=&#8221;default&#8221; gradient_direction=&#8221;left_to_right&#8221; overlay_strength=&#8221;0.3&#8243; width=&#8221;1\/3&#8243; tablet_width_inherit=&#8221;default&#8221; animation_type=&#8221;default&#8221; bg_image_animation=&#8221;none&#8221; border_type=&#8221;simple&#8221; column_border_width=&#8221;none&#8221; column_border_style=&#8221;solid&#8221;][image_with_animation image_url=&#8221;2744&#8243; image_size=&#8221;full&#8221; animation_type=&#8221;entrance&#8221; animation=&#8221;None&#8221; animation_movement_type=&#8221;transform_y&#8221; hover_animation=&#8221;none&#8221; alignment=&#8221;&#8221; border_radius=&#8221;none&#8221; box_shadow=&#8221;none&#8221; image_loading=&#8221;default&#8221; max_width=&#8221;100%&#8221; max_width_mobile=&#8221;default&#8221;][\/vc_column][\/vc_row][vc_row type=&#8221;full_width_content&#8221; full_screen_row_position=&#8221;middle&#8221; column_margin=&#8221;default&#8221; column_direction=&#8221;default&#8221; column_direction_tablet=&#8221;default&#8221; column_direction_phone=&#8221;default&#8221; bg_color=&#8221;#77859a&#8221; scene_position=&#8221;center&#8221; text_color=&#8221;dark&#8221; text_align=&#8221;left&#8221; row_border_radius=&#8221;none&#8221; row_border_radius_applies=&#8221;bg&#8221; overflow=&#8221;visible&#8221; overlay_strength=&#8221;0.3&#8243; gradient_direction=&#8221;left_to_right&#8221; shape_divider_position=&#8221;bottom&#8221; bg_image_animation=&#8221;none&#8221;][vc_column column_padding=&#8221;padding-1-percent&#8221; column_padding_tablet=&#8221;inherit&#8221; column_padding_phone=&#8221;inherit&#8221; column_padding_position=&#8221;right&#8221; column_element_direction_desktop=&#8221;default&#8221; column_element_spacing=&#8221;default&#8221; desktop_text_alignment=&#8221;default&#8221; tablet_text_alignment=&#8221;default&#8221; phone_text_alignment=&#8221;default&#8221; background_color_opacity=&#8221;1&#8243; background_hover_color_opacity=&#8221;1&#8243; column_backdrop_filter=&#8221;none&#8221; column_shadow=&#8221;none&#8221; column_border_radius=&#8221;none&#8221; column_link_target=&#8221;_self&#8221; column_position=&#8221;default&#8221; gradient_direction=&#8221;left_to_right&#8221; overlay_strength=&#8221;0.3&#8243; width=&#8221;1\/4&#8243; tablet_width_inherit=&#8221;default&#8221; animation_type=&#8221;default&#8221; bg_image_animation=&#8221;none&#8221; border_type=&#8221;simple&#8221; column_border_width=&#8221;none&#8221; column_border_style=&#8221;solid&#8221;][image_with_animation image_url=&#8221;1840&#8243; image_size=&#8221;full&#8221; animation_type=&#8221;entrance&#8221; animation=&#8221;None&#8221; animation_movement_type=&#8221;transform_y&#8221; hover_animation=&#8221;none&#8221; alignment=&#8221;&#8221; border_radius=&#8221;none&#8221; box_shadow=&#8221;none&#8221; image_loading=&#8221;default&#8221; max_width=&#8221;100%&#8221; max_width_mobile=&#8221;default&#8221;][\/vc_column][vc_column column_padding=&#8221;padding-1-percent&#8221; column_padding_tablet=&#8221;inherit&#8221; column_padding_phone=&#8221;inherit&#8221; column_padding_position=&#8221;left-right&#8221; column_element_direction_desktop=&#8221;default&#8221; column_element_spacing=&#8221;default&#8221; desktop_text_alignment=&#8221;default&#8221; tablet_text_alignment=&#8221;default&#8221; phone_text_alignment=&#8221;default&#8221; background_color_opacity=&#8221;1&#8243; background_hover_color_opacity=&#8221;1&#8243; column_backdrop_filter=&#8221;none&#8221; column_shadow=&#8221;none&#8221; column_border_radius=&#8221;none&#8221; column_link_target=&#8221;_self&#8221; column_position=&#8221;default&#8221; gradient_direction=&#8221;left_to_right&#8221; overlay_strength=&#8221;0.3&#8243; width=&#8221;1\/2&#8243; tablet_width_inherit=&#8221;default&#8221; animation_type=&#8221;default&#8221; bg_image_animation=&#8221;none&#8221; border_type=&#8221;simple&#8221; column_border_width=&#8221;none&#8221; column_border_style=&#8221;solid&#8221;][image_with_animation image_url=&#8221;2745&#8243; image_size=&#8221;full&#8221; animation_type=&#8221;entrance&#8221; animation=&#8221;None&#8221; animation_movement_type=&#8221;transform_y&#8221; hover_animation=&#8221;none&#8221; alignment=&#8221;&#8221; border_radius=&#8221;none&#8221; box_shadow=&#8221;none&#8221; image_loading=&#8221;default&#8221; max_width=&#8221;100%&#8221; max_width_mobile=&#8221;default&#8221;][\/vc_column][vc_column column_padding=&#8221;padding-1-percent&#8221; column_padding_tablet=&#8221;inherit&#8221; column_padding_phone=&#8221;inherit&#8221; column_padding_position=&#8221;left&#8221; column_element_direction_desktop=&#8221;default&#8221; column_element_spacing=&#8221;default&#8221; desktop_text_alignment=&#8221;default&#8221; tablet_text_alignment=&#8221;default&#8221; phone_text_alignment=&#8221;default&#8221; background_color_opacity=&#8221;1&#8243; background_hover_color_opacity=&#8221;1&#8243; column_backdrop_filter=&#8221;none&#8221; column_shadow=&#8221;none&#8221; column_border_radius=&#8221;none&#8221; column_link_target=&#8221;_self&#8221; column_position=&#8221;default&#8221; gradient_direction=&#8221;left_to_right&#8221; overlay_strength=&#8221;0.3&#8243; width=&#8221;1\/4&#8243; tablet_width_inherit=&#8221;default&#8221; animation_type=&#8221;default&#8221; bg_image_animation=&#8221;none&#8221; border_type=&#8221;simple&#8221; column_border_width=&#8221;none&#8221; column_border_style=&#8221;solid&#8221;][image_with_animation image_url=&#8221;1841&#8243; image_size=&#8221;full&#8221; animation_type=&#8221;entrance&#8221; animation=&#8221;None&#8221; animation_movement_type=&#8221;transform_y&#8221; hover_animation=&#8221;none&#8221; alignment=&#8221;&#8221; border_radius=&#8221;none&#8221; box_shadow=&#8221;none&#8221; image_loading=&#8221;default&#8221; max_width=&#8221;100%&#8221; max_width_mobile=&#8221;default&#8221;][\/vc_column][\/vc_row]\n","protected":false},"excerpt":{"rendered":"<p>[vc_row type=&#8221;full_width_content&#8221; full_screen_row_position=&#8221;middle&#8221; column_margin=&#8221;20px&#8221; column_direction=&#8221;default&#8221; column_direction_tablet=&#8221;default&#8221; column_direction_phone=&#8221;default&#8221; scene_position=&#8221;center&#8221; text_color=&#8221;dark&#8221; text_align=&#8221;left&#8221; row_border_radius=&#8221;none&#8221; row_border_radius_applies=&#8221;bg&#8221; overflow=&#8221;visible&#8221; overlay_strength=&#8221;0.3&#8243; gradient_direction=&#8221;left_to_right&#8221; shape_divider_position=&#8221;bottom&#8221; bg_image_animation=&#8221;none&#8221; gradient_type=&#8221;default&#8221; shape_type=&#8221;&#8221;][vc_column column_padding=&#8221;no-extra-padding&#8221; column_padding_tablet=&#8221;inherit&#8221; column_padding_phone=&#8221;inherit&#8221; column_padding_position=&#8221;left-right&#8221; column_element_direction_desktop=&#8221;default&#8221; column_element_spacing=&#8221;default&#8221; desktop_text_alignment=&#8221;default&#8221; tablet_text_alignment=&#8221;default&#8221; phone_text_alignment=&#8221;default&#8221; background_color_opacity=&#8221;1&#8243; background_hover_color_opacity=&#8221;1&#8243;&#8230;<\/p>\n","protected":false},"author":1,"featured_media":0,"parent":0,"menu_order":0,"comment_status":"closed","ping_status":"closed","template":"","meta":{"footnotes":""},"class_list":["post-3433","page","type-page","status-publish"],"_links":{"self":[{"href":"https:\/\/eichinger.de\/it\/wp-json\/wp\/v2\/pages\/3433","targetHints":{"allow":["GET"]}}],"collection":[{"href":"https:\/\/eichinger.de\/it\/wp-json\/wp\/v2\/pages"}],"about":[{"href":"https:\/\/eichinger.de\/it\/wp-json\/wp\/v2\/types\/page"}],"author":[{"embeddable":true,"href":"https:\/\/eichinger.de\/it\/wp-json\/wp\/v2\/users\/1"}],"replies":[{"embeddable":true,"href":"https:\/\/eichinger.de\/it\/wp-json\/wp\/v2\/comments?post=3433"}],"version-history":[{"count":5,"href":"https:\/\/eichinger.de\/it\/wp-json\/wp\/v2\/pages\/3433\/revisions"}],"predecessor-version":[{"id":7324,"href":"https:\/\/eichinger.de\/it\/wp-json\/wp\/v2\/pages\/3433\/revisions\/7324"}],"wp:attachment":[{"href":"https:\/\/eichinger.de\/it\/wp-json\/wp\/v2\/media?parent=3433"}],"curies":[{"name":"wp","href":"https:\/\/api.w.org\/{rel}","templated":true}]}}